{"id":10136,"date":"2024-04-04T02:10:40","date_gmt":"2024-04-04T00:10:40","guid":{"rendered":"https:\/\/www.asemer.ro\/?page_id=10136"},"modified":"2026-03-09T14:00:29","modified_gmt":"2026-03-09T12:00:29","slug":"rumania","status":"publish","type":"page","link":"https:\/\/www.asemer.ro\/index.php\/asemer\/rumania\/","title":{"rendered":"Ruman\u00eda"},"content":{"rendered":"\n<p>ROM\u00c2NIA (Ruman\u00eda), es uno de los veintisiete Estados que conforman actualmente la Uni\u00f3n Europea. En los t\u00e9rminos del tratado de adhesi\u00f3n a la Uni\u00f3n Europea Rumania es, en igualdad de condiciones con Espa\u00f1a, un socio de pleno derecho.<\/p>\n\n\n\n<h3 class=\"wp-block-heading\">Caracterizaci\u00f3n general<\/h3>\n\n\n\n<p>Pa\u00eds situado en el extremo este de la Uni\u00f3n Europea, su territorio se extiende desde su frontera Norte con <strong>Ucrania<\/strong> hasta las orillas del r\u00edo Danubio en el Sur y <strong>Bulgaria<\/strong>, y desde <strong>Hungr\u00eda y Serbia<\/strong>, al Oeste, hasta la <strong>Rep\u00fablica de Moldova<\/strong> y el <strong>mar Negro<\/strong> al Este. Comparativamente, su territorio es casi la mitad del territorio nacional espa\u00f1ol (<strong>238.391 km\u00b2<\/strong> frente a 505.370 km\u00b2) y su poblaci\u00f3n censada a fecha de enero de 2026 era de <strong>18.800.605 habitantes<\/strong> \u2013 siendo el 6.\u00ba pa\u00eds m\u00e1s poblado de la Uni\u00f3n Europea, con una poblaci\u00f3n total ligeramente superior a la de los <strong>Pa\u00edses Bajos<\/strong> (7.\u00ba clasificado), y aproximadamente la mitad de <strong>Polonia<\/strong> (8.\u00ba clasificado).<\/p>\n\n\n\n<p><a href=\"https:\/\/european-union.europa.eu\/principles-countries-history\/key-facts-and-figures\/life-eu_es\">https:\/\/european-union.europa.eu\/principles-countries-history\/key-facts-and-figures\/life-eu_es<\/a><\/p>\n\n\n\n<p>Su capital, situada al Sur del pa\u00eds, es Bucure\u0219ti, siendo la ciudad m\u00e1s poblada del pa\u00eds, con una poblaci\u00f3n total en julio de 2022 de 2.162.281 personas; de los que, menores de 25 a\u00f1os son aprox. 470 mil, entre 25 y 65 a\u00f1os 1,3 millones, y mayores de 65 a\u00f1os aprox. 400 mil personas. Estas cifras refieren \u00fanicamente a la poblaci\u00f3n censada en Bucarest, por lo que no incluye a los residentes de las localidades situadas en la periferia, en un radio de no m\u00e1s de una hora en coche (Jude\u021bul Ilfov), en cuyo caso habr\u00eda de a\u00f1ad\u00edrsele todav\u00eda al menos unas 400 mil personas.<\/p>\n\n\n\n<p><a href=\"https:\/\/bucuresti.insse.ro\/populatia\">https:\/\/bucuresti.insse.ro\/populatia<\/a><\/p>\n\n\n\n<p>Son otras ciudades importantes del pa\u00eds por el n\u00famero de habitantes: Cluj-Napoca (286.598), Ia\u0219i (271.692), Constan\u021ba (263.707), Timi\u0219oara (250.849), Bra\u0219ov (237.589), Craiova (234.140), Gala\u021bi (217.851), Oradea (183.105), Ploie\u0219ti (180.539), Br\u0103ila (154.686), Arad (145.078), Pite\u0219ti (141.275).<\/p>\n\n\n\n<p><a href=\"https:\/\/european-union.europa.eu\/principles-countries-history\/key-facts-and-figures\/life-eu_es\">https:\/\/european-union.europa.eu\/principles-countries-history\/key-facts-and-figures\/life-eu_es<\/a><\/p>\n\n\n\n<h3 class=\"wp-block-heading\">Organizaci\u00f3n pol\u00edtica<\/h3>\n\n\n\n<p>En relaci\u00f3n a su organizaci\u00f3n pol\u00edtica, Ruman\u00eda se trata de una rep\u00fablica semipresidencial, con un jefe del Gobierno, o primer ministro que goza de la confianza del parlamento (actualmente,Ilie Bolojan, del PNL \u2013 Partidul Na\u021bional Liberal- cargo que ocupa desde mayo 2025 con el voto favorable de una mayor\u00eda parlamentaria compuesta por PSD -Partidul Social Democratic- , PNL- Partidul National Liberal, USR &#8211; Uniunea Salva\u021bi Rom\u00e2nia y UDMR -Uniune Democratic\u0103 Maghiara din Rom\u00e2nia),\u2014 adem\u00e1s de un jefe del Estado, o presidente de la Rep\u00fablica, con funciones ejecutivas, elegido por sufragio universal directo, por periodos de 5 a\u00f1os, por un m\u00e1ximo de 2 mandatos (Nicu\u0219or Dan en funciones desde 2025).<\/p>\n\n\n\n<p><a href=\"https:\/\/european-union.europa.eu\/principles-countries-history\/country-profiles\/romania_es\">https:\/\/european-union.europa.eu\/principles-countries-history\/country-profiles\/romania_es<\/a><\/p>\n\n\n\n<p><a href=\"https:\/\/www.presidency.ro\/\">https:\/\/www.presidency.ro\/<\/a><\/p>\n\n\n\n<p>Por su parte, el Parlamento bicameral est\u00e1 compuesto por una C\u00e1mara de los Diputados, integrado por 330 diputados, y un Senado con 130 senadores, ambos elegidos mediante voto universal de entre las 41 circunscripciones electorales o jude\u021bi (provincias), en las que est\u00e1 dividido el pa\u00eds de un punto de vista administrativo. Constituyen adem\u00e1s circunscripciones electorales el municipio de Bucarest y el censo de los rumanos emigrados -o en di\u00e1spora. Actualmente ocupa el cargo de presidente de la C\u00e1mara de Diputados Sorin Grindeanu (PSD) y del senado, Mircea Abrudean,(PNL).<\/p>\n\n\n\n<p><a href=\"http:\/\/www.parlament.ro\/\">http:\/\/www.parlament.ro\/<\/a><\/p>\n\n\n\n<h3 class=\"wp-block-heading\">Situaci\u00f3n macroecon\u00f3mica<\/h3>\n\n\n\n<p>En t\u00e9rminos macroecon\u00f3micos, Ruman\u00eda ha registrado desde 2011 un crecimiento sostenido del PIB real per c\u00e1pita. Seg\u00fan datos de Eurostat, el PIB per c\u00e1pita en paridad de poder adquisitivo alcanz\u00f3 aproximadamente <strong>el 78 % de la media de la UE en 2023 y alrededor del 77 % en 2024<\/strong>, situando al pa\u00eds entre los veinte primeros de la Uni\u00f3n Europea. Este proceso ha favorecido la convergencia econ\u00f3mica con los niveles de renta europeos y ha contribuido al aumento del poder adquisitivo, especialmente en las \u00e1reas urbanas.<\/p>\n\n\n\n<p><a href=\"https:\/\/www.romania-insider.com\/romania-gdp-per-capita-ppp-eurostat-january-2025?utm_source=chatgpt.com\">https:\/\/www.romania-insider.com\/romania-gdp-per-capita-ppp-eurostat-january-2025?utm_source=chatgpt.com<\/a><\/p>\n\n\n\n<p>Estos son datos actuales relativos a la econom\u00eda del pa\u00eds:<\/p>\n\n\n\n<p><a href=\"https:\/\/ec.europa.eu\/eurostat\/data\/database?utm_source=chatgpt.com\">https:\/\/ec.europa.eu\/eurostat\/data\/database?utm_source=chatgpt.com<\/a><\/p>\n\n\n\n<h3 class=\"wp-block-heading\">Relaciones bilaterales entre Espa\u00f1a y Ruman\u00eda<\/h3>\n\n\n\n<p>En relaci\u00f3n con la balanza comercial entre Espa\u00f1a y Ruman\u00eda, el comercio bilateral contin\u00faa mostrando un <strong>d\u00e9ficit para Ruman\u00eda<\/strong>. En 2024, Ruman\u00eda import\u00f3 de Espa\u00f1a bienes por valor de aproximadamente <strong>4,15 mil millones de d\u00f3lares<\/strong>, mientras que export\u00f3 a Espa\u00f1a alrededor de <strong>3,12 mil millones de d\u00f3lares<\/strong>.<\/p>\n\n\n\n<p>Ruman\u00eda importa principalmente de Espa\u00f1a <strong>veh\u00edculos, maquinaria industrial, productos c\u00e1rnicos, equipos el\u00e9ctricos y productos qu\u00edmicos<\/strong>, mientras que exporta a Espa\u00f1a <strong>veh\u00edculos y componentes automotrices, equipos el\u00e9ctricos, maquinaria, cereales y productos industriales<\/strong>.<\/p>\n\n\n\n<p><a href=\"https:\/\/tradingeconomics.com\/romania\/imports\/spain\">https:\/\/tradingeconomics.com\/romania\/imports\/spain<\/a><\/p>\n\n\n\n<h3 class=\"wp-block-heading\">Inversiones directas<\/h3>\n\n\n\n<p>En el cap\u00edtulo de las inversiones directas espa\u00f1olas en Ruman\u00eda, seg\u00fan los datos del <strong>Registro Mercantil de Ruman\u00eda (ONRC)<\/strong> y asociaciones empresariales, a <strong>febrero de 2025<\/strong> estaban registradas en el pa\u00eds <strong>7.057 sociedades comerciales con participaci\u00f3n de capital espa\u00f1ol<\/strong>, con un capital total suscrito aproximado de <strong>1,738 mil millones de euros<\/strong>. Espa\u00f1a ocupa la <strong>8.\u00aa posici\u00f3n entre los pa\u00edses inversores en Ruman\u00eda<\/strong>, representando cerca del <strong>2,53\u202f% del capital extranjero total<\/strong>.<\/p>\n\n\n\n<p>Por lo que respecta a las <strong>inversiones directas rumanas en Espa\u00f1a<\/strong>, estas siguen siendo modestas, situ\u00e1ndose en <strong>alrededor de 42 millones de euros<\/strong>, concentradas principalmente en <strong>transporte, comercio y servicios<\/strong>, aunque se espera un crecimiento gradual a medida que algunas empresas rumanas logran internacionalizaci\u00f3n.<\/p>\n\n\n\n<p>Los <strong>sectores principales<\/strong> de inversi\u00f3n espa\u00f1ola siguen siendo <strong>energ\u00eda, construcci\u00f3n e industria<\/strong>, y entre las <strong>empresas m\u00e1s significativas presentes en el pa\u00eds<\/strong> <\/p>\n\n\n\n<h3 class=\"wp-block-heading\">Inversiones espa\u00f1olas en Ruman\u00eda<\/h3>\n\n\n\n<ul class=\"wp-block-list\">\n<li>Empresas rumanas con capital ES: 7.057<\/li>\n\n\n\n<li>Energ\u00eda, construcci\u00f3n e industria son los sectores principales<\/li>\n\n\n\n<li>3,52 % del valor total del capital extranjero<\/li>\n\n\n\n<li>1,73 MM Euros de Capital suscrito<\/li>\n\n\n\n<li>Empresas m\u00e1s significativas:\n<ul class=\"wp-block-list\">\n<li>RENOV\u00c1VEIS<\/li>\n\n\n\n<li>IBERDROLA RENOVABLES<\/li>\n\n\n\n<li>REPSOL<\/li>\n\n\n\n<li>GESTAMP<\/li>\n\n\n\n<li>INDRA<\/li>\n\n\n\n<li>ANTOLIN<\/li>\n\n\n\n<li>BAMESA<\/li>\n\n\n\n<li>HERCESA<\/li>\n\n\n\n<li>ROQUET<\/li>\n\n\n\n<li>AVANBTESPACIA<\/li>\n\n\n\n<li>GMV<\/li>\n<\/ul>\n<\/li>\n<\/ul>\n\n\n\n<h3 class=\"wp-block-heading\">Inversiones rumanas en Espa\u00f1a:<\/h3>\n\n\n\n<ul class=\"wp-block-list\">\n<li>37,5 millones de Euros de capital suscrito:<\/li>\n\n\n\n<li>La construcci\u00f3n, restauraci\u00f3n, transporte, telecomunicaciones y comercio son los sectores principales<\/li>\n\n\n\n<li>Empresas m\u00e1s significativas:\n<ul class=\"wp-block-list\">\n<li>DIGI MOBIL<\/li>\n\n\n\n<li>SOFTWIN<\/li>\n\n\n\n<li>CATMUSIC<\/li>\n\n\n\n<li>SMB GROUP<\/li>\n\n\n\n<li>ATLASSIB<\/li>\n\n\n\n<li>INVESTROMANIA<\/li>\n<\/ul>\n<\/li>\n<\/ul>\n\n\n\n<h3 class=\"wp-block-heading\">Respecto de las previsiones de crecimiento econ\u00f3mico para el a\u00f1o 2026-2027<\/h3>\n\n\n\n<p>Ruman\u00eda sigue mostrando un <strong>potencial econ\u00f3mico s\u00f3lido<\/strong> y atractivo para inversores internacionales. A pesar de un crecimiento moderado proyectado, la econom\u00eda mantiene <strong>una trayectoria de expansi\u00f3n sostenible<\/strong>, con un PIB que se espera crezca <strong>aproximadamente un 1,1\u202f% en 2026 y un 2,1\u202f% en 2027<\/strong>, impulsado por inversiones estrat\u00e9gicas y el fortalecimiento de exportaciones.<\/p>\n\n\n\n<p>La <strong>inflaci\u00f3n<\/strong>, aunque elevada en 2025, se prev\u00e9 que disminuya progresivamente, estabilizando el poder adquisitivo y favoreciendo un entorno de negocios m\u00e1s predecible. Este escenario, combinado con <strong>sectores clave en expansi\u00f3n<\/strong> \u2014energ\u00eda renovable, construcci\u00f3n, tecnolog\u00eda y manufactura avanzada\u2014, posiciona a Ruman\u00eda como un destino atractivo para capital extranjero.<\/p>\n\n\n\n<p><\/p>\n\n\n\n<p><a href=\"https:\/\/www.oecd.org\/en\/publications\/2025\/12\/oecd-economic-outlook-volume-2025-issue-2_413f7d0a\/full-report\/romania_a0ed405d.html?utm_source=chatgpt.com\">https:\/\/www.oecd.org\/en\/publications\/2025\/12\/oecd-economic-outlook-volume-2025-issue-2_413f7d0a\/full-report\/romania_a0ed405d.html?utm_source=chatgpt.com<\/a><\/p>\n\n\n\n<h3 class=\"wp-block-heading\">Contexto geogr\u00e1fico<\/h3>\n\n\n\n<p>El pa\u00eds se divide en tres regiones con sus particularidades geogr\u00e1ficas e hist\u00f3ricas.<\/p>\n\n\n\n<p>El Sur es la franja que se extiende en paralelo con el curso del rio Danubio, de Oeste a Este, desde la frontera con Serbia hasta la desembocadura del Danubio, en el Mar Negro. Hist\u00f3ricamente conocida Valahia o Muntenia, se caracteriza por ser una zona con grandes llanuras aptas para el cultivo de cereales. Sin embargo, m\u00e1s al Norte, en la zona pre-alpina o pre-carp\u00e1tica, con la creciente elevaci\u00f3n del terreno, cambia acentu\u00e1ndose los colores, los bosques y el cultivo de frutales.&nbsp; En&nbsp; el&nbsp; otro&nbsp; extremo,&nbsp; camino del&nbsp; mar,&nbsp; la&nbsp; llanura&nbsp; se&nbsp; hace&nbsp; m\u00e1s&nbsp; extensa&nbsp; y&nbsp; mon\u00f3tona, interrumpida solamente, de forma puntual, por el Danubio, que se desdobla y zigzaguea.<\/p>\n\n\n\n<p>En el Este del pa\u00eds, en la Moldovia rumana, en lo que podr\u00eda ser una intersecci\u00f3n imaginaria entre dos llanuras, una de ellas sigue su camino hacia el Norte, flanqueando, por un lado la vertiente oriental de los C\u00e1rpatos orientales, y por el otro, dos afluentes del Danubio que poco antes de su desembocadura vierten en \u00e9l sus aguas: El Siret y el Prut. Aqu\u00ed, donde la planicie los prados son ondulantes y bosques nadan como islas en el paisaje.<\/p>\n\n\n\n<p>La&nbsp; zona&nbsp; Centro&nbsp; y&nbsp; Noroeste&nbsp; se&nbsp; puede&nbsp; asimilar&nbsp; mayormente&nbsp; con&nbsp; \u00e1rea&nbsp; geogr\u00e1fica&nbsp; conocida hist\u00f3ricamente como Transilvania. Localizada en el centro del arco que forma la cordillera de los C\u00e1rpatos, esta regi\u00f3n, \u00faltima que pas\u00f3 a formar parte de Ruman\u00eda, como consecuencia de los acuerdos que resultaron del tratado de Versalles, al final de la primera guerra mundial, tiene una marca herencia multicultural, en la que se re\u00fane junto con lo propiamente rumano, el legado cultural saj\u00f3n y h\u00fangaro.<\/p>\n\n\n\n<h3 class=\"wp-block-heading\">El nivel de vida en Ruman\u00eda<\/h3>\n\n\n\n<p>El <strong>salario m\u00ednimo interprofesional (SMI) en Ruman\u00eda<\/strong> para 2026 ser\u00e1 de <strong>4.325 leu rumanos (aproximadamente 865\u202f\u20ac) al mes a partir del 1 de julio de 2026<\/strong>, lo que equivale a unos <strong>10.380\u202f\u20ac anuales<\/strong> considerando 12 pagas. Esto representa un <strong>incremento de 300\u202fRON respecto al salario anterior<\/strong>, alrededor del <strong>7\u202f%<\/strong>, superando la evoluci\u00f3n de la inflaci\u00f3n de a\u00f1os previos y aumentando as\u00ed el <strong>poder adquisitivo<\/strong> de los trabajadores.<\/p>\n\n\n\n<p>El pa\u00eds cuenta con un mercado de distribuci\u00f3n s\u00f3lido y diversificado, con cadenas l\u00edderes como <strong>Profi (m\u00e1s de 1.400 tiendas), Carrefour, Auchan, Kaufland, Lidl, Penny, MegaImage, Cora y Selgros<\/strong>, que facilitan tanto la disponibilidad de productos como oportunidades de inversi\u00f3n en el sector retail.<\/p>\n\n\n\n<p>Este panorama econ\u00f3mico \u2014<strong>incremento sostenido del salario m\u00ednimo, estabilidad macroecon\u00f3mica y expansi\u00f3n de sectores estrat\u00e9gicos<\/strong>\u2014 hace de Ruman\u00eda un <strong>mercado atractivo para nuevos inversores<\/strong>, con potencial de crecimiento en consumo y desarrollo urbano.<\/p>\n\n\n\n<p><a href=\"https:\/\/datosmacro.expansion.com\/smi\/rumania?utm_source=chatgpt.com\">https:\/\/datosmacro.expansion.com\/smi\/rumania?utm_source=chatgpt.com<\/a><\/p>\n\n\n\n<h3 class=\"wp-block-heading\">Porque invertir en Ruman\u00eda:<\/h3>\n\n\n\n<p>El <strong>mercado rumano est\u00e1 en pleno auge<\/strong>, ofreciendo ventajas competitivas significativas en <strong>impuestos, fiscalidad y costes de mano de obra<\/strong>, con profesionales altamente motivados. La <strong>similitud cultural y ling\u00fc\u00edstica con Espa\u00f1a<\/strong> facilita enormemente la integraci\u00f3n de empresas espa\u00f1olas, lo que convierte a Ruman\u00eda en un pa\u00eds con <strong>gran potencial de crecimiento y rentabilidad<\/strong>.<\/p>\n\n\n\n<p>Adem\u00e1s, Ruman\u00eda <strong>se beneficia de fondos europeos<\/strong> destinados a impulsar el desarrollo econ\u00f3mico, la innovaci\u00f3n y la infraestructura. Para m\u00e1s informaci\u00f3n sobre estos programas y oportunidades de inversi\u00f3n, pueden consultar las siguientes p\u00e1ginas oficiales:<\/p>\n\n\n\n<p><a href=\"https:\/\/www.fonduri-ue.ro\">https:\/\/www.fonduri-ue.ro<\/a><\/p>\n\n\n\n<p><a href=\"https:\/\/cohesiondata.ec.europa.eu\/countries\/21-27\">https:\/\/cohesiondata.ec.europa.eu\/countries\/21-27<\/a><\/p>\n\n\n\n<p><a href=\"https:\/\/www.invest%E2%80%91romania.gov.ro\">https:\/\/www.invest%E2%80%91romania.gov.ro<\/a><\/p>\n\n\n\n<p><a href=\"https:\/\/www.fonduri%E2%80%91ue.ro\">https:\/\/www.fonduri%E2%80%91ue.ro<\/a><\/p>\n\n\n\n<p><a href=\"https:\/\/www.bnr.ro\">https:\/\/www.bnr.ro<\/a><\/p>\n\n\n\n<p><a href=\"https:\/\/www.weforum.org\/reports\">https:\/\/www.weforum.org\/reports<\/a><\/p>\n\n\n\n<details class=\"wp-block-details is-layout-flow wp-block-details-is-layout-flow\"><summary><\/summary>\n<h3 class=\"wp-block-heading\">Coste medio de la cesta de la compra de una familia de 4 personas:<\/h3>\n\n\n\n<ul class=\"wp-block-list\"><\/ul>\n<\/details>\n\n\n\n<figure class=\"wp-block-table\"><table class=\"has-fixed-layout\"><thead><tr><th>Producto<\/th><th>Precio Ruman\u00eda<\/th><th>Aproximado Espa\u00f1a<\/th><\/tr><\/thead><tbody><tr><td>Agua 1,5\u202fL<\/td><td>3,88\u202flei (~0,76\u202f\u20ac)<\/td><td>~0,90\u202f\u20ac<\/td><\/tr><tr><td>Leche 1\u202fL<\/td><td>7,43\u202flei (~1,46\u202f\u20ac)<\/td><td>~1,10\u202f\u20ac<\/td><\/tr><tr><td>Pan 500\u202fg<\/td><td>5,76\u202flei (~1,13\u202f\u20ac)<\/td><td>~1,20\u202f\u20ac<\/td><\/tr><tr><td>Huevos (12)<\/td><td>16,28\u202flei (~3,20\u202f\u20ac)<\/td><td>~3,50\u202f\u20ac<\/td><\/tr><tr><td>Pechuga de pollo 1\u202fkg<\/td><td>33,33\u202flei (~6,55\u202f\u20ac)<\/td><td>~7,50\u202f\u20ac<\/td><\/tr><tr><td>Carne de res 1\u202fkg<\/td><td>54,89\u202flei (~10,79\u202f\u20ac)<\/td><td>~12,50\u202f\u20ac<\/td><\/tr><tr><td>Queso local 1\u202fkg<\/td><td>43,06\u202flei (~8,47\u202f\u20ac)<\/td><td>~11,50\u202f\u20ac<\/td><\/tr><tr><td>Manzanas 1\u202fkg<\/td><td>6,27\u202flei (~1,23\u202f\u20ac)<\/td><td>~2,00\u202f\u20ac<\/td><\/tr><tr><td>Bananas 1\u202fkg<\/td><td>7,54\u202flei (~1,48\u202f\u20ac)<\/td><td>~2,00\u202f\u20ac<\/td><\/tr><tr><td>Tomates 1\u202fkg<\/td><td>10,54\u202flei (~2,07\u202f\u20ac)<\/td><td>~2,50\u202f\u20ac<\/td><\/tr><tr><td>Cerveza local 0,5\u202fL<\/td><td>5,40\u202flei (~1,06\u202f\u20ac)<\/td><td>~1,50\u202f\u20ac<\/td><\/tr><tr><td>Cerveza importada 0,33\u202fL<\/td><td>8,07\u202flei (~1,59\u202f\u20ac)<\/td><td>~2,00\u202f\u20ac<\/td><\/tr><tr><td>Vino tinto\/blanco 0,75\u202fL<\/td><td>32\u202flei (~6,30\u202f\u20ac)<\/td><td>~6,50\u202f\u20ac<\/td><\/tr><\/tbody><\/table><\/figure>\n\n\n\n<p>Estos precios son representativos de compras en <strong>supermercados y tiendas urbanas<\/strong>, y pueden variar ligeramente seg\u00fan marca, localizaci\u00f3n y tipo de comercio. Sin embargo, reflejan un nivel de precios general que, comparado con otros pa\u00edses de la regi\u00f3n y de la UE, es <strong>relativamente asequible<\/strong>, lo que contribuye a un <strong>mayor poder adquisitivo para los hogares<\/strong>.<\/p>\n","protected":false},"excerpt":{"rendered":"<p>ROM\u00c2NIA (Ruman\u00eda), es uno de los veintisiete Estados que conforman actualmente la Uni\u00f3n Europea. En los t\u00e9rminos del tratado de [&hellip;]<\/p>\n","protected":false},"author":2,"featured_media":0,"parent":470,"menu_order":1,"comment_status":"closed","ping_status":"closed","template":"page-templates\/template_fullwidth.php","meta":{"footnotes":""},"class_list":["post-10136","page","type-page","status-publish","hentry"],"yoast_head":"<!-- This site is optimized with the Yoast SEO plugin v27.5 - https:\/\/yoast.com\/product\/yoast-seo-wordpress\/ -->\n<title>Ruman\u00eda - ASEMER<\/title>\n<meta name=\"robots\" content=\"index, follow, max-snippet:-1, max-image-preview:large, max-video-preview:-1\" \/>\n<link rel=\"canonical\" href=\"https:\/\/www.asemer.ro\/index.php\/asemer\/rumania\/\" \/>\n<meta property=\"og:locale\" content=\"es_ES\" \/>\n<meta property=\"og:type\" content=\"article\" \/>\n<meta property=\"og:title\" content=\"Ruman\u00eda - ASEMER\" \/>\n<meta property=\"og:description\" content=\"ROM\u00c2NIA (Ruman\u00eda), es uno de los veintisiete Estados que conforman actualmente la Uni\u00f3n Europea. En los t\u00e9rminos del tratado de [&hellip;]\" \/>\n<meta property=\"og:url\" content=\"https:\/\/www.asemer.ro\/index.php\/asemer\/rumania\/\" \/>\n<meta property=\"og:site_name\" content=\"ASEMER\" \/>\n<meta property=\"article:publisher\" content=\"https:\/\/www.facebook.com\/asociacionasemer\" \/>\n<meta property=\"article:modified_time\" content=\"2026-03-09T12:00:29+00:00\" \/>\n<meta name=\"twitter:card\" content=\"summary_large_image\" \/>\n<meta name=\"twitter:site\" content=\"@asemer_rumania\" \/>\n<meta name=\"twitter:label1\" content=\"Tiempo de lectura\" \/>\n\t<meta name=\"twitter:data1\" content=\"9 minutos\" \/>\n<script type=\"application\/ld+json\" class=\"yoast-schema-graph\">{\"@context\":\"https:\\\/\\\/schema.org\",\"@graph\":[{\"@type\":\"WebPage\",\"@id\":\"https:\\\/\\\/www.asemer.ro\\\/index.php\\\/asemer\\\/rumania\\\/\",\"url\":\"https:\\\/\\\/www.asemer.ro\\\/index.php\\\/asemer\\\/rumania\\\/\",\"name\":\"Ruman\u00eda - ASEMER\",\"isPartOf\":{\"@id\":\"https:\\\/\\\/www.asemer.ro\\\/#website\"},\"datePublished\":\"2024-04-04T00:10:40+00:00\",\"dateModified\":\"2026-03-09T12:00:29+00:00\",\"breadcrumb\":{\"@id\":\"https:\\\/\\\/www.asemer.ro\\\/index.php\\\/asemer\\\/rumania\\\/#breadcrumb\"},\"inLanguage\":\"es\",\"potentialAction\":[{\"@type\":\"ReadAction\",\"target\":[\"https:\\\/\\\/www.asemer.ro\\\/index.php\\\/asemer\\\/rumania\\\/\"]}]},{\"@type\":\"BreadcrumbList\",\"@id\":\"https:\\\/\\\/www.asemer.ro\\\/index.php\\\/asemer\\\/rumania\\\/#breadcrumb\",\"itemListElement\":[{\"@type\":\"ListItem\",\"position\":1,\"name\":\"Home\",\"item\":\"https:\\\/\\\/www.asemer.ro\\\/\"},{\"@type\":\"ListItem\",\"position\":2,\"name\":\"ASEMER\",\"item\":\"https:\\\/\\\/www.asemer.ro\\\/\"},{\"@type\":\"ListItem\",\"position\":3,\"name\":\"Ruman\u00eda\"}]},{\"@type\":\"WebSite\",\"@id\":\"https:\\\/\\\/www.asemer.ro\\\/#website\",\"url\":\"https:\\\/\\\/www.asemer.ro\\\/\",\"name\":\"ASEMER\",\"description\":\"Asociaci\u00f3n de Empresas Espa\u00f1olas en Ruman\u00eda\",\"publisher\":{\"@id\":\"https:\\\/\\\/www.asemer.ro\\\/#organization\"},\"potentialAction\":[{\"@type\":\"SearchAction\",\"target\":{\"@type\":\"EntryPoint\",\"urlTemplate\":\"https:\\\/\\\/www.asemer.ro\\\/?s={search_term_string}\"},\"query-input\":{\"@type\":\"PropertyValueSpecification\",\"valueRequired\":true,\"valueName\":\"search_term_string\"}}],\"inLanguage\":\"es\"},{\"@type\":\"Organization\",\"@id\":\"https:\\\/\\\/www.asemer.ro\\\/#organization\",\"name\":\"ASEMER\",\"url\":\"https:\\\/\\\/www.asemer.ro\\\/\",\"logo\":{\"@type\":\"ImageObject\",\"inLanguage\":\"es\",\"@id\":\"https:\\\/\\\/www.asemer.ro\\\/#\\\/schema\\\/logo\\\/image\\\/\",\"url\":\"https:\\\/\\\/www.asemer.ro\\\/wp-content\\\/uploads\\\/2020\\\/12\\\/logo-ASEMER-scaled.jpg\",\"contentUrl\":\"https:\\\/\\\/www.asemer.ro\\\/wp-content\\\/uploads\\\/2020\\\/12\\\/logo-ASEMER-scaled.jpg\",\"width\":2560,\"height\":849,\"caption\":\"ASEMER\"},\"image\":{\"@id\":\"https:\\\/\\\/www.asemer.ro\\\/#\\\/schema\\\/logo\\\/image\\\/\"},\"sameAs\":[\"https:\\\/\\\/www.facebook.com\\\/asociacionasemer\",\"https:\\\/\\\/x.com\\\/asemer_rumania\",\"https:\\\/\\\/ro.linkedin.com\\\/in\\\/asemer-asociaci\u00f3n-empresas-espa\u00f1olas-en-ruman\u00eda-724772a6?trk=author_mini-profile_title\",\"https:\\\/\\\/www.youtube.com\\\/channel\\\/UC73m8-BDsg857OL0Ogv5aQA\\\/videos\"]}]}<\/script>\n<!-- \/ Yoast SEO plugin. -->","yoast_head_json":{"title":"Ruman\u00eda - ASEMER","robots":{"index":"index","follow":"follow","max-snippet":"max-snippet:-1","max-image-preview":"max-image-preview:large","max-video-preview":"max-video-preview:-1"},"canonical":"https:\/\/www.asemer.ro\/index.php\/asemer\/rumania\/","og_locale":"es_ES","og_type":"article","og_title":"Ruman\u00eda - ASEMER","og_description":"ROM\u00c2NIA (Ruman\u00eda), es uno de los veintisiete Estados que conforman actualmente la Uni\u00f3n Europea. En los t\u00e9rminos del tratado de [&hellip;]","og_url":"https:\/\/www.asemer.ro\/index.php\/asemer\/rumania\/","og_site_name":"ASEMER","article_publisher":"https:\/\/www.facebook.com\/asociacionasemer","article_modified_time":"2026-03-09T12:00:29+00:00","twitter_card":"summary_large_image","twitter_site":"@asemer_rumania","twitter_misc":{"Tiempo de lectura":"9 minutos"},"schema":{"@context":"https:\/\/schema.org","@graph":[{"@type":"WebPage","@id":"https:\/\/www.asemer.ro\/index.php\/asemer\/rumania\/","url":"https:\/\/www.asemer.ro\/index.php\/asemer\/rumania\/","name":"Ruman\u00eda - ASEMER","isPartOf":{"@id":"https:\/\/www.asemer.ro\/#website"},"datePublished":"2024-04-04T00:10:40+00:00","dateModified":"2026-03-09T12:00:29+00:00","breadcrumb":{"@id":"https:\/\/www.asemer.ro\/index.php\/asemer\/rumania\/#breadcrumb"},"inLanguage":"es","potentialAction":[{"@type":"ReadAction","target":["https:\/\/www.asemer.ro\/index.php\/asemer\/rumania\/"]}]},{"@type":"BreadcrumbList","@id":"https:\/\/www.asemer.ro\/index.php\/asemer\/rumania\/#breadcrumb","itemListElement":[{"@type":"ListItem","position":1,"name":"Home","item":"https:\/\/www.asemer.ro\/"},{"@type":"ListItem","position":2,"name":"ASEMER","item":"https:\/\/www.asemer.ro\/"},{"@type":"ListItem","position":3,"name":"Ruman\u00eda"}]},{"@type":"WebSite","@id":"https:\/\/www.asemer.ro\/#website","url":"https:\/\/www.asemer.ro\/","name":"ASEMER","description":"Asociaci\u00f3n de Empresas Espa\u00f1olas en Ruman\u00eda","publisher":{"@id":"https:\/\/www.asemer.ro\/#organization"},"potentialAction":[{"@type":"SearchAction","target":{"@type":"EntryPoint","urlTemplate":"https:\/\/www.asemer.ro\/?s={search_term_string}"},"query-input":{"@type":"PropertyValueSpecification","valueRequired":true,"valueName":"search_term_string"}}],"inLanguage":"es"},{"@type":"Organization","@id":"https:\/\/www.asemer.ro\/#organization","name":"ASEMER","url":"https:\/\/www.asemer.ro\/","logo":{"@type":"ImageObject","inLanguage":"es","@id":"https:\/\/www.asemer.ro\/#\/schema\/logo\/image\/","url":"https:\/\/www.asemer.ro\/wp-content\/uploads\/2020\/12\/logo-ASEMER-scaled.jpg","contentUrl":"https:\/\/www.asemer.ro\/wp-content\/uploads\/2020\/12\/logo-ASEMER-scaled.jpg","width":2560,"height":849,"caption":"ASEMER"},"image":{"@id":"https:\/\/www.asemer.ro\/#\/schema\/logo\/image\/"},"sameAs":["https:\/\/www.facebook.com\/asociacionasemer","https:\/\/x.com\/asemer_rumania","https:\/\/ro.linkedin.com\/in\/asemer-asociaci\u00f3n-empresas-espa\u00f1olas-en-ruman\u00eda-724772a6?trk=author_mini-profile_title","https:\/\/www.youtube.com\/channel\/UC73m8-BDsg857OL0Ogv5aQA\/videos"]}]}},"_links":{"self":[{"href":"https:\/\/www.asemer.ro\/index.php\/wp-json\/wp\/v2\/pages\/10136","targetHints":{"allow":["GET"]}}],"collection":[{"href":"https:\/\/www.asemer.ro\/index.php\/wp-json\/wp\/v2\/pages"}],"about":[{"href":"https:\/\/www.asemer.ro\/index.php\/wp-json\/wp\/v2\/types\/page"}],"author":[{"embeddable":true,"href":"https:\/\/www.asemer.ro\/index.php\/wp-json\/wp\/v2\/users\/2"}],"replies":[{"embeddable":true,"href":"https:\/\/www.asemer.ro\/index.php\/wp-json\/wp\/v2\/comments?post=10136"}],"version-history":[{"count":9,"href":"https:\/\/www.asemer.ro\/index.php\/wp-json\/wp\/v2\/pages\/10136\/revisions"}],"predecessor-version":[{"id":13090,"href":"https:\/\/www.asemer.ro\/index.php\/wp-json\/wp\/v2\/pages\/10136\/revisions\/13090"}],"up":[{"embeddable":true,"href":"https:\/\/www.asemer.ro\/index.php\/wp-json\/wp\/v2\/pages\/470"}],"wp:attachment":[{"href":"https:\/\/www.asemer.ro\/index.php\/wp-json\/wp\/v2\/media?parent=10136"}],"curies":[{"name":"wp","href":"https:\/\/api.w.org\/{rel}","templated":true}]}}