{"id":1615,"date":"2015-11-08T12:56:44","date_gmt":"2015-11-08T10:56:44","guid":{"rendered":"http:\/\/localhost\/?page_id=1615"},"modified":"2024-09-06T10:16:52","modified_gmt":"2024-09-06T08:16:52","slug":"esponsorizacion","status":"publish","type":"page","link":"https:\/\/www.asemer.ro\/index.php\/que-es-asemer\/recursos\/esponsorizacion\/","title":{"rendered":"Esponsorizaci\u00f3n"},"content":{"rendered":"\n<p class=\"has-black-color has-text-color\">ASEMER tiene 3 categor\u00edas de socios patrocinadores, que se corresponden a un a\u00f1o de calendario, que realizan aportes econ\u00f3micos a la Asociaci\u00f3n y reciben el reconocimiento como tal gozando de ciertos beneficios seg\u00fan la categor\u00eda a la cual pertenecen.<\/p>\n\n\n\n<ul class=\"has-black-color has-text-color wp-block-list\">\n<li><strong>ORO &#8211; 5000 \u20ac<\/strong><\/li>\n\n\n\n<li><strong>PLATA \u2013 3000 \u20ac<\/strong><\/li>\n\n\n\n<li><strong>BRONCE \u2013 1000 \u20ac<\/strong><\/li>\n<\/ul>\n\n\n\n<h4 class=\"wp-block-heading\"><span style=\"color: #000000;\">Las sociedades rumanas pueden esponsorizar a entidades jur\u00eddicas sin \u00e1nimo de lucro.<\/span><\/h4>\n\n\n\n<p class=\"has-black-color has-text-color\"><span style=\"color: #000000;\">La esponsorizaci\u00f3n consiste en dar una parte del impuesto sobre el beneficio de la empresa que desea patrocinar a una entidad, la patrocinada. Este dinero aportado en concepto de esponsorizaci\u00f3n se deduce directamente del impuesto sobre el beneficio de la empresa, con el l\u00edmite m\u00e1ximo de que la suma total de las esponsorizaciones realizadas no supere:<\/span><\/p>\n\n\n\n<ul class=\"has-black-color has-text-color wp-block-list\">\n<li><span style=\"color: #000000;\">el 0,5% de la facturaci\u00f3n de la empresa esp\u00f3nsor.<\/span><\/li>\n\n\n\n<li><span style=\"color: #000000;\">el 20% del impuesto sobre los beneficios que la sociedad esp\u00f3nsor tiene que pagar al estado rumano.<\/span><\/li>\n<\/ul>\n\n\n\n<p class=\"has-black-color has-text-color\"><span style=\"color: #000000;\">El importe recibido se utilizar\u00e1 en exclusiva por la entidad esponsorizada conforme a los objetivos establecidos en el contrato de esponsorizaci\u00f3n firmado entre ambas partes.<\/span><\/p>\n\n\n\n<p class=\"has-black-color has-text-color\"><span style=\"color: #000000;\">Si usted desea ser esp\u00f3nsor o patrocinador de ASEMER, le rogamos se ponga en contacto con nosotros, enviando un email a <a style=\"color: #000000;\" href=\"mailto:office@asemer.ro\">office@asemer.ro.<\/a><\/span><\/p>\n","protected":false},"excerpt":{"rendered":"<p>ASEMER tiene 3 categor\u00edas de socios patrocinadores, que se corresponden a un a\u00f1o de calendario, que realizan aportes econ\u00f3micos a [&hellip;]<\/p>\n","protected":false},"author":3,"featured_media":0,"parent":5916,"menu_order":172,"comment_status":"closed","ping_status":"closed","template":"page-templates\/template_fullwidth.php","meta":{"footnotes":""},"class_list":["post-1615","page","type-page","status-publish","hentry"],"yoast_head":"<!-- This site is optimized with the Yoast SEO plugin v27.5 - https:\/\/yoast.com\/product\/yoast-seo-wordpress\/ -->\n<title>Esponsorizaci\u00f3n - ASEMER<\/title>\n<meta name=\"robots\" content=\"index, follow, max-snippet:-1, max-image-preview:large, max-video-preview:-1\" \/>\n<link rel=\"canonical\" href=\"https:\/\/www.asemer.ro\/index.php\/que-es-asemer\/recursos\/esponsorizacion\/\" \/>\n<meta property=\"og:locale\" content=\"es_ES\" \/>\n<meta property=\"og:type\" content=\"article\" \/>\n<meta property=\"og:title\" content=\"Esponsorizaci\u00f3n - ASEMER\" \/>\n<meta property=\"og:description\" content=\"ASEMER tiene 3 categor\u00edas de socios patrocinadores, que se corresponden a un a\u00f1o de calendario, que realizan aportes econ\u00f3micos a [&hellip;]\" \/>\n<meta property=\"og:url\" content=\"https:\/\/www.asemer.ro\/index.php\/que-es-asemer\/recursos\/esponsorizacion\/\" \/>\n<meta property=\"og:site_name\" content=\"ASEMER\" \/>\n<meta property=\"article:publisher\" content=\"https:\/\/www.facebook.com\/asociacionasemer\" \/>\n<meta property=\"article:modified_time\" content=\"2024-09-06T08:16:52+00:00\" \/>\n<meta name=\"twitter:card\" content=\"summary_large_image\" \/>\n<meta name=\"twitter:site\" content=\"@asemer_rumania\" \/>\n<meta name=\"twitter:label1\" content=\"Tiempo de lectura\" \/>\n\t<meta name=\"twitter:data1\" content=\"1 minuto\" \/>\n<script type=\"application\/ld+json\" class=\"yoast-schema-graph\">{\"@context\":\"https:\\\/\\\/schema.org\",\"@graph\":[{\"@type\":\"WebPage\",\"@id\":\"https:\\\/\\\/www.asemer.ro\\\/index.php\\\/que-es-asemer\\\/recursos\\\/esponsorizacion\\\/\",\"url\":\"https:\\\/\\\/www.asemer.ro\\\/index.php\\\/que-es-asemer\\\/recursos\\\/esponsorizacion\\\/\",\"name\":\"Esponsorizaci\u00f3n - ASEMER\",\"isPartOf\":{\"@id\":\"https:\\\/\\\/www.asemer.ro\\\/#website\"},\"datePublished\":\"2015-11-08T10:56:44+00:00\",\"dateModified\":\"2024-09-06T08:16:52+00:00\",\"breadcrumb\":{\"@id\":\"https:\\\/\\\/www.asemer.ro\\\/index.php\\\/que-es-asemer\\\/recursos\\\/esponsorizacion\\\/#breadcrumb\"},\"inLanguage\":\"es\",\"potentialAction\":[{\"@type\":\"ReadAction\",\"target\":[\"https:\\\/\\\/www.asemer.ro\\\/index.php\\\/que-es-asemer\\\/recursos\\\/esponsorizacion\\\/\"]}]},{\"@type\":\"BreadcrumbList\",\"@id\":\"https:\\\/\\\/www.asemer.ro\\\/index.php\\\/que-es-asemer\\\/recursos\\\/esponsorizacion\\\/#breadcrumb\",\"itemListElement\":[{\"@type\":\"ListItem\",\"position\":1,\"name\":\"Home\",\"item\":\"https:\\\/\\\/www.asemer.ro\\\/\"},{\"@type\":\"ListItem\",\"position\":2,\"name\":\"Que es ASEMER\",\"item\":\"https:\\\/\\\/www.asemer.ro\\\/index.php\\\/que-es-asemer\\\/\"},{\"@type\":\"ListItem\",\"position\":3,\"name\":\"Recursos\",\"item\":\"https:\\\/\\\/www.asemer.ro\\\/index.php\\\/que-es-asemer\\\/recursos\\\/\"},{\"@type\":\"ListItem\",\"position\":4,\"name\":\"Esponsorizaci\u00f3n\"}]},{\"@type\":\"WebSite\",\"@id\":\"https:\\\/\\\/www.asemer.ro\\\/#website\",\"url\":\"https:\\\/\\\/www.asemer.ro\\\/\",\"name\":\"ASEMER\",\"description\":\"Asociaci\u00f3n de Empresas Espa\u00f1olas en Ruman\u00eda\",\"publisher\":{\"@id\":\"https:\\\/\\\/www.asemer.ro\\\/#organization\"},\"potentialAction\":[{\"@type\":\"SearchAction\",\"target\":{\"@type\":\"EntryPoint\",\"urlTemplate\":\"https:\\\/\\\/www.asemer.ro\\\/?s={search_term_string}\"},\"query-input\":{\"@type\":\"PropertyValueSpecification\",\"valueRequired\":true,\"valueName\":\"search_term_string\"}}],\"inLanguage\":\"es\"},{\"@type\":\"Organization\",\"@id\":\"https:\\\/\\\/www.asemer.ro\\\/#organization\",\"name\":\"ASEMER\",\"url\":\"https:\\\/\\\/www.asemer.ro\\\/\",\"logo\":{\"@type\":\"ImageObject\",\"inLanguage\":\"es\",\"@id\":\"https:\\\/\\\/www.asemer.ro\\\/#\\\/schema\\\/logo\\\/image\\\/\",\"url\":\"https:\\\/\\\/www.asemer.ro\\\/wp-content\\\/uploads\\\/2020\\\/12\\\/logo-ASEMER-scaled.jpg\",\"contentUrl\":\"https:\\\/\\\/www.asemer.ro\\\/wp-content\\\/uploads\\\/2020\\\/12\\\/logo-ASEMER-scaled.jpg\",\"width\":2560,\"height\":849,\"caption\":\"ASEMER\"},\"image\":{\"@id\":\"https:\\\/\\\/www.asemer.ro\\\/#\\\/schema\\\/logo\\\/image\\\/\"},\"sameAs\":[\"https:\\\/\\\/www.facebook.com\\\/asociacionasemer\",\"https:\\\/\\\/x.com\\\/asemer_rumania\",\"https:\\\/\\\/ro.linkedin.com\\\/in\\\/asemer-asociaci\u00f3n-empresas-espa\u00f1olas-en-ruman\u00eda-724772a6?trk=author_mini-profile_title\",\"https:\\\/\\\/www.youtube.com\\\/channel\\\/UC73m8-BDsg857OL0Ogv5aQA\\\/videos\"]}]}<\/script>\n<!-- \/ Yoast SEO plugin. -->","yoast_head_json":{"title":"Esponsorizaci\u00f3n - ASEMER","robots":{"index":"index","follow":"follow","max-snippet":"max-snippet:-1","max-image-preview":"max-image-preview:large","max-video-preview":"max-video-preview:-1"},"canonical":"https:\/\/www.asemer.ro\/index.php\/que-es-asemer\/recursos\/esponsorizacion\/","og_locale":"es_ES","og_type":"article","og_title":"Esponsorizaci\u00f3n - ASEMER","og_description":"ASEMER tiene 3 categor\u00edas de socios patrocinadores, que se corresponden a un a\u00f1o de calendario, que realizan aportes econ\u00f3micos a [&hellip;]","og_url":"https:\/\/www.asemer.ro\/index.php\/que-es-asemer\/recursos\/esponsorizacion\/","og_site_name":"ASEMER","article_publisher":"https:\/\/www.facebook.com\/asociacionasemer","article_modified_time":"2024-09-06T08:16:52+00:00","twitter_card":"summary_large_image","twitter_site":"@asemer_rumania","twitter_misc":{"Tiempo de lectura":"1 minuto"},"schema":{"@context":"https:\/\/schema.org","@graph":[{"@type":"WebPage","@id":"https:\/\/www.asemer.ro\/index.php\/que-es-asemer\/recursos\/esponsorizacion\/","url":"https:\/\/www.asemer.ro\/index.php\/que-es-asemer\/recursos\/esponsorizacion\/","name":"Esponsorizaci\u00f3n - ASEMER","isPartOf":{"@id":"https:\/\/www.asemer.ro\/#website"},"datePublished":"2015-11-08T10:56:44+00:00","dateModified":"2024-09-06T08:16:52+00:00","breadcrumb":{"@id":"https:\/\/www.asemer.ro\/index.php\/que-es-asemer\/recursos\/esponsorizacion\/#breadcrumb"},"inLanguage":"es","potentialAction":[{"@type":"ReadAction","target":["https:\/\/www.asemer.ro\/index.php\/que-es-asemer\/recursos\/esponsorizacion\/"]}]},{"@type":"BreadcrumbList","@id":"https:\/\/www.asemer.ro\/index.php\/que-es-asemer\/recursos\/esponsorizacion\/#breadcrumb","itemListElement":[{"@type":"ListItem","position":1,"name":"Home","item":"https:\/\/www.asemer.ro\/"},{"@type":"ListItem","position":2,"name":"Que es ASEMER","item":"https:\/\/www.asemer.ro\/index.php\/que-es-asemer\/"},{"@type":"ListItem","position":3,"name":"Recursos","item":"https:\/\/www.asemer.ro\/index.php\/que-es-asemer\/recursos\/"},{"@type":"ListItem","position":4,"name":"Esponsorizaci\u00f3n"}]},{"@type":"WebSite","@id":"https:\/\/www.asemer.ro\/#website","url":"https:\/\/www.asemer.ro\/","name":"ASEMER","description":"Asociaci\u00f3n de Empresas Espa\u00f1olas en Ruman\u00eda","publisher":{"@id":"https:\/\/www.asemer.ro\/#organization"},"potentialAction":[{"@type":"SearchAction","target":{"@type":"EntryPoint","urlTemplate":"https:\/\/www.asemer.ro\/?s={search_term_string}"},"query-input":{"@type":"PropertyValueSpecification","valueRequired":true,"valueName":"search_term_string"}}],"inLanguage":"es"},{"@type":"Organization","@id":"https:\/\/www.asemer.ro\/#organization","name":"ASEMER","url":"https:\/\/www.asemer.ro\/","logo":{"@type":"ImageObject","inLanguage":"es","@id":"https:\/\/www.asemer.ro\/#\/schema\/logo\/image\/","url":"https:\/\/www.asemer.ro\/wp-content\/uploads\/2020\/12\/logo-ASEMER-scaled.jpg","contentUrl":"https:\/\/www.asemer.ro\/wp-content\/uploads\/2020\/12\/logo-ASEMER-scaled.jpg","width":2560,"height":849,"caption":"ASEMER"},"image":{"@id":"https:\/\/www.asemer.ro\/#\/schema\/logo\/image\/"},"sameAs":["https:\/\/www.facebook.com\/asociacionasemer","https:\/\/x.com\/asemer_rumania","https:\/\/ro.linkedin.com\/in\/asemer-asociaci\u00f3n-empresas-espa\u00f1olas-en-ruman\u00eda-724772a6?trk=author_mini-profile_title","https:\/\/www.youtube.com\/channel\/UC73m8-BDsg857OL0Ogv5aQA\/videos"]}]}},"_links":{"self":[{"href":"https:\/\/www.asemer.ro\/index.php\/wp-json\/wp\/v2\/pages\/1615","targetHints":{"allow":["GET"]}}],"collection":[{"href":"https:\/\/www.asemer.ro\/index.php\/wp-json\/wp\/v2\/pages"}],"about":[{"href":"https:\/\/www.asemer.ro\/index.php\/wp-json\/wp\/v2\/types\/page"}],"author":[{"embeddable":true,"href":"https:\/\/www.asemer.ro\/index.php\/wp-json\/wp\/v2\/users\/3"}],"replies":[{"embeddable":true,"href":"https:\/\/www.asemer.ro\/index.php\/wp-json\/wp\/v2\/comments?post=1615"}],"version-history":[{"count":4,"href":"https:\/\/www.asemer.ro\/index.php\/wp-json\/wp\/v2\/pages\/1615\/revisions"}],"predecessor-version":[{"id":11452,"href":"https:\/\/www.asemer.ro\/index.php\/wp-json\/wp\/v2\/pages\/1615\/revisions\/11452"}],"up":[{"embeddable":true,"href":"https:\/\/www.asemer.ro\/index.php\/wp-json\/wp\/v2\/pages\/5916"}],"wp:attachment":[{"href":"https:\/\/www.asemer.ro\/index.php\/wp-json\/wp\/v2\/media?parent=1615"}],"curies":[{"name":"wp","href":"https:\/\/api.w.org\/{rel}","templated":true}]}}