{"id":1621,"date":"2015-11-08T13:07:12","date_gmt":"2015-11-08T11:07:12","guid":{"rendered":"http:\/\/localhost\/?page_id=1621"},"modified":"2024-04-04T17:49:50","modified_gmt":"2024-04-04T15:49:50","slug":"por-que-nace","status":"publish","type":"page","link":"https:\/\/www.asemer.ro\/index.php\/que-es-asemer\/por-que-nace\/","title":{"rendered":"Por qu\u00e9 nace"},"content":{"rendered":"\n<h4 class=\"wp-block-heading\"><span style=\"color: #000000;\">La Asociaci\u00f3n de Empresas Espa\u00f1olas en Ruman\u00eda (ASEMER) naci\u00f3 en septiembre de 2013.<\/span><\/h4>\n\n\n\n<p class=\"Just\"><span style=\"color: #000000;\">La presencia cada vez m\u00e1s numerosa de empresas rumanas con capital espa\u00f1ol dentro del tejido empresarial de Rumania ha despertado entre los empresarios espa\u00f1oles presentes en Rumania la necesidad de asociarse para unir sus v\u00ednculos.<\/span><\/p>\n\n\n\n<p class=\"Just\"><span style=\"color: #000000;\">Los empresarios espa\u00f1oles somos conscientes de la necesidad de fortalecer la sociedad civil rumana, desde instituciones no gubernamentales que ayuden a consolidar la democracia y el proceso de modernizaci\u00f3n de Ruman\u00eda.<\/span><\/p>\n\n\n\n<p class=\"Just\"><span style=\"color: #000000;\">Consideramos necesaria una voz en espa\u00f1ol presente en Rumania, que no tenga color pol\u00edtico, independiente y centrada en el desarrollo y fomento de las empresas espa\u00f1olas en Ruman\u00eda.<\/span><\/p>\n\n\n\n<p class=\"Just\"><span style=\"color: #000000;\">En definitiva, una instituci\u00f3n que represente los intereses empresariales espa\u00f1oles presentes y futuros en Ruman\u00eda y que pueda ser vista as\u00ed por las instituciones p\u00fablicas y privadas rumanas; que goce de la agilidad y libertad de comunicarse con las mismas, con el objetivo de enriquecer a Ruman\u00eda y, por ende, a los empresarios espa\u00f1oles que est\u00e1n o estar\u00e1n en el Pa\u00eds.<\/span><\/p>\n","protected":false},"excerpt":{"rendered":"<p>La Asociaci\u00f3n de Empresas Espa\u00f1olas en Ruman\u00eda (ASEMER) naci\u00f3 en septiembre de 2013. La presencia cada vez m\u00e1s numerosa de [&hellip;]<\/p>\n","protected":false},"author":3,"featured_media":0,"parent":5910,"menu_order":120,"comment_status":"closed","ping_status":"closed","template":"page-templates\/template_fullwidth.php","meta":{"footnotes":""},"class_list":["post-1621","page","type-page","status-publish","hentry"],"yoast_head":"<!-- This site is optimized with the Yoast SEO plugin v27.6 - https:\/\/yoast.com\/product\/yoast-seo-wordpress\/ -->\n<title>Por qu\u00e9 nace - ASEMER<\/title>\n<meta name=\"robots\" content=\"index, follow, max-snippet:-1, max-image-preview:large, max-video-preview:-1\" \/>\n<link rel=\"canonical\" href=\"https:\/\/www.asemer.ro\/index.php\/que-es-asemer\/por-que-nace\/\" \/>\n<meta property=\"og:locale\" content=\"es_ES\" \/>\n<meta property=\"og:type\" content=\"article\" \/>\n<meta property=\"og:title\" content=\"Por qu\u00e9 nace - ASEMER\" \/>\n<meta property=\"og:description\" content=\"La Asociaci\u00f3n de Empresas Espa\u00f1olas en Ruman\u00eda (ASEMER) naci\u00f3 en septiembre de 2013. La presencia cada vez m\u00e1s numerosa de [&hellip;]\" \/>\n<meta property=\"og:url\" content=\"https:\/\/www.asemer.ro\/index.php\/que-es-asemer\/por-que-nace\/\" \/>\n<meta property=\"og:site_name\" content=\"ASEMER\" \/>\n<meta property=\"article:publisher\" content=\"https:\/\/www.facebook.com\/asociacionasemer\" \/>\n<meta property=\"article:modified_time\" content=\"2024-04-04T15:49:50+00:00\" \/>\n<meta name=\"twitter:card\" content=\"summary_large_image\" \/>\n<meta name=\"twitter:site\" content=\"@asemer_rumania\" \/>\n<meta name=\"twitter:label1\" content=\"Tiempo de lectura\" \/>\n\t<meta name=\"twitter:data1\" content=\"1 minuto\" \/>\n<script type=\"application\/ld+json\" class=\"yoast-schema-graph\">{\"@context\":\"https:\\\/\\\/schema.org\",\"@graph\":[{\"@type\":\"WebPage\",\"@id\":\"https:\\\/\\\/www.asemer.ro\\\/index.php\\\/que-es-asemer\\\/por-que-nace\\\/\",\"url\":\"https:\\\/\\\/www.asemer.ro\\\/index.php\\\/que-es-asemer\\\/por-que-nace\\\/\",\"name\":\"Por qu\u00e9 nace - ASEMER\",\"isPartOf\":{\"@id\":\"https:\\\/\\\/www.asemer.ro\\\/#website\"},\"datePublished\":\"2015-11-08T11:07:12+00:00\",\"dateModified\":\"2024-04-04T15:49:50+00:00\",\"breadcrumb\":{\"@id\":\"https:\\\/\\\/www.asemer.ro\\\/index.php\\\/que-es-asemer\\\/por-que-nace\\\/#breadcrumb\"},\"inLanguage\":\"es\",\"potentialAction\":[{\"@type\":\"ReadAction\",\"target\":[\"https:\\\/\\\/www.asemer.ro\\\/index.php\\\/que-es-asemer\\\/por-que-nace\\\/\"]}]},{\"@type\":\"BreadcrumbList\",\"@id\":\"https:\\\/\\\/www.asemer.ro\\\/index.php\\\/que-es-asemer\\\/por-que-nace\\\/#breadcrumb\",\"itemListElement\":[{\"@type\":\"ListItem\",\"position\":1,\"name\":\"Home\",\"item\":\"https:\\\/\\\/www.asemer.ro\\\/\"},{\"@type\":\"ListItem\",\"position\":2,\"name\":\"Que es ASEMER\",\"item\":\"https:\\\/\\\/www.asemer.ro\\\/index.php\\\/que-es-asemer\\\/\"},{\"@type\":\"ListItem\",\"position\":3,\"name\":\"Por qu\u00e9 nace\"}]},{\"@type\":\"WebSite\",\"@id\":\"https:\\\/\\\/www.asemer.ro\\\/#website\",\"url\":\"https:\\\/\\\/www.asemer.ro\\\/\",\"name\":\"ASEMER\",\"description\":\"Asociaci\u00f3n de Empresas Espa\u00f1olas en Ruman\u00eda\",\"publisher\":{\"@id\":\"https:\\\/\\\/www.asemer.ro\\\/#organization\"},\"potentialAction\":[{\"@type\":\"SearchAction\",\"target\":{\"@type\":\"EntryPoint\",\"urlTemplate\":\"https:\\\/\\\/www.asemer.ro\\\/?s={search_term_string}\"},\"query-input\":{\"@type\":\"PropertyValueSpecification\",\"valueRequired\":true,\"valueName\":\"search_term_string\"}}],\"inLanguage\":\"es\"},{\"@type\":\"Organization\",\"@id\":\"https:\\\/\\\/www.asemer.ro\\\/#organization\",\"name\":\"ASEMER\",\"url\":\"https:\\\/\\\/www.asemer.ro\\\/\",\"logo\":{\"@type\":\"ImageObject\",\"inLanguage\":\"es\",\"@id\":\"https:\\\/\\\/www.asemer.ro\\\/#\\\/schema\\\/logo\\\/image\\\/\",\"url\":\"https:\\\/\\\/www.asemer.ro\\\/wp-content\\\/uploads\\\/2020\\\/12\\\/logo-ASEMER-scaled.jpg\",\"contentUrl\":\"https:\\\/\\\/www.asemer.ro\\\/wp-content\\\/uploads\\\/2020\\\/12\\\/logo-ASEMER-scaled.jpg\",\"width\":2560,\"height\":849,\"caption\":\"ASEMER\"},\"image\":{\"@id\":\"https:\\\/\\\/www.asemer.ro\\\/#\\\/schema\\\/logo\\\/image\\\/\"},\"sameAs\":[\"https:\\\/\\\/www.facebook.com\\\/asociacionasemer\",\"https:\\\/\\\/x.com\\\/asemer_rumania\",\"https:\\\/\\\/ro.linkedin.com\\\/in\\\/asemer-asociaci\u00f3n-empresas-espa\u00f1olas-en-ruman\u00eda-724772a6?trk=author_mini-profile_title\",\"https:\\\/\\\/www.youtube.com\\\/channel\\\/UC73m8-BDsg857OL0Ogv5aQA\\\/videos\"]}]}<\/script>\n<!-- \/ Yoast SEO plugin. -->","yoast_head_json":{"title":"Por qu\u00e9 nace - ASEMER","robots":{"index":"index","follow":"follow","max-snippet":"max-snippet:-1","max-image-preview":"max-image-preview:large","max-video-preview":"max-video-preview:-1"},"canonical":"https:\/\/www.asemer.ro\/index.php\/que-es-asemer\/por-que-nace\/","og_locale":"es_ES","og_type":"article","og_title":"Por qu\u00e9 nace - ASEMER","og_description":"La Asociaci\u00f3n de Empresas Espa\u00f1olas en Ruman\u00eda (ASEMER) naci\u00f3 en septiembre de 2013. La presencia cada vez m\u00e1s numerosa de [&hellip;]","og_url":"https:\/\/www.asemer.ro\/index.php\/que-es-asemer\/por-que-nace\/","og_site_name":"ASEMER","article_publisher":"https:\/\/www.facebook.com\/asociacionasemer","article_modified_time":"2024-04-04T15:49:50+00:00","twitter_card":"summary_large_image","twitter_site":"@asemer_rumania","twitter_misc":{"Tiempo de lectura":"1 minuto"},"schema":{"@context":"https:\/\/schema.org","@graph":[{"@type":"WebPage","@id":"https:\/\/www.asemer.ro\/index.php\/que-es-asemer\/por-que-nace\/","url":"https:\/\/www.asemer.ro\/index.php\/que-es-asemer\/por-que-nace\/","name":"Por qu\u00e9 nace - ASEMER","isPartOf":{"@id":"https:\/\/www.asemer.ro\/#website"},"datePublished":"2015-11-08T11:07:12+00:00","dateModified":"2024-04-04T15:49:50+00:00","breadcrumb":{"@id":"https:\/\/www.asemer.ro\/index.php\/que-es-asemer\/por-que-nace\/#breadcrumb"},"inLanguage":"es","potentialAction":[{"@type":"ReadAction","target":["https:\/\/www.asemer.ro\/index.php\/que-es-asemer\/por-que-nace\/"]}]},{"@type":"BreadcrumbList","@id":"https:\/\/www.asemer.ro\/index.php\/que-es-asemer\/por-que-nace\/#breadcrumb","itemListElement":[{"@type":"ListItem","position":1,"name":"Home","item":"https:\/\/www.asemer.ro\/"},{"@type":"ListItem","position":2,"name":"Que es ASEMER","item":"https:\/\/www.asemer.ro\/index.php\/que-es-asemer\/"},{"@type":"ListItem","position":3,"name":"Por qu\u00e9 nace"}]},{"@type":"WebSite","@id":"https:\/\/www.asemer.ro\/#website","url":"https:\/\/www.asemer.ro\/","name":"ASEMER","description":"Asociaci\u00f3n de Empresas Espa\u00f1olas en Ruman\u00eda","publisher":{"@id":"https:\/\/www.asemer.ro\/#organization"},"potentialAction":[{"@type":"SearchAction","target":{"@type":"EntryPoint","urlTemplate":"https:\/\/www.asemer.ro\/?s={search_term_string}"},"query-input":{"@type":"PropertyValueSpecification","valueRequired":true,"valueName":"search_term_string"}}],"inLanguage":"es"},{"@type":"Organization","@id":"https:\/\/www.asemer.ro\/#organization","name":"ASEMER","url":"https:\/\/www.asemer.ro\/","logo":{"@type":"ImageObject","inLanguage":"es","@id":"https:\/\/www.asemer.ro\/#\/schema\/logo\/image\/","url":"https:\/\/www.asemer.ro\/wp-content\/uploads\/2020\/12\/logo-ASEMER-scaled.jpg","contentUrl":"https:\/\/www.asemer.ro\/wp-content\/uploads\/2020\/12\/logo-ASEMER-scaled.jpg","width":2560,"height":849,"caption":"ASEMER"},"image":{"@id":"https:\/\/www.asemer.ro\/#\/schema\/logo\/image\/"},"sameAs":["https:\/\/www.facebook.com\/asociacionasemer","https:\/\/x.com\/asemer_rumania","https:\/\/ro.linkedin.com\/in\/asemer-asociaci\u00f3n-empresas-espa\u00f1olas-en-ruman\u00eda-724772a6?trk=author_mini-profile_title","https:\/\/www.youtube.com\/channel\/UC73m8-BDsg857OL0Ogv5aQA\/videos"]}]}},"_links":{"self":[{"href":"https:\/\/www.asemer.ro\/index.php\/wp-json\/wp\/v2\/pages\/1621","targetHints":{"allow":["GET"]}}],"collection":[{"href":"https:\/\/www.asemer.ro\/index.php\/wp-json\/wp\/v2\/pages"}],"about":[{"href":"https:\/\/www.asemer.ro\/index.php\/wp-json\/wp\/v2\/types\/page"}],"author":[{"embeddable":true,"href":"https:\/\/www.asemer.ro\/index.php\/wp-json\/wp\/v2\/users\/3"}],"replies":[{"embeddable":true,"href":"https:\/\/www.asemer.ro\/index.php\/wp-json\/wp\/v2\/comments?post=1621"}],"version-history":[{"count":3,"href":"https:\/\/www.asemer.ro\/index.php\/wp-json\/wp\/v2\/pages\/1621\/revisions"}],"predecessor-version":[{"id":10217,"href":"https:\/\/www.asemer.ro\/index.php\/wp-json\/wp\/v2\/pages\/1621\/revisions\/10217"}],"up":[{"embeddable":true,"href":"https:\/\/www.asemer.ro\/index.php\/wp-json\/wp\/v2\/pages\/5910"}],"wp:attachment":[{"href":"https:\/\/www.asemer.ro\/index.php\/wp-json\/wp\/v2\/media?parent=1621"}],"curies":[{"name":"wp","href":"https:\/\/api.w.org\/{rel}","templated":true}]}}