{"id":1639,"date":"2015-11-08T13:31:27","date_gmt":"2015-11-08T11:31:27","guid":{"rendered":"http:\/\/localhost\/?page_id=1639"},"modified":"2021-04-13T09:17:23","modified_gmt":"2021-04-13T07:17:23","slug":"asamblea-general","status":"publish","type":"page","link":"https:\/\/www.asemer.ro\/index.php\/asamblea-general\/","title":{"rendered":"Asamblea General"},"content":{"rendered":"\n<h3 class=\"wp-block-heading\"><\/h3>\n\n\n\n<p class=\"has-black-color has-text-color\"><span style=\"color: #000000;\">La Asamblea General es el \u00f3rgano supremo de direcci\u00f3n de la Asociaci\u00f3n y est\u00e1 integrada por la totalidad de los socios. Sus acuerdos, leg\u00edtimamente adoptados, obligan a todos sus miembros, dejando siempre a salvo los posibles derechos de impugnaci\u00f3n.<\/span><\/p>\n\n\n\n<p class=\"has-black-color has-text-color\"><span style=\"color: #000000;\">El pleno de la Asamblea General est\u00e1 constituido por la totalidad de los asociados en ASEMER como miembros de pleno derecho. La Asamblea General de Asociados puede ser convocada con car\u00e1cter ordinario o extraordinario.<\/span><\/p>\n\n\n\n<p class=\"has-black-color has-text-color\"><span style=\"color: #000000;\">La Asamblea General Ordinaria se reunir\u00e1 necesariamente una vez al a\u00f1o, dentro del primer semestre de cada ejercicio, para conocer la gesti\u00f3n social, aprobar los ingresos y los gastos del ejercicio econ\u00f3mico anterior, as\u00ed como para aprobar el presupuesto y definir la trayectoria que ASEMER debe seguir en el ejercicio en curso.<\/span><\/p>\n\n\n\n<p class=\"has-black-color has-text-color\"><span style=\"color: #000000;\">La Asamblea Extraordinaria se reunir\u00e1 siempre que lo estime necesario o conveniente la Junta Directiva, o cuando lo soliciten asociados con derecho al voto, que representen al menos un veinticinco por ciento (25 %) del total de los asociados inscritos con este derecho. Dicha solicitud deber\u00e1 dirigirse a la Junta Directiva especificando el orden del d\u00eda y los asuntos a tratar.<\/span><\/p>\n\n\n\n<p><span style=\"color: #000000;\">La Junta Directiva convocar\u00e1 la Asamblea Extraordinaria solicitada, para que la misma se celebre en un plazo m\u00e1ximo de treinta (30) d\u00edas h\u00e1biles, contados a partir del momento en que sea recibida por la Junta Directiva la petici\u00f3n de convocatoria.<\/span><\/p>\n\n\n\n<p class=\"has-black-color has-text-color\"><span style=\"color: #000000;\">La Asamblea General de Asociados, tanto ordinaria como extraordinaria, ser\u00e1 convocada por el Presidente de la asociaci\u00f3n mediante comunicaci\u00f3n a todos los asociados con al menos 15 d\u00edas h\u00e1biles de antelaci\u00f3n a la celebraci\u00f3n de la misma, expres\u00e1ndose la fecha, hora y lugar en que habr\u00e1 de efectuarse, tanto en primera convocatoria como en segunda, y el orden del d\u00eda a tratar.<\/span><\/p>\n\n\n\n<p class=\"has-black-color has-text-color\"><span style=\"color: #000000;\">El orden del d\u00eda ser\u00e1 establecido por la Junta Directiva. En los casos de reuniones extraordinarias, solicitadas en forma vinculante, habr\u00e1 que incluir necesariamente en el orden del d\u00eda los puntos propuestos por quienes hayan instado la convocatoria.<\/span><\/p>\n\n\n\n<p class=\"has-black-color has-text-color\"><span style=\"color: #000000;\">Podr\u00e1n participar en la asamblea general todos los miembros, pero tendr\u00e1n derecho a voto solo aquellos asociados que a la fecha de la convocatoria gocen de derecho a voto seg\u00fan las condiciones establecidas en estos estatutos.<\/span><\/p>\n\n\n\n<p class=\"has-black-color has-text-color\"><span style=\"color: #000000;\">La Asamblea General de Asociados no podr\u00e1 tratar m\u00e1s asuntos que los que figuren en el orden del d\u00eda de la convocatoria. Si uno de los asociados considera conveniente la discusi\u00f3n en Asamblea General de alg\u00fan asunto no previsto en el correspondiente orden del d\u00eda, deber\u00e1 dirigir por escrito a la Junta Directiva la solicitud de inclusi\u00f3n, la cual determinar\u00e1 si se accede a la solicitud presentada, o si por el contrario se pospone su tratamiento para la pr\u00f3xima sesi\u00f3n de la asamblea.<\/span><\/p>\n\n\n\n<p class=\"has-black-color has-text-color\"><span style=\"color: #000000;\">Para que la Asamblea General de Asociados quede constituida v\u00e1lidamente en primera convocatoria, ser\u00e1 preciso que se encuentren presentes la mitad m\u00e1s uno de los miembros titulares de La Asociaci\u00f3n.<\/span><\/p>\n\n\n\n<p class=\"has-black-color has-text-color\"><span style=\"color: #000000;\">La segunda convocatoria de la Asamblea General de Asociados, la cual se efectuar\u00e1 treinta minutos despu\u00e9s de la hora en que fue anunciada la primera, en el mismo lugar y d\u00eda, quedar\u00e1 v\u00e1lidamente constituida, cualquiera que sea el n\u00famero de asistentes.<\/span><\/p>\n\n\n\n<p class=\"has-black-color has-text-color\"><span style=\"color: #000000;\">Los asistentes se deber\u00e1n identificar mediante un documento nacional de identidad o el pasaporte.<\/span><\/p>\n\n\n\n<p class=\"has-black-color has-text-color\"><span style=\"color: #000000;\">Ser\u00e1 presidente de la Asamblea General de Asociados quien lo sea de la Junta Directiva, y en ausencia de este lo ser\u00e1 el Vicepresidente Primero. En ausencia de ambos corresponder\u00e1 a la Junta Directiva designar al Presidente de la Asamblea General. Corresponde al Presidente conceder la palabra a quien lo solicite, dirigir los debates y cuidar el correcto desarrollo de la asamblea.<\/span><\/p>\n\n\n\n<p class=\"has-black-color has-text-color\"><span style=\"color: #000000;\">Actuar\u00e1 como Secretario de la Asamblea General de Asociados el Vicepresidente primero o segundo seg\u00fan los casos,&nbsp; y en ausencia de ellos, lo har\u00e1 otro miembro de la Junta, quien levantar\u00e1 acta de la sesi\u00f3n efectuada, la cual podr\u00e1 ser aprobada a continuaci\u00f3n o en la siguiente sesi\u00f3n. Los acuerdos contenidos en el acta tendr\u00e1n fuerza obligatoria desde el mismo momento de su adopci\u00f3n por la asamblea. Las sesiones de asamblea general se anotar\u00e1n en un libro de actas. Las actas deber\u00e1n de ser firmadas por el presidente y dos miembros de la Junta Directiva.<\/span><\/p>\n\n\n\n<p class=\"has-black-color has-text-color\"><span style=\"color: #000000;\">Los acuerdos de la Asamblea General de Asociados se adoptar\u00e1n mediante votaci\u00f3n, por mayor\u00eda simple, siendo dirimente para los empates el voto del Presidente.<\/span><\/p>\n\n\n\n<p class=\"has-black-color has-text-color\"><span style=\"color: #000000;\">El voto v\u00e1lido de un miembro no asistente podr\u00e1 ser delegable en otro asociado que goce a su vez del derecho a voto en la Asamblea conforme a estos estatutos.<\/span><\/p>\n\n\n\n<p class=\"has-black-color has-text-color\">El ejercicio del derecho de voto \u00fanicamente podr\u00e1 ser delegado, por escrito, en otro socio de ASEMER.<\/p>\n\n\n\n<p class=\"has-black-color has-text-color\"><span style=\"color: #000000;\">Son competencias exclusivas de la Asamblea General de Asociados las siguientes:<\/span><\/p>\n\n\n\n<ul id=\"block-892d477a-2a11-479f-920e-f2653ee24c83\" class=\"has-black-color has-text-color wp-block-list\"><li>Modificar los Estatutos;<\/li><li>Establecer la estrategia y objetivos generales de la asociaci\u00f3n;<\/li><li>Aprobar el presupuesto de ingresos y gastos, el balance contable y la liquidaci\u00f3n de cuentas;<\/li><li>Aprobar la creaci\u00f3n de filiales;<\/li><li>Adoptar acuerdos en relaci\u00f3n con la representaci\u00f3n, gesti\u00f3n y protecci\u00f3n de los intereses de sus miembros;<\/li><li>Nombrar y revocar el mandato de los miembros de la Junta Directiva, y del censor o miembros de la comisi\u00f3n de control;<\/li><li>Informar sobre la gesti\u00f3n de las actuaciones llevadas a cabo por la Junta Directiva y aprobar el Informe Anual de Actividades.<\/li><li>Aprobar las cuotas extraordinarias<\/li><li>Aprobar y modificar los Estatutos, el Acta Constitutiva y los reglamentos seg\u00fan lo establecido por la legislaci\u00f3n vigente<\/li><li>Disolver y liquidar la asociaci\u00f3n<\/li><li>Cualesquiera otras atribuciones previstas por la ley o por los estatutos.<\/li><\/ul>\n\n\n\n<p><\/p>\n","protected":false},"excerpt":{"rendered":"<p>La Asamblea General es el \u00f3rgano supremo de direcci\u00f3n de la Asociaci\u00f3n y est\u00e1 integrada por la totalidad de los [&hellip;]<\/p>\n","protected":false},"author":3,"featured_media":0,"parent":0,"menu_order":1000,"comment_status":"closed","ping_status":"closed","template":"page-templates\/template_fullwidth.php","meta":{"footnotes":""},"class_list":["post-1639","page","type-page","status-publish","hentry"],"yoast_head":"<!-- This site is optimized with the Yoast SEO plugin v27.5 - https:\/\/yoast.com\/product\/yoast-seo-wordpress\/ -->\n<title>Asamblea General - ASEMER<\/title>\n<meta name=\"robots\" content=\"index, follow, max-snippet:-1, max-image-preview:large, max-video-preview:-1\" \/>\n<link rel=\"canonical\" href=\"https:\/\/www.asemer.ro\/index.php\/asamblea-general\/\" \/>\n<meta property=\"og:locale\" content=\"es_ES\" \/>\n<meta property=\"og:type\" content=\"article\" \/>\n<meta property=\"og:title\" content=\"Asamblea General - ASEMER\" \/>\n<meta property=\"og:description\" content=\"La Asamblea General es el \u00f3rgano supremo de direcci\u00f3n de la Asociaci\u00f3n y est\u00e1 integrada por la totalidad de los [&hellip;]\" \/>\n<meta property=\"og:url\" content=\"https:\/\/www.asemer.ro\/index.php\/asamblea-general\/\" \/>\n<meta property=\"og:site_name\" content=\"ASEMER\" \/>\n<meta property=\"article:publisher\" content=\"https:\/\/www.facebook.com\/asociacionasemer\" \/>\n<meta property=\"article:modified_time\" content=\"2021-04-13T07:17:23+00:00\" \/>\n<meta name=\"twitter:card\" content=\"summary_large_image\" \/>\n<meta name=\"twitter:site\" content=\"@asemer_rumania\" \/>\n<meta name=\"twitter:label1\" content=\"Tiempo de lectura\" \/>\n\t<meta name=\"twitter:data1\" content=\"4 minutos\" \/>\n<script type=\"application\/ld+json\" class=\"yoast-schema-graph\">{\"@context\":\"https:\\\/\\\/schema.org\",\"@graph\":[{\"@type\":\"WebPage\",\"@id\":\"https:\\\/\\\/www.asemer.ro\\\/index.php\\\/asamblea-general\\\/\",\"url\":\"https:\\\/\\\/www.asemer.ro\\\/index.php\\\/asamblea-general\\\/\",\"name\":\"Asamblea General - ASEMER\",\"isPartOf\":{\"@id\":\"https:\\\/\\\/www.asemer.ro\\\/#website\"},\"datePublished\":\"2015-11-08T11:31:27+00:00\",\"dateModified\":\"2021-04-13T07:17:23+00:00\",\"breadcrumb\":{\"@id\":\"https:\\\/\\\/www.asemer.ro\\\/index.php\\\/asamblea-general\\\/#breadcrumb\"},\"inLanguage\":\"es\",\"potentialAction\":[{\"@type\":\"ReadAction\",\"target\":[\"https:\\\/\\\/www.asemer.ro\\\/index.php\\\/asamblea-general\\\/\"]}]},{\"@type\":\"BreadcrumbList\",\"@id\":\"https:\\\/\\\/www.asemer.ro\\\/index.php\\\/asamblea-general\\\/#breadcrumb\",\"itemListElement\":[{\"@type\":\"ListItem\",\"position\":1,\"name\":\"Home\",\"item\":\"https:\\\/\\\/www.asemer.ro\\\/\"},{\"@type\":\"ListItem\",\"position\":2,\"name\":\"Asamblea General\"}]},{\"@type\":\"WebSite\",\"@id\":\"https:\\\/\\\/www.asemer.ro\\\/#website\",\"url\":\"https:\\\/\\\/www.asemer.ro\\\/\",\"name\":\"ASEMER\",\"description\":\"Asociaci\u00f3n de Empresas Espa\u00f1olas en Ruman\u00eda\",\"publisher\":{\"@id\":\"https:\\\/\\\/www.asemer.ro\\\/#organization\"},\"potentialAction\":[{\"@type\":\"SearchAction\",\"target\":{\"@type\":\"EntryPoint\",\"urlTemplate\":\"https:\\\/\\\/www.asemer.ro\\\/?s={search_term_string}\"},\"query-input\":{\"@type\":\"PropertyValueSpecification\",\"valueRequired\":true,\"valueName\":\"search_term_string\"}}],\"inLanguage\":\"es\"},{\"@type\":\"Organization\",\"@id\":\"https:\\\/\\\/www.asemer.ro\\\/#organization\",\"name\":\"ASEMER\",\"url\":\"https:\\\/\\\/www.asemer.ro\\\/\",\"logo\":{\"@type\":\"ImageObject\",\"inLanguage\":\"es\",\"@id\":\"https:\\\/\\\/www.asemer.ro\\\/#\\\/schema\\\/logo\\\/image\\\/\",\"url\":\"https:\\\/\\\/www.asemer.ro\\\/wp-content\\\/uploads\\\/2020\\\/12\\\/logo-ASEMER-scaled.jpg\",\"contentUrl\":\"https:\\\/\\\/www.asemer.ro\\\/wp-content\\\/uploads\\\/2020\\\/12\\\/logo-ASEMER-scaled.jpg\",\"width\":2560,\"height\":849,\"caption\":\"ASEMER\"},\"image\":{\"@id\":\"https:\\\/\\\/www.asemer.ro\\\/#\\\/schema\\\/logo\\\/image\\\/\"},\"sameAs\":[\"https:\\\/\\\/www.facebook.com\\\/asociacionasemer\",\"https:\\\/\\\/x.com\\\/asemer_rumania\",\"https:\\\/\\\/ro.linkedin.com\\\/in\\\/asemer-asociaci\u00f3n-empresas-espa\u00f1olas-en-ruman\u00eda-724772a6?trk=author_mini-profile_title\",\"https:\\\/\\\/www.youtube.com\\\/channel\\\/UC73m8-BDsg857OL0Ogv5aQA\\\/videos\"]}]}<\/script>\n<!-- \/ Yoast SEO plugin. -->","yoast_head_json":{"title":"Asamblea General - ASEMER","robots":{"index":"index","follow":"follow","max-snippet":"max-snippet:-1","max-image-preview":"max-image-preview:large","max-video-preview":"max-video-preview:-1"},"canonical":"https:\/\/www.asemer.ro\/index.php\/asamblea-general\/","og_locale":"es_ES","og_type":"article","og_title":"Asamblea General - ASEMER","og_description":"La Asamblea General es el \u00f3rgano supremo de direcci\u00f3n de la Asociaci\u00f3n y est\u00e1 integrada por la totalidad de los [&hellip;]","og_url":"https:\/\/www.asemer.ro\/index.php\/asamblea-general\/","og_site_name":"ASEMER","article_publisher":"https:\/\/www.facebook.com\/asociacionasemer","article_modified_time":"2021-04-13T07:17:23+00:00","twitter_card":"summary_large_image","twitter_site":"@asemer_rumania","twitter_misc":{"Tiempo de lectura":"4 minutos"},"schema":{"@context":"https:\/\/schema.org","@graph":[{"@type":"WebPage","@id":"https:\/\/www.asemer.ro\/index.php\/asamblea-general\/","url":"https:\/\/www.asemer.ro\/index.php\/asamblea-general\/","name":"Asamblea General - ASEMER","isPartOf":{"@id":"https:\/\/www.asemer.ro\/#website"},"datePublished":"2015-11-08T11:31:27+00:00","dateModified":"2021-04-13T07:17:23+00:00","breadcrumb":{"@id":"https:\/\/www.asemer.ro\/index.php\/asamblea-general\/#breadcrumb"},"inLanguage":"es","potentialAction":[{"@type":"ReadAction","target":["https:\/\/www.asemer.ro\/index.php\/asamblea-general\/"]}]},{"@type":"BreadcrumbList","@id":"https:\/\/www.asemer.ro\/index.php\/asamblea-general\/#breadcrumb","itemListElement":[{"@type":"ListItem","position":1,"name":"Home","item":"https:\/\/www.asemer.ro\/"},{"@type":"ListItem","position":2,"name":"Asamblea General"}]},{"@type":"WebSite","@id":"https:\/\/www.asemer.ro\/#website","url":"https:\/\/www.asemer.ro\/","name":"ASEMER","description":"Asociaci\u00f3n de Empresas Espa\u00f1olas en Ruman\u00eda","publisher":{"@id":"https:\/\/www.asemer.ro\/#organization"},"potentialAction":[{"@type":"SearchAction","target":{"@type":"EntryPoint","urlTemplate":"https:\/\/www.asemer.ro\/?s={search_term_string}"},"query-input":{"@type":"PropertyValueSpecification","valueRequired":true,"valueName":"search_term_string"}}],"inLanguage":"es"},{"@type":"Organization","@id":"https:\/\/www.asemer.ro\/#organization","name":"ASEMER","url":"https:\/\/www.asemer.ro\/","logo":{"@type":"ImageObject","inLanguage":"es","@id":"https:\/\/www.asemer.ro\/#\/schema\/logo\/image\/","url":"https:\/\/www.asemer.ro\/wp-content\/uploads\/2020\/12\/logo-ASEMER-scaled.jpg","contentUrl":"https:\/\/www.asemer.ro\/wp-content\/uploads\/2020\/12\/logo-ASEMER-scaled.jpg","width":2560,"height":849,"caption":"ASEMER"},"image":{"@id":"https:\/\/www.asemer.ro\/#\/schema\/logo\/image\/"},"sameAs":["https:\/\/www.facebook.com\/asociacionasemer","https:\/\/x.com\/asemer_rumania","https:\/\/ro.linkedin.com\/in\/asemer-asociaci\u00f3n-empresas-espa\u00f1olas-en-ruman\u00eda-724772a6?trk=author_mini-profile_title","https:\/\/www.youtube.com\/channel\/UC73m8-BDsg857OL0Ogv5aQA\/videos"]}]}},"_links":{"self":[{"href":"https:\/\/www.asemer.ro\/index.php\/wp-json\/wp\/v2\/pages\/1639","targetHints":{"allow":["GET"]}}],"collection":[{"href":"https:\/\/www.asemer.ro\/index.php\/wp-json\/wp\/v2\/pages"}],"about":[{"href":"https:\/\/www.asemer.ro\/index.php\/wp-json\/wp\/v2\/types\/page"}],"author":[{"embeddable":true,"href":"https:\/\/www.asemer.ro\/index.php\/wp-json\/wp\/v2\/users\/3"}],"replies":[{"embeddable":true,"href":"https:\/\/www.asemer.ro\/index.php\/wp-json\/wp\/v2\/comments?post=1639"}],"version-history":[{"count":5,"href":"https:\/\/www.asemer.ro\/index.php\/wp-json\/wp\/v2\/pages\/1639\/revisions"}],"predecessor-version":[{"id":5245,"href":"https:\/\/www.asemer.ro\/index.php\/wp-json\/wp\/v2\/pages\/1639\/revisions\/5245"}],"wp:attachment":[{"href":"https:\/\/www.asemer.ro\/index.php\/wp-json\/wp\/v2\/media?parent=1639"}],"curies":[{"name":"wp","href":"https:\/\/api.w.org\/{rel}","templated":true}]}}