{"id":1657,"date":"2015-11-08T13:52:43","date_gmt":"2015-11-08T11:52:43","guid":{"rendered":"http:\/\/localhost\/?page_id=1657"},"modified":"2024-04-09T12:46:40","modified_gmt":"2024-04-09T10:46:40","slug":"presidente","status":"publish","type":"page","link":"https:\/\/www.asemer.ro\/index.php\/que-es-asemer\/organos-de-gobierno\/presidente\/","title":{"rendered":"Presidente"},"content":{"rendered":"\n<p class=\"has-black-color has-text-color\"><strong>Configuraci\u00f3n de la Junta Directiva<br><\/strong><\/p>\n\n\n\n<ul class=\"has-black-color has-text-color wp-block-list\">\n<li>Presidente<\/li>\n\n\n\n<li>Vicepresidente<\/li>\n\n\n\n<li>Tesorero<\/li>\n\n\n\n<li>Vocales<\/li>\n<\/ul>\n\n\n\n<h4 class=\"wp-block-heading\">Presidente<\/h4>\n\n\n\n<p><span style=\"color: #000000;\">El Presidente de la Junta Directiva, quien lo es tambi\u00e9n de ASEMER, ser\u00e1 elegido por la Asamblea General y encarnar\u00e1 la m\u00e1xima representaci\u00f3n legal de la Asociaci\u00f3n.<\/span><\/p>\n\n\n\n<p class=\"has-black-color has-text-color\"><span style=\"color: #000000;\"><strong>Funciones del Presidente de la Junta Directiva de ASEMER<\/strong><\/span><\/p>\n\n\n\n<ul class=\"has-black-color has-text-color wp-block-list\">\n<li><span style=\"color: #000000;\">Presidir la Asamblea General y la Junta Directiva.<\/span><\/li>\n\n\n\n<li><span style=\"color: #000000;\">Convocar las reuniones de la Asamblea General y de la Junta Directiva.<\/span><\/li>\n\n\n\n<li><span style=\"color: #000000;\">Dirigir los debates y el orden de las reuniones.<\/span><\/li>\n\n\n\n<li><span style=\"color: #000000;\">Velar por la ejecuci\u00f3n de los acuerdos de la Junta Directiva.<\/span><\/li>\n\n\n\n<li><span style=\"color: #000000;\">Representar a la Asociaci\u00f3n en cualquier clase de actos y contratos, y ante cualquier entidad o persona p\u00fablica o privada.<\/span><\/li>\n\n\n\n<li><span style=\"color: #000000;\">Autorizar los pagos y operar conjuntamente con el Tesorero en la cuenta bancaria de la Asociaci\u00f3n.<\/span><\/li>\n\n\n\n<li><span style=\"color: #000000;\">Adoptar cuantas medidas de car\u00e1cter urgente considere necesarias para el mejor gobierno de la Asociaci\u00f3n, dando cuenta a la Junta Directiva en la primera reuni\u00f3n que se celebre, para su conocimiento y ratificaci\u00f3n.<\/span><\/li>\n\n\n\n<li><span style=\"color: #000000;\">Realizar cuantos cometidos correspondan a su cargo y le sean encomendados por los \u00f3rganos de la Asociaci\u00f3n.<\/span><\/li>\n\n\n\n<li>Delegar sus funciones temporalmente en el Vicepresidente primero, o, en su ausencia, en el Vicepresidente Segundo, o en su defecto en alguno de los Vocales de la Junta Directiva.<\/li>\n\n\n\n<li>Contratar y despedir personal, con la aprobaci\u00f3n previa de la Junta Directiva y proponer el establecimiento o la contrataci\u00f3n de servicios o consultor\u00eda t\u00e9cnica.<\/li>\n\n\n\n<li>Ejercer las funciones de gesti\u00f3n y control inmediato de cualquier servicio t\u00e9cnico o administrativo que se determinar\u00e1.<\/li>\n<\/ul>\n\n\n\n<h4 class=\"wp-block-heading\">Vicepresidente<\/h4>\n\n\n\n<ul class=\"has-black-color has-text-color wp-block-list\">\n<li>El Vicepresidente Primero de ASEMER tendr\u00e1 como misi\u00f3n principal la de cooperar y auxiliar al Presidente en su gesti\u00f3n, adem\u00e1s de sustituir al mismo en el caso de ausencia de \u00e9ste, o enfermedad, con las mismas facultades.<\/li>\n\n\n\n<li>El Vicepresidente Segundo deber\u00e1 cooperar y auxiliar al Presidente y al Vicepresidente Primero en el desempe\u00f1o de sus funciones, asumiendo las distintas gestiones que le sean encomendadas directamente por ellos, o por los \u00f3rganos de ASEMER.<\/li>\n<\/ul>\n\n\n\n<h4 class=\"wp-block-heading\">Tesorero<\/h4>\n\n\n\n<ul class=\"has-black-color has-text-color wp-block-list\">\n<li>El Tesorero tiene a su cargo la custodia de la cuenta bancaria y dem\u00e1s fondos de ASEMER; siendo responsable tambi\u00e9n de la contabilidad, as\u00ed como de la elaboraci\u00f3n del presupuesto anual de ingresos y gastos, y de cualquier otro presupuesto de car\u00e1cter extraordinario.<\/li>\n\n\n\n<li>Adem\u00e1s de lo ya expresado, el Tesorero tiene a su cargo y custodia el Libro de Ingresos y Gastos, y el Libro de Registro de Inventarios, ambos establecidos por la legislaci\u00f3n vigente.<\/li>\n<\/ul>\n\n\n\n<h4 class=\"wp-block-heading\">Vocales<\/h4>\n\n\n\n<p class=\"has-black-color has-text-color\">Corresponde a los Vocales asistir a las sesiones de la Junta Directiva con voz y voto y con car\u00e1cter obligatorio salvo causa justificada.<\/p>\n","protected":false},"excerpt":{"rendered":"<p>Configuraci\u00f3n de la Junta Directiva Presidente El Presidente de la Junta Directiva, quien lo es tambi\u00e9n de ASEMER, ser\u00e1 elegido [&hellip;]<\/p>\n","protected":false},"author":3,"featured_media":0,"parent":5913,"menu_order":153,"comment_status":"closed","ping_status":"closed","template":"page-templates\/template_fullwidth.php","meta":{"footnotes":""},"class_list":["post-1657","page","type-page","status-publish","hentry"],"yoast_head":"<!-- This site is optimized with the Yoast SEO plugin v27.3 - https:\/\/yoast.com\/product\/yoast-seo-wordpress\/ -->\n<title>Presidente - ASEMER<\/title>\n<meta name=\"robots\" content=\"index, follow, max-snippet:-1, max-image-preview:large, max-video-preview:-1\" \/>\n<link rel=\"canonical\" href=\"https:\/\/www.asemer.ro\/index.php\/que-es-asemer\/organos-de-gobierno\/presidente\/\" \/>\n<meta property=\"og:locale\" content=\"es_ES\" \/>\n<meta property=\"og:type\" content=\"article\" \/>\n<meta property=\"og:title\" content=\"Presidente - ASEMER\" \/>\n<meta property=\"og:description\" content=\"Configuraci\u00f3n de la Junta Directiva Presidente El Presidente de la Junta Directiva, quien lo es tambi\u00e9n de ASEMER, ser\u00e1 elegido [&hellip;]\" \/>\n<meta property=\"og:url\" content=\"https:\/\/www.asemer.ro\/index.php\/que-es-asemer\/organos-de-gobierno\/presidente\/\" \/>\n<meta property=\"og:site_name\" content=\"ASEMER\" \/>\n<meta property=\"article:publisher\" content=\"https:\/\/www.facebook.com\/asociacionasemer\" \/>\n<meta property=\"article:modified_time\" content=\"2024-04-09T10:46:40+00:00\" \/>\n<meta name=\"twitter:card\" content=\"summary_large_image\" \/>\n<meta name=\"twitter:site\" content=\"@asemer_rumania\" \/>\n<meta name=\"twitter:label1\" content=\"Tiempo de lectura\" \/>\n\t<meta name=\"twitter:data1\" content=\"2 minutos\" \/>\n<script type=\"application\/ld+json\" class=\"yoast-schema-graph\">{\"@context\":\"https:\\\/\\\/schema.org\",\"@graph\":[{\"@type\":\"WebPage\",\"@id\":\"https:\\\/\\\/www.asemer.ro\\\/index.php\\\/que-es-asemer\\\/organos-de-gobierno\\\/presidente\\\/\",\"url\":\"https:\\\/\\\/www.asemer.ro\\\/index.php\\\/que-es-asemer\\\/organos-de-gobierno\\\/presidente\\\/\",\"name\":\"Presidente - ASEMER\",\"isPartOf\":{\"@id\":\"https:\\\/\\\/www.asemer.ro\\\/#website\"},\"datePublished\":\"2015-11-08T11:52:43+00:00\",\"dateModified\":\"2024-04-09T10:46:40+00:00\",\"breadcrumb\":{\"@id\":\"https:\\\/\\\/www.asemer.ro\\\/index.php\\\/que-es-asemer\\\/organos-de-gobierno\\\/presidente\\\/#breadcrumb\"},\"inLanguage\":\"es\",\"potentialAction\":[{\"@type\":\"ReadAction\",\"target\":[\"https:\\\/\\\/www.asemer.ro\\\/index.php\\\/que-es-asemer\\\/organos-de-gobierno\\\/presidente\\\/\"]}]},{\"@type\":\"BreadcrumbList\",\"@id\":\"https:\\\/\\\/www.asemer.ro\\\/index.php\\\/que-es-asemer\\\/organos-de-gobierno\\\/presidente\\\/#breadcrumb\",\"itemListElement\":[{\"@type\":\"ListItem\",\"position\":1,\"name\":\"Home\",\"item\":\"https:\\\/\\\/www.asemer.ro\\\/\"},{\"@type\":\"ListItem\",\"position\":2,\"name\":\"Que es ASEMER\",\"item\":\"https:\\\/\\\/www.asemer.ro\\\/index.php\\\/que-es-asemer\\\/\"},{\"@type\":\"ListItem\",\"position\":3,\"name\":\"Organos de Gobierno\",\"item\":\"https:\\\/\\\/www.asemer.ro\\\/index.php\\\/que-es-asemer\\\/organos-de-gobierno\\\/\"},{\"@type\":\"ListItem\",\"position\":4,\"name\":\"Presidente\"}]},{\"@type\":\"WebSite\",\"@id\":\"https:\\\/\\\/www.asemer.ro\\\/#website\",\"url\":\"https:\\\/\\\/www.asemer.ro\\\/\",\"name\":\"ASEMER\",\"description\":\"Asociaci\u00f3n de Empresas Espa\u00f1olas en Ruman\u00eda\",\"publisher\":{\"@id\":\"https:\\\/\\\/www.asemer.ro\\\/#organization\"},\"potentialAction\":[{\"@type\":\"SearchAction\",\"target\":{\"@type\":\"EntryPoint\",\"urlTemplate\":\"https:\\\/\\\/www.asemer.ro\\\/?s={search_term_string}\"},\"query-input\":{\"@type\":\"PropertyValueSpecification\",\"valueRequired\":true,\"valueName\":\"search_term_string\"}}],\"inLanguage\":\"es\"},{\"@type\":\"Organization\",\"@id\":\"https:\\\/\\\/www.asemer.ro\\\/#organization\",\"name\":\"ASEMER\",\"url\":\"https:\\\/\\\/www.asemer.ro\\\/\",\"logo\":{\"@type\":\"ImageObject\",\"inLanguage\":\"es\",\"@id\":\"https:\\\/\\\/www.asemer.ro\\\/#\\\/schema\\\/logo\\\/image\\\/\",\"url\":\"https:\\\/\\\/www.asemer.ro\\\/wp-content\\\/uploads\\\/2020\\\/12\\\/logo-ASEMER-scaled.jpg\",\"contentUrl\":\"https:\\\/\\\/www.asemer.ro\\\/wp-content\\\/uploads\\\/2020\\\/12\\\/logo-ASEMER-scaled.jpg\",\"width\":2560,\"height\":849,\"caption\":\"ASEMER\"},\"image\":{\"@id\":\"https:\\\/\\\/www.asemer.ro\\\/#\\\/schema\\\/logo\\\/image\\\/\"},\"sameAs\":[\"https:\\\/\\\/www.facebook.com\\\/asociacionasemer\",\"https:\\\/\\\/x.com\\\/asemer_rumania\",\"https:\\\/\\\/ro.linkedin.com\\\/in\\\/asemer-asociaci\u00f3n-empresas-espa\u00f1olas-en-ruman\u00eda-724772a6?trk=author_mini-profile_title\",\"https:\\\/\\\/www.youtube.com\\\/channel\\\/UC73m8-BDsg857OL0Ogv5aQA\\\/videos\"]}]}<\/script>\n<!-- \/ Yoast SEO plugin. -->","yoast_head_json":{"title":"Presidente - ASEMER","robots":{"index":"index","follow":"follow","max-snippet":"max-snippet:-1","max-image-preview":"max-image-preview:large","max-video-preview":"max-video-preview:-1"},"canonical":"https:\/\/www.asemer.ro\/index.php\/que-es-asemer\/organos-de-gobierno\/presidente\/","og_locale":"es_ES","og_type":"article","og_title":"Presidente - ASEMER","og_description":"Configuraci\u00f3n de la Junta Directiva Presidente El Presidente de la Junta Directiva, quien lo es tambi\u00e9n de ASEMER, ser\u00e1 elegido [&hellip;]","og_url":"https:\/\/www.asemer.ro\/index.php\/que-es-asemer\/organos-de-gobierno\/presidente\/","og_site_name":"ASEMER","article_publisher":"https:\/\/www.facebook.com\/asociacionasemer","article_modified_time":"2024-04-09T10:46:40+00:00","twitter_card":"summary_large_image","twitter_site":"@asemer_rumania","twitter_misc":{"Tiempo de lectura":"2 minutos"},"schema":{"@context":"https:\/\/schema.org","@graph":[{"@type":"WebPage","@id":"https:\/\/www.asemer.ro\/index.php\/que-es-asemer\/organos-de-gobierno\/presidente\/","url":"https:\/\/www.asemer.ro\/index.php\/que-es-asemer\/organos-de-gobierno\/presidente\/","name":"Presidente - ASEMER","isPartOf":{"@id":"https:\/\/www.asemer.ro\/#website"},"datePublished":"2015-11-08T11:52:43+00:00","dateModified":"2024-04-09T10:46:40+00:00","breadcrumb":{"@id":"https:\/\/www.asemer.ro\/index.php\/que-es-asemer\/organos-de-gobierno\/presidente\/#breadcrumb"},"inLanguage":"es","potentialAction":[{"@type":"ReadAction","target":["https:\/\/www.asemer.ro\/index.php\/que-es-asemer\/organos-de-gobierno\/presidente\/"]}]},{"@type":"BreadcrumbList","@id":"https:\/\/www.asemer.ro\/index.php\/que-es-asemer\/organos-de-gobierno\/presidente\/#breadcrumb","itemListElement":[{"@type":"ListItem","position":1,"name":"Home","item":"https:\/\/www.asemer.ro\/"},{"@type":"ListItem","position":2,"name":"Que es ASEMER","item":"https:\/\/www.asemer.ro\/index.php\/que-es-asemer\/"},{"@type":"ListItem","position":3,"name":"Organos de Gobierno","item":"https:\/\/www.asemer.ro\/index.php\/que-es-asemer\/organos-de-gobierno\/"},{"@type":"ListItem","position":4,"name":"Presidente"}]},{"@type":"WebSite","@id":"https:\/\/www.asemer.ro\/#website","url":"https:\/\/www.asemer.ro\/","name":"ASEMER","description":"Asociaci\u00f3n de Empresas Espa\u00f1olas en Ruman\u00eda","publisher":{"@id":"https:\/\/www.asemer.ro\/#organization"},"potentialAction":[{"@type":"SearchAction","target":{"@type":"EntryPoint","urlTemplate":"https:\/\/www.asemer.ro\/?s={search_term_string}"},"query-input":{"@type":"PropertyValueSpecification","valueRequired":true,"valueName":"search_term_string"}}],"inLanguage":"es"},{"@type":"Organization","@id":"https:\/\/www.asemer.ro\/#organization","name":"ASEMER","url":"https:\/\/www.asemer.ro\/","logo":{"@type":"ImageObject","inLanguage":"es","@id":"https:\/\/www.asemer.ro\/#\/schema\/logo\/image\/","url":"https:\/\/www.asemer.ro\/wp-content\/uploads\/2020\/12\/logo-ASEMER-scaled.jpg","contentUrl":"https:\/\/www.asemer.ro\/wp-content\/uploads\/2020\/12\/logo-ASEMER-scaled.jpg","width":2560,"height":849,"caption":"ASEMER"},"image":{"@id":"https:\/\/www.asemer.ro\/#\/schema\/logo\/image\/"},"sameAs":["https:\/\/www.facebook.com\/asociacionasemer","https:\/\/x.com\/asemer_rumania","https:\/\/ro.linkedin.com\/in\/asemer-asociaci\u00f3n-empresas-espa\u00f1olas-en-ruman\u00eda-724772a6?trk=author_mini-profile_title","https:\/\/www.youtube.com\/channel\/UC73m8-BDsg857OL0Ogv5aQA\/videos"]}]}},"_links":{"self":[{"href":"https:\/\/www.asemer.ro\/index.php\/wp-json\/wp\/v2\/pages\/1657","targetHints":{"allow":["GET"]}}],"collection":[{"href":"https:\/\/www.asemer.ro\/index.php\/wp-json\/wp\/v2\/pages"}],"about":[{"href":"https:\/\/www.asemer.ro\/index.php\/wp-json\/wp\/v2\/types\/page"}],"author":[{"embeddable":true,"href":"https:\/\/www.asemer.ro\/index.php\/wp-json\/wp\/v2\/users\/3"}],"replies":[{"embeddable":true,"href":"https:\/\/www.asemer.ro\/index.php\/wp-json\/wp\/v2\/comments?post=1657"}],"version-history":[{"count":5,"href":"https:\/\/www.asemer.ro\/index.php\/wp-json\/wp\/v2\/pages\/1657\/revisions"}],"predecessor-version":[{"id":9485,"href":"https:\/\/www.asemer.ro\/index.php\/wp-json\/wp\/v2\/pages\/1657\/revisions\/9485"}],"up":[{"embeddable":true,"href":"https:\/\/www.asemer.ro\/index.php\/wp-json\/wp\/v2\/pages\/5913"}],"wp:attachment":[{"href":"https:\/\/www.asemer.ro\/index.php\/wp-json\/wp\/v2\/media?parent=1657"}],"curies":[{"name":"wp","href":"https:\/\/api.w.org\/{rel}","templated":true}]}}