{"id":1662,"date":"2015-11-08T13:57:09","date_gmt":"2015-11-08T11:57:09","guid":{"rendered":"http:\/\/localhost\/?page_id=1662"},"modified":"2024-04-09T12:47:06","modified_gmt":"2024-04-09T10:47:06","slug":"censor-de-cuentas","status":"publish","type":"page","link":"https:\/\/www.asemer.ro\/index.php\/que-es-asemer\/organos-de-gobierno\/censor-de-cuentas\/","title":{"rendered":"Censor de cuentas"},"content":{"rendered":"<p style=\"text-align: justify;\"><span style=\"color: #000000;\">Cuando el n\u00famero de asociados sea mayor de 15, la Junta Directiva propondr\u00e1 a la Asamblea un censor de cuentas, que podr\u00e1 ser un miembro de la Asociaci\u00f3n que no pertenezca a la Junta Directiva o un tercero.<\/span><\/p>\n<p style=\"text-align: justify;\"><span style=\"color: #000000;\">En la primera Asamblea General que se celebre despu\u00e9s de que la Asociaci\u00f3n cuente con m\u00e1s de 100 asociados inscritos, el orden del d\u00eda de dicha Asamblea deber\u00e1 incluir obligatoriamente la aprobaci\u00f3n de una comisi\u00f3n de censores.<\/span><\/p>\n<p style=\"text-align: justify;\"><span style=\"color: #000000;\">La comisi\u00f3n de censores debe estar compuesta por tres miembros. Los miembros de la Junta Directiva no podr\u00e1n tener tambi\u00e9n el cargo de censor. Al menos uno de los censores debe ser un contable autorizado o experto contable.<\/span><br \/>\n<span style=\"color: #000000;\"> Las reglas generales de organizaci\u00f3n y funcionamiento de la comisi\u00f3n de censores ser\u00e1 aprobada por la Asamblea General. La comisi\u00f3n de censores puede elaborar un reglamento interno de funcionamiento.<\/span><br \/>\n<span style=\"color: #000000;\"> Dicha comisi\u00f3n de censores podr\u00e1 ser propuesta por la Junta Directiva o por cualquier miembro de la Asociaci\u00f3n con derecho a voto.<\/span><\/p>\n<p style=\"text-align: justify;\"><span style=\"color: #000000;\">Las propuestas para la comisi\u00f3n de censores realizadas por los miembros de la Asociaci\u00f3n deber\u00e1n ser enviadas a la Junta Directiva al menos con 5 d\u00edas h\u00e1biles previos a la celebraci\u00f3n de la Asamblea General. Las propuestas enviadas fuera de este plazo no ser\u00e1n tomadas en consideraci\u00f3n.<\/span><\/p>\n<p style=\"text-align: justify;\"><span style=\"color: #000000;\">Todas las propuestas deber\u00e1n contener el curr\u00edculo vitae de cada uno de los censores, as\u00ed como su propuesta financiera.<\/span><\/p>\n<p style=\"text-align: justify;\"><span style=\"color: #000000;\">Las competencias del censor o de la comisi\u00f3n de censores son:<\/span><\/p>\n<ul>\n<li style=\"text-align: justify;\"><span style=\"color: #000000;\">Verificar el modo en el cual es administrado el patrimonio de la Asociaci\u00f3n<\/span><\/li>\n<li style=\"text-align: justify;\"><span style=\"color: #000000;\">Elaborar informes y presentarlos a la Asamblea General<\/span><\/li>\n<li style=\"text-align: justify;\"><span style=\"color: #000000;\">Podr\u00e1 participar en las reuniones de la Junta Directiva sin derecho a voto<\/span><\/li>\n<li style=\"text-align: justify;\"><span style=\"color: #000000;\">Cumplir cualquier otra atribuci\u00f3n establecida por la Asamblea General<\/span><\/li>\n<\/ul>\n","protected":false},"excerpt":{"rendered":"<p>Cuando el n\u00famero de asociados sea mayor de 15, la Junta Directiva propondr\u00e1 a la Asamblea un censor de cuentas, [&hellip;]<\/p>\n","protected":false},"author":3,"featured_media":0,"parent":5913,"menu_order":154,"comment_status":"closed","ping_status":"closed","template":"page-templates\/template_fullwidth.php","meta":{"footnotes":""},"class_list":["post-1662","page","type-page","status-publish","hentry"],"yoast_head":"<!-- This site is optimized with the Yoast SEO plugin v27.5 - https:\/\/yoast.com\/product\/yoast-seo-wordpress\/ -->\n<title>Censor de cuentas - ASEMER<\/title>\n<meta name=\"robots\" content=\"index, follow, max-snippet:-1, max-image-preview:large, max-video-preview:-1\" \/>\n<link rel=\"canonical\" href=\"https:\/\/www.asemer.ro\/index.php\/que-es-asemer\/organos-de-gobierno\/censor-de-cuentas\/\" \/>\n<meta property=\"og:locale\" content=\"es_ES\" \/>\n<meta property=\"og:type\" content=\"article\" \/>\n<meta property=\"og:title\" content=\"Censor de cuentas - ASEMER\" \/>\n<meta property=\"og:description\" content=\"Cuando el n\u00famero de asociados sea mayor de 15, la Junta Directiva propondr\u00e1 a la Asamblea un censor de cuentas, [&hellip;]\" \/>\n<meta property=\"og:url\" content=\"https:\/\/www.asemer.ro\/index.php\/que-es-asemer\/organos-de-gobierno\/censor-de-cuentas\/\" \/>\n<meta property=\"og:site_name\" content=\"ASEMER\" \/>\n<meta property=\"article:publisher\" content=\"https:\/\/www.facebook.com\/asociacionasemer\" \/>\n<meta property=\"article:modified_time\" content=\"2024-04-09T10:47:06+00:00\" \/>\n<meta name=\"twitter:card\" content=\"summary_large_image\" \/>\n<meta name=\"twitter:site\" content=\"@asemer_rumania\" \/>\n<meta name=\"twitter:label1\" content=\"Tiempo de lectura\" \/>\n\t<meta name=\"twitter:data1\" content=\"2 minutos\" \/>\n<script type=\"application\/ld+json\" class=\"yoast-schema-graph\">{\"@context\":\"https:\\\/\\\/schema.org\",\"@graph\":[{\"@type\":\"WebPage\",\"@id\":\"https:\\\/\\\/www.asemer.ro\\\/index.php\\\/que-es-asemer\\\/organos-de-gobierno\\\/censor-de-cuentas\\\/\",\"url\":\"https:\\\/\\\/www.asemer.ro\\\/index.php\\\/que-es-asemer\\\/organos-de-gobierno\\\/censor-de-cuentas\\\/\",\"name\":\"Censor de cuentas - ASEMER\",\"isPartOf\":{\"@id\":\"https:\\\/\\\/www.asemer.ro\\\/#website\"},\"datePublished\":\"2015-11-08T11:57:09+00:00\",\"dateModified\":\"2024-04-09T10:47:06+00:00\",\"breadcrumb\":{\"@id\":\"https:\\\/\\\/www.asemer.ro\\\/index.php\\\/que-es-asemer\\\/organos-de-gobierno\\\/censor-de-cuentas\\\/#breadcrumb\"},\"inLanguage\":\"es\",\"potentialAction\":[{\"@type\":\"ReadAction\",\"target\":[\"https:\\\/\\\/www.asemer.ro\\\/index.php\\\/que-es-asemer\\\/organos-de-gobierno\\\/censor-de-cuentas\\\/\"]}]},{\"@type\":\"BreadcrumbList\",\"@id\":\"https:\\\/\\\/www.asemer.ro\\\/index.php\\\/que-es-asemer\\\/organos-de-gobierno\\\/censor-de-cuentas\\\/#breadcrumb\",\"itemListElement\":[{\"@type\":\"ListItem\",\"position\":1,\"name\":\"Home\",\"item\":\"https:\\\/\\\/www.asemer.ro\\\/\"},{\"@type\":\"ListItem\",\"position\":2,\"name\":\"Que es ASEMER\",\"item\":\"https:\\\/\\\/www.asemer.ro\\\/index.php\\\/que-es-asemer\\\/\"},{\"@type\":\"ListItem\",\"position\":3,\"name\":\"Organos de Gobierno\",\"item\":\"https:\\\/\\\/www.asemer.ro\\\/index.php\\\/que-es-asemer\\\/organos-de-gobierno\\\/\"},{\"@type\":\"ListItem\",\"position\":4,\"name\":\"Censor de cuentas\"}]},{\"@type\":\"WebSite\",\"@id\":\"https:\\\/\\\/www.asemer.ro\\\/#website\",\"url\":\"https:\\\/\\\/www.asemer.ro\\\/\",\"name\":\"ASEMER\",\"description\":\"Asociaci\u00f3n de Empresas Espa\u00f1olas en Ruman\u00eda\",\"publisher\":{\"@id\":\"https:\\\/\\\/www.asemer.ro\\\/#organization\"},\"potentialAction\":[{\"@type\":\"SearchAction\",\"target\":{\"@type\":\"EntryPoint\",\"urlTemplate\":\"https:\\\/\\\/www.asemer.ro\\\/?s={search_term_string}\"},\"query-input\":{\"@type\":\"PropertyValueSpecification\",\"valueRequired\":true,\"valueName\":\"search_term_string\"}}],\"inLanguage\":\"es\"},{\"@type\":\"Organization\",\"@id\":\"https:\\\/\\\/www.asemer.ro\\\/#organization\",\"name\":\"ASEMER\",\"url\":\"https:\\\/\\\/www.asemer.ro\\\/\",\"logo\":{\"@type\":\"ImageObject\",\"inLanguage\":\"es\",\"@id\":\"https:\\\/\\\/www.asemer.ro\\\/#\\\/schema\\\/logo\\\/image\\\/\",\"url\":\"https:\\\/\\\/www.asemer.ro\\\/wp-content\\\/uploads\\\/2020\\\/12\\\/logo-ASEMER-scaled.jpg\",\"contentUrl\":\"https:\\\/\\\/www.asemer.ro\\\/wp-content\\\/uploads\\\/2020\\\/12\\\/logo-ASEMER-scaled.jpg\",\"width\":2560,\"height\":849,\"caption\":\"ASEMER\"},\"image\":{\"@id\":\"https:\\\/\\\/www.asemer.ro\\\/#\\\/schema\\\/logo\\\/image\\\/\"},\"sameAs\":[\"https:\\\/\\\/www.facebook.com\\\/asociacionasemer\",\"https:\\\/\\\/x.com\\\/asemer_rumania\",\"https:\\\/\\\/ro.linkedin.com\\\/in\\\/asemer-asociaci\u00f3n-empresas-espa\u00f1olas-en-ruman\u00eda-724772a6?trk=author_mini-profile_title\",\"https:\\\/\\\/www.youtube.com\\\/channel\\\/UC73m8-BDsg857OL0Ogv5aQA\\\/videos\"]}]}<\/script>\n<!-- \/ Yoast SEO plugin. -->","yoast_head_json":{"title":"Censor de cuentas - ASEMER","robots":{"index":"index","follow":"follow","max-snippet":"max-snippet:-1","max-image-preview":"max-image-preview:large","max-video-preview":"max-video-preview:-1"},"canonical":"https:\/\/www.asemer.ro\/index.php\/que-es-asemer\/organos-de-gobierno\/censor-de-cuentas\/","og_locale":"es_ES","og_type":"article","og_title":"Censor de cuentas - ASEMER","og_description":"Cuando el n\u00famero de asociados sea mayor de 15, la Junta Directiva propondr\u00e1 a la Asamblea un censor de cuentas, [&hellip;]","og_url":"https:\/\/www.asemer.ro\/index.php\/que-es-asemer\/organos-de-gobierno\/censor-de-cuentas\/","og_site_name":"ASEMER","article_publisher":"https:\/\/www.facebook.com\/asociacionasemer","article_modified_time":"2024-04-09T10:47:06+00:00","twitter_card":"summary_large_image","twitter_site":"@asemer_rumania","twitter_misc":{"Tiempo de lectura":"2 minutos"},"schema":{"@context":"https:\/\/schema.org","@graph":[{"@type":"WebPage","@id":"https:\/\/www.asemer.ro\/index.php\/que-es-asemer\/organos-de-gobierno\/censor-de-cuentas\/","url":"https:\/\/www.asemer.ro\/index.php\/que-es-asemer\/organos-de-gobierno\/censor-de-cuentas\/","name":"Censor de cuentas - ASEMER","isPartOf":{"@id":"https:\/\/www.asemer.ro\/#website"},"datePublished":"2015-11-08T11:57:09+00:00","dateModified":"2024-04-09T10:47:06+00:00","breadcrumb":{"@id":"https:\/\/www.asemer.ro\/index.php\/que-es-asemer\/organos-de-gobierno\/censor-de-cuentas\/#breadcrumb"},"inLanguage":"es","potentialAction":[{"@type":"ReadAction","target":["https:\/\/www.asemer.ro\/index.php\/que-es-asemer\/organos-de-gobierno\/censor-de-cuentas\/"]}]},{"@type":"BreadcrumbList","@id":"https:\/\/www.asemer.ro\/index.php\/que-es-asemer\/organos-de-gobierno\/censor-de-cuentas\/#breadcrumb","itemListElement":[{"@type":"ListItem","position":1,"name":"Home","item":"https:\/\/www.asemer.ro\/"},{"@type":"ListItem","position":2,"name":"Que es ASEMER","item":"https:\/\/www.asemer.ro\/index.php\/que-es-asemer\/"},{"@type":"ListItem","position":3,"name":"Organos de Gobierno","item":"https:\/\/www.asemer.ro\/index.php\/que-es-asemer\/organos-de-gobierno\/"},{"@type":"ListItem","position":4,"name":"Censor de cuentas"}]},{"@type":"WebSite","@id":"https:\/\/www.asemer.ro\/#website","url":"https:\/\/www.asemer.ro\/","name":"ASEMER","description":"Asociaci\u00f3n de Empresas Espa\u00f1olas en Ruman\u00eda","publisher":{"@id":"https:\/\/www.asemer.ro\/#organization"},"potentialAction":[{"@type":"SearchAction","target":{"@type":"EntryPoint","urlTemplate":"https:\/\/www.asemer.ro\/?s={search_term_string}"},"query-input":{"@type":"PropertyValueSpecification","valueRequired":true,"valueName":"search_term_string"}}],"inLanguage":"es"},{"@type":"Organization","@id":"https:\/\/www.asemer.ro\/#organization","name":"ASEMER","url":"https:\/\/www.asemer.ro\/","logo":{"@type":"ImageObject","inLanguage":"es","@id":"https:\/\/www.asemer.ro\/#\/schema\/logo\/image\/","url":"https:\/\/www.asemer.ro\/wp-content\/uploads\/2020\/12\/logo-ASEMER-scaled.jpg","contentUrl":"https:\/\/www.asemer.ro\/wp-content\/uploads\/2020\/12\/logo-ASEMER-scaled.jpg","width":2560,"height":849,"caption":"ASEMER"},"image":{"@id":"https:\/\/www.asemer.ro\/#\/schema\/logo\/image\/"},"sameAs":["https:\/\/www.facebook.com\/asociacionasemer","https:\/\/x.com\/asemer_rumania","https:\/\/ro.linkedin.com\/in\/asemer-asociaci\u00f3n-empresas-espa\u00f1olas-en-ruman\u00eda-724772a6?trk=author_mini-profile_title","https:\/\/www.youtube.com\/channel\/UC73m8-BDsg857OL0Ogv5aQA\/videos"]}]}},"_links":{"self":[{"href":"https:\/\/www.asemer.ro\/index.php\/wp-json\/wp\/v2\/pages\/1662","targetHints":{"allow":["GET"]}}],"collection":[{"href":"https:\/\/www.asemer.ro\/index.php\/wp-json\/wp\/v2\/pages"}],"about":[{"href":"https:\/\/www.asemer.ro\/index.php\/wp-json\/wp\/v2\/types\/page"}],"author":[{"embeddable":true,"href":"https:\/\/www.asemer.ro\/index.php\/wp-json\/wp\/v2\/users\/3"}],"replies":[{"embeddable":true,"href":"https:\/\/www.asemer.ro\/index.php\/wp-json\/wp\/v2\/comments?post=1662"}],"version-history":[{"count":1,"href":"https:\/\/www.asemer.ro\/index.php\/wp-json\/wp\/v2\/pages\/1662\/revisions"}],"predecessor-version":[{"id":5055,"href":"https:\/\/www.asemer.ro\/index.php\/wp-json\/wp\/v2\/pages\/1662\/revisions\/5055"}],"up":[{"embeddable":true,"href":"https:\/\/www.asemer.ro\/index.php\/wp-json\/wp\/v2\/pages\/5913"}],"wp:attachment":[{"href":"https:\/\/www.asemer.ro\/index.php\/wp-json\/wp\/v2\/media?parent=1662"}],"curies":[{"name":"wp","href":"https:\/\/api.w.org\/{rel}","templated":true}]}}