{"id":1668,"date":"2015-11-08T14:02:24","date_gmt":"2015-11-08T12:02:24","guid":{"rendered":"http:\/\/localhost\/?page_id=1668"},"modified":"2021-04-13T08:58:38","modified_gmt":"2021-04-13T06:58:38","slug":"actividades","status":"publish","type":"page","link":"https:\/\/www.asemer.ro\/index.php\/que-es-asemer\/actividades\/","title":{"rendered":"Tipos de actividades"},"content":{"rendered":"\n<h4 class=\"wp-block-heading\"><span style=\"color: #000000;\">Las actividades previstas en los estatutos de ASEMER son muy amplias y ambiciosas.<\/span><\/h4>\n\n\n\n<p class=\"has-black-color has-text-color\"><span style=\"color: #000000;\">El desarrollo y cumplimiento de las mismas estar\u00e1n vinculados a la capacidad econ\u00f3mica y a los recursos de la Asociaci\u00f3n, as\u00ed como a la involucraci\u00f3n y participaci\u00f3n de sus miembros y su Junta Directiva.<\/span><\/p>\n\n\n\n<p class=\"has-black-color has-text-color\"><strong>Actividades de Networking<\/strong><\/p>\n\n\n\n<p class=\"has-black-color has-text-color\">La traducci\u00f3n literal de Networking ser\u00eda \u201ctrabajar tu red de contactos\u201d  acudiendo a actividades y eventos que incrementen  tu red de contactos profesionales y abran oportunidades de negocio o generando notoriedad,  para que tus contactos te recomienden a otras personas. <span style=\"color: #000000;\">En definitiva, la base principal del Networking es construir relaciones con personas de tu entorno profesional que quieran hacer negocios contigo o con las que puedas hacerlo en un futuro de una forma u otra.<\/span><\/p>\n\n\n\n<p class=\"has-black-color has-text-color\"><span style=\"color: #000000;\">Los asociados estar\u00e1n informados de los networkings que se van a celebrar a trav\u00e9s de las redes sociales, boletines y de correos electr\u00f3nicos.<\/span><\/p>\n\n\n\n<p class=\"has-black-color has-text-color\"><strong>Mesas Redondas<\/strong><\/p>\n\n\n\n<p class=\"has-black-color has-text-color\"><span style=\"color: #000000;\">ASEMER invitar\u00e1 a cada mesa redonda a expertos espa\u00f1oles tanto del \u00e1mbito privado como del p\u00fablico y a representantes de las instituciones rumanas. Los asociados estar\u00e1n informados de las Mesas Redondas que se van a celebrar a trav\u00e9s de las redes sociales, boletines y de correos electr\u00f3nicos.<\/span><\/p>\n\n\n\n<p class=\"has-black-color has-text-color\"><strong>Desayunos de trabajo<\/strong><\/p>\n\n\n\n<p class=\"has-black-color has-text-color\"><span style=\"color: #000000;\">ASEMER invitar\u00e1 a los desayunos de trabajo a representantes importantes de las instituciones rumanas y a expertos espa\u00f1oles tanto del \u00e1mbito privado como del p\u00fablico.<\/span> Los asociados estar\u00e1n informados de los desayunos de trabajo que se van a celebrar a trav\u00e9s de las redes sociales, boletines y de correos electr\u00f3nicos.<\/p>\n\n\n\n<p class=\"has-black-color has-text-color\"><strong>Conferencias y coloquios<\/strong><\/p>\n\n\n\n<p class=\"has-black-color has-text-color\"><span style=\"color: #000000;\">ASEMER organizar\u00e1 conferencias y coloquios a los que invitar\u00e1 personalidades rumanas y \/ o espa\u00f1olas del \u00e1mbito privado o p\u00fablico, que pueden dar una visi\u00f3n realista sobre temas econ\u00f3micos de actualidad en Ruman\u00eda, sobre todo de los \u00e1mbitos de actividad de las empresas espa\u00f1olas del pa\u00eds.<\/span><\/p>\n\n\n\n<p class=\"has-black-color has-text-color\">Los asociados estar\u00e1n informados de las conferencias y los coloquios que se van a celebrar a trav\u00e9s de sociales, boletines y de correos electr\u00f3nicos.<\/p>\n\n\n\n<p class=\"has-black-color has-text-color\"><strong>Otras actividades<\/strong><\/p>\n\n\n\n<p class=\"has-black-color has-text-color\">Lo socios  podr\u00e1n  proponer actividades a la Junta Directiva para tomarlas en consideraci\u00f3n en funci\u00f3n de los recursos de la Asociaci\u00f3n.<\/p>\n","protected":false},"excerpt":{"rendered":"<p>Las actividades previstas en los estatutos de ASEMER son muy amplias y ambiciosas. El desarrollo y cumplimiento de las mismas [&hellip;]<\/p>\n","protected":false},"author":3,"featured_media":0,"parent":5910,"menu_order":140,"comment_status":"closed","ping_status":"closed","template":"page-templates\/template_fullwidth.php","meta":{"footnotes":""},"class_list":["post-1668","page","type-page","status-publish","hentry"],"yoast_head":"<!-- This site is optimized with the Yoast SEO plugin v27.5 - https:\/\/yoast.com\/product\/yoast-seo-wordpress\/ -->\n<title>Tipos de actividades - ASEMER<\/title>\n<meta name=\"robots\" content=\"index, follow, max-snippet:-1, max-image-preview:large, max-video-preview:-1\" \/>\n<link rel=\"canonical\" href=\"https:\/\/www.asemer.ro\/index.php\/que-es-asemer\/actividades\/\" \/>\n<meta property=\"og:locale\" content=\"es_ES\" \/>\n<meta property=\"og:type\" content=\"article\" \/>\n<meta property=\"og:title\" content=\"Tipos de actividades - ASEMER\" \/>\n<meta property=\"og:description\" content=\"Las actividades previstas en los estatutos de ASEMER son muy amplias y ambiciosas. El desarrollo y cumplimiento de las mismas [&hellip;]\" \/>\n<meta property=\"og:url\" content=\"https:\/\/www.asemer.ro\/index.php\/que-es-asemer\/actividades\/\" \/>\n<meta property=\"og:site_name\" content=\"ASEMER\" \/>\n<meta property=\"article:publisher\" content=\"https:\/\/www.facebook.com\/asociacionasemer\" \/>\n<meta property=\"article:modified_time\" content=\"2021-04-13T06:58:38+00:00\" \/>\n<meta name=\"twitter:card\" content=\"summary_large_image\" \/>\n<meta name=\"twitter:site\" content=\"@asemer_rumania\" \/>\n<meta name=\"twitter:label1\" content=\"Tiempo de lectura\" \/>\n\t<meta name=\"twitter:data1\" content=\"2 minutos\" \/>\n<script type=\"application\/ld+json\" class=\"yoast-schema-graph\">{\"@context\":\"https:\\\/\\\/schema.org\",\"@graph\":[{\"@type\":\"WebPage\",\"@id\":\"https:\\\/\\\/www.asemer.ro\\\/index.php\\\/que-es-asemer\\\/actividades\\\/\",\"url\":\"https:\\\/\\\/www.asemer.ro\\\/index.php\\\/que-es-asemer\\\/actividades\\\/\",\"name\":\"Tipos de actividades - ASEMER\",\"isPartOf\":{\"@id\":\"https:\\\/\\\/www.asemer.ro\\\/#website\"},\"datePublished\":\"2015-11-08T12:02:24+00:00\",\"dateModified\":\"2021-04-13T06:58:38+00:00\",\"breadcrumb\":{\"@id\":\"https:\\\/\\\/www.asemer.ro\\\/index.php\\\/que-es-asemer\\\/actividades\\\/#breadcrumb\"},\"inLanguage\":\"es\",\"potentialAction\":[{\"@type\":\"ReadAction\",\"target\":[\"https:\\\/\\\/www.asemer.ro\\\/index.php\\\/que-es-asemer\\\/actividades\\\/\"]}]},{\"@type\":\"BreadcrumbList\",\"@id\":\"https:\\\/\\\/www.asemer.ro\\\/index.php\\\/que-es-asemer\\\/actividades\\\/#breadcrumb\",\"itemListElement\":[{\"@type\":\"ListItem\",\"position\":1,\"name\":\"Home\",\"item\":\"https:\\\/\\\/www.asemer.ro\\\/\"},{\"@type\":\"ListItem\",\"position\":2,\"name\":\"Que es ASEMER\",\"item\":\"https:\\\/\\\/www.asemer.ro\\\/index.php\\\/que-es-asemer\\\/\"},{\"@type\":\"ListItem\",\"position\":3,\"name\":\"Tipos de actividades\"}]},{\"@type\":\"WebSite\",\"@id\":\"https:\\\/\\\/www.asemer.ro\\\/#website\",\"url\":\"https:\\\/\\\/www.asemer.ro\\\/\",\"name\":\"ASEMER\",\"description\":\"Asociaci\u00f3n de Empresas Espa\u00f1olas en Ruman\u00eda\",\"publisher\":{\"@id\":\"https:\\\/\\\/www.asemer.ro\\\/#organization\"},\"potentialAction\":[{\"@type\":\"SearchAction\",\"target\":{\"@type\":\"EntryPoint\",\"urlTemplate\":\"https:\\\/\\\/www.asemer.ro\\\/?s={search_term_string}\"},\"query-input\":{\"@type\":\"PropertyValueSpecification\",\"valueRequired\":true,\"valueName\":\"search_term_string\"}}],\"inLanguage\":\"es\"},{\"@type\":\"Organization\",\"@id\":\"https:\\\/\\\/www.asemer.ro\\\/#organization\",\"name\":\"ASEMER\",\"url\":\"https:\\\/\\\/www.asemer.ro\\\/\",\"logo\":{\"@type\":\"ImageObject\",\"inLanguage\":\"es\",\"@id\":\"https:\\\/\\\/www.asemer.ro\\\/#\\\/schema\\\/logo\\\/image\\\/\",\"url\":\"https:\\\/\\\/www.asemer.ro\\\/wp-content\\\/uploads\\\/2020\\\/12\\\/logo-ASEMER-scaled.jpg\",\"contentUrl\":\"https:\\\/\\\/www.asemer.ro\\\/wp-content\\\/uploads\\\/2020\\\/12\\\/logo-ASEMER-scaled.jpg\",\"width\":2560,\"height\":849,\"caption\":\"ASEMER\"},\"image\":{\"@id\":\"https:\\\/\\\/www.asemer.ro\\\/#\\\/schema\\\/logo\\\/image\\\/\"},\"sameAs\":[\"https:\\\/\\\/www.facebook.com\\\/asociacionasemer\",\"https:\\\/\\\/x.com\\\/asemer_rumania\",\"https:\\\/\\\/ro.linkedin.com\\\/in\\\/asemer-asociaci\u00f3n-empresas-espa\u00f1olas-en-ruman\u00eda-724772a6?trk=author_mini-profile_title\",\"https:\\\/\\\/www.youtube.com\\\/channel\\\/UC73m8-BDsg857OL0Ogv5aQA\\\/videos\"]}]}<\/script>\n<!-- \/ Yoast SEO plugin. -->","yoast_head_json":{"title":"Tipos de actividades - ASEMER","robots":{"index":"index","follow":"follow","max-snippet":"max-snippet:-1","max-image-preview":"max-image-preview:large","max-video-preview":"max-video-preview:-1"},"canonical":"https:\/\/www.asemer.ro\/index.php\/que-es-asemer\/actividades\/","og_locale":"es_ES","og_type":"article","og_title":"Tipos de actividades - ASEMER","og_description":"Las actividades previstas en los estatutos de ASEMER son muy amplias y ambiciosas. El desarrollo y cumplimiento de las mismas [&hellip;]","og_url":"https:\/\/www.asemer.ro\/index.php\/que-es-asemer\/actividades\/","og_site_name":"ASEMER","article_publisher":"https:\/\/www.facebook.com\/asociacionasemer","article_modified_time":"2021-04-13T06:58:38+00:00","twitter_card":"summary_large_image","twitter_site":"@asemer_rumania","twitter_misc":{"Tiempo de lectura":"2 minutos"},"schema":{"@context":"https:\/\/schema.org","@graph":[{"@type":"WebPage","@id":"https:\/\/www.asemer.ro\/index.php\/que-es-asemer\/actividades\/","url":"https:\/\/www.asemer.ro\/index.php\/que-es-asemer\/actividades\/","name":"Tipos de actividades - ASEMER","isPartOf":{"@id":"https:\/\/www.asemer.ro\/#website"},"datePublished":"2015-11-08T12:02:24+00:00","dateModified":"2021-04-13T06:58:38+00:00","breadcrumb":{"@id":"https:\/\/www.asemer.ro\/index.php\/que-es-asemer\/actividades\/#breadcrumb"},"inLanguage":"es","potentialAction":[{"@type":"ReadAction","target":["https:\/\/www.asemer.ro\/index.php\/que-es-asemer\/actividades\/"]}]},{"@type":"BreadcrumbList","@id":"https:\/\/www.asemer.ro\/index.php\/que-es-asemer\/actividades\/#breadcrumb","itemListElement":[{"@type":"ListItem","position":1,"name":"Home","item":"https:\/\/www.asemer.ro\/"},{"@type":"ListItem","position":2,"name":"Que es ASEMER","item":"https:\/\/www.asemer.ro\/index.php\/que-es-asemer\/"},{"@type":"ListItem","position":3,"name":"Tipos de actividades"}]},{"@type":"WebSite","@id":"https:\/\/www.asemer.ro\/#website","url":"https:\/\/www.asemer.ro\/","name":"ASEMER","description":"Asociaci\u00f3n de Empresas Espa\u00f1olas en Ruman\u00eda","publisher":{"@id":"https:\/\/www.asemer.ro\/#organization"},"potentialAction":[{"@type":"SearchAction","target":{"@type":"EntryPoint","urlTemplate":"https:\/\/www.asemer.ro\/?s={search_term_string}"},"query-input":{"@type":"PropertyValueSpecification","valueRequired":true,"valueName":"search_term_string"}}],"inLanguage":"es"},{"@type":"Organization","@id":"https:\/\/www.asemer.ro\/#organization","name":"ASEMER","url":"https:\/\/www.asemer.ro\/","logo":{"@type":"ImageObject","inLanguage":"es","@id":"https:\/\/www.asemer.ro\/#\/schema\/logo\/image\/","url":"https:\/\/www.asemer.ro\/wp-content\/uploads\/2020\/12\/logo-ASEMER-scaled.jpg","contentUrl":"https:\/\/www.asemer.ro\/wp-content\/uploads\/2020\/12\/logo-ASEMER-scaled.jpg","width":2560,"height":849,"caption":"ASEMER"},"image":{"@id":"https:\/\/www.asemer.ro\/#\/schema\/logo\/image\/"},"sameAs":["https:\/\/www.facebook.com\/asociacionasemer","https:\/\/x.com\/asemer_rumania","https:\/\/ro.linkedin.com\/in\/asemer-asociaci\u00f3n-empresas-espa\u00f1olas-en-ruman\u00eda-724772a6?trk=author_mini-profile_title","https:\/\/www.youtube.com\/channel\/UC73m8-BDsg857OL0Ogv5aQA\/videos"]}]}},"_links":{"self":[{"href":"https:\/\/www.asemer.ro\/index.php\/wp-json\/wp\/v2\/pages\/1668","targetHints":{"allow":["GET"]}}],"collection":[{"href":"https:\/\/www.asemer.ro\/index.php\/wp-json\/wp\/v2\/pages"}],"about":[{"href":"https:\/\/www.asemer.ro\/index.php\/wp-json\/wp\/v2\/types\/page"}],"author":[{"embeddable":true,"href":"https:\/\/www.asemer.ro\/index.php\/wp-json\/wp\/v2\/users\/3"}],"replies":[{"embeddable":true,"href":"https:\/\/www.asemer.ro\/index.php\/wp-json\/wp\/v2\/comments?post=1668"}],"version-history":[{"count":4,"href":"https:\/\/www.asemer.ro\/index.php\/wp-json\/wp\/v2\/pages\/1668\/revisions"}],"predecessor-version":[{"id":5243,"href":"https:\/\/www.asemer.ro\/index.php\/wp-json\/wp\/v2\/pages\/1668\/revisions\/5243"}],"up":[{"embeddable":true,"href":"https:\/\/www.asemer.ro\/index.php\/wp-json\/wp\/v2\/pages\/5910"}],"wp:attachment":[{"href":"https:\/\/www.asemer.ro\/index.php\/wp-json\/wp\/v2\/media?parent=1668"}],"curies":[{"name":"wp","href":"https:\/\/api.w.org\/{rel}","templated":true}]}}