{"id":1754,"date":"2015-11-08T16:10:04","date_gmt":"2015-11-08T14:10:04","guid":{"rendered":"http:\/\/localhost\/?page_id=1754"},"modified":"2021-04-13T09:01:58","modified_gmt":"2021-04-13T07:01:58","slug":"tipos-de-socios","status":"publish","type":"page","link":"https:\/\/www.asemer.ro\/index.php\/miembros\/tipos-de-socios\/","title":{"rendered":"Tipos de socios"},"content":{"rendered":"\n<p class=\"has-black-color has-text-color\">Podr\u00e1n ser socios de ASEMER las personas, f\u00edsicas y jur\u00eddicas, cualquiera que sea su nacionalidad, interesadas en las relaciones comerciales entre Espa\u00f1a y el \u00e1mbito territorial de la Asociaci\u00f3n.<\/p>\n\n\n\n<p class=\"has-black-color has-text-color\"><strong>Los socios podr\u00e1n ser individuales o corporativos<\/strong>.<\/p>\n\n\n\n<ol class=\"has-black-color has-text-color wp-block-list\"><li>Es socio individual el afiliado cuya titularidad responde a una persona f\u00edsica.<\/li><li>Es socio corporativo el afiliado cuya titularidad responde a una persona jur\u00eddica.<\/li><\/ol>\n\n\n\n<p class=\"has-black-color has-text-color\"><strong>Para ser socio titular de ASEMER ser\u00e1n requisitos indispensables:<\/strong><\/p>\n\n\n\n<ol class=\"has-black-color has-text-color wp-block-list\"><li>Hallarse en pleno uso de sus derechos civiles, cuando se trate de personas f\u00edsicas.<\/li><li>Haber adquirido la personalidad jur\u00eddica, cuando se trate de personas jur\u00eddicas.<\/li><li>No haber incurrido en actos que, a juicio de la Asamblea General o de la Junta Directiva, afecten al decoro o integridad de ASEMER o que vayan contra los fines para los que ha sido creada.<\/li><li>No haber sido declaradas en quiebra, entendiendo como tal liquidaci\u00f3n (en rumano faliment) o, en caso contrario, estar rehabilitadas.<\/li><li>Aceptar los Estatutos de ASEMER.<\/li><li>Pagar la cuota correspondiente.<\/li><\/ol>\n\n\n\n<p class=\"has-black-color has-text-color\">Toda persona, f\u00edsica o jur\u00eddica, que re\u00fana las condiciones arriba indicadas y que desee ser socio de ASEMER, deber\u00e1 solicitar su admisi\u00f3n, rellenando el bolet\u00edn de inscripci\u00f3n, y abonar la cuota por el a\u00f1o en curso. La solicitud de admisi\u00f3n como socio se someter\u00e1 a la aprobaci\u00f3n de la Junta Directiva, que resolver\u00e1 la solicitud dentro de un plazo m\u00e1ximo de 30 d\u00edas. La admisi\u00f3n ser\u00e1 notificada al nuevo socio por correo ordinario, fax o correo electr\u00f3nico. En el caso de que el candidato no re\u00fana, a juicio de la Junta Directiva, los requisitos previstos por estos Estatutos para ser socio de ASEMER, su solicitud ser\u00e1 denegada.<\/p>\n\n\n\n<p class=\"has-black-color has-text-color\">La cuota a pagar ser\u00e1 fijada anualmente en la manera que designe la Junta Directiva.<\/p>\n\n\n\n<h3 class=\"wp-block-heading\"><a name=\"_Toc484604148\"><\/a>Categor\u00edas de socios<\/h3>\n\n\n\n<p class=\"has-black-color has-text-color\">Los socios se pueden clasificar en las siguientes categor\u00edas:<\/p>\n\n\n\n<ul class=\"has-black-color has-text-color wp-block-list\"><li>El socio titular es aquel que cumple con los requisitos exigidos en el art\u00edculo 5.<\/li><li>El socio patrocinador es aquella persona f\u00edsica o jur\u00eddica que apoya las actividades de ASEMER mediante una participaci\u00f3n financiera especial, conforme a la clasificaci\u00f3n establecida por la Junta Directiva que como m\u00ednimo ser\u00e1 igual o superior a dos veces el importe establecido para la cuota de socio titular. Se entender\u00e1 que el socio patrocinador satisface en la cantidad que abone la cuota correspondiente.<\/li><li>El socio de honor es aquella persona f\u00edsica o jur\u00eddica que, habi\u00e9ndose distinguido por los servicios prestados a ASEMER o por su especial contribuci\u00f3n, ha sido merecedor de tal distinci\u00f3n, por decisi\u00f3n de la Junta Directiva. El socio de honor queda eximido del pago de la cuota y no es necesaria su previa asociaci\u00f3n a ASEMER.<\/li><\/ul>\n\n\n\n<p class=\"has-black-color has-text-color\">La Junta Directiva llevar\u00e1 un registro de socios. Todas las decisiones de admisi\u00f3n, dimisi\u00f3n o exclusi\u00f3n de los socios ser\u00e1n inscritas en dicho registro tras la puesta en conocimiento de tales decisiones. Las cotizaciones de las diferentes categor\u00edas de socios son establecidas por la Junta Directiva y ratificadas por la Asamblea General.<\/p>\n\n\n\n<h3 class=\"wp-block-heading\"><a name=\"_Toc484604147\"><\/a>La p\u00e9rdida de la condici\u00f3n de socio<\/h3>\n\n\n\n<ul class=\"has-black-color has-text-color wp-block-list\"><li>Se pierde la condici\u00f3n de socio por baja voluntaria o por exclusi\u00f3n.<\/li><li>Toda persona que desee renunciar a su condici\u00f3n de socio de ASEMER, dirigir\u00e1 su petici\u00f3n por cualquier medio que permita la identificaci\u00f3n de las partes. La baja voluntaria no dar\u00e1 derecho a la devoluci\u00f3n de la cuota (ni total ni parcial). En el caso de las personas jur\u00eddicas, la baja como socio corporativo se producir\u00e1 por su disoluci\u00f3n.<\/li><li>La Junta Directiva podr\u00e1 proponer a la Asamblea General Ordinaria la exclusi\u00f3n de todo socio que, de modo notorio, directa o indirectamente, atente contra el buen nombre de ASEMER.<\/li><li>Asimismo, la Junta Directiva podr\u00e1 proponerse la exclusi\u00f3n de todo socio moroso. Se considerar\u00e1 socio moroso aquel que mantenga una deuda econ\u00f3mica con ASEMER, vencida m\u00e1s de 6 meses y reclamada, por correo electr\u00f3nico en 3 ocasiones. La Junta Directiva puede suspender, hasta la decisi\u00f3n de la Asamblea General, a los socios que fueran encontrados culpables de infringir gravemente los Estatutos y, principalmente, cuando estos no hayan efectuado el pago de su cuota.<\/li><li>Ning\u00fan empleado de plantilla de personal de ASEMER podr\u00e1 ser socio de la misma y, si alg\u00fan socio pasara a prestar servicios laborales remunerados en ASEMER, perder\u00e1 autom\u00e1ticamente la cualidad de socio.<\/li><li>La p\u00e9rdida de la condici\u00f3n de socio, cualquiera que sea el motivo que la cause, nunca conlleva el derecho a la devoluci\u00f3n de la cuota \u201cprorrata temporis\u201d.<\/li><\/ul>\n","protected":false},"excerpt":{"rendered":"<p>Podr\u00e1n ser socios de ASEMER las personas, f\u00edsicas y jur\u00eddicas, cualquiera que sea su nacionalidad, interesadas en las relaciones comerciales [&hellip;]<\/p>\n","protected":false},"author":3,"featured_media":0,"parent":5920,"menu_order":230,"comment_status":"closed","ping_status":"closed","template":"page-templates\/template_fullwidth.php","meta":{"footnotes":""},"class_list":["post-1754","page","type-page","status-publish","hentry"],"yoast_head":"<!-- This site is optimized with the Yoast SEO plugin v27.5 - https:\/\/yoast.com\/product\/yoast-seo-wordpress\/ -->\n<title>Tipos de socios - ASEMER<\/title>\n<meta name=\"robots\" content=\"index, follow, max-snippet:-1, max-image-preview:large, max-video-preview:-1\" \/>\n<link rel=\"canonical\" href=\"https:\/\/www.asemer.ro\/index.php\/miembros\/tipos-de-socios\/\" \/>\n<meta property=\"og:locale\" content=\"es_ES\" \/>\n<meta property=\"og:type\" content=\"article\" \/>\n<meta property=\"og:title\" content=\"Tipos de socios - ASEMER\" \/>\n<meta property=\"og:description\" content=\"Podr\u00e1n ser socios de ASEMER las personas, f\u00edsicas y jur\u00eddicas, cualquiera que sea su nacionalidad, interesadas en las relaciones comerciales [&hellip;]\" \/>\n<meta property=\"og:url\" content=\"https:\/\/www.asemer.ro\/index.php\/miembros\/tipos-de-socios\/\" \/>\n<meta property=\"og:site_name\" content=\"ASEMER\" \/>\n<meta property=\"article:publisher\" content=\"https:\/\/www.facebook.com\/asociacionasemer\" \/>\n<meta property=\"article:modified_time\" content=\"2021-04-13T07:01:58+00:00\" \/>\n<meta name=\"twitter:card\" content=\"summary_large_image\" \/>\n<meta name=\"twitter:site\" content=\"@asemer_rumania\" \/>\n<meta name=\"twitter:label1\" content=\"Tiempo de lectura\" \/>\n\t<meta name=\"twitter:data1\" content=\"4 minutos\" \/>\n<script type=\"application\/ld+json\" class=\"yoast-schema-graph\">{\"@context\":\"https:\\\/\\\/schema.org\",\"@graph\":[{\"@type\":\"WebPage\",\"@id\":\"https:\\\/\\\/www.asemer.ro\\\/index.php\\\/miembros\\\/tipos-de-socios\\\/\",\"url\":\"https:\\\/\\\/www.asemer.ro\\\/index.php\\\/miembros\\\/tipos-de-socios\\\/\",\"name\":\"Tipos de socios - ASEMER\",\"isPartOf\":{\"@id\":\"https:\\\/\\\/www.asemer.ro\\\/#website\"},\"datePublished\":\"2015-11-08T14:10:04+00:00\",\"dateModified\":\"2021-04-13T07:01:58+00:00\",\"breadcrumb\":{\"@id\":\"https:\\\/\\\/www.asemer.ro\\\/index.php\\\/miembros\\\/tipos-de-socios\\\/#breadcrumb\"},\"inLanguage\":\"es\",\"potentialAction\":[{\"@type\":\"ReadAction\",\"target\":[\"https:\\\/\\\/www.asemer.ro\\\/index.php\\\/miembros\\\/tipos-de-socios\\\/\"]}]},{\"@type\":\"BreadcrumbList\",\"@id\":\"https:\\\/\\\/www.asemer.ro\\\/index.php\\\/miembros\\\/tipos-de-socios\\\/#breadcrumb\",\"itemListElement\":[{\"@type\":\"ListItem\",\"position\":1,\"name\":\"Home\",\"item\":\"https:\\\/\\\/www.asemer.ro\\\/\"},{\"@type\":\"ListItem\",\"position\":2,\"name\":\"Miembros\",\"item\":\"https:\\\/\\\/www.asemer.ro\\\/index.php\\\/miembros\\\/\"},{\"@type\":\"ListItem\",\"position\":3,\"name\":\"Tipos de socios\"}]},{\"@type\":\"WebSite\",\"@id\":\"https:\\\/\\\/www.asemer.ro\\\/#website\",\"url\":\"https:\\\/\\\/www.asemer.ro\\\/\",\"name\":\"ASEMER\",\"description\":\"Asociaci\u00f3n de Empresas Espa\u00f1olas en Ruman\u00eda\",\"publisher\":{\"@id\":\"https:\\\/\\\/www.asemer.ro\\\/#organization\"},\"potentialAction\":[{\"@type\":\"SearchAction\",\"target\":{\"@type\":\"EntryPoint\",\"urlTemplate\":\"https:\\\/\\\/www.asemer.ro\\\/?s={search_term_string}\"},\"query-input\":{\"@type\":\"PropertyValueSpecification\",\"valueRequired\":true,\"valueName\":\"search_term_string\"}}],\"inLanguage\":\"es\"},{\"@type\":\"Organization\",\"@id\":\"https:\\\/\\\/www.asemer.ro\\\/#organization\",\"name\":\"ASEMER\",\"url\":\"https:\\\/\\\/www.asemer.ro\\\/\",\"logo\":{\"@type\":\"ImageObject\",\"inLanguage\":\"es\",\"@id\":\"https:\\\/\\\/www.asemer.ro\\\/#\\\/schema\\\/logo\\\/image\\\/\",\"url\":\"https:\\\/\\\/www.asemer.ro\\\/wp-content\\\/uploads\\\/2020\\\/12\\\/logo-ASEMER-scaled.jpg\",\"contentUrl\":\"https:\\\/\\\/www.asemer.ro\\\/wp-content\\\/uploads\\\/2020\\\/12\\\/logo-ASEMER-scaled.jpg\",\"width\":2560,\"height\":849,\"caption\":\"ASEMER\"},\"image\":{\"@id\":\"https:\\\/\\\/www.asemer.ro\\\/#\\\/schema\\\/logo\\\/image\\\/\"},\"sameAs\":[\"https:\\\/\\\/www.facebook.com\\\/asociacionasemer\",\"https:\\\/\\\/x.com\\\/asemer_rumania\",\"https:\\\/\\\/ro.linkedin.com\\\/in\\\/asemer-asociaci\u00f3n-empresas-espa\u00f1olas-en-ruman\u00eda-724772a6?trk=author_mini-profile_title\",\"https:\\\/\\\/www.youtube.com\\\/channel\\\/UC73m8-BDsg857OL0Ogv5aQA\\\/videos\"]}]}<\/script>\n<!-- \/ Yoast SEO plugin. -->","yoast_head_json":{"title":"Tipos de socios - ASEMER","robots":{"index":"index","follow":"follow","max-snippet":"max-snippet:-1","max-image-preview":"max-image-preview:large","max-video-preview":"max-video-preview:-1"},"canonical":"https:\/\/www.asemer.ro\/index.php\/miembros\/tipos-de-socios\/","og_locale":"es_ES","og_type":"article","og_title":"Tipos de socios - ASEMER","og_description":"Podr\u00e1n ser socios de ASEMER las personas, f\u00edsicas y jur\u00eddicas, cualquiera que sea su nacionalidad, interesadas en las relaciones comerciales [&hellip;]","og_url":"https:\/\/www.asemer.ro\/index.php\/miembros\/tipos-de-socios\/","og_site_name":"ASEMER","article_publisher":"https:\/\/www.facebook.com\/asociacionasemer","article_modified_time":"2021-04-13T07:01:58+00:00","twitter_card":"summary_large_image","twitter_site":"@asemer_rumania","twitter_misc":{"Tiempo de lectura":"4 minutos"},"schema":{"@context":"https:\/\/schema.org","@graph":[{"@type":"WebPage","@id":"https:\/\/www.asemer.ro\/index.php\/miembros\/tipos-de-socios\/","url":"https:\/\/www.asemer.ro\/index.php\/miembros\/tipos-de-socios\/","name":"Tipos de socios - ASEMER","isPartOf":{"@id":"https:\/\/www.asemer.ro\/#website"},"datePublished":"2015-11-08T14:10:04+00:00","dateModified":"2021-04-13T07:01:58+00:00","breadcrumb":{"@id":"https:\/\/www.asemer.ro\/index.php\/miembros\/tipos-de-socios\/#breadcrumb"},"inLanguage":"es","potentialAction":[{"@type":"ReadAction","target":["https:\/\/www.asemer.ro\/index.php\/miembros\/tipos-de-socios\/"]}]},{"@type":"BreadcrumbList","@id":"https:\/\/www.asemer.ro\/index.php\/miembros\/tipos-de-socios\/#breadcrumb","itemListElement":[{"@type":"ListItem","position":1,"name":"Home","item":"https:\/\/www.asemer.ro\/"},{"@type":"ListItem","position":2,"name":"Miembros","item":"https:\/\/www.asemer.ro\/index.php\/miembros\/"},{"@type":"ListItem","position":3,"name":"Tipos de socios"}]},{"@type":"WebSite","@id":"https:\/\/www.asemer.ro\/#website","url":"https:\/\/www.asemer.ro\/","name":"ASEMER","description":"Asociaci\u00f3n de Empresas Espa\u00f1olas en Ruman\u00eda","publisher":{"@id":"https:\/\/www.asemer.ro\/#organization"},"potentialAction":[{"@type":"SearchAction","target":{"@type":"EntryPoint","urlTemplate":"https:\/\/www.asemer.ro\/?s={search_term_string}"},"query-input":{"@type":"PropertyValueSpecification","valueRequired":true,"valueName":"search_term_string"}}],"inLanguage":"es"},{"@type":"Organization","@id":"https:\/\/www.asemer.ro\/#organization","name":"ASEMER","url":"https:\/\/www.asemer.ro\/","logo":{"@type":"ImageObject","inLanguage":"es","@id":"https:\/\/www.asemer.ro\/#\/schema\/logo\/image\/","url":"https:\/\/www.asemer.ro\/wp-content\/uploads\/2020\/12\/logo-ASEMER-scaled.jpg","contentUrl":"https:\/\/www.asemer.ro\/wp-content\/uploads\/2020\/12\/logo-ASEMER-scaled.jpg","width":2560,"height":849,"caption":"ASEMER"},"image":{"@id":"https:\/\/www.asemer.ro\/#\/schema\/logo\/image\/"},"sameAs":["https:\/\/www.facebook.com\/asociacionasemer","https:\/\/x.com\/asemer_rumania","https:\/\/ro.linkedin.com\/in\/asemer-asociaci\u00f3n-empresas-espa\u00f1olas-en-ruman\u00eda-724772a6?trk=author_mini-profile_title","https:\/\/www.youtube.com\/channel\/UC73m8-BDsg857OL0Ogv5aQA\/videos"]}]}},"_links":{"self":[{"href":"https:\/\/www.asemer.ro\/index.php\/wp-json\/wp\/v2\/pages\/1754","targetHints":{"allow":["GET"]}}],"collection":[{"href":"https:\/\/www.asemer.ro\/index.php\/wp-json\/wp\/v2\/pages"}],"about":[{"href":"https:\/\/www.asemer.ro\/index.php\/wp-json\/wp\/v2\/types\/page"}],"author":[{"embeddable":true,"href":"https:\/\/www.asemer.ro\/index.php\/wp-json\/wp\/v2\/users\/3"}],"replies":[{"embeddable":true,"href":"https:\/\/www.asemer.ro\/index.php\/wp-json\/wp\/v2\/comments?post=1754"}],"version-history":[{"count":2,"href":"https:\/\/www.asemer.ro\/index.php\/wp-json\/wp\/v2\/pages\/1754\/revisions"}],"predecessor-version":[{"id":5259,"href":"https:\/\/www.asemer.ro\/index.php\/wp-json\/wp\/v2\/pages\/1754\/revisions\/5259"}],"up":[{"embeddable":true,"href":"https:\/\/www.asemer.ro\/index.php\/wp-json\/wp\/v2\/pages\/5920"}],"wp:attachment":[{"href":"https:\/\/www.asemer.ro\/index.php\/wp-json\/wp\/v2\/media?parent=1754"}],"curies":[{"name":"wp","href":"https:\/\/api.w.org\/{rel}","templated":true}]}}