{"id":1759,"date":"2015-11-08T16:16:15","date_gmt":"2015-11-08T14:16:15","guid":{"rendered":"http:\/\/localhost\/?page_id=1759"},"modified":"2024-04-03T14:38:11","modified_gmt":"2024-04-03T12:38:11","slug":"hazte-socio","status":"publish","type":"page","link":"https:\/\/www.asemer.ro\/index.php\/miembros\/hazte-socio\/","title":{"rendered":"Hazte socio"},"content":{"rendered":"\n<h3 class=\"wp-block-heading\"><span style=\"text-decoration: underline;\"><span style=\"color: #000000; text-decoration: underline;\">C\u00f3mo hacerse socio<\/span><\/span><\/h3>\n\n\n\n<p><span style=\"color: #000000;\"><strong>ASOCIARSE A ASEMER ES MUY F<\/strong><strong>\u00c1CIL<\/strong><strong>:<\/strong><\/span><\/p>\n\n\n<p class=\"has-black-color has-text-color\">Escribe un correo a <a href=\"mailto:office@asemer.ro\" target=\"_blank\" rel=\"noreferrer noopener\">office@asemer.ro<\/a> expresando to deseo de inscribirte como socio y te enviaremos un formulario para completar. Una<span style=\"color: #000000;\"> vez completado y firmado, por favor env\u00edalo escaneado a la direcci\u00f3n de correo <span class=\"VIiyi\" lang=\"es\"><span class=\"JLqJ4b ChMk0b C1N51c\" data-language-for-alternatives=\"es\" data-language-to-translate-into=\"ro\" data-phrase-index=\"0\">electr\u00f3nico<\/span><\/span> <a href=\"mailto:office@asemer.ro\" target=\"_blank\" rel=\"noreferrer noopener\">office@asemer.ro.<\/a><br \/><\/span><\/p>\n\n\n<p class=\"has-black-color has-text-color\"><span style=\"color: #000000;\">La <strong>Junta Directiva<\/strong> aprobar\u00e1 tu adhesi\u00f3n como socio y te lo comunicar\u00e1 oficialmente, indic\u00e1ndote el n\u00famero de cuenta bancaria para realizar el pago de la cuota correspondiente.<\/span> <span style=\"color: #000000;\">Una vez realizado el pago, por favor env\u00edanos el comprobante a <a href=\"mailto:office@asemer.ro\" target=\"_blank\" rel=\"noreferrer noopener\">office@asemer.ro<\/a><\/span><\/p>\n\n\n\n<p><span style=\"color: #000000;\"><strong>YA ERES MIEMBRO DE ASEMER.<\/strong><\/span><\/p>\n\n\n\n<h3 class=\"wp-block-heading\"><span style=\"text-decoration: underline;\"><span style=\"color: #000000; text-decoration: underline;\">Derechos y obligaciones socios<\/span><\/span><\/h3>\n\n\n\n<p><\/p>\n\n\n\n<h4 class=\"wp-block-heading\"><span style=\"color: #000000;\">DERECHOS de los socios:<\/span><\/h4>\n\n\n\n<ul class=\"wp-block-list\">\n<li><span style=\"color: #000000;\">Asistir a la Asamblea General de Socios, ejercitar su derecho al voto y designar a los miembros de la Junta Directiva;<\/span><\/li>\n\n\n\n<li><span style=\"color: #000000;\">Participar en la Junta Directiva y en los diferentes y futuros \u00f3rganos de gobierno, comisiones y grupos de trabajo que se establezcan;<\/span><\/li>\n\n\n\n<li><span style=\"color: #000000;\">Beneficiarse de todos los servicios y ventajas que aporta ASEMER; asistir a los actos que en ella se celebren, y ejercitar cuantas facultades les conceden estos Estatutos, los acuerdos de la Asamblea General de Socios y de la Junta Directiva, as\u00ed como los que la Ley les otorgue;<\/span><\/li>\n\n\n\n<li><span style=\"color: #000000;\">Examinar, en la forma que se establezca, los libros de ASEMER; censurar la gesti\u00f3n de sus \u00f3rganos de gobierno; proponer por escrito cualquier sugerencia o petici\u00f3n y formular cualquier queja, reclamaci\u00f3n u observaci\u00f3n;<\/span><\/li>\n\n\n\n<li><span style=\"color: #000000;\">Aparecer en el Registro de Asociados de ASEMER que les acredite como tales para ejercer los derechos que dimanen de la pertenencia a ASEMER. La utilizaci\u00f3n de la referida identificaci\u00f3n ser\u00e1 personal e intransferible, y para su entrega y utilizaci\u00f3n el Asociado deber\u00e1 mantenerse al corriente en la liquidaci\u00f3n de las cuotas establecidas.<\/span><\/li>\n\n\n\n<li><span style=\"color: #000000;\">Expresar libremente sus opiniones en asuntos de su inter\u00e9s respetando el valor y prestigio de ASEMER, de sus miembros asociados y de sus representantes;<\/span><\/li>\n\n\n\n<li><span style=\"color: #000000;\">Formular propuestas y peticiones a los \u00f3rganos de gobierno de ASEMER;<\/span><\/li>\n\n\n\n<li><span style=\"color: #000000;\">Cualesquiera otros que se determine legalmente o est\u00e9n establecidos estatutaria o reglamentariamente.<\/span><\/li>\n<\/ul>\n\n\n\n<p><span style=\"color: #000000;\">El ejercicio de los derechos enunciados anteriormente quedar\u00e1 suspendido autom\u00e1ticamente, en el caso en que los asociados no se hallen al corriente de los pagos de todas las cuotas de la Asociaci\u00f3n. Los asociados no responder\u00e1n personalmente por los actos u omisiones de la Asociaci\u00f3n. La Asociaci\u00f3n responder\u00e1 con su propio patrimonio ante eventuales perjuicios producidos a terceros por sus actos u omisiones.<\/span><\/p>\n\n\n\n<h4 class=\"wp-block-heading\"><span style=\"color: #000000;\">OBLIGACIONES de los socios:<\/span><\/h4>\n\n\n\n<ul class=\"wp-block-list\">\n<li><span style=\"color: #000000;\">Observar las normas de los presentes Estatutos y reglamentos que se aprueben; acatar los leg\u00edtimos acuerdos y decisiones emanados de los \u00f3rganos de la Asociaci\u00f3n y, en general, respetar las directrices y normas de la Asociaci\u00f3n, en la materia que constituye su objeto en cuanto no se opongan a las disposiciones legales vigentes.<\/span><\/li>\n\n\n\n<li><span style=\"color: #000000;\">Aceptar y desempe\u00f1ar con celo los cargos directivos o las comisiones espec\u00edficas para las que fueran elegidos o designados, salvo causa de excusa leg\u00edtima o grave, planteado por ellos.<\/span><\/li>\n\n\n\n<li><span style=\"color: #000000;\">Contribuir al sostenimiento de la Asociaci\u00f3n mediante las aportaciones, tanto de car\u00e1cter ordinario como extraordinario, conforme a la legislaci\u00f3n vigente en Ruman\u00eda.<\/span><\/li>\n\n\n\n<li><span style=\"color: #000000;\">Comportarse correctamente con los dem\u00e1s asociados, respetando sus opiniones y pareceres, y desarrollar su actividad empresarial dentro de las normas generales de honestidad, solvencia moral y profesionalidad.<\/span><\/li>\n\n\n\n<li><span style=\"color: #000000;\">Mantener actualizadas sus referencias de localizaci\u00f3n y notificaci\u00f3n tales como domicilio, tel\u00e9fono, n\u00famero de fax, direcci\u00f3n e-mail, etc., as\u00ed como suministrar la informaci\u00f3n que con car\u00e1cter general pueda requerir la Asociaci\u00f3n.<\/span><\/li>\n\n\n\n<li><span style=\"color: #000000;\">Mostrar esp\u00edritu de solidaridad respecto a los acuerdos tomados por la mayor\u00eda, respetando la libre manifestaci\u00f3n de pareceres, y no entorpecer ni directa ni indirectamente las actividades de la Asociaci\u00f3n.<\/span><\/li>\n\n\n\n<li><span style=\"color: #000000;\">Sin perjuicio de lo dispuesto en estos Estatutos, los Socios Honorarios estar\u00e1n sujetos al cumplimiento de las mismas obligaciones que se establecen para los restantes asociados, exceptuando a estos del pago de las cuotas y dem\u00e1s aportaciones monetarias.<\/span><\/li>\n<\/ul>\n\n\n\n<h3 class=\"wp-block-heading\"><span style=\"text-decoration: underline;\"><span style=\"color: #000000; text-decoration: underline;\">Cuotas<\/span><\/span><\/h3>\n\n\n\n<p><span style=\"color: #000000;\">Con el fin de adaptarse a la dif\u00edcil situaci\u00f3n econ\u00f3mica actual y acorde a la filosof\u00eda de tratar de convertir a ASEMER en una asociaci\u00f3n al alcance de todos, la actual Junta Directiva ha intentado establecer un sistema de cuotas que no supongan un desembolso importante para los asociados. La Junta Directiva intentara financiar a la Asociaci\u00f3n a trav\u00e9s de otras fuentes de recursos con la idea de convertir las cuotas de los asociados m\u00e1s en un s\u00edmbolo que en la principal fuente de recursos de la Asociaci\u00f3n.<\/span><\/p>\n\n\n\n<p><span style=\"color: #000000;\">Las cuotas establecidas actualmente se estructuran en funci\u00f3n de que el asociado sea una persona f\u00edsica o una entidad con personalidad jur\u00eddica (sociedad, PFA,\u2026).<\/span><\/p>\n\n\n\n<p><span style=\"color: #000000;\">Para las personas f\u00edsicas se ha establecido una cuota \u00fanica y fija. Para las personas jur\u00eddicas se ha establecido unas cuotas progresivas directamente proporcionales a la facturaci\u00f3n en Rumania de la persona jur\u00eddica durante el a\u00f1o anterior, que var\u00edan entre un m\u00ednimo de 500 y un m\u00e1ximo de 2500 lei al a\u00f1o.<\/span><\/p>\n\n\n\n<p><span style=\"color: #000000;\">As\u00ed las cuotas establecidas son las siguientes:<\/span><\/p>\n\n\n\n<figure class=\"wp-block-table\"><table><tbody><tr><td><span style=\"color: #000000;\"><strong>Persona<\/strong><\/span><\/td><td>\n<p style=\"text-align: center;\"><span style=\"color: #000000;\"><strong>Facturaci\u00f3n del a\u00f1o anterior para el cual se paga la cuota de socio (en Euros)*<\/strong><\/span><\/p>\n<\/td><td> <p style=\"text-align: center;\"><span style=\"color: #000000;\"><strong>Cuota Anual (Euro)<\/strong><\/span><\/p> <\/td><\/tr><tr><td><span style=\"color: #000000;\">F\u00edsica<\/span><\/td><td><span style=\"color: #000000;\">&#8211;<\/span><\/td><td><span style=\"color: #000000;\">200<\/span><\/td><\/tr><tr><td><span style=\"color: #000000;\">Jur\u00eddica\/PFA<\/span><\/td><td><span style=\"color: #000000;\">Inferior o igual a 100.000<\/span><\/td><td>200<\/td><\/tr><tr><td><span style=\"color: #000000;\">Entre 100.001 y 500.000<\/span><\/td><td>400<\/td><\/tr><tr><td><span style=\"color: #000000;\">Entre 500.001 y 1.000.000<\/span><\/td><td>600<\/td><\/tr><tr><td><span style=\"color: #000000;\">Entre 1.000.001 y 5.000.000<\/span><\/td><td>800<\/td><\/tr><tr><td><span style=\"color: #000000;\">Superior a 5.000.001<\/span><\/td><td>1.000<\/td><\/tr><\/tbody><\/table><\/figure>\n\n\n\n<p><span style=\"color: #000000;\">*Si la cifra de negocios no reflejase la realidad econ\u00f3mica del asociado, la cuota se fijar\u00e1 teniendo en cuenta otros criterios.<\/span><\/p>\n","protected":false},"excerpt":{"rendered":"<p>C\u00f3mo hacerse socio ASOCIARSE A ASEMER ES MUY F\u00c1CIL: Escribe un correo a office@asemer.ro expresando to deseo de inscribirte como [&hellip;]<\/p>\n","protected":false},"author":3,"featured_media":0,"parent":5920,"menu_order":210,"comment_status":"closed","ping_status":"closed","template":"page-templates\/template_fullwidth.php","meta":{"footnotes":""},"class_list":["post-1759","page","type-page","status-publish","hentry"],"yoast_head":"<!-- This site is optimized with the Yoast SEO plugin v27.5 - https:\/\/yoast.com\/product\/yoast-seo-wordpress\/ -->\n<title>Hazte socio - ASEMER<\/title>\n<meta name=\"robots\" content=\"index, follow, max-snippet:-1, max-image-preview:large, max-video-preview:-1\" \/>\n<link rel=\"canonical\" href=\"https:\/\/www.asemer.ro\/index.php\/miembros\/hazte-socio\/\" \/>\n<meta property=\"og:locale\" content=\"es_ES\" \/>\n<meta property=\"og:type\" content=\"article\" \/>\n<meta property=\"og:title\" content=\"Hazte socio - ASEMER\" \/>\n<meta property=\"og:description\" content=\"C\u00f3mo hacerse socio ASOCIARSE A ASEMER ES MUY F\u00c1CIL: Escribe un correo a office@asemer.ro expresando to deseo de inscribirte como [&hellip;]\" \/>\n<meta property=\"og:url\" content=\"https:\/\/www.asemer.ro\/index.php\/miembros\/hazte-socio\/\" \/>\n<meta property=\"og:site_name\" content=\"ASEMER\" \/>\n<meta property=\"article:publisher\" content=\"https:\/\/www.facebook.com\/asociacionasemer\" \/>\n<meta property=\"article:modified_time\" content=\"2024-04-03T12:38:11+00:00\" \/>\n<meta name=\"twitter:card\" content=\"summary_large_image\" \/>\n<meta name=\"twitter:site\" content=\"@asemer_rumania\" \/>\n<meta name=\"twitter:label1\" content=\"Tiempo de lectura\" \/>\n\t<meta name=\"twitter:data1\" content=\"4 minutos\" \/>\n<script type=\"application\/ld+json\" class=\"yoast-schema-graph\">{\"@context\":\"https:\\\/\\\/schema.org\",\"@graph\":[{\"@type\":\"WebPage\",\"@id\":\"https:\\\/\\\/www.asemer.ro\\\/index.php\\\/miembros\\\/hazte-socio\\\/\",\"url\":\"https:\\\/\\\/www.asemer.ro\\\/index.php\\\/miembros\\\/hazte-socio\\\/\",\"name\":\"Hazte socio - ASEMER\",\"isPartOf\":{\"@id\":\"https:\\\/\\\/www.asemer.ro\\\/#website\"},\"datePublished\":\"2015-11-08T14:16:15+00:00\",\"dateModified\":\"2024-04-03T12:38:11+00:00\",\"breadcrumb\":{\"@id\":\"https:\\\/\\\/www.asemer.ro\\\/index.php\\\/miembros\\\/hazte-socio\\\/#breadcrumb\"},\"inLanguage\":\"es\",\"potentialAction\":[{\"@type\":\"ReadAction\",\"target\":[\"https:\\\/\\\/www.asemer.ro\\\/index.php\\\/miembros\\\/hazte-socio\\\/\"]}]},{\"@type\":\"BreadcrumbList\",\"@id\":\"https:\\\/\\\/www.asemer.ro\\\/index.php\\\/miembros\\\/hazte-socio\\\/#breadcrumb\",\"itemListElement\":[{\"@type\":\"ListItem\",\"position\":1,\"name\":\"Home\",\"item\":\"https:\\\/\\\/www.asemer.ro\\\/\"},{\"@type\":\"ListItem\",\"position\":2,\"name\":\"Miembros\",\"item\":\"https:\\\/\\\/www.asemer.ro\\\/index.php\\\/miembros\\\/\"},{\"@type\":\"ListItem\",\"position\":3,\"name\":\"Hazte socio\"}]},{\"@type\":\"WebSite\",\"@id\":\"https:\\\/\\\/www.asemer.ro\\\/#website\",\"url\":\"https:\\\/\\\/www.asemer.ro\\\/\",\"name\":\"ASEMER\",\"description\":\"Asociaci\u00f3n de Empresas Espa\u00f1olas en Ruman\u00eda\",\"publisher\":{\"@id\":\"https:\\\/\\\/www.asemer.ro\\\/#organization\"},\"potentialAction\":[{\"@type\":\"SearchAction\",\"target\":{\"@type\":\"EntryPoint\",\"urlTemplate\":\"https:\\\/\\\/www.asemer.ro\\\/?s={search_term_string}\"},\"query-input\":{\"@type\":\"PropertyValueSpecification\",\"valueRequired\":true,\"valueName\":\"search_term_string\"}}],\"inLanguage\":\"es\"},{\"@type\":\"Organization\",\"@id\":\"https:\\\/\\\/www.asemer.ro\\\/#organization\",\"name\":\"ASEMER\",\"url\":\"https:\\\/\\\/www.asemer.ro\\\/\",\"logo\":{\"@type\":\"ImageObject\",\"inLanguage\":\"es\",\"@id\":\"https:\\\/\\\/www.asemer.ro\\\/#\\\/schema\\\/logo\\\/image\\\/\",\"url\":\"https:\\\/\\\/www.asemer.ro\\\/wp-content\\\/uploads\\\/2020\\\/12\\\/logo-ASEMER-scaled.jpg\",\"contentUrl\":\"https:\\\/\\\/www.asemer.ro\\\/wp-content\\\/uploads\\\/2020\\\/12\\\/logo-ASEMER-scaled.jpg\",\"width\":2560,\"height\":849,\"caption\":\"ASEMER\"},\"image\":{\"@id\":\"https:\\\/\\\/www.asemer.ro\\\/#\\\/schema\\\/logo\\\/image\\\/\"},\"sameAs\":[\"https:\\\/\\\/www.facebook.com\\\/asociacionasemer\",\"https:\\\/\\\/x.com\\\/asemer_rumania\",\"https:\\\/\\\/ro.linkedin.com\\\/in\\\/asemer-asociaci\u00f3n-empresas-espa\u00f1olas-en-ruman\u00eda-724772a6?trk=author_mini-profile_title\",\"https:\\\/\\\/www.youtube.com\\\/channel\\\/UC73m8-BDsg857OL0Ogv5aQA\\\/videos\"]}]}<\/script>\n<!-- \/ Yoast SEO plugin. -->","yoast_head_json":{"title":"Hazte socio - ASEMER","robots":{"index":"index","follow":"follow","max-snippet":"max-snippet:-1","max-image-preview":"max-image-preview:large","max-video-preview":"max-video-preview:-1"},"canonical":"https:\/\/www.asemer.ro\/index.php\/miembros\/hazte-socio\/","og_locale":"es_ES","og_type":"article","og_title":"Hazte socio - ASEMER","og_description":"C\u00f3mo hacerse socio ASOCIARSE A ASEMER ES MUY F\u00c1CIL: Escribe un correo a office@asemer.ro expresando to deseo de inscribirte como [&hellip;]","og_url":"https:\/\/www.asemer.ro\/index.php\/miembros\/hazte-socio\/","og_site_name":"ASEMER","article_publisher":"https:\/\/www.facebook.com\/asociacionasemer","article_modified_time":"2024-04-03T12:38:11+00:00","twitter_card":"summary_large_image","twitter_site":"@asemer_rumania","twitter_misc":{"Tiempo de lectura":"4 minutos"},"schema":{"@context":"https:\/\/schema.org","@graph":[{"@type":"WebPage","@id":"https:\/\/www.asemer.ro\/index.php\/miembros\/hazte-socio\/","url":"https:\/\/www.asemer.ro\/index.php\/miembros\/hazte-socio\/","name":"Hazte socio - ASEMER","isPartOf":{"@id":"https:\/\/www.asemer.ro\/#website"},"datePublished":"2015-11-08T14:16:15+00:00","dateModified":"2024-04-03T12:38:11+00:00","breadcrumb":{"@id":"https:\/\/www.asemer.ro\/index.php\/miembros\/hazte-socio\/#breadcrumb"},"inLanguage":"es","potentialAction":[{"@type":"ReadAction","target":["https:\/\/www.asemer.ro\/index.php\/miembros\/hazte-socio\/"]}]},{"@type":"BreadcrumbList","@id":"https:\/\/www.asemer.ro\/index.php\/miembros\/hazte-socio\/#breadcrumb","itemListElement":[{"@type":"ListItem","position":1,"name":"Home","item":"https:\/\/www.asemer.ro\/"},{"@type":"ListItem","position":2,"name":"Miembros","item":"https:\/\/www.asemer.ro\/index.php\/miembros\/"},{"@type":"ListItem","position":3,"name":"Hazte socio"}]},{"@type":"WebSite","@id":"https:\/\/www.asemer.ro\/#website","url":"https:\/\/www.asemer.ro\/","name":"ASEMER","description":"Asociaci\u00f3n de Empresas Espa\u00f1olas en Ruman\u00eda","publisher":{"@id":"https:\/\/www.asemer.ro\/#organization"},"potentialAction":[{"@type":"SearchAction","target":{"@type":"EntryPoint","urlTemplate":"https:\/\/www.asemer.ro\/?s={search_term_string}"},"query-input":{"@type":"PropertyValueSpecification","valueRequired":true,"valueName":"search_term_string"}}],"inLanguage":"es"},{"@type":"Organization","@id":"https:\/\/www.asemer.ro\/#organization","name":"ASEMER","url":"https:\/\/www.asemer.ro\/","logo":{"@type":"ImageObject","inLanguage":"es","@id":"https:\/\/www.asemer.ro\/#\/schema\/logo\/image\/","url":"https:\/\/www.asemer.ro\/wp-content\/uploads\/2020\/12\/logo-ASEMER-scaled.jpg","contentUrl":"https:\/\/www.asemer.ro\/wp-content\/uploads\/2020\/12\/logo-ASEMER-scaled.jpg","width":2560,"height":849,"caption":"ASEMER"},"image":{"@id":"https:\/\/www.asemer.ro\/#\/schema\/logo\/image\/"},"sameAs":["https:\/\/www.facebook.com\/asociacionasemer","https:\/\/x.com\/asemer_rumania","https:\/\/ro.linkedin.com\/in\/asemer-asociaci\u00f3n-empresas-espa\u00f1olas-en-ruman\u00eda-724772a6?trk=author_mini-profile_title","https:\/\/www.youtube.com\/channel\/UC73m8-BDsg857OL0Ogv5aQA\/videos"]}]}},"_links":{"self":[{"href":"https:\/\/www.asemer.ro\/index.php\/wp-json\/wp\/v2\/pages\/1759","targetHints":{"allow":["GET"]}}],"collection":[{"href":"https:\/\/www.asemer.ro\/index.php\/wp-json\/wp\/v2\/pages"}],"about":[{"href":"https:\/\/www.asemer.ro\/index.php\/wp-json\/wp\/v2\/types\/page"}],"author":[{"embeddable":true,"href":"https:\/\/www.asemer.ro\/index.php\/wp-json\/wp\/v2\/users\/3"}],"replies":[{"embeddable":true,"href":"https:\/\/www.asemer.ro\/index.php\/wp-json\/wp\/v2\/comments?post=1759"}],"version-history":[{"count":9,"href":"https:\/\/www.asemer.ro\/index.php\/wp-json\/wp\/v2\/pages\/1759\/revisions"}],"predecessor-version":[{"id":9626,"href":"https:\/\/www.asemer.ro\/index.php\/wp-json\/wp\/v2\/pages\/1759\/revisions\/9626"}],"up":[{"embeddable":true,"href":"https:\/\/www.asemer.ro\/index.php\/wp-json\/wp\/v2\/pages\/5920"}],"wp:attachment":[{"href":"https:\/\/www.asemer.ro\/index.php\/wp-json\/wp\/v2\/media?parent=1759"}],"curies":[{"name":"wp","href":"https:\/\/api.w.org\/{rel}","templated":true}]}}