{"id":1761,"date":"2015-11-08T16:18:51","date_gmt":"2015-11-08T14:18:51","guid":{"rendered":"http:\/\/localhost\/?page_id=1761"},"modified":"2021-04-13T09:23:33","modified_gmt":"2021-04-13T07:23:33","slug":"derechos-y-obligaciones-socios","status":"publish","type":"page","link":"https:\/\/www.asemer.ro\/index.php\/derechos-y-obligaciones-socios\/","title":{"rendered":"Derechos y obligaciones socios"},"content":{"rendered":"<p>[vc_row overlay=\u00bbnone\u00bb fullwidth=\u00bbno\u00bb][vc_column width=\u00bb2\/3&#8243; wap_class=\u00bb\u00bb wap_id=\u00bb\u00bb][vc_column_text]<\/p>\n<h4 style=\"text-align: justify;\"><span style=\"color: #000000;\"><strong>DERECHOS<\/strong> <strong>de los socios:<\/strong><\/span><\/h4>\n<ul>\n<li>Los socios deber\u00e1n contribuir, en la medida de lo posible, al mejor cumplimiento de las funciones de ASEMER.<\/li>\n<li>Los socios titulares y patrocinadores tienen derecho de voz y voto en las Asambleas Generales. Los socios de honor carecen de derecho de voto y no podr\u00e1n ser elegidos como vocales de la Junta Directiva.<\/li>\n<li><span style=\"color: #000000;\">Los socios tendr\u00e1n derecho a ser apoyados por ASEMER en los asuntos relacionados con el objeto social. Tendr\u00e1n tambi\u00e9n derecho a recibir publicaciones, circulares, folletos o revistas, en soporte papel o electr\u00f3nico, que puedan ser editados por ASEMER y a utilizar, con car\u00e1cter preferencial, la oferta de servicios de la misma.<\/span><\/li>\n<li><span style=\"color: #000000;\">Asistir a la Asamblea General de Socios, ejercitar su derecho al voto y designar a los miembros de la Junta Directiva.<\/span><\/li>\n<li><span style=\"color: #000000;\">Participar en la Junta Directiva y en los diferentes y futuros \u00f3rganos de gobierno, comisiones y grupos de trabajo que se establezcan.<\/span><\/li>\n<li><span style=\"color: #000000;\">Beneficiarse de todos los servicios y ventajas que aporta ASEMER; asistir a los actos que en ella se celebren, y ejercitar cuantas facultades les conceden estos Estatutos, los acuerdos de la Asamblea General de Socios y de la Junta Directiva, as\u00ed como los que la Ley les otorgue.<\/span><\/li>\n<li><span style=\"color: #000000;\">Examinar, en la forma que se establezca, los libros de ASEMER; censurar la gesti\u00f3n de sus \u00f3rganos de gobierno; proponer por escrito cualquier sugerencia o petici\u00f3n y formular cualquier queja, reclamaci\u00f3n u observaci\u00f3n.<\/span><\/li>\n<li><span style=\"color: #000000;\">Aparecer en el Registro de Asociados de ASEMER que les acredite como tales para ejercer los derechos que dimanen de la pertenencia a ASEMER. La utilizaci\u00f3n de la referida identificaci\u00f3n ser\u00e1 personal e intransferible, y para su entrega y utilizaci\u00f3n el Asociado deber\u00e1 mantenerse al corriente en la liquidaci\u00f3n de las cuotas establecidas.<\/span><\/li>\n<li><span style=\"color: #000000;\">Expresar libremente sus opiniones en asuntos de su inter\u00e9s respetando el valor y prestigio de ASEMER, de sus miembros asociados y de sus representantes.<\/span><\/li>\n<li><span style=\"color: #000000;\">Formular propuestas y peticiones a los \u00f3rganos de gobierno de ASEMER.<\/span><\/li>\n<li><span style=\"color: #000000;\">Cualesquiera otros que se determine legalmente o est\u00e9n establecidos estatutaria o reglamentariamente.<\/span><\/li>\n<\/ul>\n<p style=\"text-align: justify;\"><span style=\"color: #000000;\">El ejercicio de los derechos enunciados anteriormente quedar\u00e1 suspendido autom\u00e1ticamente, en el caso en que los asociados no se hallen al corriente de los pagos de todas las cuotas de la Asociaci\u00f3n. Los asociados no responder\u00e1n personalmente por los actos u omisiones de la Asociaci\u00f3n. La Asociaci\u00f3n responder\u00e1 con su propio patrimonio ante eventuales perjuicios producidos a terceros por sus actos u omisiones.<\/span><\/p>\n<h4 style=\"text-align: justify;\"><span style=\"color: #000000;\"><strong>OBLIGACIONES de los socios:<\/strong><\/span><\/h4>\n<ul>\n<li style=\"text-align: justify;\"><span style=\"color: #000000;\">Observar las normas de los presentes Estatutos y reglamentos que se aprueben; acatar los leg\u00edtimos acuerdos y decisiones emanados de los \u00f3rganos de la Asociaci\u00f3n y, en general, respetar las directrices y normas de la Asociaci\u00f3n, en la materia que constituye su objeto en cuanto no se opongan a las disposiciones legales vigentes.<\/span><\/li>\n<li style=\"text-align: justify;\"><span style=\"color: #000000;\">Aceptar y desempe\u00f1ar con celo los cargos directivos o las comisiones espec\u00edficas para las que fueran elegidos o designados, salvo causa de excusa leg\u00edtima o grave, planteado por ellos.<\/span><\/li>\n<li style=\"text-align: justify;\"><span style=\"color: #000000;\">Contribuir al sostenimiento de la Asociaci\u00f3n mediante las aportaciones, tanto de car\u00e1cter ordinario como extraordinario, conforme a la legislaci\u00f3n vigente en Ruman\u00eda.<\/span><\/li>\n<li style=\"text-align: justify;\"><span style=\"color: #000000;\">Comportarse correctamente con los dem\u00e1s asociados, respetando sus opiniones y pareceres, y desarrollar su actividad empresarial dentro de las normas generales de honestidad, solvencia moral y profesionalidad.<\/span><\/li>\n<li style=\"text-align: justify;\"><span style=\"color: #000000;\">Mantener actualizadas sus referencias de localizaci\u00f3n y notificaci\u00f3n tales como domicilio, tel\u00e9fono, n\u00famero de fax, direcci\u00f3n e-mail, etc., as\u00ed como suministrar la informaci\u00f3n que con car\u00e1cter general pueda requerir la Asociaci\u00f3n.<\/span><\/li>\n<li style=\"text-align: justify;\"><span style=\"color: #000000;\">Mostrar esp\u00edritu de solidaridad respecto a los acuerdos tomados por la mayor\u00eda, respetando la libre manifestaci\u00f3n de pareceres, y no entorpecer ni directa ni indirectamente las actividades de la Asociaci\u00f3n.<\/span><\/li>\n<li style=\"text-align: justify;\"><span style=\"color: #000000;\"> Sin perjuicio de lo dispuesto en estos Estatutos, los Socios de Honor estar\u00e1n sujetos al cumplimiento de las mismas obligaciones que se establecen para los restantes asociados, exceptuando a estos del pago de las cuotas y dem\u00e1s aportaciones monetarias.<\/span><\/li>\n<\/ul>\n<p>[\/vc_column_text][\/vc_column][vc_column width=\u00bb1\/3&#8243; wap_class=\u00bb\u00bb wap_id=\u00bb\u00bb][vc_column_text]<br \/>\n[\/vc_column_text][\/vc_column][\/vc_row]<\/p>\n","protected":false},"excerpt":{"rendered":"<p>[vc_row overlay=\u00bbnone\u00bb fullwidth=\u00bbno\u00bb][vc_column width=\u00bb2\/3&#8243; wap_class=\u00bb\u00bb wap_id=\u00bb\u00bb][vc_column_text] DERECHOS de los socios: Los socios deber\u00e1n contribuir, en la medida de lo posible, [&hellip;]<\/p>\n","protected":false},"author":3,"featured_media":0,"parent":0,"menu_order":1000,"comment_status":"closed","ping_status":"closed","template":"","meta":{"footnotes":""},"class_list":["post-1761","page","type-page","status-publish","hentry"],"yoast_head":"<!-- This site is optimized with the Yoast SEO plugin v27.3 - https:\/\/yoast.com\/product\/yoast-seo-wordpress\/ -->\n<title>Derechos y obligaciones socios - ASEMER<\/title>\n<meta name=\"robots\" content=\"index, follow, max-snippet:-1, max-image-preview:large, max-video-preview:-1\" \/>\n<link rel=\"canonical\" href=\"https:\/\/www.asemer.ro\/index.php\/derechos-y-obligaciones-socios\/\" \/>\n<meta property=\"og:locale\" content=\"es_ES\" \/>\n<meta property=\"og:type\" content=\"article\" \/>\n<meta property=\"og:title\" content=\"Derechos y obligaciones socios - ASEMER\" \/>\n<meta property=\"og:description\" content=\"[vc_row overlay=\u00bbnone\u00bb fullwidth=\u00bbno\u00bb][vc_column width=\u00bb2\/3&#8243; wap_class=\u00bb\u00bb wap_id=\u00bb\u00bb][vc_column_text] DERECHOS de los socios: Los socios deber\u00e1n contribuir, en la medida de lo posible, [&hellip;]\" \/>\n<meta property=\"og:url\" content=\"https:\/\/www.asemer.ro\/index.php\/derechos-y-obligaciones-socios\/\" \/>\n<meta property=\"og:site_name\" content=\"ASEMER\" \/>\n<meta property=\"article:publisher\" content=\"https:\/\/www.facebook.com\/asociacionasemer\" \/>\n<meta property=\"article:modified_time\" content=\"2021-04-13T07:23:33+00:00\" \/>\n<meta name=\"twitter:card\" content=\"summary_large_image\" \/>\n<meta name=\"twitter:site\" content=\"@asemer_rumania\" \/>\n<meta name=\"twitter:label1\" content=\"Tiempo de lectura\" \/>\n\t<meta name=\"twitter:data1\" content=\"4 minutos\" \/>\n<script type=\"application\/ld+json\" class=\"yoast-schema-graph\">{\"@context\":\"https:\\\/\\\/schema.org\",\"@graph\":[{\"@type\":\"WebPage\",\"@id\":\"https:\\\/\\\/www.asemer.ro\\\/index.php\\\/derechos-y-obligaciones-socios\\\/\",\"url\":\"https:\\\/\\\/www.asemer.ro\\\/index.php\\\/derechos-y-obligaciones-socios\\\/\",\"name\":\"Derechos y obligaciones socios - ASEMER\",\"isPartOf\":{\"@id\":\"https:\\\/\\\/www.asemer.ro\\\/#website\"},\"datePublished\":\"2015-11-08T14:18:51+00:00\",\"dateModified\":\"2021-04-13T07:23:33+00:00\",\"breadcrumb\":{\"@id\":\"https:\\\/\\\/www.asemer.ro\\\/index.php\\\/derechos-y-obligaciones-socios\\\/#breadcrumb\"},\"inLanguage\":\"es\",\"potentialAction\":[{\"@type\":\"ReadAction\",\"target\":[\"https:\\\/\\\/www.asemer.ro\\\/index.php\\\/derechos-y-obligaciones-socios\\\/\"]}]},{\"@type\":\"BreadcrumbList\",\"@id\":\"https:\\\/\\\/www.asemer.ro\\\/index.php\\\/derechos-y-obligaciones-socios\\\/#breadcrumb\",\"itemListElement\":[{\"@type\":\"ListItem\",\"position\":1,\"name\":\"Home\",\"item\":\"https:\\\/\\\/www.asemer.ro\\\/\"},{\"@type\":\"ListItem\",\"position\":2,\"name\":\"Derechos y obligaciones socios\"}]},{\"@type\":\"WebSite\",\"@id\":\"https:\\\/\\\/www.asemer.ro\\\/#website\",\"url\":\"https:\\\/\\\/www.asemer.ro\\\/\",\"name\":\"ASEMER\",\"description\":\"Asociaci\u00f3n de Empresas Espa\u00f1olas en Ruman\u00eda\",\"publisher\":{\"@id\":\"https:\\\/\\\/www.asemer.ro\\\/#organization\"},\"potentialAction\":[{\"@type\":\"SearchAction\",\"target\":{\"@type\":\"EntryPoint\",\"urlTemplate\":\"https:\\\/\\\/www.asemer.ro\\\/?s={search_term_string}\"},\"query-input\":{\"@type\":\"PropertyValueSpecification\",\"valueRequired\":true,\"valueName\":\"search_term_string\"}}],\"inLanguage\":\"es\"},{\"@type\":\"Organization\",\"@id\":\"https:\\\/\\\/www.asemer.ro\\\/#organization\",\"name\":\"ASEMER\",\"url\":\"https:\\\/\\\/www.asemer.ro\\\/\",\"logo\":{\"@type\":\"ImageObject\",\"inLanguage\":\"es\",\"@id\":\"https:\\\/\\\/www.asemer.ro\\\/#\\\/schema\\\/logo\\\/image\\\/\",\"url\":\"https:\\\/\\\/www.asemer.ro\\\/wp-content\\\/uploads\\\/2020\\\/12\\\/logo-ASEMER-scaled.jpg\",\"contentUrl\":\"https:\\\/\\\/www.asemer.ro\\\/wp-content\\\/uploads\\\/2020\\\/12\\\/logo-ASEMER-scaled.jpg\",\"width\":2560,\"height\":849,\"caption\":\"ASEMER\"},\"image\":{\"@id\":\"https:\\\/\\\/www.asemer.ro\\\/#\\\/schema\\\/logo\\\/image\\\/\"},\"sameAs\":[\"https:\\\/\\\/www.facebook.com\\\/asociacionasemer\",\"https:\\\/\\\/x.com\\\/asemer_rumania\",\"https:\\\/\\\/ro.linkedin.com\\\/in\\\/asemer-asociaci\u00f3n-empresas-espa\u00f1olas-en-ruman\u00eda-724772a6?trk=author_mini-profile_title\",\"https:\\\/\\\/www.youtube.com\\\/channel\\\/UC73m8-BDsg857OL0Ogv5aQA\\\/videos\"]}]}<\/script>\n<!-- \/ Yoast SEO plugin. -->","yoast_head_json":{"title":"Derechos y obligaciones socios - ASEMER","robots":{"index":"index","follow":"follow","max-snippet":"max-snippet:-1","max-image-preview":"max-image-preview:large","max-video-preview":"max-video-preview:-1"},"canonical":"https:\/\/www.asemer.ro\/index.php\/derechos-y-obligaciones-socios\/","og_locale":"es_ES","og_type":"article","og_title":"Derechos y obligaciones socios - ASEMER","og_description":"[vc_row overlay=\u00bbnone\u00bb fullwidth=\u00bbno\u00bb][vc_column width=\u00bb2\/3&#8243; wap_class=\u00bb\u00bb wap_id=\u00bb\u00bb][vc_column_text] DERECHOS de los socios: Los socios deber\u00e1n contribuir, en la medida de lo posible, [&hellip;]","og_url":"https:\/\/www.asemer.ro\/index.php\/derechos-y-obligaciones-socios\/","og_site_name":"ASEMER","article_publisher":"https:\/\/www.facebook.com\/asociacionasemer","article_modified_time":"2021-04-13T07:23:33+00:00","twitter_card":"summary_large_image","twitter_site":"@asemer_rumania","twitter_misc":{"Tiempo de lectura":"4 minutos"},"schema":{"@context":"https:\/\/schema.org","@graph":[{"@type":"WebPage","@id":"https:\/\/www.asemer.ro\/index.php\/derechos-y-obligaciones-socios\/","url":"https:\/\/www.asemer.ro\/index.php\/derechos-y-obligaciones-socios\/","name":"Derechos y obligaciones socios - ASEMER","isPartOf":{"@id":"https:\/\/www.asemer.ro\/#website"},"datePublished":"2015-11-08T14:18:51+00:00","dateModified":"2021-04-13T07:23:33+00:00","breadcrumb":{"@id":"https:\/\/www.asemer.ro\/index.php\/derechos-y-obligaciones-socios\/#breadcrumb"},"inLanguage":"es","potentialAction":[{"@type":"ReadAction","target":["https:\/\/www.asemer.ro\/index.php\/derechos-y-obligaciones-socios\/"]}]},{"@type":"BreadcrumbList","@id":"https:\/\/www.asemer.ro\/index.php\/derechos-y-obligaciones-socios\/#breadcrumb","itemListElement":[{"@type":"ListItem","position":1,"name":"Home","item":"https:\/\/www.asemer.ro\/"},{"@type":"ListItem","position":2,"name":"Derechos y obligaciones socios"}]},{"@type":"WebSite","@id":"https:\/\/www.asemer.ro\/#website","url":"https:\/\/www.asemer.ro\/","name":"ASEMER","description":"Asociaci\u00f3n de Empresas Espa\u00f1olas en Ruman\u00eda","publisher":{"@id":"https:\/\/www.asemer.ro\/#organization"},"potentialAction":[{"@type":"SearchAction","target":{"@type":"EntryPoint","urlTemplate":"https:\/\/www.asemer.ro\/?s={search_term_string}"},"query-input":{"@type":"PropertyValueSpecification","valueRequired":true,"valueName":"search_term_string"}}],"inLanguage":"es"},{"@type":"Organization","@id":"https:\/\/www.asemer.ro\/#organization","name":"ASEMER","url":"https:\/\/www.asemer.ro\/","logo":{"@type":"ImageObject","inLanguage":"es","@id":"https:\/\/www.asemer.ro\/#\/schema\/logo\/image\/","url":"https:\/\/www.asemer.ro\/wp-content\/uploads\/2020\/12\/logo-ASEMER-scaled.jpg","contentUrl":"https:\/\/www.asemer.ro\/wp-content\/uploads\/2020\/12\/logo-ASEMER-scaled.jpg","width":2560,"height":849,"caption":"ASEMER"},"image":{"@id":"https:\/\/www.asemer.ro\/#\/schema\/logo\/image\/"},"sameAs":["https:\/\/www.facebook.com\/asociacionasemer","https:\/\/x.com\/asemer_rumania","https:\/\/ro.linkedin.com\/in\/asemer-asociaci\u00f3n-empresas-espa\u00f1olas-en-ruman\u00eda-724772a6?trk=author_mini-profile_title","https:\/\/www.youtube.com\/channel\/UC73m8-BDsg857OL0Ogv5aQA\/videos"]}]}},"_links":{"self":[{"href":"https:\/\/www.asemer.ro\/index.php\/wp-json\/wp\/v2\/pages\/1761","targetHints":{"allow":["GET"]}}],"collection":[{"href":"https:\/\/www.asemer.ro\/index.php\/wp-json\/wp\/v2\/pages"}],"about":[{"href":"https:\/\/www.asemer.ro\/index.php\/wp-json\/wp\/v2\/types\/page"}],"author":[{"embeddable":true,"href":"https:\/\/www.asemer.ro\/index.php\/wp-json\/wp\/v2\/users\/3"}],"replies":[{"embeddable":true,"href":"https:\/\/www.asemer.ro\/index.php\/wp-json\/wp\/v2\/comments?post=1761"}],"version-history":[{"count":2,"href":"https:\/\/www.asemer.ro\/index.php\/wp-json\/wp\/v2\/pages\/1761\/revisions"}],"predecessor-version":[{"id":5960,"href":"https:\/\/www.asemer.ro\/index.php\/wp-json\/wp\/v2\/pages\/1761\/revisions\/5960"}],"wp:attachment":[{"href":"https:\/\/www.asemer.ro\/index.php\/wp-json\/wp\/v2\/media?parent=1761"}],"curies":[{"name":"wp","href":"https:\/\/api.w.org\/{rel}","templated":true}]}}