{"id":1768,"date":"2015-11-08T16:31:32","date_gmt":"2015-11-08T14:31:32","guid":{"rendered":"http:\/\/localhost\/?page_id=1768"},"modified":"2024-01-04T15:10:03","modified_gmt":"2024-01-04T13:10:03","slug":"cuotas","status":"publish","type":"page","link":"https:\/\/www.asemer.ro\/index.php\/cuotas\/","title":{"rendered":"Cuotas"},"content":{"rendered":"<p>[vc_row overlay=\u00bbnone\u00bb fullwidth=\u00bbno\u00bb][vc_column width=\u00bb2\/3&#8243; wap_class=\u00bb\u00bb wap_id=\u00bb\u00bb][vc_column_text]<\/p>\n<p style=\"text-align: justify;\"><span style=\"color: #000000;\">Con el fin de adaptarse a la dif\u00edcil situaci\u00f3n econ\u00f3mica actual y acorde a la filosof\u00eda de tratar de convertir a ASEMER en una asociaci\u00f3n al alcance de todos, la actual Junta Directiva ha intentado establecer un sistema de cuotas que no supongan un desembolso importante para los asociados. La Junta Directiva intentara financiar a la Asociaci\u00f3n a trav\u00e9s de otras fuentes de recursos con la idea de convertir las cuotas de los asociados m\u00e1s en un s\u00edmbolo que en la principal fuente de recursos de la Asociaci\u00f3n.<\/span><\/p>\n<p style=\"text-align: justify;\"><span style=\"color: #000000;\">Las cuotas establecidas actualmente se estructuran en funci\u00f3n de que el asociado sea una persona f\u00edsica o una entidad con personalidad jur\u00eddica (sociedad, PFA,\u2026).<\/span><\/p>\n<p style=\"text-align: justify;\"><span style=\"color: #000000;\">Para las personas f\u00edsicas se ha establecido una cuota \u00fanica y fija. Para las personas jur\u00eddicas se ha establecido unas cuotas progresivas directamente proporcionales a la facturaci\u00f3n en Rumania de la persona jur\u00eddica durante el a\u00f1o anterior, que var\u00edan entre un m\u00ednimo de 750 y un m\u00e1ximo de 3.750 lei al a\u00f1o.<\/span><\/p>\n<p style=\"text-align: justify;\"><span style=\"color: #000000;\">As\u00ed las cuotas establecidas son las siguientes:<\/span><\/p>\n<table width=\"530\">\n<tbody>\n<tr>\n<td style=\"text-align: center;\" width=\"80\"><span style=\"color: #000000;\"><strong>Persona<\/strong><\/span><\/td>\n<td width=\"250\">\n<p style=\"text-align: center;\"><span style=\"color: #000000;\"><strong>Facturaci\u00f3n a\u00f1o 2023 (en Euros)<\/strong><\/span><\/p>\n<\/td>\n<td width=\"200\">\n<p style=\"text-align: center;\"><span style=\"color: #000000;\"><strong>Cuota Anual (Lei)<\/strong><\/span><\/p>\n<\/td>\n<\/tr>\n<tr>\n<td style=\"text-align: center;\" width=\"80\"><span style=\"color: #000000;\">F\u00edsica<\/span><\/td>\n<td style=\"text-align: center;\" width=\"250\"><span style=\"color: #000000;\">&#8211;<\/span><\/td>\n<td style=\"text-align: center;\" width=\"200\"><span style=\"color: #000000;\">750<\/span><\/td>\n<\/tr>\n<tr>\n<td style=\"text-align: center;\" rowspan=\"5\" width=\"80\"><span style=\"color: #000000;\">Jur\u00eddica\/PFA<\/span><\/td>\n<td style=\"text-align: center;\" width=\"250\"><span style=\"color: #000000;\">Inferior o igual a 100.000<\/span><\/td>\n<td style=\"text-align: center;\" width=\"200\"><span style=\"color: #000000;\">750<\/span><\/td>\n<\/tr>\n<tr>\n<td style=\"text-align: center;\" width=\"250\"><span style=\"color: #000000;\">Entre 100.001 y 500.000<\/span><\/td>\n<td style=\"text-align: center;\" width=\"200\"><span style=\"color: #000000;\">1.500<\/span><\/td>\n<\/tr>\n<tr>\n<td style=\"text-align: center;\" width=\"250\"><span style=\"color: #000000;\">Entre 500.001 y 1.000.000<\/span><\/td>\n<td style=\"text-align: center;\" width=\"200\"><span style=\"color: #000000;\">2.250<\/span><\/td>\n<\/tr>\n<tr>\n<td style=\"text-align: center;\" width=\"250\"><span style=\"color: #000000;\">Entre 1.000.001 y 5.000.000<\/span><\/td>\n<td style=\"text-align: center;\" width=\"200\"><span style=\"color: #000000;\">3.000<\/span><\/td>\n<\/tr>\n<tr>\n<td style=\"text-align: center;\" width=\"250\"><span style=\"color: #000000;\">Superior a 5.000.001<\/span><\/td>\n<td style=\"text-align: center;\" width=\"200\"><span style=\"color: #000000;\">3.750<\/span><\/td>\n<\/tr>\n<\/tbody>\n<\/table>\n<p>[\/vc_column_text][\/vc_column][vc_column width=\u00bb1\/3&#8243; wap_class=\u00bb\u00bb wap_id=\u00bb\u00bb][vc_column_text]<br \/>\n[\/vc_column_text][\/vc_column][\/vc_row]<\/p>\n","protected":false},"excerpt":{"rendered":"<p>[vc_row overlay=\u00bbnone\u00bb fullwidth=\u00bbno\u00bb][vc_column width=\u00bb2\/3&#8243; wap_class=\u00bb\u00bb wap_id=\u00bb\u00bb][vc_column_text] Con el fin de adaptarse a la dif\u00edcil situaci\u00f3n econ\u00f3mica actual y acorde a [&hellip;]<\/p>\n","protected":false},"author":3,"featured_media":0,"parent":0,"menu_order":1000,"comment_status":"closed","ping_status":"closed","template":"","meta":{"footnotes":""},"class_list":["post-1768","page","type-page","status-publish","hentry"],"yoast_head":"<!-- This site is optimized with the Yoast SEO plugin v27.4 - https:\/\/yoast.com\/product\/yoast-seo-wordpress\/ -->\n<title>Cuotas - ASEMER<\/title>\n<meta name=\"robots\" content=\"index, follow, max-snippet:-1, max-image-preview:large, max-video-preview:-1\" \/>\n<link rel=\"canonical\" href=\"https:\/\/www.asemer.ro\/index.php\/cuotas\/\" \/>\n<meta property=\"og:locale\" content=\"es_ES\" \/>\n<meta property=\"og:type\" content=\"article\" \/>\n<meta property=\"og:title\" content=\"Cuotas - ASEMER\" \/>\n<meta property=\"og:description\" content=\"[vc_row overlay=\u00bbnone\u00bb fullwidth=\u00bbno\u00bb][vc_column width=\u00bb2\/3&#8243; wap_class=\u00bb\u00bb wap_id=\u00bb\u00bb][vc_column_text] Con el fin de adaptarse a la dif\u00edcil situaci\u00f3n econ\u00f3mica actual y acorde a [&hellip;]\" \/>\n<meta property=\"og:url\" content=\"https:\/\/www.asemer.ro\/index.php\/cuotas\/\" \/>\n<meta property=\"og:site_name\" content=\"ASEMER\" \/>\n<meta property=\"article:publisher\" content=\"https:\/\/www.facebook.com\/asociacionasemer\" \/>\n<meta property=\"article:modified_time\" content=\"2024-01-04T13:10:03+00:00\" \/>\n<meta name=\"twitter:card\" content=\"summary_large_image\" \/>\n<meta name=\"twitter:site\" content=\"@asemer_rumania\" \/>\n<meta name=\"twitter:label1\" content=\"Tiempo de lectura\" \/>\n\t<meta name=\"twitter:data1\" content=\"2 minutos\" \/>\n<script type=\"application\/ld+json\" class=\"yoast-schema-graph\">{\"@context\":\"https:\\\/\\\/schema.org\",\"@graph\":[{\"@type\":\"WebPage\",\"@id\":\"https:\\\/\\\/www.asemer.ro\\\/index.php\\\/cuotas\\\/\",\"url\":\"https:\\\/\\\/www.asemer.ro\\\/index.php\\\/cuotas\\\/\",\"name\":\"Cuotas - ASEMER\",\"isPartOf\":{\"@id\":\"https:\\\/\\\/www.asemer.ro\\\/#website\"},\"datePublished\":\"2015-11-08T14:31:32+00:00\",\"dateModified\":\"2024-01-04T13:10:03+00:00\",\"breadcrumb\":{\"@id\":\"https:\\\/\\\/www.asemer.ro\\\/index.php\\\/cuotas\\\/#breadcrumb\"},\"inLanguage\":\"es\",\"potentialAction\":[{\"@type\":\"ReadAction\",\"target\":[\"https:\\\/\\\/www.asemer.ro\\\/index.php\\\/cuotas\\\/\"]}]},{\"@type\":\"BreadcrumbList\",\"@id\":\"https:\\\/\\\/www.asemer.ro\\\/index.php\\\/cuotas\\\/#breadcrumb\",\"itemListElement\":[{\"@type\":\"ListItem\",\"position\":1,\"name\":\"Home\",\"item\":\"https:\\\/\\\/www.asemer.ro\\\/\"},{\"@type\":\"ListItem\",\"position\":2,\"name\":\"Cuotas\"}]},{\"@type\":\"WebSite\",\"@id\":\"https:\\\/\\\/www.asemer.ro\\\/#website\",\"url\":\"https:\\\/\\\/www.asemer.ro\\\/\",\"name\":\"ASEMER\",\"description\":\"Asociaci\u00f3n de Empresas Espa\u00f1olas en Ruman\u00eda\",\"publisher\":{\"@id\":\"https:\\\/\\\/www.asemer.ro\\\/#organization\"},\"potentialAction\":[{\"@type\":\"SearchAction\",\"target\":{\"@type\":\"EntryPoint\",\"urlTemplate\":\"https:\\\/\\\/www.asemer.ro\\\/?s={search_term_string}\"},\"query-input\":{\"@type\":\"PropertyValueSpecification\",\"valueRequired\":true,\"valueName\":\"search_term_string\"}}],\"inLanguage\":\"es\"},{\"@type\":\"Organization\",\"@id\":\"https:\\\/\\\/www.asemer.ro\\\/#organization\",\"name\":\"ASEMER\",\"url\":\"https:\\\/\\\/www.asemer.ro\\\/\",\"logo\":{\"@type\":\"ImageObject\",\"inLanguage\":\"es\",\"@id\":\"https:\\\/\\\/www.asemer.ro\\\/#\\\/schema\\\/logo\\\/image\\\/\",\"url\":\"https:\\\/\\\/www.asemer.ro\\\/wp-content\\\/uploads\\\/2020\\\/12\\\/logo-ASEMER-scaled.jpg\",\"contentUrl\":\"https:\\\/\\\/www.asemer.ro\\\/wp-content\\\/uploads\\\/2020\\\/12\\\/logo-ASEMER-scaled.jpg\",\"width\":2560,\"height\":849,\"caption\":\"ASEMER\"},\"image\":{\"@id\":\"https:\\\/\\\/www.asemer.ro\\\/#\\\/schema\\\/logo\\\/image\\\/\"},\"sameAs\":[\"https:\\\/\\\/www.facebook.com\\\/asociacionasemer\",\"https:\\\/\\\/x.com\\\/asemer_rumania\",\"https:\\\/\\\/ro.linkedin.com\\\/in\\\/asemer-asociaci\u00f3n-empresas-espa\u00f1olas-en-ruman\u00eda-724772a6?trk=author_mini-profile_title\",\"https:\\\/\\\/www.youtube.com\\\/channel\\\/UC73m8-BDsg857OL0Ogv5aQA\\\/videos\"]}]}<\/script>\n<!-- \/ Yoast SEO plugin. -->","yoast_head_json":{"title":"Cuotas - ASEMER","robots":{"index":"index","follow":"follow","max-snippet":"max-snippet:-1","max-image-preview":"max-image-preview:large","max-video-preview":"max-video-preview:-1"},"canonical":"https:\/\/www.asemer.ro\/index.php\/cuotas\/","og_locale":"es_ES","og_type":"article","og_title":"Cuotas - ASEMER","og_description":"[vc_row overlay=\u00bbnone\u00bb fullwidth=\u00bbno\u00bb][vc_column width=\u00bb2\/3&#8243; wap_class=\u00bb\u00bb wap_id=\u00bb\u00bb][vc_column_text] Con el fin de adaptarse a la dif\u00edcil situaci\u00f3n econ\u00f3mica actual y acorde a [&hellip;]","og_url":"https:\/\/www.asemer.ro\/index.php\/cuotas\/","og_site_name":"ASEMER","article_publisher":"https:\/\/www.facebook.com\/asociacionasemer","article_modified_time":"2024-01-04T13:10:03+00:00","twitter_card":"summary_large_image","twitter_site":"@asemer_rumania","twitter_misc":{"Tiempo de lectura":"2 minutos"},"schema":{"@context":"https:\/\/schema.org","@graph":[{"@type":"WebPage","@id":"https:\/\/www.asemer.ro\/index.php\/cuotas\/","url":"https:\/\/www.asemer.ro\/index.php\/cuotas\/","name":"Cuotas - ASEMER","isPartOf":{"@id":"https:\/\/www.asemer.ro\/#website"},"datePublished":"2015-11-08T14:31:32+00:00","dateModified":"2024-01-04T13:10:03+00:00","breadcrumb":{"@id":"https:\/\/www.asemer.ro\/index.php\/cuotas\/#breadcrumb"},"inLanguage":"es","potentialAction":[{"@type":"ReadAction","target":["https:\/\/www.asemer.ro\/index.php\/cuotas\/"]}]},{"@type":"BreadcrumbList","@id":"https:\/\/www.asemer.ro\/index.php\/cuotas\/#breadcrumb","itemListElement":[{"@type":"ListItem","position":1,"name":"Home","item":"https:\/\/www.asemer.ro\/"},{"@type":"ListItem","position":2,"name":"Cuotas"}]},{"@type":"WebSite","@id":"https:\/\/www.asemer.ro\/#website","url":"https:\/\/www.asemer.ro\/","name":"ASEMER","description":"Asociaci\u00f3n de Empresas Espa\u00f1olas en Ruman\u00eda","publisher":{"@id":"https:\/\/www.asemer.ro\/#organization"},"potentialAction":[{"@type":"SearchAction","target":{"@type":"EntryPoint","urlTemplate":"https:\/\/www.asemer.ro\/?s={search_term_string}"},"query-input":{"@type":"PropertyValueSpecification","valueRequired":true,"valueName":"search_term_string"}}],"inLanguage":"es"},{"@type":"Organization","@id":"https:\/\/www.asemer.ro\/#organization","name":"ASEMER","url":"https:\/\/www.asemer.ro\/","logo":{"@type":"ImageObject","inLanguage":"es","@id":"https:\/\/www.asemer.ro\/#\/schema\/logo\/image\/","url":"https:\/\/www.asemer.ro\/wp-content\/uploads\/2020\/12\/logo-ASEMER-scaled.jpg","contentUrl":"https:\/\/www.asemer.ro\/wp-content\/uploads\/2020\/12\/logo-ASEMER-scaled.jpg","width":2560,"height":849,"caption":"ASEMER"},"image":{"@id":"https:\/\/www.asemer.ro\/#\/schema\/logo\/image\/"},"sameAs":["https:\/\/www.facebook.com\/asociacionasemer","https:\/\/x.com\/asemer_rumania","https:\/\/ro.linkedin.com\/in\/asemer-asociaci\u00f3n-empresas-espa\u00f1olas-en-ruman\u00eda-724772a6?trk=author_mini-profile_title","https:\/\/www.youtube.com\/channel\/UC73m8-BDsg857OL0Ogv5aQA\/videos"]}]}},"_links":{"self":[{"href":"https:\/\/www.asemer.ro\/index.php\/wp-json\/wp\/v2\/pages\/1768","targetHints":{"allow":["GET"]}}],"collection":[{"href":"https:\/\/www.asemer.ro\/index.php\/wp-json\/wp\/v2\/pages"}],"about":[{"href":"https:\/\/www.asemer.ro\/index.php\/wp-json\/wp\/v2\/types\/page"}],"author":[{"embeddable":true,"href":"https:\/\/www.asemer.ro\/index.php\/wp-json\/wp\/v2\/users\/3"}],"replies":[{"embeddable":true,"href":"https:\/\/www.asemer.ro\/index.php\/wp-json\/wp\/v2\/comments?post=1768"}],"version-history":[{"count":4,"href":"https:\/\/www.asemer.ro\/index.php\/wp-json\/wp\/v2\/pages\/1768\/revisions"}],"predecessor-version":[{"id":9508,"href":"https:\/\/www.asemer.ro\/index.php\/wp-json\/wp\/v2\/pages\/1768\/revisions\/9508"}],"wp:attachment":[{"href":"https:\/\/www.asemer.ro\/index.php\/wp-json\/wp\/v2\/media?parent=1768"}],"curies":[{"name":"wp","href":"https:\/\/api.w.org\/{rel}","templated":true}]}}