{"id":2272,"date":"2016-01-09T00:51:32","date_gmt":"2016-01-08T22:51:32","guid":{"rendered":"http:\/\/asemer.ro\/v2\/?page_id=2272"},"modified":"2024-09-11T19:04:35","modified_gmt":"2024-09-11T17:04:35","slug":"organigrama","status":"publish","type":"page","link":"https:\/\/www.asemer.ro\/index.php\/que-es-asemer\/organigrama\/","title":{"rendered":"Organigrama"},"content":{"rendered":"<div class=\"wp-block-image is-resized\">\n<figure class=\"aligncenter size-thumbnail\"><img loading=\"lazy\" decoding=\"async\" width=\"150\" height=\"150\" src=\"https:\/\/www.asemer.ro\/wp-content\/uploads\/2020\/12\/favicon-150x150.png\" alt=\"\" class=\"wp-image-4990\" srcset=\"https:\/\/www.asemer.ro\/wp-content\/uploads\/2020\/12\/favicon-150x150.png 150w, https:\/\/www.asemer.ro\/wp-content\/uploads\/2020\/12\/favicon-300x300.png 300w, https:\/\/www.asemer.ro\/wp-content\/uploads\/2020\/12\/favicon-360x360.png 360w, https:\/\/www.asemer.ro\/wp-content\/uploads\/2020\/12\/favicon.png 512w\" sizes=\"auto, (max-width: 150px) 100vw, 150px\" \/><\/figure>\n<\/div>\n\n\n<h2 class=\"wp-block-heading has-text-align-center\">Organigrama de ASEMER<\/h2>\n\n\n\n<p class=\"has-text-align-center\">Asociaci\u00f3n de Empresas Espa\u00f1olas en Ruman\u00eda<\/p>\n\n\n<div class=\"wp-block-image\">\n<figure class=\"aligncenter size-full\"><img loading=\"lazy\" decoding=\"async\" width=\"752\" height=\"578\" src=\"https:\/\/www.asemer.ro\/wp-content\/uploads\/2024\/09\/Organigrama-3-1.jpg\" alt=\"\" class=\"wp-image-11469\" srcset=\"https:\/\/www.asemer.ro\/wp-content\/uploads\/2024\/09\/Organigrama-3-1.jpg 752w, https:\/\/www.asemer.ro\/wp-content\/uploads\/2024\/09\/Organigrama-3-1-300x231.jpg 300w, https:\/\/www.asemer.ro\/wp-content\/uploads\/2024\/09\/Organigrama-3-1-720x553.jpg 720w\" sizes=\"auto, (max-width: 752px) 100vw, 752px\" \/><\/figure>\n<\/div>","protected":false},"excerpt":{"rendered":"<p>Organigrama de ASEMER Asociaci\u00f3n de Empresas Espa\u00f1olas en Ruman\u00eda<\/p>\n","protected":false},"author":3,"featured_media":0,"parent":5910,"menu_order":160,"comment_status":"closed","ping_status":"closed","template":"page-templates\/template_fullwidth.php","meta":{"footnotes":""},"class_list":["post-2272","page","type-page","status-publish","hentry"],"yoast_head":"<!-- This site is optimized with the Yoast SEO plugin v27.4 - https:\/\/yoast.com\/product\/yoast-seo-wordpress\/ -->\n<title>Organigrama - ASEMER<\/title>\n<meta name=\"robots\" content=\"index, follow, max-snippet:-1, max-image-preview:large, max-video-preview:-1\" \/>\n<link rel=\"canonical\" href=\"https:\/\/www.asemer.ro\/index.php\/que-es-asemer\/organigrama\/\" \/>\n<meta property=\"og:locale\" content=\"es_ES\" \/>\n<meta property=\"og:type\" content=\"article\" \/>\n<meta property=\"og:title\" content=\"Organigrama - ASEMER\" \/>\n<meta property=\"og:description\" content=\"Organigrama de ASEMER Asociaci\u00f3n de Empresas Espa\u00f1olas en Ruman\u00eda\" \/>\n<meta property=\"og:url\" content=\"https:\/\/www.asemer.ro\/index.php\/que-es-asemer\/organigrama\/\" \/>\n<meta property=\"og:site_name\" content=\"ASEMER\" \/>\n<meta property=\"article:publisher\" content=\"https:\/\/www.facebook.com\/asociacionasemer\" \/>\n<meta property=\"article:modified_time\" content=\"2024-09-11T17:04:35+00:00\" \/>\n<meta property=\"og:image\" content=\"https:\/\/www.asemer.ro\/wp-content\/uploads\/2020\/12\/favicon-150x150.png\" \/>\n<meta name=\"twitter:card\" content=\"summary_large_image\" \/>\n<meta name=\"twitter:site\" content=\"@asemer_rumania\" \/>\n<meta name=\"twitter:label1\" content=\"Tiempo de lectura\" \/>\n\t<meta name=\"twitter:data1\" content=\"1 minuto\" \/>\n<script type=\"application\/ld+json\" class=\"yoast-schema-graph\">{\"@context\":\"https:\\\/\\\/schema.org\",\"@graph\":[{\"@type\":\"WebPage\",\"@id\":\"https:\\\/\\\/www.asemer.ro\\\/index.php\\\/que-es-asemer\\\/organigrama\\\/\",\"url\":\"https:\\\/\\\/www.asemer.ro\\\/index.php\\\/que-es-asemer\\\/organigrama\\\/\",\"name\":\"Organigrama - ASEMER\",\"isPartOf\":{\"@id\":\"https:\\\/\\\/www.asemer.ro\\\/#website\"},\"primaryImageOfPage\":{\"@id\":\"https:\\\/\\\/www.asemer.ro\\\/index.php\\\/que-es-asemer\\\/organigrama\\\/#primaryimage\"},\"image\":{\"@id\":\"https:\\\/\\\/www.asemer.ro\\\/index.php\\\/que-es-asemer\\\/organigrama\\\/#primaryimage\"},\"thumbnailUrl\":\"https:\\\/\\\/www.asemer.ro\\\/wp-content\\\/uploads\\\/2020\\\/12\\\/favicon-150x150.png\",\"datePublished\":\"2016-01-08T22:51:32+00:00\",\"dateModified\":\"2024-09-11T17:04:35+00:00\",\"breadcrumb\":{\"@id\":\"https:\\\/\\\/www.asemer.ro\\\/index.php\\\/que-es-asemer\\\/organigrama\\\/#breadcrumb\"},\"inLanguage\":\"es\",\"potentialAction\":[{\"@type\":\"ReadAction\",\"target\":[\"https:\\\/\\\/www.asemer.ro\\\/index.php\\\/que-es-asemer\\\/organigrama\\\/\"]}]},{\"@type\":\"ImageObject\",\"inLanguage\":\"es\",\"@id\":\"https:\\\/\\\/www.asemer.ro\\\/index.php\\\/que-es-asemer\\\/organigrama\\\/#primaryimage\",\"url\":\"https:\\\/\\\/www.asemer.ro\\\/wp-content\\\/uploads\\\/2020\\\/12\\\/favicon.png\",\"contentUrl\":\"https:\\\/\\\/www.asemer.ro\\\/wp-content\\\/uploads\\\/2020\\\/12\\\/favicon.png\",\"width\":512,\"height\":513},{\"@type\":\"BreadcrumbList\",\"@id\":\"https:\\\/\\\/www.asemer.ro\\\/index.php\\\/que-es-asemer\\\/organigrama\\\/#breadcrumb\",\"itemListElement\":[{\"@type\":\"ListItem\",\"position\":1,\"name\":\"Home\",\"item\":\"https:\\\/\\\/www.asemer.ro\\\/\"},{\"@type\":\"ListItem\",\"position\":2,\"name\":\"Que es ASEMER\",\"item\":\"https:\\\/\\\/www.asemer.ro\\\/index.php\\\/que-es-asemer\\\/\"},{\"@type\":\"ListItem\",\"position\":3,\"name\":\"Organigrama\"}]},{\"@type\":\"WebSite\",\"@id\":\"https:\\\/\\\/www.asemer.ro\\\/#website\",\"url\":\"https:\\\/\\\/www.asemer.ro\\\/\",\"name\":\"ASEMER\",\"description\":\"Asociaci\u00f3n de Empresas Espa\u00f1olas en Ruman\u00eda\",\"publisher\":{\"@id\":\"https:\\\/\\\/www.asemer.ro\\\/#organization\"},\"potentialAction\":[{\"@type\":\"SearchAction\",\"target\":{\"@type\":\"EntryPoint\",\"urlTemplate\":\"https:\\\/\\\/www.asemer.ro\\\/?s={search_term_string}\"},\"query-input\":{\"@type\":\"PropertyValueSpecification\",\"valueRequired\":true,\"valueName\":\"search_term_string\"}}],\"inLanguage\":\"es\"},{\"@type\":\"Organization\",\"@id\":\"https:\\\/\\\/www.asemer.ro\\\/#organization\",\"name\":\"ASEMER\",\"url\":\"https:\\\/\\\/www.asemer.ro\\\/\",\"logo\":{\"@type\":\"ImageObject\",\"inLanguage\":\"es\",\"@id\":\"https:\\\/\\\/www.asemer.ro\\\/#\\\/schema\\\/logo\\\/image\\\/\",\"url\":\"https:\\\/\\\/www.asemer.ro\\\/wp-content\\\/uploads\\\/2020\\\/12\\\/logo-ASEMER-scaled.jpg\",\"contentUrl\":\"https:\\\/\\\/www.asemer.ro\\\/wp-content\\\/uploads\\\/2020\\\/12\\\/logo-ASEMER-scaled.jpg\",\"width\":2560,\"height\":849,\"caption\":\"ASEMER\"},\"image\":{\"@id\":\"https:\\\/\\\/www.asemer.ro\\\/#\\\/schema\\\/logo\\\/image\\\/\"},\"sameAs\":[\"https:\\\/\\\/www.facebook.com\\\/asociacionasemer\",\"https:\\\/\\\/x.com\\\/asemer_rumania\",\"https:\\\/\\\/ro.linkedin.com\\\/in\\\/asemer-asociaci\u00f3n-empresas-espa\u00f1olas-en-ruman\u00eda-724772a6?trk=author_mini-profile_title\",\"https:\\\/\\\/www.youtube.com\\\/channel\\\/UC73m8-BDsg857OL0Ogv5aQA\\\/videos\"]}]}<\/script>\n<!-- \/ Yoast SEO plugin. -->","yoast_head_json":{"title":"Organigrama - ASEMER","robots":{"index":"index","follow":"follow","max-snippet":"max-snippet:-1","max-image-preview":"max-image-preview:large","max-video-preview":"max-video-preview:-1"},"canonical":"https:\/\/www.asemer.ro\/index.php\/que-es-asemer\/organigrama\/","og_locale":"es_ES","og_type":"article","og_title":"Organigrama - ASEMER","og_description":"Organigrama de ASEMER Asociaci\u00f3n de Empresas Espa\u00f1olas en Ruman\u00eda","og_url":"https:\/\/www.asemer.ro\/index.php\/que-es-asemer\/organigrama\/","og_site_name":"ASEMER","article_publisher":"https:\/\/www.facebook.com\/asociacionasemer","article_modified_time":"2024-09-11T17:04:35+00:00","og_image":[{"url":"https:\/\/www.asemer.ro\/wp-content\/uploads\/2020\/12\/favicon-150x150.png","type":"","width":"","height":""}],"twitter_card":"summary_large_image","twitter_site":"@asemer_rumania","twitter_misc":{"Tiempo de lectura":"1 minuto"},"schema":{"@context":"https:\/\/schema.org","@graph":[{"@type":"WebPage","@id":"https:\/\/www.asemer.ro\/index.php\/que-es-asemer\/organigrama\/","url":"https:\/\/www.asemer.ro\/index.php\/que-es-asemer\/organigrama\/","name":"Organigrama - ASEMER","isPartOf":{"@id":"https:\/\/www.asemer.ro\/#website"},"primaryImageOfPage":{"@id":"https:\/\/www.asemer.ro\/index.php\/que-es-asemer\/organigrama\/#primaryimage"},"image":{"@id":"https:\/\/www.asemer.ro\/index.php\/que-es-asemer\/organigrama\/#primaryimage"},"thumbnailUrl":"https:\/\/www.asemer.ro\/wp-content\/uploads\/2020\/12\/favicon-150x150.png","datePublished":"2016-01-08T22:51:32+00:00","dateModified":"2024-09-11T17:04:35+00:00","breadcrumb":{"@id":"https:\/\/www.asemer.ro\/index.php\/que-es-asemer\/organigrama\/#breadcrumb"},"inLanguage":"es","potentialAction":[{"@type":"ReadAction","target":["https:\/\/www.asemer.ro\/index.php\/que-es-asemer\/organigrama\/"]}]},{"@type":"ImageObject","inLanguage":"es","@id":"https:\/\/www.asemer.ro\/index.php\/que-es-asemer\/organigrama\/#primaryimage","url":"https:\/\/www.asemer.ro\/wp-content\/uploads\/2020\/12\/favicon.png","contentUrl":"https:\/\/www.asemer.ro\/wp-content\/uploads\/2020\/12\/favicon.png","width":512,"height":513},{"@type":"BreadcrumbList","@id":"https:\/\/www.asemer.ro\/index.php\/que-es-asemer\/organigrama\/#breadcrumb","itemListElement":[{"@type":"ListItem","position":1,"name":"Home","item":"https:\/\/www.asemer.ro\/"},{"@type":"ListItem","position":2,"name":"Que es ASEMER","item":"https:\/\/www.asemer.ro\/index.php\/que-es-asemer\/"},{"@type":"ListItem","position":3,"name":"Organigrama"}]},{"@type":"WebSite","@id":"https:\/\/www.asemer.ro\/#website","url":"https:\/\/www.asemer.ro\/","name":"ASEMER","description":"Asociaci\u00f3n de Empresas Espa\u00f1olas en Ruman\u00eda","publisher":{"@id":"https:\/\/www.asemer.ro\/#organization"},"potentialAction":[{"@type":"SearchAction","target":{"@type":"EntryPoint","urlTemplate":"https:\/\/www.asemer.ro\/?s={search_term_string}"},"query-input":{"@type":"PropertyValueSpecification","valueRequired":true,"valueName":"search_term_string"}}],"inLanguage":"es"},{"@type":"Organization","@id":"https:\/\/www.asemer.ro\/#organization","name":"ASEMER","url":"https:\/\/www.asemer.ro\/","logo":{"@type":"ImageObject","inLanguage":"es","@id":"https:\/\/www.asemer.ro\/#\/schema\/logo\/image\/","url":"https:\/\/www.asemer.ro\/wp-content\/uploads\/2020\/12\/logo-ASEMER-scaled.jpg","contentUrl":"https:\/\/www.asemer.ro\/wp-content\/uploads\/2020\/12\/logo-ASEMER-scaled.jpg","width":2560,"height":849,"caption":"ASEMER"},"image":{"@id":"https:\/\/www.asemer.ro\/#\/schema\/logo\/image\/"},"sameAs":["https:\/\/www.facebook.com\/asociacionasemer","https:\/\/x.com\/asemer_rumania","https:\/\/ro.linkedin.com\/in\/asemer-asociaci\u00f3n-empresas-espa\u00f1olas-en-ruman\u00eda-724772a6?trk=author_mini-profile_title","https:\/\/www.youtube.com\/channel\/UC73m8-BDsg857OL0Ogv5aQA\/videos"]}]}},"_links":{"self":[{"href":"https:\/\/www.asemer.ro\/index.php\/wp-json\/wp\/v2\/pages\/2272","targetHints":{"allow":["GET"]}}],"collection":[{"href":"https:\/\/www.asemer.ro\/index.php\/wp-json\/wp\/v2\/pages"}],"about":[{"href":"https:\/\/www.asemer.ro\/index.php\/wp-json\/wp\/v2\/types\/page"}],"author":[{"embeddable":true,"href":"https:\/\/www.asemer.ro\/index.php\/wp-json\/wp\/v2\/users\/3"}],"replies":[{"embeddable":true,"href":"https:\/\/www.asemer.ro\/index.php\/wp-json\/wp\/v2\/comments?post=2272"}],"version-history":[{"count":12,"href":"https:\/\/www.asemer.ro\/index.php\/wp-json\/wp\/v2\/pages\/2272\/revisions"}],"predecessor-version":[{"id":11470,"href":"https:\/\/www.asemer.ro\/index.php\/wp-json\/wp\/v2\/pages\/2272\/revisions\/11470"}],"up":[{"embeddable":true,"href":"https:\/\/www.asemer.ro\/index.php\/wp-json\/wp\/v2\/pages\/5910"}],"wp:attachment":[{"href":"https:\/\/www.asemer.ro\/index.php\/wp-json\/wp\/v2\/media?parent=2272"}],"curies":[{"name":"wp","href":"https:\/\/api.w.org\/{rel}","templated":true}]}}