{"id":2309,"date":"2016-01-09T21:24:26","date_gmt":"2016-01-09T19:24:26","guid":{"rendered":"http:\/\/asemer.ro\/v2\/?page_id=2309&#038;lang=ro"},"modified":"2021-04-13T09:17:16","modified_gmt":"2021-04-13T07:17:16","slug":"adunarea-generala","status":"publish","type":"page","link":"https:\/\/www.asemer.ro\/index.php\/adunarea-generala\/","title":{"rendered":"Adunarea General\u0103"},"content":{"rendered":"<p>[vc_row overlay=\u00bbnone\u00bb fullwidth=\u00bbno\u00bb][vc_column width=\u00bb2\/3&#8243; wap_class=\u00bb\u00bb wap_id=\u00bb\u00bb][vc_column_text]<\/p>\n<h3 style=\"text-align: justify;\"><span style=\"color: #000000;\"><strong>Adunarea General\u0103<\/strong><\/span><\/h3>\n<p style=\"text-align: justify;\"><span style=\"color: #000000;\">Adunarea General\u0103 este\u00a0organul suprem de conducere al Asocia\u021biei \u0219i este format\u0103 din totalitatea asocia\u021bilor. Hot\u0103r\u00e2rile acestora, adoptate \u00een mod legal, sunt obligatorii pentru to\u021bi membrii acesteia, put\u00e2nd recurge \u00een orice moment la posibilele drepturi de contestare.<\/span><\/p>\n<p style=\"text-align: justify;\"><span style=\"color: #000000;\">Plenul Adun\u0103rii Generale va fi constituit prin totalitatea asocia\u021bilor din ASEMER ca membri cu drepturi depline. Adunarea General\u0103 a Asocia\u021bilor va putea fi convocat\u0103 cu caracter ordinar sau extraordinar.<\/span><\/p>\n<p style=\"text-align: justify;\"><span style=\"color: #000000;\">Adunarea General\u0103 Ordinar\u0103 se va \u00eentruni obligatoriu o dat\u0103 pe an, \u00een primul semestru din fiecare exerci\u021biu, pentru a se informa cu privire la gestionarea Asocia\u021biei, pentru a aproba veniturile \u0219i cheltuielile din exerci\u021biul financiar anterior, precum \u0219i pentru a aproba bugetul, \u0219i a defini traiectoria pe care ASEMER trebuie s\u0103 o urmeze \u00een exerci\u021biul \u00een curs.<\/span><\/p>\n<p style=\"text-align: justify;\"><span style=\"color: #000000;\">Adunarea Extraordinar\u0103 se va \u00eentruni de fiecare dat\u0103 c\u00e2nd consider\u0103 necesar Consiliul Director, sau c\u00e2nd solicit\u0103 acest lucru asocia\u021bii cu drept de vot care reprezint\u0103 cel pu\u021bin dou\u0103zeci \u0219i cinci la suta\u00a0 (25 %) din totalul asocia\u021bilor \u00eenscri\u0219i av\u00e2nd acest drept. Respectiva solicitare trebuie adresat\u0103 Consiliului Director \u0219i va specifica ordinea de zi \u0219i subiectele care vor fi tratate.<\/span><\/p>\n<p style=\"text-align: justify;\"><span style=\"color: #000000;\">Consiliul Director va convoca Adunarea Extraordinar\u0103 solicitat\u0103, pentru ca aceasta s\u0103 aib\u0103 loc \u00een termen de maximum treizeci de zile lucr\u0103toare din momentul \u00een care Consiliul Director a primit solicitarea de convocare.<\/span><\/p>\n<p style=\"text-align: justify;\"><span style=\"color: #000000;\">Adunarea General\u0103 a Asocia\u021bilor, at\u00e2t ordinar\u0103 c\u00e2t \u0219i extraordinar\u0103, va fi convocat\u0103 de Pre\u0219edintele Asocia\u021biei printr-o notificare transmis\u0103 tuturor asocia\u021bilor cu cel pu\u021bin 15 zile lucr\u0103toare \u00eenainte de data la care va avea loc, fiind specificate ziua, ora \u0219i locul \u00een care se va desf\u0103\u0219ura, at\u00e2t \u00een prima convocare c\u00e2t \u0219i \u00een a doua, \u0219i ordinea de zi care va fi pus\u0103 \u00een discu\u021bie.<\/span><\/p>\n<p style=\"text-align: justify;\"><span style=\"color: #000000;\">Ordinea de zi va fi stabilit\u0103 de Consiliul Director. \u00cen cazul \u00eentrunirilor extraordinare, solicitate \u00een mod obligatoriu, se vor men\u021biona punctele de pe ordinea de zi propuse de cei care au solicitat convocarea.\u00a0\u00a0<\/span><\/p>\n<p style=\"text-align: justify;\"><span style=\"color: #000000;\">Vor putea participa la Adunarea General\u0103 to\u021bi membrii Asocia\u021biei, \u00eens\u0103 vor avea drept de vot doar acei asocia\u021bi care de\u021bin acest drept conform condi\u021biilor stabilite \u00een prezentul Statut.\u00a0<\/span><\/p>\n<p style=\"text-align: justify;\"><span style=\"color: #000000;\">Adunarea General\u0103 a Asocia\u021bilor nu va putea trata mai multe subiecte dec\u00e2t cele semnalate pe ordinea de zi stabilit\u0103 \u00een convocare. Dac\u0103 vreunul dintre asocia\u021bi consider\u0103 necesar s\u0103 aduc\u0103 \u00een discu\u021bie \u00een fa\u021ba Adun\u0103rii Generale un subiect care nu a fost prev\u0103zut pe ordinea de zi corespunz\u0103toare, va trebui s\u0103 adreseze Consiliului Director o solicitare de includere a acestui subiect,\u00a0 iar acesta va stabili dac\u0103 se da curs solicit\u0103rii depuse, sau dimpotriv\u0103 se am\u00e2n\u0103 tratarea subiectului pentru urm\u0103toarea sesiune a Adun\u0103rii.\u00a0<\/span><\/p>\n<p style=\"text-align: justify;\"><span style=\"color: #000000;\">Pentru ca Adunarea General\u0103 a Asocia\u021bilor s\u0103 fie constituit\u0103 \u00een mod legal la prima convocare, va fi necesar\u0103 prezen\u021ba a jum\u0103tate plus unu din membrii titulari ai Asocia\u021biei.<\/span><\/p>\n<p style=\"text-align: justify;\"><span style=\"color: #000000;\">A doua convocare a Adun\u0103rii Generale a Asocia\u021bilor, care se va efectua treizeci de minute dup\u0103 ora la care a fost anun\u021bat\u0103 prima convocare, \u00een aceea\u0219i zi \u0219i \u00een acela\u0219i loc, se va considera constituit\u0103 \u00een mod legal indiferent de num\u0103rul asocia\u021bilor prezen\u021bi.<\/span><\/p>\n<p style=\"text-align: justify;\"><span style=\"color: #000000;\">Participan\u021bii se vor identifica prin documentul na\u021bional de identitate sau pa\u0219aport.<\/span><\/p>\n<p style=\"text-align: justify;\"><span style=\"color: #000000;\">Pre\u0219edintele Adun\u0103rii Generale a Asocia\u021bilor va fi acela\u0219i cu cel care ocup\u0103 aceast\u0103 pozi\u021bie \u00een Consiliul Director, \u0219i \u00een absen\u021ba acestuia, func\u021bia va fi preluat\u0103 de Prim Vicepre\u0219edinte. \u00cen absen\u021ba am\u00e2ndurora, Consiliului Director \u00eei va reveni responsabilitatea de a desemna Pre\u0219edintele Adun\u0103rii Generale. Pre\u0219edintelui \u00eei va reveni rolul de a da cuv\u00e2ntul celui care \u00eel solicit\u0103, de a conduce discu\u021biile \u0219i de a asigura corecta desf\u0103\u0219urare a sesiunii.<\/span><\/p>\n<p style=\"text-align: justify;\"><span style=\"color: #000000;\">Va ac\u021biona \u00een calitate de\u00a0Secretar al Adun\u0103rii Generale a Asocia\u021bilor Prim Vicepre\u0219edintele sau Vicepre\u0219edintele Secund, \u0219i \u00een absen\u021ba acestora va fi desemnat un alt membru al Consiliului, care va \u00eentocmi procesul verbal al sesiunii realizate, care va putea fi aprobat \u00een continuare \u00een sesiunea respectiv\u0103 sau \u00een urm\u0103toarea \u0219edin\u021b\u0103. Hot\u0103r\u00e2rile cuprinse \u00een procesul verbal vor fi obligatorii din acela\u0219i moment al adopt\u0103rii acestora de c\u0103tre Adunare. Procesele verbale ale Adun\u0103rii Generale vor fi adnotate \u00eentr-un registru de procese verbale.\u00a0 Procesele verbale vor trebui semnate de Pre\u0219edinte \u0219i de doi Membri ai Consiliului Director.<\/span><\/p>\n<p style=\"text-align: justify;\"><span style=\"color: #000000;\">Hot\u0103r\u00e2rile Adun\u0103rii Generale a Asocia\u021bilor se vor adopta prin vot, prin majoritate simpl\u0103; \u00een caz de egalitate de voturi, votul Pre\u0219edintelui va fi decisiv.<\/span><\/p>\n<p style=\"text-align: justify;\"><span style=\"color: #000000;\">Votul legal al unui membru care nu se afl\u0103 prezent va putea fi delegat unui alt asociat care de\u021bine, la r\u00e2ndul s\u0103u, drept de vot \u00een Adunare conform prezentului Statut.<\/span><\/p>\n<p style=\"text-align: justify;\">Exercitarea dreptului la vot va putea fi delegat doar \u00een scris unui alt asociat al ASEMER.<\/p>\n<p style=\"text-align: justify;\"><span style=\"color: #000000;\">Competen\u021be ale Adun\u0103rii Generale:<\/span><\/p>\n<ul>\n<li>Modificarea Statutului;<\/li>\n<li style=\"text-align: justify;\"><span style=\"color: #000000;\">Stabilirea strategiei \u0219i obiectivelor generale ale Asocia\u021biei;<\/span><\/li>\n<li style=\"text-align: justify;\"><span style=\"color: #000000;\">Aprobarea bugetului de venituri \u0219i cheltuieli, balan\u021bei contabile \u0219i lichid\u0103rii pl\u0103\u021bilor;<\/span><\/li>\n<li style=\"text-align: justify;\"><span style=\"color: #000000;\">Aprobarea constituirii de filiale;<\/span><\/li>\n<li style=\"text-align: justify;\"><span style=\"color: #000000;\">Adoptarea hot\u0103r\u00e2rilor privind reprezentarea, gestionarea \u0219i protejarea intereselor membrilor acesteia;<\/span><\/li>\n<li style=\"text-align: justify;\"><span style=\"color: #000000;\">Numirea \u0219i revocarea mandatului membrilor Consiliului Director, \u0219i a cenzorului sau membrilor comisiei de control;<\/span><\/li>\n<li style=\"text-align: justify;\"><span style=\"color: #000000;\">Informarea privind gestionarea ac\u021biunilor realizate de Consiliul Director\u00a0\u0219i aprobarea Raportului Anual de Activit\u0103\u021bi;<\/span><\/li>\n<li style=\"text-align: justify;\"><span style=\"color: #000000;\">Aprobarea sumelor extraordinare;<\/span><\/li>\n<li style=\"text-align: justify;\"><span style=\"color: #000000;\">Aprobarea \u0219i modificarea Statutului, Actului Constitutiv \u0219i regulamentelor conform dispozi\u021biilor legisla\u021biei \u00een vigoare;<\/span><\/li>\n<li style=\"text-align: justify;\"><span style=\"color: #000000;\">Dizolvarea \u0219i lichidarea Asocia\u021biei;<\/span><\/li>\n<li style=\"text-align: justify;\"><span style=\"color: #000000;\">Orice alte atribu\u021bii prev\u0103zute de lege sau de statut.<\/span><\/li>\n<\/ul>\n<p>[\/vc_column_text][\/vc_column][vc_column width=\u00bb1\/3&#8243; wap_class=\u00bb\u00bb wap_id=\u00bb\u00bb][vc_column_text]<br \/>\n[\/vc_column_text][\/vc_column][\/vc_row]<\/p>\n","protected":false},"excerpt":{"rendered":"<p>[vc_row overlay=\u00bbnone\u00bb fullwidth=\u00bbno\u00bb][vc_column width=\u00bb2\/3&#8243; wap_class=\u00bb\u00bb wap_id=\u00bb\u00bb][vc_column_text] Adunarea General\u0103 Adunarea General\u0103 este\u00a0organul suprem de conducere al Asocia\u021biei \u0219i este format\u0103 din [&hellip;]<\/p>\n","protected":false},"author":3,"featured_media":0,"parent":0,"menu_order":1000,"comment_status":"closed","ping_status":"closed","template":"","meta":{"footnotes":""},"class_list":["post-2309","page","type-page","status-publish","hentry"],"yoast_head":"<!-- This site is optimized with the Yoast SEO plugin v27.4 - https:\/\/yoast.com\/product\/yoast-seo-wordpress\/ -->\n<title>Adunarea General\u0103 - ASEMER<\/title>\n<meta name=\"robots\" content=\"index, follow, max-snippet:-1, max-image-preview:large, max-video-preview:-1\" \/>\n<link rel=\"canonical\" href=\"https:\/\/www.asemer.ro\/index.php\/adunarea-generala\/\" \/>\n<meta property=\"og:locale\" content=\"es_ES\" \/>\n<meta property=\"og:type\" content=\"article\" \/>\n<meta property=\"og:title\" content=\"Adunarea General\u0103 - ASEMER\" \/>\n<meta property=\"og:description\" content=\"[vc_row overlay=\u00bbnone\u00bb fullwidth=\u00bbno\u00bb][vc_column width=\u00bb2\/3&#8243; wap_class=\u00bb\u00bb wap_id=\u00bb\u00bb][vc_column_text] Adunarea General\u0103 Adunarea General\u0103 este\u00a0organul suprem de conducere al Asocia\u021biei \u0219i este format\u0103 din [&hellip;]\" \/>\n<meta property=\"og:url\" content=\"https:\/\/www.asemer.ro\/index.php\/adunarea-generala\/\" \/>\n<meta property=\"og:site_name\" content=\"ASEMER\" \/>\n<meta property=\"article:publisher\" content=\"https:\/\/www.facebook.com\/asociacionasemer\" \/>\n<meta property=\"article:modified_time\" content=\"2021-04-13T07:17:16+00:00\" \/>\n<meta name=\"twitter:card\" content=\"summary_large_image\" \/>\n<meta name=\"twitter:site\" content=\"@asemer_rumania\" \/>\n<meta name=\"twitter:label1\" content=\"Tiempo de lectura\" \/>\n\t<meta name=\"twitter:data1\" content=\"5 minutos\" \/>\n<script type=\"application\/ld+json\" class=\"yoast-schema-graph\">{\"@context\":\"https:\\\/\\\/schema.org\",\"@graph\":[{\"@type\":\"WebPage\",\"@id\":\"https:\\\/\\\/www.asemer.ro\\\/index.php\\\/adunarea-generala\\\/\",\"url\":\"https:\\\/\\\/www.asemer.ro\\\/index.php\\\/adunarea-generala\\\/\",\"name\":\"Adunarea General\u0103 - ASEMER\",\"isPartOf\":{\"@id\":\"https:\\\/\\\/www.asemer.ro\\\/#website\"},\"datePublished\":\"2016-01-09T19:24:26+00:00\",\"dateModified\":\"2021-04-13T07:17:16+00:00\",\"breadcrumb\":{\"@id\":\"https:\\\/\\\/www.asemer.ro\\\/index.php\\\/adunarea-generala\\\/#breadcrumb\"},\"inLanguage\":\"es\",\"potentialAction\":[{\"@type\":\"ReadAction\",\"target\":[\"https:\\\/\\\/www.asemer.ro\\\/index.php\\\/adunarea-generala\\\/\"]}]},{\"@type\":\"BreadcrumbList\",\"@id\":\"https:\\\/\\\/www.asemer.ro\\\/index.php\\\/adunarea-generala\\\/#breadcrumb\",\"itemListElement\":[{\"@type\":\"ListItem\",\"position\":1,\"name\":\"Home\",\"item\":\"https:\\\/\\\/www.asemer.ro\\\/\"},{\"@type\":\"ListItem\",\"position\":2,\"name\":\"Adunarea General\u0103\"}]},{\"@type\":\"WebSite\",\"@id\":\"https:\\\/\\\/www.asemer.ro\\\/#website\",\"url\":\"https:\\\/\\\/www.asemer.ro\\\/\",\"name\":\"ASEMER\",\"description\":\"Asociaci\u00f3n de Empresas Espa\u00f1olas en Ruman\u00eda\",\"publisher\":{\"@id\":\"https:\\\/\\\/www.asemer.ro\\\/#organization\"},\"potentialAction\":[{\"@type\":\"SearchAction\",\"target\":{\"@type\":\"EntryPoint\",\"urlTemplate\":\"https:\\\/\\\/www.asemer.ro\\\/?s={search_term_string}\"},\"query-input\":{\"@type\":\"PropertyValueSpecification\",\"valueRequired\":true,\"valueName\":\"search_term_string\"}}],\"inLanguage\":\"es\"},{\"@type\":\"Organization\",\"@id\":\"https:\\\/\\\/www.asemer.ro\\\/#organization\",\"name\":\"ASEMER\",\"url\":\"https:\\\/\\\/www.asemer.ro\\\/\",\"logo\":{\"@type\":\"ImageObject\",\"inLanguage\":\"es\",\"@id\":\"https:\\\/\\\/www.asemer.ro\\\/#\\\/schema\\\/logo\\\/image\\\/\",\"url\":\"https:\\\/\\\/www.asemer.ro\\\/wp-content\\\/uploads\\\/2020\\\/12\\\/logo-ASEMER-scaled.jpg\",\"contentUrl\":\"https:\\\/\\\/www.asemer.ro\\\/wp-content\\\/uploads\\\/2020\\\/12\\\/logo-ASEMER-scaled.jpg\",\"width\":2560,\"height\":849,\"caption\":\"ASEMER\"},\"image\":{\"@id\":\"https:\\\/\\\/www.asemer.ro\\\/#\\\/schema\\\/logo\\\/image\\\/\"},\"sameAs\":[\"https:\\\/\\\/www.facebook.com\\\/asociacionasemer\",\"https:\\\/\\\/x.com\\\/asemer_rumania\",\"https:\\\/\\\/ro.linkedin.com\\\/in\\\/asemer-asociaci\u00f3n-empresas-espa\u00f1olas-en-ruman\u00eda-724772a6?trk=author_mini-profile_title\",\"https:\\\/\\\/www.youtube.com\\\/channel\\\/UC73m8-BDsg857OL0Ogv5aQA\\\/videos\"]}]}<\/script>\n<!-- \/ Yoast SEO plugin. -->","yoast_head_json":{"title":"Adunarea General\u0103 - ASEMER","robots":{"index":"index","follow":"follow","max-snippet":"max-snippet:-1","max-image-preview":"max-image-preview:large","max-video-preview":"max-video-preview:-1"},"canonical":"https:\/\/www.asemer.ro\/index.php\/adunarea-generala\/","og_locale":"es_ES","og_type":"article","og_title":"Adunarea General\u0103 - ASEMER","og_description":"[vc_row overlay=\u00bbnone\u00bb fullwidth=\u00bbno\u00bb][vc_column width=\u00bb2\/3&#8243; wap_class=\u00bb\u00bb wap_id=\u00bb\u00bb][vc_column_text] Adunarea General\u0103 Adunarea General\u0103 este\u00a0organul suprem de conducere al Asocia\u021biei \u0219i este format\u0103 din [&hellip;]","og_url":"https:\/\/www.asemer.ro\/index.php\/adunarea-generala\/","og_site_name":"ASEMER","article_publisher":"https:\/\/www.facebook.com\/asociacionasemer","article_modified_time":"2021-04-13T07:17:16+00:00","twitter_card":"summary_large_image","twitter_site":"@asemer_rumania","twitter_misc":{"Tiempo de lectura":"5 minutos"},"schema":{"@context":"https:\/\/schema.org","@graph":[{"@type":"WebPage","@id":"https:\/\/www.asemer.ro\/index.php\/adunarea-generala\/","url":"https:\/\/www.asemer.ro\/index.php\/adunarea-generala\/","name":"Adunarea General\u0103 - ASEMER","isPartOf":{"@id":"https:\/\/www.asemer.ro\/#website"},"datePublished":"2016-01-09T19:24:26+00:00","dateModified":"2021-04-13T07:17:16+00:00","breadcrumb":{"@id":"https:\/\/www.asemer.ro\/index.php\/adunarea-generala\/#breadcrumb"},"inLanguage":"es","potentialAction":[{"@type":"ReadAction","target":["https:\/\/www.asemer.ro\/index.php\/adunarea-generala\/"]}]},{"@type":"BreadcrumbList","@id":"https:\/\/www.asemer.ro\/index.php\/adunarea-generala\/#breadcrumb","itemListElement":[{"@type":"ListItem","position":1,"name":"Home","item":"https:\/\/www.asemer.ro\/"},{"@type":"ListItem","position":2,"name":"Adunarea General\u0103"}]},{"@type":"WebSite","@id":"https:\/\/www.asemer.ro\/#website","url":"https:\/\/www.asemer.ro\/","name":"ASEMER","description":"Asociaci\u00f3n de Empresas Espa\u00f1olas en Ruman\u00eda","publisher":{"@id":"https:\/\/www.asemer.ro\/#organization"},"potentialAction":[{"@type":"SearchAction","target":{"@type":"EntryPoint","urlTemplate":"https:\/\/www.asemer.ro\/?s={search_term_string}"},"query-input":{"@type":"PropertyValueSpecification","valueRequired":true,"valueName":"search_term_string"}}],"inLanguage":"es"},{"@type":"Organization","@id":"https:\/\/www.asemer.ro\/#organization","name":"ASEMER","url":"https:\/\/www.asemer.ro\/","logo":{"@type":"ImageObject","inLanguage":"es","@id":"https:\/\/www.asemer.ro\/#\/schema\/logo\/image\/","url":"https:\/\/www.asemer.ro\/wp-content\/uploads\/2020\/12\/logo-ASEMER-scaled.jpg","contentUrl":"https:\/\/www.asemer.ro\/wp-content\/uploads\/2020\/12\/logo-ASEMER-scaled.jpg","width":2560,"height":849,"caption":"ASEMER"},"image":{"@id":"https:\/\/www.asemer.ro\/#\/schema\/logo\/image\/"},"sameAs":["https:\/\/www.facebook.com\/asociacionasemer","https:\/\/x.com\/asemer_rumania","https:\/\/ro.linkedin.com\/in\/asemer-asociaci\u00f3n-empresas-espa\u00f1olas-en-ruman\u00eda-724772a6?trk=author_mini-profile_title","https:\/\/www.youtube.com\/channel\/UC73m8-BDsg857OL0Ogv5aQA\/videos"]}]}},"_links":{"self":[{"href":"https:\/\/www.asemer.ro\/index.php\/wp-json\/wp\/v2\/pages\/2309","targetHints":{"allow":["GET"]}}],"collection":[{"href":"https:\/\/www.asemer.ro\/index.php\/wp-json\/wp\/v2\/pages"}],"about":[{"href":"https:\/\/www.asemer.ro\/index.php\/wp-json\/wp\/v2\/types\/page"}],"author":[{"embeddable":true,"href":"https:\/\/www.asemer.ro\/index.php\/wp-json\/wp\/v2\/users\/3"}],"replies":[{"embeddable":true,"href":"https:\/\/www.asemer.ro\/index.php\/wp-json\/wp\/v2\/comments?post=2309"}],"version-history":[{"count":1,"href":"https:\/\/www.asemer.ro\/index.php\/wp-json\/wp\/v2\/pages\/2309\/revisions"}],"predecessor-version":[{"id":5938,"href":"https:\/\/www.asemer.ro\/index.php\/wp-json\/wp\/v2\/pages\/2309\/revisions\/5938"}],"wp:attachment":[{"href":"https:\/\/www.asemer.ro\/index.php\/wp-json\/wp\/v2\/media?parent=2309"}],"curies":[{"name":"wp","href":"https:\/\/api.w.org\/{rel}","templated":true}]}}