{"id":2332,"date":"2016-01-09T22:06:20","date_gmt":"2016-01-09T20:06:20","guid":{"rendered":"http:\/\/asemer.ro\/v2\/?page_id=2332&#038;lang=ro"},"modified":"2021-04-13T09:28:38","modified_gmt":"2021-04-13T07:28:38","slug":"tipuri-de-evenimente","status":"publish","type":"page","link":"https:\/\/www.asemer.ro\/index.php\/tipuri-de-evenimente\/","title":{"rendered":"Tipuri de evenimente"},"content":{"rendered":"<p>[vc_row overlay=\u00bbnone\u00bb fullwidth=\u00bbno\u00bb][vc_column width=\u00bb2\/3&#8243; wap_class=\u00bb\u00bb wap_id=\u00bb\u00bb][vc_column_text]<\/p>\n<h4 style=\"text-align: justify;\"><span style=\"color: #000000;\"><strong>Activit\u0103\u021bile prev\u0103zute \u00een statutul ASEMER sunt foarte ample \u0219i ambi\u021bioase<\/strong><\/span><\/h4>\n<p style=\"text-align: justify;\"><span style=\"color: #000000;\">Stabilirea \u0219i realizarea acestora sunt \u00een str\u00e2ns\u0103 corela\u021bie cu capacitatea financiar\u0103 \u0219i cu resursele Asocia\u021biei, precum \u0219i cu implicarea \u0219i participarea membrilor acesteia \u0219i a Consiliului Director.<\/span><\/p>\n<p>[\/vc_column_text][vc_accordion collapsible=\u00bb\u00bb disable_keyboard=\u00bb\u00bb active_tab=\u00bbfalse\u00bb][vc_accordion_tab title=\u00bbSesiuni de Networking\u00bb][vc_column_text]<\/p>\n<h5 style=\"text-align: justify;\"><span style=\"color: #000000;\">Ce este sesiunea de Networking?<\/span><\/h5>\n<ul style=\"text-align: justify;\">\n<li><span style=\"color: #000000;\">Conceptul de Networking se afl\u0103 ast\u0103zi pe buzele tuturor \u0219i practic la toate nivelurile, dar \u201cCe se \u00een\u021belege prin sesiunea de networking?\u201d. \u00cen ziua de ast\u0103zi, speciali\u0219tii \u00een\u021beleg acest termen ca \u201cre\u021bea de contacte\u201d iar\u00a0 \u201ca face networking\u201d este echivalent \u201cparticip\u0103rii la activit\u0103\u021bi \u0219i evenimente cu scopul extinderii re\u021belei de contacte profesionale \u0219i pentru a c\u0103uta oportunit\u0103\u021bi de afaceri\u201d.<\/span><\/li>\n<li><span style=\"color: #000000;\">Traducerea ad literam a termenului \u201dnetworking\u201d ar fi \u201csa lucrezi re\u021beaua proprie de contacte\u201d.<\/span><\/li>\n<li><span style=\"color: #000000;\">Pe scurt, baza networking-ului este construirea de\u00a0rela\u021bii cu oameni din acela\u0219i mediu profesional, care doresc sa fac\u0103 afaceri cu dvs. sau cu care ve\u021bi putea face afaceri \u00een viitor, \u00eentr-un fel sau altul.<\/span><\/li>\n<li><span style=\"color: #000000;\">Este,\u00a0 \u00eentr-o anumit\u0103 m\u0103sur\u0103, o form\u0103 de v\u00e2nzare personal\u0103. Trebuie s\u0103 v\u0103 face\u021bi cunoscu\u021bi, s\u0103 prezenta\u021bi specializarea pe care o ave\u021bi \u0219i avantajele companiei pentru care lucra\u021bi, pentru a putea primi mai multe solicit\u0103ri de informa\u021bii din partea contactelor pe care le ave\u021bi \u0219i pentru a le c\u00e2\u0219tiga \u00eencrederea. Networking-ul se bazeaz\u0103, de asemenea, pe generarea notoriet\u0103\u021bii, s\u0103 v\u0103 face\u021bi cunoscu\u021bi, s\u0103 fi\u021bi o buna referin\u021b\u0103 pentru a\u00a0fi recomandat altor persoane de c\u0103tre contactele dvs.<\/span><\/li>\n<\/ul>\n<p style=\"text-align: justify;\"><span style=\"color: #000000;\">Asocia\u021bii vor fi informa\u021bi cu privire la sesiunile de networking care vor avea loc prin intermediul paginii web ASEMER \u0219i a po\u0219tei electronice.<\/span><\/p>\n<p>[\/vc_column_text][\/vc_accordion_tab][vc_accordion_tab title=\u00bbMese rotunde\u00bb][vc_column_text]<\/p>\n<p style=\"text-align: justify;\"><span style=\"color: #000000;\">ASEMER va invita la fiecare mas\u0103 rotund\u0103 exper\u021bi spanioli at\u00e2t din domeniul privat c\u00e2t \u0219i public, precum \u0219i reprezentan\u021bi ai institu\u021biilor rom\u00e2ne\u0219ti.<\/span><\/p>\n<p style=\"text-align: justify;\"><span style=\"color: #000000;\">Asocia\u021bii vor fi informa\u021bi despre Mesele Rotunde ce vor avea loc prin intermediul paginii web ASEMER \u0219i a po\u0219tei electronice.<\/span><\/p>\n<p>[\/vc_column_text][\/vc_accordion_tab][vc_accordion_tab title=\u00bbMic dejunuri de lucru\u00bb][vc_column_text]<\/p>\n<p style=\"text-align: justify;\"><span style=\"color: #000000;\">ASEMER va invita la mic dejunurile de lucru reprezentan\u021bi de seam\u0103 ai institu\u021biilor rom\u00e2ne\u0219ti \u0219i exper\u021bi spanioli at\u00e2t din mediul privat c\u00e2t \u0219i public. Asocia\u021bii vor fi informa\u021bi cu privire la mic dejunurile de lucru prin intermediul paginii web ASEMER \u0219i a po\u0219tei electronice.<\/span><\/p>\n<p>[\/vc_column_text][\/vc_accordion_tab][vc_accordion_tab title=\u00bbConferin\u021be\u00bb][vc_column_text]<\/p>\n<p style=\"text-align: justify;\"><span style=\"color: #000000;\">ASEMER organizeaz\u0103 conferin\u021be \u0219i colocvii la care sunt invitate personalit\u0103\u021bi din Rom\u00e2nia \u0219i\/sau Spania din mediul privat sau public care pot oferi o viziune realist\u0103 asupra aspectelor economice de actualitate din Rom\u00e2nia, \u00een special \u00een domeniile de activitate pe care le au societ\u0103\u021bile spaniole din \u021bar\u0103.<\/span><\/p>\n<p>[\/vc_column_text][\/vc_accordion_tab][\/vc_accordion][\/vc_column][vc_column width=\u00bb1\/3&#8243; wap_class=\u00bb\u00bb wap_id=\u00bb\u00bb][vc_column_text]<br \/>\n[\/vc_column_text][\/vc_column][\/vc_row]<\/p>\n","protected":false},"excerpt":{"rendered":"<p>[vc_row overlay=\u00bbnone\u00bb fullwidth=\u00bbno\u00bb][vc_column width=\u00bb2\/3&#8243; wap_class=\u00bb\u00bb wap_id=\u00bb\u00bb][vc_column_text] Activit\u0103\u021bile prev\u0103zute \u00een statutul ASEMER sunt foarte ample \u0219i ambi\u021bioase Stabilirea \u0219i realizarea acestora [&hellip;]<\/p>\n","protected":false},"author":3,"featured_media":0,"parent":0,"menu_order":1000,"comment_status":"closed","ping_status":"closed","template":"","meta":{"footnotes":""},"class_list":["post-2332","page","type-page","status-publish","hentry"],"yoast_head":"<!-- This site is optimized with the Yoast SEO plugin v27.4 - https:\/\/yoast.com\/product\/yoast-seo-wordpress\/ -->\n<title>Tipuri de evenimente - ASEMER<\/title>\n<meta name=\"robots\" content=\"index, follow, max-snippet:-1, max-image-preview:large, max-video-preview:-1\" \/>\n<link rel=\"canonical\" href=\"https:\/\/www.asemer.ro\/index.php\/tipuri-de-evenimente\/\" \/>\n<meta property=\"og:locale\" content=\"es_ES\" \/>\n<meta property=\"og:type\" content=\"article\" \/>\n<meta property=\"og:title\" content=\"Tipuri de evenimente - ASEMER\" \/>\n<meta property=\"og:description\" content=\"[vc_row overlay=\u00bbnone\u00bb fullwidth=\u00bbno\u00bb][vc_column width=\u00bb2\/3&#8243; wap_class=\u00bb\u00bb wap_id=\u00bb\u00bb][vc_column_text] Activit\u0103\u021bile prev\u0103zute \u00een statutul ASEMER sunt foarte ample \u0219i ambi\u021bioase Stabilirea \u0219i realizarea acestora [&hellip;]\" \/>\n<meta property=\"og:url\" content=\"https:\/\/www.asemer.ro\/index.php\/tipuri-de-evenimente\/\" \/>\n<meta property=\"og:site_name\" content=\"ASEMER\" \/>\n<meta property=\"article:publisher\" content=\"https:\/\/www.facebook.com\/asociacionasemer\" \/>\n<meta property=\"article:modified_time\" content=\"2021-04-13T07:28:38+00:00\" \/>\n<meta name=\"twitter:card\" content=\"summary_large_image\" \/>\n<meta name=\"twitter:site\" content=\"@asemer_rumania\" \/>\n<meta name=\"twitter:label1\" content=\"Tiempo de lectura\" \/>\n\t<meta name=\"twitter:data1\" content=\"3 minutos\" \/>\n<script type=\"application\/ld+json\" class=\"yoast-schema-graph\">{\"@context\":\"https:\\\/\\\/schema.org\",\"@graph\":[{\"@type\":\"WebPage\",\"@id\":\"https:\\\/\\\/www.asemer.ro\\\/index.php\\\/tipuri-de-evenimente\\\/\",\"url\":\"https:\\\/\\\/www.asemer.ro\\\/index.php\\\/tipuri-de-evenimente\\\/\",\"name\":\"Tipuri de evenimente - ASEMER\",\"isPartOf\":{\"@id\":\"https:\\\/\\\/www.asemer.ro\\\/#website\"},\"datePublished\":\"2016-01-09T20:06:20+00:00\",\"dateModified\":\"2021-04-13T07:28:38+00:00\",\"breadcrumb\":{\"@id\":\"https:\\\/\\\/www.asemer.ro\\\/index.php\\\/tipuri-de-evenimente\\\/#breadcrumb\"},\"inLanguage\":\"es\",\"potentialAction\":[{\"@type\":\"ReadAction\",\"target\":[\"https:\\\/\\\/www.asemer.ro\\\/index.php\\\/tipuri-de-evenimente\\\/\"]}]},{\"@type\":\"BreadcrumbList\",\"@id\":\"https:\\\/\\\/www.asemer.ro\\\/index.php\\\/tipuri-de-evenimente\\\/#breadcrumb\",\"itemListElement\":[{\"@type\":\"ListItem\",\"position\":1,\"name\":\"Home\",\"item\":\"https:\\\/\\\/www.asemer.ro\\\/\"},{\"@type\":\"ListItem\",\"position\":2,\"name\":\"Tipuri de evenimente\"}]},{\"@type\":\"WebSite\",\"@id\":\"https:\\\/\\\/www.asemer.ro\\\/#website\",\"url\":\"https:\\\/\\\/www.asemer.ro\\\/\",\"name\":\"ASEMER\",\"description\":\"Asociaci\u00f3n de Empresas Espa\u00f1olas en Ruman\u00eda\",\"publisher\":{\"@id\":\"https:\\\/\\\/www.asemer.ro\\\/#organization\"},\"potentialAction\":[{\"@type\":\"SearchAction\",\"target\":{\"@type\":\"EntryPoint\",\"urlTemplate\":\"https:\\\/\\\/www.asemer.ro\\\/?s={search_term_string}\"},\"query-input\":{\"@type\":\"PropertyValueSpecification\",\"valueRequired\":true,\"valueName\":\"search_term_string\"}}],\"inLanguage\":\"es\"},{\"@type\":\"Organization\",\"@id\":\"https:\\\/\\\/www.asemer.ro\\\/#organization\",\"name\":\"ASEMER\",\"url\":\"https:\\\/\\\/www.asemer.ro\\\/\",\"logo\":{\"@type\":\"ImageObject\",\"inLanguage\":\"es\",\"@id\":\"https:\\\/\\\/www.asemer.ro\\\/#\\\/schema\\\/logo\\\/image\\\/\",\"url\":\"https:\\\/\\\/www.asemer.ro\\\/wp-content\\\/uploads\\\/2020\\\/12\\\/logo-ASEMER-scaled.jpg\",\"contentUrl\":\"https:\\\/\\\/www.asemer.ro\\\/wp-content\\\/uploads\\\/2020\\\/12\\\/logo-ASEMER-scaled.jpg\",\"width\":2560,\"height\":849,\"caption\":\"ASEMER\"},\"image\":{\"@id\":\"https:\\\/\\\/www.asemer.ro\\\/#\\\/schema\\\/logo\\\/image\\\/\"},\"sameAs\":[\"https:\\\/\\\/www.facebook.com\\\/asociacionasemer\",\"https:\\\/\\\/x.com\\\/asemer_rumania\",\"https:\\\/\\\/ro.linkedin.com\\\/in\\\/asemer-asociaci\u00f3n-empresas-espa\u00f1olas-en-ruman\u00eda-724772a6?trk=author_mini-profile_title\",\"https:\\\/\\\/www.youtube.com\\\/channel\\\/UC73m8-BDsg857OL0Ogv5aQA\\\/videos\"]}]}<\/script>\n<!-- \/ Yoast SEO plugin. -->","yoast_head_json":{"title":"Tipuri de evenimente - ASEMER","robots":{"index":"index","follow":"follow","max-snippet":"max-snippet:-1","max-image-preview":"max-image-preview:large","max-video-preview":"max-video-preview:-1"},"canonical":"https:\/\/www.asemer.ro\/index.php\/tipuri-de-evenimente\/","og_locale":"es_ES","og_type":"article","og_title":"Tipuri de evenimente - ASEMER","og_description":"[vc_row overlay=\u00bbnone\u00bb fullwidth=\u00bbno\u00bb][vc_column width=\u00bb2\/3&#8243; wap_class=\u00bb\u00bb wap_id=\u00bb\u00bb][vc_column_text] Activit\u0103\u021bile prev\u0103zute \u00een statutul ASEMER sunt foarte ample \u0219i ambi\u021bioase Stabilirea \u0219i realizarea acestora [&hellip;]","og_url":"https:\/\/www.asemer.ro\/index.php\/tipuri-de-evenimente\/","og_site_name":"ASEMER","article_publisher":"https:\/\/www.facebook.com\/asociacionasemer","article_modified_time":"2021-04-13T07:28:38+00:00","twitter_card":"summary_large_image","twitter_site":"@asemer_rumania","twitter_misc":{"Tiempo de lectura":"3 minutos"},"schema":{"@context":"https:\/\/schema.org","@graph":[{"@type":"WebPage","@id":"https:\/\/www.asemer.ro\/index.php\/tipuri-de-evenimente\/","url":"https:\/\/www.asemer.ro\/index.php\/tipuri-de-evenimente\/","name":"Tipuri de evenimente - ASEMER","isPartOf":{"@id":"https:\/\/www.asemer.ro\/#website"},"datePublished":"2016-01-09T20:06:20+00:00","dateModified":"2021-04-13T07:28:38+00:00","breadcrumb":{"@id":"https:\/\/www.asemer.ro\/index.php\/tipuri-de-evenimente\/#breadcrumb"},"inLanguage":"es","potentialAction":[{"@type":"ReadAction","target":["https:\/\/www.asemer.ro\/index.php\/tipuri-de-evenimente\/"]}]},{"@type":"BreadcrumbList","@id":"https:\/\/www.asemer.ro\/index.php\/tipuri-de-evenimente\/#breadcrumb","itemListElement":[{"@type":"ListItem","position":1,"name":"Home","item":"https:\/\/www.asemer.ro\/"},{"@type":"ListItem","position":2,"name":"Tipuri de evenimente"}]},{"@type":"WebSite","@id":"https:\/\/www.asemer.ro\/#website","url":"https:\/\/www.asemer.ro\/","name":"ASEMER","description":"Asociaci\u00f3n de Empresas Espa\u00f1olas en Ruman\u00eda","publisher":{"@id":"https:\/\/www.asemer.ro\/#organization"},"potentialAction":[{"@type":"SearchAction","target":{"@type":"EntryPoint","urlTemplate":"https:\/\/www.asemer.ro\/?s={search_term_string}"},"query-input":{"@type":"PropertyValueSpecification","valueRequired":true,"valueName":"search_term_string"}}],"inLanguage":"es"},{"@type":"Organization","@id":"https:\/\/www.asemer.ro\/#organization","name":"ASEMER","url":"https:\/\/www.asemer.ro\/","logo":{"@type":"ImageObject","inLanguage":"es","@id":"https:\/\/www.asemer.ro\/#\/schema\/logo\/image\/","url":"https:\/\/www.asemer.ro\/wp-content\/uploads\/2020\/12\/logo-ASEMER-scaled.jpg","contentUrl":"https:\/\/www.asemer.ro\/wp-content\/uploads\/2020\/12\/logo-ASEMER-scaled.jpg","width":2560,"height":849,"caption":"ASEMER"},"image":{"@id":"https:\/\/www.asemer.ro\/#\/schema\/logo\/image\/"},"sameAs":["https:\/\/www.facebook.com\/asociacionasemer","https:\/\/x.com\/asemer_rumania","https:\/\/ro.linkedin.com\/in\/asemer-asociaci\u00f3n-empresas-espa\u00f1olas-en-ruman\u00eda-724772a6?trk=author_mini-profile_title","https:\/\/www.youtube.com\/channel\/UC73m8-BDsg857OL0Ogv5aQA\/videos"]}]}},"_links":{"self":[{"href":"https:\/\/www.asemer.ro\/index.php\/wp-json\/wp\/v2\/pages\/2332","targetHints":{"allow":["GET"]}}],"collection":[{"href":"https:\/\/www.asemer.ro\/index.php\/wp-json\/wp\/v2\/pages"}],"about":[{"href":"https:\/\/www.asemer.ro\/index.php\/wp-json\/wp\/v2\/types\/page"}],"author":[{"embeddable":true,"href":"https:\/\/www.asemer.ro\/index.php\/wp-json\/wp\/v2\/users\/3"}],"replies":[{"embeddable":true,"href":"https:\/\/www.asemer.ro\/index.php\/wp-json\/wp\/v2\/comments?post=2332"}],"version-history":[{"count":1,"href":"https:\/\/www.asemer.ro\/index.php\/wp-json\/wp\/v2\/pages\/2332\/revisions"}],"predecessor-version":[{"id":5979,"href":"https:\/\/www.asemer.ro\/index.php\/wp-json\/wp\/v2\/pages\/2332\/revisions\/5979"}],"wp:attachment":[{"href":"https:\/\/www.asemer.ro\/index.php\/wp-json\/wp\/v2\/media?parent=2332"}],"curies":[{"name":"wp","href":"https:\/\/api.w.org\/{rel}","templated":true}]}}