{"id":2336,"date":"2016-01-09T22:11:34","date_gmt":"2016-01-09T20:11:34","guid":{"rendered":"http:\/\/asemer.ro\/v2\/?page_id=2336&#038;lang=ro"},"modified":"2021-04-13T09:20:09","modified_gmt":"2021-04-13T07:20:09","slug":"categorii-de-asociati","status":"publish","type":"page","link":"https:\/\/www.asemer.ro\/index.php\/categorii-de-asociati\/","title":{"rendered":"Categorii de asocia\u021bi"},"content":{"rendered":"<p>[vc_row overlay=\u00bbnone\u00bb fullwidth=\u00bbno\u00bb][vc_column width=\u00bb2\/3&#8243; wap_class=\u00bb\u00bb wap_id=\u00bb\u00bb][vc_column_text]Vor putea fi asocia\u021bi ai ASEMER persoanele, fizice sau juridice, indiferent de na\u021bionalitatea acestora, care sunt interesate de rela\u021biile comerciale dintre Spania \u0219i spa\u021biul territorial al ASEMER.<\/p>\n<p>Asocia\u021bii vor putea fi individuali sau corporativi.<\/p>\n<ol>\n<li>Asociatul individual afiliat corespunde unei persoane fizice.<\/li>\n<li>Asociatul corporativ afiliat corespunde unei persoane juridice.<\/li>\n<\/ol>\n<p>&nbsp;<\/p>\n<p>Pentru a putea fi asociat titular al ASEMER vor trebui \u00eendeplinite urm\u0103toarele condi\u021bii indispensabile:<\/p>\n<ol>\n<li>\u00cen cazul persoanelor fizice, s\u0103 se afle \u00een deplin\u0103tatea exercit\u0103rii drepturilor civile.<\/li>\n<li>\u00cen cazul persoanelor juridice, s\u0103-\u0219i fi dob\u00e2ndit personalitatea juridic\u0103.<\/li>\n<li>S\u0103 nu fi fie implica\u021bi \u00een ac\u021biuni care, dup\u0103 aprecierea Adun\u0103rii Generale sau Consiliului Director, afecteaz\u0103 imaginea sau integritatea ASEMER sau nu fie \u00een concordan\u021b\u0103 cu scopurile pentru care a fost creat\u0103.<\/li>\n<li>S\u0103 nu fi fost declarate \u00een faliment, \u00een\u021beles ca lichidare (\u00een rom\u00e2n\u0103 <em>\u00een faliment<\/em>) sau, \u00een caz contrar, s\u0103 fie reabilitate.<\/li>\n<li>S\u0103 accepte Statutul ASEMER.<\/li>\n<li>S\u0103 achite cotiza\u021bia corespunz\u0103toare.<\/li>\n<li>Orice persoan\u0103, fizic\u0103 sau juridic\u0103, care \u00eendepline\u0219te condi\u021biile indicate anterior \u0219i care dore\u0219te s\u0103 devin\u0103 asociat al ASEMER, va trebui s\u0103 solicite aderarea, complet\u00e2nd un formular de \u00eenscriere \u0219i achit\u00e2nd cotiza\u021bia pentru anul \u00een curs. Solicitarea de aderare \u00een calitate de asociat va fi supus\u0103 aprob\u0103rii Consiliului Director care va solu\u021biona solicitarea \u00eentr-un termen de maximum 30 de zile. Aderarea va fi notificat\u0103 noului asociat prin po\u0219ta, fax sau po\u0219t\u0103 electronic\u0103. \u00cen situa\u021bia \u00een care un candidat nu \u00eentrune\u0219te, conform aprecierii Consiliului Director, condi\u021biile prev\u0103zute de acest Statut pentru a putea fi asociat al ASEMER, solicitarea va fi respins\u0103.<\/li>\n<\/ol>\n<p>Cuantumul cotiza\u021biei va fi stabilit anual \u00een conformitate cu hot\u0103r\u00e2rea Consiliului Director.<\/p>\n<h3><strong> Categorii de asocia\u021bi:<\/strong><\/h3>\n<ul>\n<li>Asociatul titular este acela care \u00eendepline\u0219te condi\u021biile stipulate la articolul 5.<\/li>\n<li>Asociatul sponsor este acea persoan\u0103 fizic\u0103 sau juridic\u0103 ce sprijin\u0103 activit\u0103\u021bile ASEMER printr-o participare financiar\u0103 special\u0103, \u00een conformitate cu clasificarea stabilit\u0103 de Consiliul Director care trebuie s\u0103 fie minim egal\u0103 sau mai mare cu dublul cantit\u0103\u021bii stabilite pentru cotiza\u021bia de asociat titular. Se \u00een\u021belege c\u0103 asociatul sponsor are inclus\u0103 cotiza\u021bia corespunz\u0103toare \u00een cantitatea achitat\u0103.<\/li>\n<li>Asociatul onorific este acea persoan\u0103 fizic\u0103 sau juridic\u0103 ce, fiind distins prin serviciile prestate c\u0103tre ASEMER, i s-a conferit aceast\u0103 distinc\u021bie, prin hot\u0103r\u00e2rea Consiliului Director. Asociatul onorific va fi scutit de plata cotiza\u021biei \u0219i nu este necesar\u0103 asocierea anterioar\u0103 la ASEMER.<\/li>\n<\/ul>\n<p>Consiliul Director va avea un registru al asocia\u021bilor. Toate deciziile de aderare, demitere sau \u00eenl\u0103turare a ascocia\u021bilor vor fi \u00eenscrise \u00een respectivul registru dup\u0103 \u00een\u0219tiin\u021barea respectivelor decizii.<\/p>\n<p>Cotiza\u021biile diferitelor categorii de asocia\u021bi se stabilesc de c\u0103tre Consiliul Director \u0219i vor fi aprobate de Adunarea General\u0103.<\/p>\n<h3><strong>Pierderea condi\u021biei de asociat<\/strong><\/h3>\n<ol>\n<li>Condi\u021bia de asociat se pierde prin renun\u021bare sau \u00eenl\u0103turare.<\/li>\n<li>Orice persoan\u0103 care dore\u0219te s\u0103 renun\u021be la condi\u021bia de asociat al ASEMER va adresa cererea prin orice mijloc care permite identificarea p\u0103r\u021bilor. Renun\u021barea nu confer\u0103 dreptul return\u0103rii cotiza\u021biei (nici total, nici par\u021bial\u0103). \u00cen cazul persoanelor juridice, dizolvarea societ\u0103\u021bii va atrage dup\u0103 sine retragerea din r\u00e2ndul asocia\u021bilor.<\/li>\n<li>Consiliul Director va putea propune Adun\u0103rii Generale Ordinare excluderea oric\u0103rui asociat care, \u00een mod evident, direct sau indirect, aduce prejudicii renumelui ASEMER.<\/li>\n<li>\u00cen acela\u0219i timp, Consiliul Director va putea propune excluderea oric\u0103rui asociat restant. Se \u00een\u021belege prin asociat restant acel asociat care are o datorie economic\u0103 fa\u021ba de ASEMER, a c\u0103rei perioada de plat\u0103 a expirat de peste 6 luni \u0219i a fost solicitat\u0103 prin email de 3 ori. Consiliul Director poate suspenda, p\u00e2n\u0103 la ob\u021binerea hot\u0103r\u00e2rii Adun\u0103rii Generale, asocia\u021bii care au \u00eenc\u0103lcat grav Statutul \u0219i, \u00een principal, pe aceia care un au realizat plata cotiza\u021biei.<\/li>\n<li>Niciun angajat al ASEMER nu va putea fi asociat al acesteia \u0219i, dac\u0103 vreun asociat ar \u00eencepe s\u0103 presteze servicii remunerate \u00een cadrul ASEMER, \u00ee\u0219i va pierde \u00een mod automat calitatea de asociat.<\/li>\n<li>Pierderea condi\u021biei de asociat, din orice motiv, nu va atrage dup\u0103 sine dreptul return\u0103rii cotiza\u021biei \u201cprorrata temporis\u201d.<\/li>\n<\/ol>\n<p>[\/vc_column_text][\/vc_column][vc_column width=\u00bb1\/3&#8243; wap_class=\u00bb\u00bb wap_id=\u00bb\u00bb][vc_column_text]<br \/>\n[\/vc_column_text][\/vc_column][\/vc_row]<\/p>\n","protected":false},"excerpt":{"rendered":"<p>[vc_row overlay=\u00bbnone\u00bb fullwidth=\u00bbno\u00bb][vc_column width=\u00bb2\/3&#8243; wap_class=\u00bb\u00bb wap_id=\u00bb\u00bb][vc_column_text]Vor putea fi asocia\u021bi ai ASEMER persoanele, fizice sau juridice, indiferent de na\u021bionalitatea acestora, care [&hellip;]<\/p>\n","protected":false},"author":3,"featured_media":0,"parent":0,"menu_order":1000,"comment_status":"closed","ping_status":"closed","template":"","meta":{"footnotes":""},"class_list":["post-2336","page","type-page","status-publish","hentry"],"yoast_head":"<!-- This site is optimized with the Yoast SEO plugin v27.5 - https:\/\/yoast.com\/product\/yoast-seo-wordpress\/ -->\n<title>Categorii de asocia\u021bi - ASEMER<\/title>\n<meta name=\"robots\" content=\"index, follow, max-snippet:-1, max-image-preview:large, max-video-preview:-1\" \/>\n<link rel=\"canonical\" href=\"https:\/\/www.asemer.ro\/index.php\/categorii-de-asociati\/\" \/>\n<meta property=\"og:locale\" content=\"es_ES\" \/>\n<meta property=\"og:type\" content=\"article\" \/>\n<meta property=\"og:title\" content=\"Categorii de asocia\u021bi - ASEMER\" \/>\n<meta property=\"og:description\" content=\"[vc_row overlay=\u00bbnone\u00bb fullwidth=\u00bbno\u00bb][vc_column width=\u00bb2\/3&#8243; wap_class=\u00bb\u00bb wap_id=\u00bb\u00bb][vc_column_text]Vor putea fi asocia\u021bi ai ASEMER persoanele, fizice sau juridice, indiferent de na\u021bionalitatea acestora, care [&hellip;]\" \/>\n<meta property=\"og:url\" content=\"https:\/\/www.asemer.ro\/index.php\/categorii-de-asociati\/\" \/>\n<meta property=\"og:site_name\" content=\"ASEMER\" \/>\n<meta property=\"article:publisher\" content=\"https:\/\/www.facebook.com\/asociacionasemer\" \/>\n<meta property=\"article:modified_time\" content=\"2021-04-13T07:20:09+00:00\" \/>\n<meta name=\"twitter:card\" content=\"summary_large_image\" \/>\n<meta name=\"twitter:site\" content=\"@asemer_rumania\" \/>\n<meta name=\"twitter:label1\" content=\"Tiempo de lectura\" \/>\n\t<meta name=\"twitter:data1\" content=\"4 minutos\" \/>\n<script type=\"application\/ld+json\" class=\"yoast-schema-graph\">{\"@context\":\"https:\\\/\\\/schema.org\",\"@graph\":[{\"@type\":\"WebPage\",\"@id\":\"https:\\\/\\\/www.asemer.ro\\\/index.php\\\/categorii-de-asociati\\\/\",\"url\":\"https:\\\/\\\/www.asemer.ro\\\/index.php\\\/categorii-de-asociati\\\/\",\"name\":\"Categorii de asocia\u021bi - ASEMER\",\"isPartOf\":{\"@id\":\"https:\\\/\\\/www.asemer.ro\\\/#website\"},\"datePublished\":\"2016-01-09T20:11:34+00:00\",\"dateModified\":\"2021-04-13T07:20:09+00:00\",\"breadcrumb\":{\"@id\":\"https:\\\/\\\/www.asemer.ro\\\/index.php\\\/categorii-de-asociati\\\/#breadcrumb\"},\"inLanguage\":\"es\",\"potentialAction\":[{\"@type\":\"ReadAction\",\"target\":[\"https:\\\/\\\/www.asemer.ro\\\/index.php\\\/categorii-de-asociati\\\/\"]}]},{\"@type\":\"BreadcrumbList\",\"@id\":\"https:\\\/\\\/www.asemer.ro\\\/index.php\\\/categorii-de-asociati\\\/#breadcrumb\",\"itemListElement\":[{\"@type\":\"ListItem\",\"position\":1,\"name\":\"Home\",\"item\":\"https:\\\/\\\/www.asemer.ro\\\/\"},{\"@type\":\"ListItem\",\"position\":2,\"name\":\"Categorii de asocia\u021bi\"}]},{\"@type\":\"WebSite\",\"@id\":\"https:\\\/\\\/www.asemer.ro\\\/#website\",\"url\":\"https:\\\/\\\/www.asemer.ro\\\/\",\"name\":\"ASEMER\",\"description\":\"Asociaci\u00f3n de Empresas Espa\u00f1olas en Ruman\u00eda\",\"publisher\":{\"@id\":\"https:\\\/\\\/www.asemer.ro\\\/#organization\"},\"potentialAction\":[{\"@type\":\"SearchAction\",\"target\":{\"@type\":\"EntryPoint\",\"urlTemplate\":\"https:\\\/\\\/www.asemer.ro\\\/?s={search_term_string}\"},\"query-input\":{\"@type\":\"PropertyValueSpecification\",\"valueRequired\":true,\"valueName\":\"search_term_string\"}}],\"inLanguage\":\"es\"},{\"@type\":\"Organization\",\"@id\":\"https:\\\/\\\/www.asemer.ro\\\/#organization\",\"name\":\"ASEMER\",\"url\":\"https:\\\/\\\/www.asemer.ro\\\/\",\"logo\":{\"@type\":\"ImageObject\",\"inLanguage\":\"es\",\"@id\":\"https:\\\/\\\/www.asemer.ro\\\/#\\\/schema\\\/logo\\\/image\\\/\",\"url\":\"https:\\\/\\\/www.asemer.ro\\\/wp-content\\\/uploads\\\/2020\\\/12\\\/logo-ASEMER-scaled.jpg\",\"contentUrl\":\"https:\\\/\\\/www.asemer.ro\\\/wp-content\\\/uploads\\\/2020\\\/12\\\/logo-ASEMER-scaled.jpg\",\"width\":2560,\"height\":849,\"caption\":\"ASEMER\"},\"image\":{\"@id\":\"https:\\\/\\\/www.asemer.ro\\\/#\\\/schema\\\/logo\\\/image\\\/\"},\"sameAs\":[\"https:\\\/\\\/www.facebook.com\\\/asociacionasemer\",\"https:\\\/\\\/x.com\\\/asemer_rumania\",\"https:\\\/\\\/ro.linkedin.com\\\/in\\\/asemer-asociaci\u00f3n-empresas-espa\u00f1olas-en-ruman\u00eda-724772a6?trk=author_mini-profile_title\",\"https:\\\/\\\/www.youtube.com\\\/channel\\\/UC73m8-BDsg857OL0Ogv5aQA\\\/videos\"]}]}<\/script>\n<!-- \/ Yoast SEO plugin. -->","yoast_head_json":{"title":"Categorii de asocia\u021bi - ASEMER","robots":{"index":"index","follow":"follow","max-snippet":"max-snippet:-1","max-image-preview":"max-image-preview:large","max-video-preview":"max-video-preview:-1"},"canonical":"https:\/\/www.asemer.ro\/index.php\/categorii-de-asociati\/","og_locale":"es_ES","og_type":"article","og_title":"Categorii de asocia\u021bi - ASEMER","og_description":"[vc_row overlay=\u00bbnone\u00bb fullwidth=\u00bbno\u00bb][vc_column width=\u00bb2\/3&#8243; wap_class=\u00bb\u00bb wap_id=\u00bb\u00bb][vc_column_text]Vor putea fi asocia\u021bi ai ASEMER persoanele, fizice sau juridice, indiferent de na\u021bionalitatea acestora, care [&hellip;]","og_url":"https:\/\/www.asemer.ro\/index.php\/categorii-de-asociati\/","og_site_name":"ASEMER","article_publisher":"https:\/\/www.facebook.com\/asociacionasemer","article_modified_time":"2021-04-13T07:20:09+00:00","twitter_card":"summary_large_image","twitter_site":"@asemer_rumania","twitter_misc":{"Tiempo de lectura":"4 minutos"},"schema":{"@context":"https:\/\/schema.org","@graph":[{"@type":"WebPage","@id":"https:\/\/www.asemer.ro\/index.php\/categorii-de-asociati\/","url":"https:\/\/www.asemer.ro\/index.php\/categorii-de-asociati\/","name":"Categorii de asocia\u021bi - ASEMER","isPartOf":{"@id":"https:\/\/www.asemer.ro\/#website"},"datePublished":"2016-01-09T20:11:34+00:00","dateModified":"2021-04-13T07:20:09+00:00","breadcrumb":{"@id":"https:\/\/www.asemer.ro\/index.php\/categorii-de-asociati\/#breadcrumb"},"inLanguage":"es","potentialAction":[{"@type":"ReadAction","target":["https:\/\/www.asemer.ro\/index.php\/categorii-de-asociati\/"]}]},{"@type":"BreadcrumbList","@id":"https:\/\/www.asemer.ro\/index.php\/categorii-de-asociati\/#breadcrumb","itemListElement":[{"@type":"ListItem","position":1,"name":"Home","item":"https:\/\/www.asemer.ro\/"},{"@type":"ListItem","position":2,"name":"Categorii de asocia\u021bi"}]},{"@type":"WebSite","@id":"https:\/\/www.asemer.ro\/#website","url":"https:\/\/www.asemer.ro\/","name":"ASEMER","description":"Asociaci\u00f3n de Empresas Espa\u00f1olas en Ruman\u00eda","publisher":{"@id":"https:\/\/www.asemer.ro\/#organization"},"potentialAction":[{"@type":"SearchAction","target":{"@type":"EntryPoint","urlTemplate":"https:\/\/www.asemer.ro\/?s={search_term_string}"},"query-input":{"@type":"PropertyValueSpecification","valueRequired":true,"valueName":"search_term_string"}}],"inLanguage":"es"},{"@type":"Organization","@id":"https:\/\/www.asemer.ro\/#organization","name":"ASEMER","url":"https:\/\/www.asemer.ro\/","logo":{"@type":"ImageObject","inLanguage":"es","@id":"https:\/\/www.asemer.ro\/#\/schema\/logo\/image\/","url":"https:\/\/www.asemer.ro\/wp-content\/uploads\/2020\/12\/logo-ASEMER-scaled.jpg","contentUrl":"https:\/\/www.asemer.ro\/wp-content\/uploads\/2020\/12\/logo-ASEMER-scaled.jpg","width":2560,"height":849,"caption":"ASEMER"},"image":{"@id":"https:\/\/www.asemer.ro\/#\/schema\/logo\/image\/"},"sameAs":["https:\/\/www.facebook.com\/asociacionasemer","https:\/\/x.com\/asemer_rumania","https:\/\/ro.linkedin.com\/in\/asemer-asociaci\u00f3n-empresas-espa\u00f1olas-en-ruman\u00eda-724772a6?trk=author_mini-profile_title","https:\/\/www.youtube.com\/channel\/UC73m8-BDsg857OL0Ogv5aQA\/videos"]}]}},"_links":{"self":[{"href":"https:\/\/www.asemer.ro\/index.php\/wp-json\/wp\/v2\/pages\/2336","targetHints":{"allow":["GET"]}}],"collection":[{"href":"https:\/\/www.asemer.ro\/index.php\/wp-json\/wp\/v2\/pages"}],"about":[{"href":"https:\/\/www.asemer.ro\/index.php\/wp-json\/wp\/v2\/types\/page"}],"author":[{"embeddable":true,"href":"https:\/\/www.asemer.ro\/index.php\/wp-json\/wp\/v2\/users\/3"}],"replies":[{"embeddable":true,"href":"https:\/\/www.asemer.ro\/index.php\/wp-json\/wp\/v2\/comments?post=2336"}],"version-history":[{"count":1,"href":"https:\/\/www.asemer.ro\/index.php\/wp-json\/wp\/v2\/pages\/2336\/revisions"}],"predecessor-version":[{"id":5946,"href":"https:\/\/www.asemer.ro\/index.php\/wp-json\/wp\/v2\/pages\/2336\/revisions\/5946"}],"wp:attachment":[{"href":"https:\/\/www.asemer.ro\/index.php\/wp-json\/wp\/v2\/media?parent=2336"}],"curies":[{"name":"wp","href":"https:\/\/api.w.org\/{rel}","templated":true}]}}