{"id":2340,"date":"2016-01-09T22:15:52","date_gmt":"2016-01-09T20:15:52","guid":{"rendered":"http:\/\/asemer.ro\/v2\/?page_id=2340&#038;lang=ro"},"modified":"2021-04-13T09:22:21","modified_gmt":"2021-04-13T07:22:21","slug":"deveniti-asociat","status":"publish","type":"page","link":"https:\/\/www.asemer.ro\/index.php\/deveniti-asociat\/","title":{"rendered":"Deveni\u021bi asociat"},"content":{"rendered":"<p>[vc_row overlay=\u00bbnone\u00bb fullwidth=\u00bbno\u00bb][vc_column width=\u00bb2\/3&#8243; wap_class=\u00bb\u00bb wap_id=\u00bb\u00bb][vc_column_text]<\/p>\n<h3 style=\"text-align: justify;\"><span style=\"text-decoration: underline; color: #000000;\">Cum pute\u021bi deveni asociat<\/span><\/h3>\n<h4 style=\"text-align: justify;\"><span style=\"color: #000000;\"><strong>ESTE FOARTE\u00a0U\u0218OR\u00a0S\u0102 DEVENI\u021aI\u00a0ASOCIAT ASEMER:<\/strong><\/span><\/h4>\n<p style=\"text-align: justify;\"><span style=\"color: #000000;\">Deschide\u021bi\u00a0<a href=\"http:\/\/asemer.ro\/formular-online\/?lang=ro\"><img loading=\"lazy\" decoding=\"async\" class=\"alignnone wp-image-3293\" src=\"http:\/\/asemer.ro\/wp-content\/uploads\/2016\/01\/button_ro.png\" alt=\"\" width=\"262\" height=\"101\" \/><\/a> \u0219i completa\u021bi-l.<\/span><\/p>\n<p><span style=\"color: #000000;\">Dup\u0103 completarea acestuia, vi se va deschide un document \u00een format .pdf, pe care v\u0103 rug\u0103m s\u0103 \u00eel printa\u021bi \u0219i s\u0103 \u00eel trimite\u021bi semnat la adresa de coresponden\u021b\u0103 a ASEMER: Str. Ing. Dumitru Zosima nr. 77 Etaj 1, Biroul 5, Sector 1, Bucure\u0219ti.<\/span><\/p>\n<p><span style=\"color: #000000;\"><strong>Consiliul Director <\/strong>va aproba \u00eenscrierea dvs. \u00een calitate de asociat \u0219i v-o va comunica oficial,\u00a0urm\u00e2nd a v\u0103 trimite contul bancar \u00een care ve\u021bi putea vira\u00a0cotiza\u021bia de membru.<\/span><\/p>\n<p><span style=\"color: #000000;\">Dup\u0103 realizarea transferului, v\u0103 rug\u0103m s\u0103 ne transmite\u021bi confirmarea pl\u0103\u021bii la <a style=\"color: #000000;\" href=\"mailto:office@asemer.ro\">office@asemer.ro<\/a>.\u00a0<strong>SUNTE\u021aI DEJA MEMBRU ASEMER.<\/strong><\/span>[\/vc_column_text][vc_column_text]<\/p>\n<h3 style=\"text-align: justify;\"><span style=\"text-decoration: underline; color: #000000;\">Drepturile \u0219i obliga\u021biile asocia\u021bilor<\/span><\/h3>\n<h4 style=\"text-align: justify;\"><span style=\"color: #000000;\"><strong>DREPTURILE asocia\u021bilor:<\/strong><\/span><\/h4>\n<p style=\"text-align: justify;\"><span style=\"color: #000000;\">S\u0103 asiste la Adunarea General\u0103 a Asocia\u021bilor, s\u0103-\u0219i exercite dreptul la vot \u0219i s\u0103 desemneze membrii Consiliului Director;<\/span><\/p>\n<p style=\"text-align: justify;\"><span style=\"color: #000000;\">S\u0103 participe \u00een Consiliul Director \u0219i \u00een diferitele \u0219i viitoarele organe de conducere, comisii si grupuri de lucru care se vor stabili;<\/span><\/p>\n<p style=\"text-align: justify;\"><span style=\"color: #000000;\">S\u0103 beneficieze de toate serviciile \u0219i avantajele pe care le aduce ASEMER; s\u0103 asiste la ac\u021biunile organizate de aceasta, \u0219i s\u0103 exercite toate func\u021biile acordate de acest Statut, de hot\u0103r\u00e2rile Adun\u0103rii Generale a Asocia\u021bilor \u0219i de Consiliul Director, precum \u0219i cele acordate prin lege;<\/span><\/p>\n<p style=\"text-align: justify;\"><span style=\"color: #000000;\">S\u0103 examineze, \u00een forma care se va stabili, registrele ASEMER; s\u0103 supravegheze gestiunea organelor sale de conducere; s\u0103 propun\u0103 \u00een scris orice sugestie sau cerere \u0219i s\u0103 formuleze orice pl\u00e2ngere, reclama\u021bie sau observa\u021bie;<\/span><\/p>\n<p style=\"text-align: justify;\"><span style=\"color: #000000;\">S\u0103 fie \u00eenregistra\u021bi \u00een registrul Asocia\u021bilor\u00a0 ASEMER care \u00eei certific\u0103 ca atare pentru a-\u0219i exercita drepturile care deriv\u0103 din apartenen\u021ba la ASEMER. Utilizarea identific\u0103rii men\u021bionate va fi personal\u0103 \u0219i netransmisibil\u0103, iar pentru predarea \u0219i utilizarea acesteia asociatul va trebui s\u0103 fie la zi cu achitarea cotiza\u021biilor corespunz\u0103toare;<\/span><\/p>\n<p style=\"text-align: justify;\"><span style=\"color: #000000;\">S\u0103-\u0219i exprime liber opiniile cu privire la subiectele care reflect\u0103 interesele lor respect\u00e2nd valoarea \u0219i prestigiul ASEMER, a membrilor asocia\u021bi \u0219i a reprezentan\u021bilor acesteia;<\/span><\/p>\n<p style=\"text-align: justify;\"><span style=\"color: #000000;\">S\u0103 formuleze propuneri \u0219i cereri c\u0103tre organele de conducere din ASEMER;<\/span><\/p>\n<p style=\"text-align: justify;\"><span style=\"color: #000000;\">Oricare altele care se stabilesc \u00een mod legal sau sunt determinate prin statut sau reglement\u0103ri;<\/span><\/p>\n<p style=\"text-align: justify;\"><span style=\"color: #000000;\">Exercitarea drepturilor enumerate anterior vor fi suspendate automat, \u00een cazul \u00een care asocia\u021bii nu se men\u021bin la zi cu pl\u0103\u021bile tuturor cotiza\u021biilor\u00a0pentru Asocia\u021bie. Asocia\u021bii nu vor r\u0103spunde personal de ac\u021biunile sau omiterile Asocia\u021biei. Asocia\u021bia va r\u0103spunde cu propriul s\u0103u patrimoniu \u00een fa\u021ba eventualelor daune provocate ter\u021bilor prin ac\u021biunile sau omiterile lor.<\/span><\/p>\n<h4 style=\"text-align: justify;\"><span style=\"color: #000000;\"><strong>OBLIGA\u021aIILE asocia\u021bilor:<\/strong><\/span><\/h4>\n<p style=\"text-align: justify;\"><span style=\"color: #000000;\">S\u0103 se supun\u0103 normelor prezentului Statut \u0219i regulamentelor care vor fi aprobate; s\u0103 respecte acordurile legitime \u0219i hot\u0103r\u00e2rile adoptate de organele Asocia\u021biei \u0219i, \u00een general, s\u0103 respecte directivele \u0219i normele Asocia\u021biei, \u00een materia care constituie obiectul acesteia at\u00e2t timp c\u00e2t nu contravin dispozi\u021biilor legale \u00een <u>vigoare<\/u>.<\/span><\/p>\n<p style=\"text-align: justify;\"><span style=\"color: #000000;\">S\u0103 accepte \u0219i s\u0103 \u00eendeplineasc\u0103 cu interes func\u021biile de conducere sau s\u0103 fac\u0103 parte din comisiile specifice pentru care au fost ale\u0219i sau desemna\u021bi, cu excep\u021bia unui motiv legitim serios invocat de ace\u0219tia.<\/span><\/p>\n<p style=\"text-align: justify;\"><span style=\"color: #000000;\">S\u0103 contribuie la sus\u021binerea Asocia\u021biei prin aporturi, \u00een numerar sau \u00een natur\u0103, conform legisla\u021biei \u00een vigoare din Rom\u00e2nia.<\/span><\/p>\n<p style=\"text-align: justify;\"><span style=\"color: #000000;\">S\u0103 aib\u0103 un comportament corect fa\u021b\u0103 de ceilal\u021bi asocia\u021bi, respect\u00e2nd opiniile \u0219i punctele lor de vedere, \u0219i s\u0103-\u0219i desf\u0103\u0219oare activitatea \u00een cadrul normelor generale de onestitate, etic\u0103 \u0219i profesionalism.<\/span><\/p>\n<p style=\"text-align: justify;\"><span style=\"color: #000000;\">S\u0103 men\u021bin\u0103 actualizate datele de localizare \u0219i identificare a acestora, cum ar fi domiciliul, telefonul, num\u0103rul de fax, adresa de e-mail, etc., precum \u0219i s\u0103 pun\u0103 la dispozi\u021bie informa\u021biile pe care le poate solicita la modul general Asocia\u021bia.\u00a0<\/span><\/p>\n<p style=\"text-align: justify;\"><span style=\"color: #000000;\">S\u0103 arate spirit de solidaritate privind acordurile luate de majoritate, respect\u00e2nd libera manifestare a punctelor de vedere, \u0219i s\u0103 nu \u00eempiedice direct sau indirect activit\u0103\u021bile Asocia\u021biei.<\/span><\/p>\n<p style=\"text-align: justify;\"><span style=\"color: #000000;\">F\u0103r\u0103 a aduce atingere prevederilor din prezentul Statut, Asocia\u021bii Onorifici vor respecta acelea\u0219i obliga\u021bii care se stabilesc pentru restul asocia\u021bilor, cu excep\u021bia celor privind plata cotiza\u021biilor corespunz\u0103toare \u0219i a altor aporturi pecuniare.<\/span><\/p>\n<p>[\/vc_column_text][vc_column_text]<\/p>\n<h3 style=\"text-align: justify;\"><span style=\"text-decoration: underline; color: #000000;\">Cotiza\u021bii<\/span><\/h3>\n<p style=\"text-align: justify;\"><span style=\"color: #000000;\">Cu scopul adapt\u0103rii la situa\u021bia economic\u0103 dificil\u0103 actual\u0103 \u0219i din dorin\u021ba de a face ASEMER o asocia\u021bie accesibil\u0103 tuturor, actualul Consiliu Director a \u00eencercat s\u0103 stabileasc\u0103 un sistem de cotiza\u021bii care s\u0103 nu implice cheltuieli importante pentru asocia\u021bi.<\/span><\/p>\n<p style=\"text-align: justify;\"><span style=\"color: #000000;\">Consiliul Director va \u00eencerca s\u0103 finan\u021beze Asocia\u021bia prin intermediul altor surse de venituri, \u00een ideea c\u0103 aceste cotiza\u021bii ale asocia\u021bilor s\u0103 fie mai mult simbolice, nu principala surs\u0103 de resurse pentru Asocia\u021bie.<\/span><\/p>\n<p style=\"text-align: justify;\"><span style=\"color: #000000;\">Cotiza\u021biile stabilite \u00een prezent vor fi structurate \u00een func\u021bie de categoria de asociat &#8211; persoan\u0103 fizic\u0103 sau o entitate cu personalitate juridic\u0103 (societate, PFA, \u2026).<\/span><\/p>\n<p style=\"text-align: justify;\"><span style=\"color: #000000;\">Pentru persoanele fizice s-a stabilit o cotiza\u021bie unic\u0103 \u0219i fix\u0103. Pentru entit\u0103\u021bile cu personalitate juridic\u0103 s-au stabilit ni\u0219te cotiza\u021bii progresive direct propor\u021bionale cu cifra de afaceri a persoanei juridice din anul precedent care variaz\u0103 \u00eentre un minim de 500 \u0219i un maxim de 2500 RON\/an.<\/span><\/p>\n<p style=\"text-align: justify;\"><span style=\"color: #000000;\">Astfel, cotiza\u021biile stabilite sunt urm\u0103toarele:<\/span><\/p>\n<table width=\"530\">\n<tbody>\n<tr>\n<td style=\"text-align: center;\" width=\"80\"><span style=\"color: #000000;\"><strong>Persoan\u0103<\/strong><\/span><\/td>\n<td width=\"250\">\n<p style=\"text-align: center;\"><span style=\"color: #000000;\"><strong>Cifra de afaceri din anul precedent celui pentru care se pl\u0103te<\/strong><strong>\u0219te cotiza\u021bia (\u00een Euro)*<\/strong><\/span><\/p>\n<\/td>\n<td width=\"200\">\n<p style=\"text-align: center;\"><span style=\"color: #000000;\"><strong>Cotiza\u021bia Anual\u0103 (Lei)<\/strong><\/span><\/p>\n<\/td>\n<\/tr>\n<tr>\n<td style=\"text-align: center;\" width=\"80\"><span style=\"color: #000000;\">Fizic\u0103<\/span><\/td>\n<td style=\"text-align: center;\" width=\"250\"><span style=\"color: #000000;\">&#8211;<\/span><\/td>\n<td style=\"text-align: center;\" width=\"200\"><span style=\"color: #000000;\">500<\/span><\/td>\n<\/tr>\n<tr>\n<td style=\"text-align: center;\" rowspan=\"5\" width=\"80\"><span style=\"color: #000000;\">Juridic\u0103\/PFA<\/span><\/td>\n<td style=\"text-align: center;\" width=\"250\"><span style=\"color: #000000;\">Mai mic\u0103 sau egal\u0103 cu 100.000<\/span><\/td>\n<td style=\"text-align: center;\" width=\"200\"><span style=\"color: #000000;\">500<\/span><\/td>\n<\/tr>\n<tr>\n<td style=\"text-align: center;\" width=\"250\"><span style=\"color: #000000;\">\u00centre 100.001 \u0219i 500.000<\/span><\/td>\n<td style=\"text-align: center;\" width=\"200\"><span style=\"color: #000000;\">1.000<\/span><\/td>\n<\/tr>\n<tr>\n<td style=\"text-align: center;\" width=\"250\"><span style=\"color: #000000;\">\u00centre 500.001 \u0219i 1.000.000<\/span><\/td>\n<td style=\"text-align: center;\" width=\"200\"><span style=\"color: #000000;\">1.500<\/span><\/td>\n<\/tr>\n<tr>\n<td style=\"text-align: center;\" width=\"250\"><span style=\"color: #000000;\">\u00centre 1.000.001 \u0219i 5.000.000<\/span><\/td>\n<td style=\"text-align: center;\" width=\"200\"><span style=\"color: #000000;\">2.000<\/span><\/td>\n<\/tr>\n<tr>\n<td style=\"text-align: center;\" width=\"250\"><span style=\"color: #000000;\">Peste 5.000.001<\/span><\/td>\n<td style=\"text-align: center;\" width=\"200\"><span style=\"color: #000000;\">2.500<\/span><\/td>\n<\/tr>\n<\/tbody>\n<\/table>\n<p style=\"text-align: justify;\"><span style=\"color: #000000;\">*Dac\u0103 cifra de afaceri a asociatului nu reflect\u0103 realitatea economic\u0103 a asociatului, cotiza\u021bia se va stabili \u00een func\u021bie de alte criterii.<\/span><\/p>\n<p>[\/vc_column_text][\/vc_column][vc_column width=\u00bb1\/3&#8243; wap_class=\u00bb\u00bb wap_id=\u00bb\u00bb][vc_column_text]<br \/>\n[\/vc_column_text][\/vc_column][\/vc_row]<\/p>\n","protected":false},"excerpt":{"rendered":"<p>[vc_row overlay=\u00bbnone\u00bb fullwidth=\u00bbno\u00bb][vc_column width=\u00bb2\/3&#8243; wap_class=\u00bb\u00bb wap_id=\u00bb\u00bb][vc_column_text] Cum pute\u021bi deveni asociat ESTE FOARTE\u00a0U\u0218OR\u00a0S\u0102 DEVENI\u021aI\u00a0ASOCIAT ASEMER: Deschide\u021bi\u00a0 \u0219i completa\u021bi-l. Dup\u0103 completarea acestuia, [&hellip;]<\/p>\n","protected":false},"author":3,"featured_media":0,"parent":0,"menu_order":1000,"comment_status":"closed","ping_status":"closed","template":"","meta":{"footnotes":""},"class_list":["post-2340","page","type-page","status-publish","hentry"],"yoast_head":"<!-- This site is optimized with the Yoast SEO plugin v27.5 - https:\/\/yoast.com\/product\/yoast-seo-wordpress\/ -->\n<title>Deveni\u021bi asociat - ASEMER<\/title>\n<meta name=\"robots\" content=\"index, follow, max-snippet:-1, max-image-preview:large, max-video-preview:-1\" \/>\n<link rel=\"canonical\" href=\"https:\/\/www.asemer.ro\/index.php\/deveniti-asociat\/\" \/>\n<meta property=\"og:locale\" content=\"es_ES\" \/>\n<meta property=\"og:type\" content=\"article\" \/>\n<meta property=\"og:title\" content=\"Deveni\u021bi asociat - ASEMER\" \/>\n<meta property=\"og:description\" content=\"[vc_row overlay=\u00bbnone\u00bb fullwidth=\u00bbno\u00bb][vc_column width=\u00bb2\/3&#8243; wap_class=\u00bb\u00bb wap_id=\u00bb\u00bb][vc_column_text] Cum pute\u021bi deveni asociat ESTE FOARTE\u00a0U\u0218OR\u00a0S\u0102 DEVENI\u021aI\u00a0ASOCIAT ASEMER: Deschide\u021bi\u00a0 \u0219i completa\u021bi-l. Dup\u0103 completarea acestuia, [&hellip;]\" \/>\n<meta property=\"og:url\" content=\"https:\/\/www.asemer.ro\/index.php\/deveniti-asociat\/\" \/>\n<meta property=\"og:site_name\" content=\"ASEMER\" \/>\n<meta property=\"article:publisher\" content=\"https:\/\/www.facebook.com\/asociacionasemer\" \/>\n<meta property=\"article:modified_time\" content=\"2021-04-13T07:22:21+00:00\" \/>\n<meta property=\"og:image\" content=\"http:\/\/asemer.ro\/wp-content\/uploads\/2016\/01\/button_ro.png\" \/>\n<meta name=\"twitter:card\" content=\"summary_large_image\" \/>\n<meta name=\"twitter:site\" content=\"@asemer_rumania\" \/>\n<meta name=\"twitter:label1\" content=\"Tiempo de lectura\" \/>\n\t<meta name=\"twitter:data1\" content=\"5 minutos\" \/>\n<script type=\"application\/ld+json\" class=\"yoast-schema-graph\">{\"@context\":\"https:\\\/\\\/schema.org\",\"@graph\":[{\"@type\":\"WebPage\",\"@id\":\"https:\\\/\\\/www.asemer.ro\\\/index.php\\\/deveniti-asociat\\\/\",\"url\":\"https:\\\/\\\/www.asemer.ro\\\/index.php\\\/deveniti-asociat\\\/\",\"name\":\"Deveni\u021bi asociat - ASEMER\",\"isPartOf\":{\"@id\":\"https:\\\/\\\/www.asemer.ro\\\/#website\"},\"primaryImageOfPage\":{\"@id\":\"https:\\\/\\\/www.asemer.ro\\\/index.php\\\/deveniti-asociat\\\/#primaryimage\"},\"image\":{\"@id\":\"https:\\\/\\\/www.asemer.ro\\\/index.php\\\/deveniti-asociat\\\/#primaryimage\"},\"thumbnailUrl\":\"http:\\\/\\\/asemer.ro\\\/wp-content\\\/uploads\\\/2016\\\/01\\\/button_ro.png\",\"datePublished\":\"2016-01-09T20:15:52+00:00\",\"dateModified\":\"2021-04-13T07:22:21+00:00\",\"breadcrumb\":{\"@id\":\"https:\\\/\\\/www.asemer.ro\\\/index.php\\\/deveniti-asociat\\\/#breadcrumb\"},\"inLanguage\":\"es\",\"potentialAction\":[{\"@type\":\"ReadAction\",\"target\":[\"https:\\\/\\\/www.asemer.ro\\\/index.php\\\/deveniti-asociat\\\/\"]}]},{\"@type\":\"ImageObject\",\"inLanguage\":\"es\",\"@id\":\"https:\\\/\\\/www.asemer.ro\\\/index.php\\\/deveniti-asociat\\\/#primaryimage\",\"url\":\"http:\\\/\\\/asemer.ro\\\/wp-content\\\/uploads\\\/2016\\\/01\\\/button_ro.png\",\"contentUrl\":\"http:\\\/\\\/asemer.ro\\\/wp-content\\\/uploads\\\/2016\\\/01\\\/button_ro.png\"},{\"@type\":\"BreadcrumbList\",\"@id\":\"https:\\\/\\\/www.asemer.ro\\\/index.php\\\/deveniti-asociat\\\/#breadcrumb\",\"itemListElement\":[{\"@type\":\"ListItem\",\"position\":1,\"name\":\"Home\",\"item\":\"https:\\\/\\\/www.asemer.ro\\\/\"},{\"@type\":\"ListItem\",\"position\":2,\"name\":\"Deveni\u021bi asociat\"}]},{\"@type\":\"WebSite\",\"@id\":\"https:\\\/\\\/www.asemer.ro\\\/#website\",\"url\":\"https:\\\/\\\/www.asemer.ro\\\/\",\"name\":\"ASEMER\",\"description\":\"Asociaci\u00f3n de Empresas Espa\u00f1olas en Ruman\u00eda\",\"publisher\":{\"@id\":\"https:\\\/\\\/www.asemer.ro\\\/#organization\"},\"potentialAction\":[{\"@type\":\"SearchAction\",\"target\":{\"@type\":\"EntryPoint\",\"urlTemplate\":\"https:\\\/\\\/www.asemer.ro\\\/?s={search_term_string}\"},\"query-input\":{\"@type\":\"PropertyValueSpecification\",\"valueRequired\":true,\"valueName\":\"search_term_string\"}}],\"inLanguage\":\"es\"},{\"@type\":\"Organization\",\"@id\":\"https:\\\/\\\/www.asemer.ro\\\/#organization\",\"name\":\"ASEMER\",\"url\":\"https:\\\/\\\/www.asemer.ro\\\/\",\"logo\":{\"@type\":\"ImageObject\",\"inLanguage\":\"es\",\"@id\":\"https:\\\/\\\/www.asemer.ro\\\/#\\\/schema\\\/logo\\\/image\\\/\",\"url\":\"https:\\\/\\\/www.asemer.ro\\\/wp-content\\\/uploads\\\/2020\\\/12\\\/logo-ASEMER-scaled.jpg\",\"contentUrl\":\"https:\\\/\\\/www.asemer.ro\\\/wp-content\\\/uploads\\\/2020\\\/12\\\/logo-ASEMER-scaled.jpg\",\"width\":2560,\"height\":849,\"caption\":\"ASEMER\"},\"image\":{\"@id\":\"https:\\\/\\\/www.asemer.ro\\\/#\\\/schema\\\/logo\\\/image\\\/\"},\"sameAs\":[\"https:\\\/\\\/www.facebook.com\\\/asociacionasemer\",\"https:\\\/\\\/x.com\\\/asemer_rumania\",\"https:\\\/\\\/ro.linkedin.com\\\/in\\\/asemer-asociaci\u00f3n-empresas-espa\u00f1olas-en-ruman\u00eda-724772a6?trk=author_mini-profile_title\",\"https:\\\/\\\/www.youtube.com\\\/channel\\\/UC73m8-BDsg857OL0Ogv5aQA\\\/videos\"]}]}<\/script>\n<!-- \/ Yoast SEO plugin. -->","yoast_head_json":{"title":"Deveni\u021bi asociat - ASEMER","robots":{"index":"index","follow":"follow","max-snippet":"max-snippet:-1","max-image-preview":"max-image-preview:large","max-video-preview":"max-video-preview:-1"},"canonical":"https:\/\/www.asemer.ro\/index.php\/deveniti-asociat\/","og_locale":"es_ES","og_type":"article","og_title":"Deveni\u021bi asociat - ASEMER","og_description":"[vc_row overlay=\u00bbnone\u00bb fullwidth=\u00bbno\u00bb][vc_column width=\u00bb2\/3&#8243; wap_class=\u00bb\u00bb wap_id=\u00bb\u00bb][vc_column_text] Cum pute\u021bi deveni asociat ESTE FOARTE\u00a0U\u0218OR\u00a0S\u0102 DEVENI\u021aI\u00a0ASOCIAT ASEMER: Deschide\u021bi\u00a0 \u0219i completa\u021bi-l. Dup\u0103 completarea acestuia, [&hellip;]","og_url":"https:\/\/www.asemer.ro\/index.php\/deveniti-asociat\/","og_site_name":"ASEMER","article_publisher":"https:\/\/www.facebook.com\/asociacionasemer","article_modified_time":"2021-04-13T07:22:21+00:00","og_image":[{"url":"http:\/\/asemer.ro\/wp-content\/uploads\/2016\/01\/button_ro.png","type":"","width":"","height":""}],"twitter_card":"summary_large_image","twitter_site":"@asemer_rumania","twitter_misc":{"Tiempo de lectura":"5 minutos"},"schema":{"@context":"https:\/\/schema.org","@graph":[{"@type":"WebPage","@id":"https:\/\/www.asemer.ro\/index.php\/deveniti-asociat\/","url":"https:\/\/www.asemer.ro\/index.php\/deveniti-asociat\/","name":"Deveni\u021bi asociat - ASEMER","isPartOf":{"@id":"https:\/\/www.asemer.ro\/#website"},"primaryImageOfPage":{"@id":"https:\/\/www.asemer.ro\/index.php\/deveniti-asociat\/#primaryimage"},"image":{"@id":"https:\/\/www.asemer.ro\/index.php\/deveniti-asociat\/#primaryimage"},"thumbnailUrl":"http:\/\/asemer.ro\/wp-content\/uploads\/2016\/01\/button_ro.png","datePublished":"2016-01-09T20:15:52+00:00","dateModified":"2021-04-13T07:22:21+00:00","breadcrumb":{"@id":"https:\/\/www.asemer.ro\/index.php\/deveniti-asociat\/#breadcrumb"},"inLanguage":"es","potentialAction":[{"@type":"ReadAction","target":["https:\/\/www.asemer.ro\/index.php\/deveniti-asociat\/"]}]},{"@type":"ImageObject","inLanguage":"es","@id":"https:\/\/www.asemer.ro\/index.php\/deveniti-asociat\/#primaryimage","url":"http:\/\/asemer.ro\/wp-content\/uploads\/2016\/01\/button_ro.png","contentUrl":"http:\/\/asemer.ro\/wp-content\/uploads\/2016\/01\/button_ro.png"},{"@type":"BreadcrumbList","@id":"https:\/\/www.asemer.ro\/index.php\/deveniti-asociat\/#breadcrumb","itemListElement":[{"@type":"ListItem","position":1,"name":"Home","item":"https:\/\/www.asemer.ro\/"},{"@type":"ListItem","position":2,"name":"Deveni\u021bi asociat"}]},{"@type":"WebSite","@id":"https:\/\/www.asemer.ro\/#website","url":"https:\/\/www.asemer.ro\/","name":"ASEMER","description":"Asociaci\u00f3n de Empresas Espa\u00f1olas en Ruman\u00eda","publisher":{"@id":"https:\/\/www.asemer.ro\/#organization"},"potentialAction":[{"@type":"SearchAction","target":{"@type":"EntryPoint","urlTemplate":"https:\/\/www.asemer.ro\/?s={search_term_string}"},"query-input":{"@type":"PropertyValueSpecification","valueRequired":true,"valueName":"search_term_string"}}],"inLanguage":"es"},{"@type":"Organization","@id":"https:\/\/www.asemer.ro\/#organization","name":"ASEMER","url":"https:\/\/www.asemer.ro\/","logo":{"@type":"ImageObject","inLanguage":"es","@id":"https:\/\/www.asemer.ro\/#\/schema\/logo\/image\/","url":"https:\/\/www.asemer.ro\/wp-content\/uploads\/2020\/12\/logo-ASEMER-scaled.jpg","contentUrl":"https:\/\/www.asemer.ro\/wp-content\/uploads\/2020\/12\/logo-ASEMER-scaled.jpg","width":2560,"height":849,"caption":"ASEMER"},"image":{"@id":"https:\/\/www.asemer.ro\/#\/schema\/logo\/image\/"},"sameAs":["https:\/\/www.facebook.com\/asociacionasemer","https:\/\/x.com\/asemer_rumania","https:\/\/ro.linkedin.com\/in\/asemer-asociaci\u00f3n-empresas-espa\u00f1olas-en-ruman\u00eda-724772a6?trk=author_mini-profile_title","https:\/\/www.youtube.com\/channel\/UC73m8-BDsg857OL0Ogv5aQA\/videos"]}]}},"_links":{"self":[{"href":"https:\/\/www.asemer.ro\/index.php\/wp-json\/wp\/v2\/pages\/2340","targetHints":{"allow":["GET"]}}],"collection":[{"href":"https:\/\/www.asemer.ro\/index.php\/wp-json\/wp\/v2\/pages"}],"about":[{"href":"https:\/\/www.asemer.ro\/index.php\/wp-json\/wp\/v2\/types\/page"}],"author":[{"embeddable":true,"href":"https:\/\/www.asemer.ro\/index.php\/wp-json\/wp\/v2\/users\/3"}],"replies":[{"embeddable":true,"href":"https:\/\/www.asemer.ro\/index.php\/wp-json\/wp\/v2\/comments?post=2340"}],"version-history":[{"count":1,"href":"https:\/\/www.asemer.ro\/index.php\/wp-json\/wp\/v2\/pages\/2340\/revisions"}],"predecessor-version":[{"id":5955,"href":"https:\/\/www.asemer.ro\/index.php\/wp-json\/wp\/v2\/pages\/2340\/revisions\/5955"}],"wp:attachment":[{"href":"https:\/\/www.asemer.ro\/index.php\/wp-json\/wp\/v2\/media?parent=2340"}],"curies":[{"name":"wp","href":"https:\/\/api.w.org\/{rel}","templated":true}]}}