{"id":2350,"date":"2016-01-09T22:32:15","date_gmt":"2016-01-09T20:32:15","guid":{"rendered":"http:\/\/asemer.ro\/v2\/?page_id=2350&#038;lang=ro"},"modified":"2024-01-04T15:10:35","modified_gmt":"2024-01-04T13:10:35","slug":"cotizatii","status":"publish","type":"page","link":"https:\/\/www.asemer.ro\/index.php\/cotizatii\/","title":{"rendered":"Cotiza\u021bii"},"content":{"rendered":"<p>[vc_row overlay=\u00bbnone\u00bb fullwidth=\u00bbno\u00bb][vc_column width=\u00bb2\/3&#8243; wap_class=\u00bb\u00bb wap_id=\u00bb\u00bb][vc_column_text]<\/p>\n<p style=\"text-align: justify;\"><span style=\"color: #000000;\">Cu scopul adapt\u0103rii la situa\u021bia economic\u0103 dificil\u0103 actual\u0103 \u0219i din dorin\u021ba de a face ASEMER o asocia\u021bie accesibil\u0103 tuturor, actualul Consiliu Director a \u00eencercat s\u0103 stabileasc\u0103 un sistem de cotiza\u021bii care s\u0103 nu implice cheltuieli importante pentru asocia\u021bi.<\/span><\/p>\n<p style=\"text-align: justify;\"><span style=\"color: #000000;\">Consiliul Director va \u00eencerca s\u0103 finan\u021beze Asocia\u021bia prin intermediul altor surse de venituri, \u00een ideea c\u0103 aceste cotiza\u021bii ale asocia\u021bilor s\u0103 fie mai mult simbolice, nu principala surs\u0103 de resurse pentru Asocia\u021bie.<\/span><\/p>\n<p style=\"text-align: justify;\"><span style=\"color: #000000;\">Cotiza\u021biile stabilite \u00een prezent vor fi structurate \u00een func\u021bie de categoria de asociat &#8211; persoan\u0103 fizic\u0103 sau o entitate cu personalitate juridic\u0103 (societate, PFA, \u2026).<\/span><\/p>\n<p style=\"text-align: justify;\"><span style=\"color: #000000;\">Pentru persoanele fizice s-a stabilit o cotiza\u021bie unic\u0103 \u0219i fix\u0103. Pentru entit\u0103\u021bile cu personalitate juridic\u0103 s-au stabilit ni\u0219te cotiza\u021bii progresive direct propor\u021bionale cu cifra de afaceri a persoanei juridice din anul precedent care variaz\u0103 \u00eentre un minim de 750 \u0219i un maxim de 3.750 RON\/an.<\/span><\/p>\n<p style=\"text-align: justify;\"><span style=\"color: #000000;\">Astfel, cotiza\u021biile stabilite sunt urm\u0103toarele:<\/span><\/p>\n<table width=\"530\">\n<tbody>\n<tr>\n<td style=\"text-align: center;\" width=\"80\"><span style=\"color: #000000;\"><strong>Persoan\u0103<\/strong><\/span><\/td>\n<td width=\"250\">\n<p style=\"text-align: center;\"><span style=\"color: #000000;\"><strong>Cifra de afaceri \u00een 2023 (\u00een Euro)<\/strong><\/span><\/p>\n<\/td>\n<td width=\"200\">\n<p style=\"text-align: center;\"><span style=\"color: #000000;\"><strong>Cotiza\u021bia Anual\u0103 (Lei)<\/strong><\/span><\/p>\n<\/td>\n<\/tr>\n<tr>\n<td style=\"text-align: center;\" width=\"80\"><span style=\"color: #000000;\">Fizic\u0103<\/span><\/td>\n<td style=\"text-align: center;\" width=\"250\"><span style=\"color: #000000;\">&#8211;<\/span><\/td>\n<td style=\"text-align: center;\" width=\"200\"><span style=\"color: #000000;\">750<\/span><\/td>\n<\/tr>\n<tr>\n<td style=\"text-align: center;\" rowspan=\"5\" width=\"80\"><span style=\"color: #000000;\">Juridic\u0103\/PFA<\/span><\/td>\n<td style=\"text-align: center;\" width=\"250\"><span style=\"color: #000000;\">Mai mic\u0103 sau egal\u0103 cu 100.000<\/span><\/td>\n<td style=\"text-align: center;\" width=\"200\"><span style=\"color: #000000;\">750<\/span><\/td>\n<\/tr>\n<tr>\n<td style=\"text-align: center;\" width=\"250\"><span style=\"color: #000000;\">\u00centre 100.001 \u0219i 500.000<\/span><\/td>\n<td style=\"text-align: center;\" width=\"200\"><span style=\"color: #000000;\">1.500<\/span><\/td>\n<\/tr>\n<tr>\n<td style=\"text-align: center;\" width=\"250\"><span style=\"color: #000000;\">\u00centre 500.001 \u0219i 1.000.000<\/span><\/td>\n<td style=\"text-align: center;\" width=\"200\"><span style=\"color: #000000;\">2.250<\/span><\/td>\n<\/tr>\n<tr>\n<td style=\"text-align: center;\" width=\"250\"><span style=\"color: #000000;\">\u00centre 1.000.001 \u0219i 5.000.000<\/span><\/td>\n<td style=\"text-align: center;\" width=\"200\"><span style=\"color: #000000;\">3.000<\/span><\/td>\n<\/tr>\n<tr>\n<td style=\"text-align: center;\" width=\"250\"><span style=\"color: #000000;\">Peste 5.000.001<\/span><\/td>\n<td style=\"text-align: center;\" width=\"200\"><span style=\"color: #000000;\">3.750<\/span><\/td>\n<\/tr>\n<\/tbody>\n<\/table>\n<p>[\/vc_column_text][\/vc_column][vc_column width=\u00bb1\/3&#8243; wap_class=\u00bb\u00bb wap_id=\u00bb\u00bb][vc_column_text]<br \/>\n[\/vc_column_text][\/vc_column][\/vc_row]<\/p>\n","protected":false},"excerpt":{"rendered":"<p>[vc_row overlay=\u00bbnone\u00bb fullwidth=\u00bbno\u00bb][vc_column width=\u00bb2\/3&#8243; wap_class=\u00bb\u00bb wap_id=\u00bb\u00bb][vc_column_text] Cu scopul adapt\u0103rii la situa\u021bia economic\u0103 dificil\u0103 actual\u0103 \u0219i din dorin\u021ba de a face [&hellip;]<\/p>\n","protected":false},"author":3,"featured_media":0,"parent":0,"menu_order":1000,"comment_status":"closed","ping_status":"closed","template":"","meta":{"footnotes":""},"class_list":["post-2350","page","type-page","status-publish","hentry"],"yoast_head":"<!-- This site is optimized with the Yoast SEO plugin v27.3 - https:\/\/yoast.com\/product\/yoast-seo-wordpress\/ -->\n<title>Cotiza\u021bii - ASEMER<\/title>\n<meta name=\"robots\" content=\"index, follow, max-snippet:-1, max-image-preview:large, max-video-preview:-1\" \/>\n<link rel=\"canonical\" href=\"https:\/\/www.asemer.ro\/index.php\/cotizatii\/\" \/>\n<meta property=\"og:locale\" content=\"es_ES\" \/>\n<meta property=\"og:type\" content=\"article\" \/>\n<meta property=\"og:title\" content=\"Cotiza\u021bii - ASEMER\" \/>\n<meta property=\"og:description\" content=\"[vc_row overlay=\u00bbnone\u00bb fullwidth=\u00bbno\u00bb][vc_column width=\u00bb2\/3&#8243; wap_class=\u00bb\u00bb wap_id=\u00bb\u00bb][vc_column_text] Cu scopul adapt\u0103rii la situa\u021bia economic\u0103 dificil\u0103 actual\u0103 \u0219i din dorin\u021ba de a face [&hellip;]\" \/>\n<meta property=\"og:url\" content=\"https:\/\/www.asemer.ro\/index.php\/cotizatii\/\" \/>\n<meta property=\"og:site_name\" content=\"ASEMER\" \/>\n<meta property=\"article:publisher\" content=\"https:\/\/www.facebook.com\/asociacionasemer\" \/>\n<meta property=\"article:modified_time\" content=\"2024-01-04T13:10:35+00:00\" \/>\n<meta name=\"twitter:card\" content=\"summary_large_image\" \/>\n<meta name=\"twitter:site\" content=\"@asemer_rumania\" \/>\n<meta name=\"twitter:label1\" content=\"Tiempo de lectura\" \/>\n\t<meta name=\"twitter:data1\" content=\"1 minuto\" \/>\n<script type=\"application\/ld+json\" class=\"yoast-schema-graph\">{\"@context\":\"https:\\\/\\\/schema.org\",\"@graph\":[{\"@type\":\"WebPage\",\"@id\":\"https:\\\/\\\/www.asemer.ro\\\/index.php\\\/cotizatii\\\/\",\"url\":\"https:\\\/\\\/www.asemer.ro\\\/index.php\\\/cotizatii\\\/\",\"name\":\"Cotiza\u021bii - ASEMER\",\"isPartOf\":{\"@id\":\"https:\\\/\\\/www.asemer.ro\\\/#website\"},\"datePublished\":\"2016-01-09T20:32:15+00:00\",\"dateModified\":\"2024-01-04T13:10:35+00:00\",\"breadcrumb\":{\"@id\":\"https:\\\/\\\/www.asemer.ro\\\/index.php\\\/cotizatii\\\/#breadcrumb\"},\"inLanguage\":\"es\",\"potentialAction\":[{\"@type\":\"ReadAction\",\"target\":[\"https:\\\/\\\/www.asemer.ro\\\/index.php\\\/cotizatii\\\/\"]}]},{\"@type\":\"BreadcrumbList\",\"@id\":\"https:\\\/\\\/www.asemer.ro\\\/index.php\\\/cotizatii\\\/#breadcrumb\",\"itemListElement\":[{\"@type\":\"ListItem\",\"position\":1,\"name\":\"Home\",\"item\":\"https:\\\/\\\/www.asemer.ro\\\/\"},{\"@type\":\"ListItem\",\"position\":2,\"name\":\"Cotiza\u021bii\"}]},{\"@type\":\"WebSite\",\"@id\":\"https:\\\/\\\/www.asemer.ro\\\/#website\",\"url\":\"https:\\\/\\\/www.asemer.ro\\\/\",\"name\":\"ASEMER\",\"description\":\"Asociaci\u00f3n de Empresas Espa\u00f1olas en Ruman\u00eda\",\"publisher\":{\"@id\":\"https:\\\/\\\/www.asemer.ro\\\/#organization\"},\"potentialAction\":[{\"@type\":\"SearchAction\",\"target\":{\"@type\":\"EntryPoint\",\"urlTemplate\":\"https:\\\/\\\/www.asemer.ro\\\/?s={search_term_string}\"},\"query-input\":{\"@type\":\"PropertyValueSpecification\",\"valueRequired\":true,\"valueName\":\"search_term_string\"}}],\"inLanguage\":\"es\"},{\"@type\":\"Organization\",\"@id\":\"https:\\\/\\\/www.asemer.ro\\\/#organization\",\"name\":\"ASEMER\",\"url\":\"https:\\\/\\\/www.asemer.ro\\\/\",\"logo\":{\"@type\":\"ImageObject\",\"inLanguage\":\"es\",\"@id\":\"https:\\\/\\\/www.asemer.ro\\\/#\\\/schema\\\/logo\\\/image\\\/\",\"url\":\"https:\\\/\\\/www.asemer.ro\\\/wp-content\\\/uploads\\\/2020\\\/12\\\/logo-ASEMER-scaled.jpg\",\"contentUrl\":\"https:\\\/\\\/www.asemer.ro\\\/wp-content\\\/uploads\\\/2020\\\/12\\\/logo-ASEMER-scaled.jpg\",\"width\":2560,\"height\":849,\"caption\":\"ASEMER\"},\"image\":{\"@id\":\"https:\\\/\\\/www.asemer.ro\\\/#\\\/schema\\\/logo\\\/image\\\/\"},\"sameAs\":[\"https:\\\/\\\/www.facebook.com\\\/asociacionasemer\",\"https:\\\/\\\/x.com\\\/asemer_rumania\",\"https:\\\/\\\/ro.linkedin.com\\\/in\\\/asemer-asociaci\u00f3n-empresas-espa\u00f1olas-en-ruman\u00eda-724772a6?trk=author_mini-profile_title\",\"https:\\\/\\\/www.youtube.com\\\/channel\\\/UC73m8-BDsg857OL0Ogv5aQA\\\/videos\"]}]}<\/script>\n<!-- \/ Yoast SEO plugin. -->","yoast_head_json":{"title":"Cotiza\u021bii - ASEMER","robots":{"index":"index","follow":"follow","max-snippet":"max-snippet:-1","max-image-preview":"max-image-preview:large","max-video-preview":"max-video-preview:-1"},"canonical":"https:\/\/www.asemer.ro\/index.php\/cotizatii\/","og_locale":"es_ES","og_type":"article","og_title":"Cotiza\u021bii - ASEMER","og_description":"[vc_row overlay=\u00bbnone\u00bb fullwidth=\u00bbno\u00bb][vc_column width=\u00bb2\/3&#8243; wap_class=\u00bb\u00bb wap_id=\u00bb\u00bb][vc_column_text] Cu scopul adapt\u0103rii la situa\u021bia economic\u0103 dificil\u0103 actual\u0103 \u0219i din dorin\u021ba de a face [&hellip;]","og_url":"https:\/\/www.asemer.ro\/index.php\/cotizatii\/","og_site_name":"ASEMER","article_publisher":"https:\/\/www.facebook.com\/asociacionasemer","article_modified_time":"2024-01-04T13:10:35+00:00","twitter_card":"summary_large_image","twitter_site":"@asemer_rumania","twitter_misc":{"Tiempo de lectura":"1 minuto"},"schema":{"@context":"https:\/\/schema.org","@graph":[{"@type":"WebPage","@id":"https:\/\/www.asemer.ro\/index.php\/cotizatii\/","url":"https:\/\/www.asemer.ro\/index.php\/cotizatii\/","name":"Cotiza\u021bii - ASEMER","isPartOf":{"@id":"https:\/\/www.asemer.ro\/#website"},"datePublished":"2016-01-09T20:32:15+00:00","dateModified":"2024-01-04T13:10:35+00:00","breadcrumb":{"@id":"https:\/\/www.asemer.ro\/index.php\/cotizatii\/#breadcrumb"},"inLanguage":"es","potentialAction":[{"@type":"ReadAction","target":["https:\/\/www.asemer.ro\/index.php\/cotizatii\/"]}]},{"@type":"BreadcrumbList","@id":"https:\/\/www.asemer.ro\/index.php\/cotizatii\/#breadcrumb","itemListElement":[{"@type":"ListItem","position":1,"name":"Home","item":"https:\/\/www.asemer.ro\/"},{"@type":"ListItem","position":2,"name":"Cotiza\u021bii"}]},{"@type":"WebSite","@id":"https:\/\/www.asemer.ro\/#website","url":"https:\/\/www.asemer.ro\/","name":"ASEMER","description":"Asociaci\u00f3n de Empresas Espa\u00f1olas en Ruman\u00eda","publisher":{"@id":"https:\/\/www.asemer.ro\/#organization"},"potentialAction":[{"@type":"SearchAction","target":{"@type":"EntryPoint","urlTemplate":"https:\/\/www.asemer.ro\/?s={search_term_string}"},"query-input":{"@type":"PropertyValueSpecification","valueRequired":true,"valueName":"search_term_string"}}],"inLanguage":"es"},{"@type":"Organization","@id":"https:\/\/www.asemer.ro\/#organization","name":"ASEMER","url":"https:\/\/www.asemer.ro\/","logo":{"@type":"ImageObject","inLanguage":"es","@id":"https:\/\/www.asemer.ro\/#\/schema\/logo\/image\/","url":"https:\/\/www.asemer.ro\/wp-content\/uploads\/2020\/12\/logo-ASEMER-scaled.jpg","contentUrl":"https:\/\/www.asemer.ro\/wp-content\/uploads\/2020\/12\/logo-ASEMER-scaled.jpg","width":2560,"height":849,"caption":"ASEMER"},"image":{"@id":"https:\/\/www.asemer.ro\/#\/schema\/logo\/image\/"},"sameAs":["https:\/\/www.facebook.com\/asociacionasemer","https:\/\/x.com\/asemer_rumania","https:\/\/ro.linkedin.com\/in\/asemer-asociaci\u00f3n-empresas-espa\u00f1olas-en-ruman\u00eda-724772a6?trk=author_mini-profile_title","https:\/\/www.youtube.com\/channel\/UC73m8-BDsg857OL0Ogv5aQA\/videos"]}]}},"_links":{"self":[{"href":"https:\/\/www.asemer.ro\/index.php\/wp-json\/wp\/v2\/pages\/2350","targetHints":{"allow":["GET"]}}],"collection":[{"href":"https:\/\/www.asemer.ro\/index.php\/wp-json\/wp\/v2\/pages"}],"about":[{"href":"https:\/\/www.asemer.ro\/index.php\/wp-json\/wp\/v2\/types\/page"}],"author":[{"embeddable":true,"href":"https:\/\/www.asemer.ro\/index.php\/wp-json\/wp\/v2\/users\/3"}],"replies":[{"embeddable":true,"href":"https:\/\/www.asemer.ro\/index.php\/wp-json\/wp\/v2\/comments?post=2350"}],"version-history":[{"count":3,"href":"https:\/\/www.asemer.ro\/index.php\/wp-json\/wp\/v2\/pages\/2350\/revisions"}],"predecessor-version":[{"id":9509,"href":"https:\/\/www.asemer.ro\/index.php\/wp-json\/wp\/v2\/pages\/2350\/revisions\/9509"}],"wp:attachment":[{"href":"https:\/\/www.asemer.ro\/index.php\/wp-json\/wp\/v2\/media?parent=2350"}],"curies":[{"name":"wp","href":"https:\/\/api.w.org\/{rel}","templated":true}]}}