{"id":2747,"date":"2015-11-08T13:36:36","date_gmt":"2015-11-08T11:36:36","guid":{"rendered":"http:\/\/asemer.ro\/junta-directiva\/?lang=en"},"modified":"2024-01-04T15:38:00","modified_gmt":"2024-01-04T13:38:00","slug":"board-of-directors","status":"publish","type":"page","link":"https:\/\/www.asemer.ro\/index.php\/board-of-directors\/","title":{"rendered":"Board of Directors"},"content":{"rendered":"<p>[vc_row overlay=\u00bbnone\u00bb fullwidth=\u00bbno\u00bb][vc_column width=\u00bb2\/3&#8243; wap_class=\u00bb\u00bb wap_id=\u00bb\u00bb][vc_single_image image=\u00bb1622&#8243; alignment=\u00bbcenter\u00bb style=\u00bbvc_box_rounded\u00bb border_color=\u00bbgrey\u00bb img_link_large=\u00bb\u00bb img_link_target=\u00bb_self\u00bb css_animation=\u00bbappear\u00bb img_size=\u00bbfull\u00bb][vc_column_text]<\/p>\n<p style=\"text-align: justify;\"><span style=\"color: #000000;\">The General Assembly shall elect from its members a Board of Directors, which shall be responsible for the management and administration of the Association and for the implementation of the resolutions adopted by the General Assembly.<\/span><\/p>\n<p>[\/vc_column_text][vc_toggle title=\u00bbMembers of the Provisional Board of Directors\u00bb style=\u00bbdefault\u00bb size=\u00bbmd\u00bb open=\u00bbtrue\u00bb el_id=\u00bb1446982674886-c119b844-4cb9&#8243;]<\/p>\n<div id=\"collapseOne\" class=\"panel-collapse in\">\n<div class=\"panel-body\">\n<table>\n<tbody>\n<tr>\n<td style=\"text-align: center;\" width=\"205\"><span style=\"color: #000000;\"><strong>Position within the Board of Directors <\/strong><\/span><\/td>\n<td style=\"text-align: center;\" width=\"205\"><span style=\"color: #000000;\"><strong>Name and Surname<\/strong><\/span><\/td>\n<td width=\"205\">\n<p style=\"text-align: center;\"><span style=\"color: #000000;\"><strong>Company<\/strong><\/span><\/p>\n<p><span style=\"color: #000000;\">\u00a0<\/span><\/td>\n<\/tr>\n<tr>\n<td width=\"205\"><span style=\"color: #000000;\">President<\/span><\/td>\n<td style=\"text-align: center;\" width=\"205\"><span style=\"color: #000000;\">Emilio Alonso Luque Ascanio\u00a0<\/span><\/td>\n<td style=\"text-align: center;\" width=\"205\"><span style=\"color: #000000;\">Cabinet de Avocatura Luque Ascanio<\/span><\/td>\n<\/tr>\n<tr>\n<td width=\"205\"><span style=\"color: #000000;\">\u00a0Vice President<br \/>\n<\/span><\/td>\n<td style=\"text-align: center;\" width=\"205\"><span style=\"color: #000000;\">Drago\u0219 Antonache<br \/>\n<\/span><\/td>\n<td style=\"text-align: center;\" width=\"205\"><span style=\"color: #000000;\">Sogardi Consulting SRL<br \/>\n<\/span><\/td>\n<\/tr>\n<tr>\n<td width=\"205\">Trezorier<\/td>\n<td style=\"text-align: center;\" width=\"205\">Cristian Niciev<\/td>\n<td style=\"text-align: center;\" width=\"205\">Samart Fiscal Team SRL<\/td>\n<\/tr>\n<tr>\n<td width=\"205\"><span style=\"color: #000000;\">Member<\/span><\/td>\n<td style=\"text-align: center;\" width=\"205\">Irina Elena Badii<\/td>\n<td style=\"text-align: center;\" width=\"205\"><span style=\"color: #000000;\">Itrad Translation services SRL<\/span><\/td>\n<\/tr>\n<tr>\n<td width=\"205\"><span style=\"color: #000000;\">Member<\/span><\/td>\n<td style=\"text-align: center;\" width=\"205\">Mara Gojgar<\/td>\n<td style=\"text-align: center;\" width=\"205\">The Confident Group SRL<\/td>\n<\/tr>\n<tr>\n<td width=\"205\"><\/td>\n<td style=\"text-align: center;\" width=\"205\"><span style=\"color: #000000;\">\u00a0<\/span><\/td>\n<td style=\"text-align: center;\" width=\"205\"><span style=\"color: #000000;\">\u00a0<\/span><\/td>\n<\/tr>\n<tr>\n<td width=\"205\"><\/td>\n<td style=\"text-align: center;\" width=\"205\"><span style=\"color: #000000;\">\u00a0<\/span><\/td>\n<td style=\"text-align: center;\" width=\"205\"><span style=\"color: #000000;\">\u00a0<\/span><\/td>\n<\/tr>\n<tr>\n<td width=\"205\"><\/td>\n<td style=\"text-align: center;\" width=\"205\"><span style=\"color: #000000;\">\u00a0<\/span><\/td>\n<td style=\"text-align: center;\" width=\"205\"><span style=\"color: #000000;\">\u00a0<\/span><\/td>\n<\/tr>\n<tr>\n<td width=\"205\"><\/td>\n<td style=\"text-align: center;\" width=\"205\"><span style=\"color: #000000;\">\u00a0<\/span><\/td>\n<td style=\"text-align: center;\" width=\"205\"><span style=\"color: #000000;\">\u00a0<\/span><\/td>\n<\/tr>\n<\/tbody>\n<\/table>\n<\/div>\n<\/div>\n<p>[\/vc_toggle][vc_toggle title=\u00bbElection of the Board of Directors\u00bb style=\u00bbdefault\u00bb size=\u00bbmd\u00bb open=\u00bbfalse\u00bb el_id=\u00bb1446982756010-9cf1e592-ad6a\u00bb]<\/p>\n<ol>\n<li style=\"text-align: justify;\"><span style=\"color: #000000;\">The members of the Board of Directors may only be elected during the General Assembly that has been convoked in this regards, with this subject on the Agenda.<\/span><\/li>\n<li style=\"text-align: justify;\"><span style=\"color: #000000;\">The members of the Board of Directors shall be elected by free direct and secret vote by the General Assembly and shall not be paid for the performance of their duties, their functions having an honorary character.<\/span><\/li>\n<li style=\"text-align: justify;\"><span style=\"color: #000000;\">Their electoral mandate, which is revocable as per the provisions of the Statute, shall have a duration of four years and may be re-granted further on for equal periods.<\/span><\/li>\n<li style=\"text-align: justify;\"><span style=\"color: #000000;\">All ASEMER members with full rights and up to date with the payment of the corresponding quotas are eligible voters and electors.<\/span><\/li>\n<li style=\"text-align: justify;\"><span style=\"color: #000000;\">The members with full rights shall present to the Board of Directors the lists of proposed candidates up to forty calendar days before the General Assembly for the election.<\/span><\/li>\n<li style=\"text-align: justify;\"><span style=\"color: #000000;\">The lists shall clearly specify the members of the Board of Directors and the nine personalized positions in accordance with the Statute, respectively: President, First Vice President, Second Vice President, Secretary, Treasurer and four members, which must be signed by each and every one of the candidate members.<\/span><\/li>\n<li style=\"text-align: justify;\"><span style=\"color: #000000;\">Each candidate on the list must prove by means of <strong>a criminal record issued by the competent authorities the fact of not having been convicted of any crime through a definitive Decision of a Court or Tribunal.<\/strong><\/span><\/li>\n<li style=\"text-align: justify;\"><span style=\"color: #000000;\">The eligible members of ASEMER may have only one candidacy. If any member has two or more candidacies, the Board of Directors shall reject all candidacies.<\/span><\/li>\n<li style=\"text-align: justify;\"><span style=\"color: #000000;\">The Board of Directors shall carry out the due verifications in order to check that the candidates are eligible members. If one or several members of a candidacy do not meet all eligibility requirements, the application shall be rejected.<\/span><\/li>\n<li style=\"text-align: justify;\"><span style=\"color: #000000;\">The Board of Directors shall send to all elective members of ASEMER the location for the election of the new Board of Directors and the lists with the valid candidacies by minimum seven calendar days prior to the meeting of the Assembly.<\/span><\/li>\n<li style=\"text-align: justify;\"><span style=\"color: #000000;\">The election of the Board of Directors shall always be the last topic on the agenda of the respective Assembly.<\/span><\/li>\n<li style=\"text-align: justify;\"><span style=\"color: #000000;\">After discussing on all the subjects on the agenda of the Assembly in which the new Board of Directors shall be elected, an Electoral Board shall be constituted with the members of the outgoing Board of Directors who have not submitted any candidacy.<\/span><\/li>\n<li style=\"text-align: justify;\"><span style=\"color: #000000;\">If at least 3 members are not in this situation, this number shall be completed in order to consider the Electoral Board validly constituted of the ASEMER members randomly selected among those with the right to vote and attending the meeting.<\/span><\/li>\n<li style=\"text-align: justify;\"><span style=\"color: #000000;\">The President of the Electoral Board shall be elected by drawing lots from its components.<\/span><\/li>\n<li style=\"text-align: justify;\"><span style=\"color: #000000;\">Once the Electoral Board is established, the voting is opened.<\/span><\/li>\n<li style=\"text-align: justify;\"><span style=\"color: #000000;\">Each elector shall place in an urn the voting-paper containing the elected candidature. The candidature shall be denominated with the name of the proposed President.<\/span><\/li>\n<li style=\"text-align: justify;\"><span style=\"color: #000000;\">It is considered null the voting-paper not identifying undoubtedly the voted candidature.<\/span><\/li>\n<li style=\"text-align: justify;\"><span style=\"color: #000000;\">Nobody can support more than a candidature. If a voting-paper presents the names of two or more candidatures, it shall be annulled. The blank voting-papers shall be considered as not belonging to any application.<\/span><\/li>\n<li style=\"text-align: justify;\"><span style=\"color: #000000;\">The Candidature obtaining the highest number of votes shall be named as the new Board of Directors.<\/span><\/li>\n<li style=\"text-align: justify;\"><span style=\"color: #000000;\">The minutes of the Assembly in which the new Board of Directors is elected shall be signed by the Secretary, the retiring President of the Board of Directors and the new Board of Directors.<\/span><\/li>\n<\/ol>\n<p>[\/vc_toggle][vc_toggle title=\u00bbVacancies in the Board of Directors\u00bb style=\u00bbdefault\u00bb size=\u00bbmd\u00bb open=\u00bbfalse\u00bb]<\/p>\n<ol>\n<li style=\"text-align: justify;\"><span style=\"color: #000000;\">If in an electoral mandate a position remains vacant in the Board of Directors, this shall have the role, within a Session, to appoint a replacement by majority of votes, under the condition of him complying with all the eligibility requirements, and the temporary designation shall be submitted to ratification within the first following General Assembly.<\/span><\/li>\n<li style=\"text-align: justify;\"><span style=\"color: #000000;\">The members elected to occupy vacancies or new positions shall have this function only for the remaining duration of the mandate.<\/span><\/li>\n<\/ol>\n<p>[\/vc_toggle][vc_toggle title=\u00bbConvocation of the Board of Directors\u00bb style=\u00bbdefault\u00bb size=\u00bbmd\u00bb open=\u00bbfalse\u00bb el_id=\u00bb1446983072392-e4a3a544-d9bd\u00bb]<\/p>\n<ol>\n<li style=\"text-align: justify;\"><span style=\"color: #000000;\">The Board of Directors that shall act as governing body, shall meet in ordinary session at least once every three months and in extraordinary session whenever the President deems it necessary or at the request of a third of its members.<\/span><\/li>\n<li style=\"text-align: justify;\"><span style=\"color: #000000;\">The President of the Board of Directors shall convoke the members at least ten business days prior to the date established for the meeting; he shall transmit the agenda and the date, hour and location of the meeting.<\/span><\/li>\n<li style=\"text-align: justify;\"><span style=\"color: #000000;\">The Board of Directors is considered validly convoked when at least half plus one of its members are attending.<\/span><\/li>\n<li style=\"text-align: justify;\"><span style=\"color: #000000;\">The decisions of the Board of Directors shall be adopted through the favorable vote of half plus one of the present or represented members, the President\u2019s vote being decisive in case of equality. The deliberations and the decisions taken in the meetings shall be noted in the Minutes, which shall be signed by the President and the Secretary and recorded in the corresponding Registry of Minutes.<\/span><\/li>\n<\/ol>\n<p>[\/vc_toggle][vc_toggle title=\u00bbFunctions of the Board of Directors\u00bb style=\u00bbdefault\u00bb size=\u00bbmd\u00bb open=\u00bbfalse\u00bb]<\/p>\n<p style=\"text-align: justify;\"><span style=\"color: #000000;\">The Board of Directors has the following functions and powers:<\/span><\/p>\n<ol>\n<li style=\"text-align: justify;\"><span style=\"color: #000000;\">Enforces the decisions of the General Assembly;<\/span><\/li>\n<li style=\"text-align: justify;\"><span style=\"color: #000000;\">Presents to the General Assembly the activity report for the previous year, the implementation of the budget of revenue and expenses, the balance sheet, the budget of income and expenses for the following year and the program of the Association;<\/span><\/li>\n<li style=\"text-align: justify;\"><span style=\"color: #000000;\">Signs any legal document on behalf and in favour or the Association;<\/span><\/li>\n<li style=\"text-align: justify;\"><span style=\"color: #000000;\">Approves the organizational structure and the personnel policy of the Association;<\/span><\/li>\n<li style=\"text-align: justify;\"><span style=\"color: #000000;\">Establishes the general strategy and the program of the Association;<\/span><\/li>\n<li style=\"text-align: justify;\"><span style=\"color: #000000;\">Implements the budget of income and expenditure;<\/span><\/li>\n<li style=\"text-align: justify;\"><span style=\"color: #000000;\">Decides and carries out the necessary formalities for the change of the registered headquarters of the Association.<\/span><\/li>\n<li style=\"text-align: justify;\"><span style=\"color: #000000;\">Performs any attributions not expressly assigned to other organs of government and without prejudice to the superior competence in all orders of the Assembly or those that are expressly delegated to the Assembly.<\/span><\/li>\n<\/ol>\n<p>[\/vc_toggle][vc_toggle title=\u00bbCease of function and Dismissal from the Board of Directors\u00bb style=\u00bbdefault\u00bb size=\u00bbmd\u00bb open=\u00bbfalse\u00bb el_id=\u00bb1446983130108-f0377569-daa4&#8243;]<\/p>\n<p style=\"text-align: justify;\"><span style=\"color: #000000;\">The quality of Board of Directors member shall cease for the following reasons:<\/span><\/p>\n<ol>\n<li style=\"text-align: justify;\"><span style=\"color: #000000;\">At the expiry of the legal mandate.<\/span><\/li>\n<li style=\"text-align: justify;\"><span style=\"color: #000000;\">By election or assignation of other positions, whose performance is incompatible with the one held on the Board of Directors, as per the criteria of the latter.<\/span><\/li>\n<li style=\"text-align: justify;\"><span style=\"color: #000000;\">For loss of any of the eligibility conditions established according to the regulations.<\/span><\/li>\n<li style=\"text-align: justify;\"><span style=\"color: #000000;\">As per the sanctions imposed as a result of indiscipline committed.<\/span><\/li>\n<li style=\"text-align: justify;\"><span style=\"color: #000000;\">By express waiver or material or physical disability.<\/span><\/li>\n<li style=\"text-align: justify;\"><span style=\"color: #000000;\">By resolution of the General Assembly adopted by an absolute majority of those attending the Assembly.<\/span><\/li>\n<li style=\"text-align: justify;\"><span style=\"color: #000000;\">At his\/her own request.<\/span><\/li>\n<li style=\"text-align: justify;\"><span style=\"color: #000000;\">It cannot be a member of the Board, and if it was, would lose this quality, any member thereof occupying a leadership role within the framework of a public institution, if ASEMER had intended to serve in any way to the institution.<\/span><\/li>\n<li style=\"text-align: justify;\"><span style=\"color: #000000;\">The revocation of any member of the Board shall be notified to the General Assembly of Members at the following session of the same.<\/span><\/li>\n<\/ol>\n<p>[\/vc_toggle][\/vc_column][vc_column width=\u00bb1\/3&#8243; wap_class=\u00bb\u00bb wap_id=\u00bb\u00bb][vc_column_text]<br \/>\n[\/vc_column_text][\/vc_column][\/vc_row]<\/p>\n","protected":false},"excerpt":{"rendered":"<p>[vc_row overlay=\u00bbnone\u00bb fullwidth=\u00bbno\u00bb][vc_column width=\u00bb2\/3&#8243; wap_class=\u00bb\u00bb wap_id=\u00bb\u00bb][vc_single_image image=\u00bb1622&#8243; alignment=\u00bbcenter\u00bb style=\u00bbvc_box_rounded\u00bb border_color=\u00bbgrey\u00bb img_link_large=\u00bb\u00bb img_link_target=\u00bb_self\u00bb css_animation=\u00bbappear\u00bb img_size=\u00bbfull\u00bb][vc_column_text] The General Assembly shall elect from [&hellip;]<\/p>\n","protected":false},"author":3,"featured_media":0,"parent":0,"menu_order":1000,"comment_status":"closed","ping_status":"closed","template":"","meta":{"footnotes":""},"class_list":["post-2747","page","type-page","status-publish","hentry"],"yoast_head":"<!-- This site is optimized with the Yoast SEO plugin v27.5 - https:\/\/yoast.com\/product\/yoast-seo-wordpress\/ -->\n<title>Board of Directors - ASEMER<\/title>\n<meta name=\"robots\" content=\"index, follow, max-snippet:-1, max-image-preview:large, max-video-preview:-1\" \/>\n<link rel=\"canonical\" href=\"https:\/\/www.asemer.ro\/index.php\/board-of-directors\/\" \/>\n<meta property=\"og:locale\" content=\"es_ES\" \/>\n<meta property=\"og:type\" content=\"article\" \/>\n<meta property=\"og:title\" content=\"Board of Directors - ASEMER\" \/>\n<meta property=\"og:description\" content=\"[vc_row overlay=\u00bbnone\u00bb fullwidth=\u00bbno\u00bb][vc_column width=\u00bb2\/3&#8243; wap_class=\u00bb\u00bb wap_id=\u00bb\u00bb][vc_single_image image=\u00bb1622&#8243; alignment=\u00bbcenter\u00bb style=\u00bbvc_box_rounded\u00bb border_color=\u00bbgrey\u00bb img_link_large=\u00bb\u00bb img_link_target=\u00bb_self\u00bb css_animation=\u00bbappear\u00bb img_size=\u00bbfull\u00bb][vc_column_text] The General Assembly shall elect from [&hellip;]\" \/>\n<meta property=\"og:url\" content=\"https:\/\/www.asemer.ro\/index.php\/board-of-directors\/\" \/>\n<meta property=\"og:site_name\" content=\"ASEMER\" \/>\n<meta property=\"article:publisher\" content=\"https:\/\/www.facebook.com\/asociacionasemer\" \/>\n<meta property=\"article:modified_time\" content=\"2024-01-04T13:38:00+00:00\" \/>\n<meta name=\"twitter:card\" content=\"summary_large_image\" \/>\n<meta name=\"twitter:site\" content=\"@asemer_rumania\" \/>\n<meta name=\"twitter:label1\" content=\"Tiempo de lectura\" \/>\n\t<meta name=\"twitter:data1\" content=\"7 minutos\" \/>\n<script type=\"application\/ld+json\" class=\"yoast-schema-graph\">{\"@context\":\"https:\\\/\\\/schema.org\",\"@graph\":[{\"@type\":\"WebPage\",\"@id\":\"https:\\\/\\\/www.asemer.ro\\\/index.php\\\/board-of-directors\\\/\",\"url\":\"https:\\\/\\\/www.asemer.ro\\\/index.php\\\/board-of-directors\\\/\",\"name\":\"Board of Directors - ASEMER\",\"isPartOf\":{\"@id\":\"https:\\\/\\\/www.asemer.ro\\\/#website\"},\"datePublished\":\"2015-11-08T11:36:36+00:00\",\"dateModified\":\"2024-01-04T13:38:00+00:00\",\"breadcrumb\":{\"@id\":\"https:\\\/\\\/www.asemer.ro\\\/index.php\\\/board-of-directors\\\/#breadcrumb\"},\"inLanguage\":\"es\",\"potentialAction\":[{\"@type\":\"ReadAction\",\"target\":[\"https:\\\/\\\/www.asemer.ro\\\/index.php\\\/board-of-directors\\\/\"]}]},{\"@type\":\"BreadcrumbList\",\"@id\":\"https:\\\/\\\/www.asemer.ro\\\/index.php\\\/board-of-directors\\\/#breadcrumb\",\"itemListElement\":[{\"@type\":\"ListItem\",\"position\":1,\"name\":\"Home\",\"item\":\"https:\\\/\\\/www.asemer.ro\\\/\"},{\"@type\":\"ListItem\",\"position\":2,\"name\":\"Board of Directors\"}]},{\"@type\":\"WebSite\",\"@id\":\"https:\\\/\\\/www.asemer.ro\\\/#website\",\"url\":\"https:\\\/\\\/www.asemer.ro\\\/\",\"name\":\"ASEMER\",\"description\":\"Asociaci\u00f3n de Empresas Espa\u00f1olas en Ruman\u00eda\",\"publisher\":{\"@id\":\"https:\\\/\\\/www.asemer.ro\\\/#organization\"},\"potentialAction\":[{\"@type\":\"SearchAction\",\"target\":{\"@type\":\"EntryPoint\",\"urlTemplate\":\"https:\\\/\\\/www.asemer.ro\\\/?s={search_term_string}\"},\"query-input\":{\"@type\":\"PropertyValueSpecification\",\"valueRequired\":true,\"valueName\":\"search_term_string\"}}],\"inLanguage\":\"es\"},{\"@type\":\"Organization\",\"@id\":\"https:\\\/\\\/www.asemer.ro\\\/#organization\",\"name\":\"ASEMER\",\"url\":\"https:\\\/\\\/www.asemer.ro\\\/\",\"logo\":{\"@type\":\"ImageObject\",\"inLanguage\":\"es\",\"@id\":\"https:\\\/\\\/www.asemer.ro\\\/#\\\/schema\\\/logo\\\/image\\\/\",\"url\":\"https:\\\/\\\/www.asemer.ro\\\/wp-content\\\/uploads\\\/2020\\\/12\\\/logo-ASEMER-scaled.jpg\",\"contentUrl\":\"https:\\\/\\\/www.asemer.ro\\\/wp-content\\\/uploads\\\/2020\\\/12\\\/logo-ASEMER-scaled.jpg\",\"width\":2560,\"height\":849,\"caption\":\"ASEMER\"},\"image\":{\"@id\":\"https:\\\/\\\/www.asemer.ro\\\/#\\\/schema\\\/logo\\\/image\\\/\"},\"sameAs\":[\"https:\\\/\\\/www.facebook.com\\\/asociacionasemer\",\"https:\\\/\\\/x.com\\\/asemer_rumania\",\"https:\\\/\\\/ro.linkedin.com\\\/in\\\/asemer-asociaci\u00f3n-empresas-espa\u00f1olas-en-ruman\u00eda-724772a6?trk=author_mini-profile_title\",\"https:\\\/\\\/www.youtube.com\\\/channel\\\/UC73m8-BDsg857OL0Ogv5aQA\\\/videos\"]}]}<\/script>\n<!-- \/ Yoast SEO plugin. -->","yoast_head_json":{"title":"Board of Directors - ASEMER","robots":{"index":"index","follow":"follow","max-snippet":"max-snippet:-1","max-image-preview":"max-image-preview:large","max-video-preview":"max-video-preview:-1"},"canonical":"https:\/\/www.asemer.ro\/index.php\/board-of-directors\/","og_locale":"es_ES","og_type":"article","og_title":"Board of Directors - ASEMER","og_description":"[vc_row overlay=\u00bbnone\u00bb fullwidth=\u00bbno\u00bb][vc_column width=\u00bb2\/3&#8243; wap_class=\u00bb\u00bb wap_id=\u00bb\u00bb][vc_single_image image=\u00bb1622&#8243; alignment=\u00bbcenter\u00bb style=\u00bbvc_box_rounded\u00bb border_color=\u00bbgrey\u00bb img_link_large=\u00bb\u00bb img_link_target=\u00bb_self\u00bb css_animation=\u00bbappear\u00bb img_size=\u00bbfull\u00bb][vc_column_text] The General Assembly shall elect from [&hellip;]","og_url":"https:\/\/www.asemer.ro\/index.php\/board-of-directors\/","og_site_name":"ASEMER","article_publisher":"https:\/\/www.facebook.com\/asociacionasemer","article_modified_time":"2024-01-04T13:38:00+00:00","twitter_card":"summary_large_image","twitter_site":"@asemer_rumania","twitter_misc":{"Tiempo de lectura":"7 minutos"},"schema":{"@context":"https:\/\/schema.org","@graph":[{"@type":"WebPage","@id":"https:\/\/www.asemer.ro\/index.php\/board-of-directors\/","url":"https:\/\/www.asemer.ro\/index.php\/board-of-directors\/","name":"Board of Directors - ASEMER","isPartOf":{"@id":"https:\/\/www.asemer.ro\/#website"},"datePublished":"2015-11-08T11:36:36+00:00","dateModified":"2024-01-04T13:38:00+00:00","breadcrumb":{"@id":"https:\/\/www.asemer.ro\/index.php\/board-of-directors\/#breadcrumb"},"inLanguage":"es","potentialAction":[{"@type":"ReadAction","target":["https:\/\/www.asemer.ro\/index.php\/board-of-directors\/"]}]},{"@type":"BreadcrumbList","@id":"https:\/\/www.asemer.ro\/index.php\/board-of-directors\/#breadcrumb","itemListElement":[{"@type":"ListItem","position":1,"name":"Home","item":"https:\/\/www.asemer.ro\/"},{"@type":"ListItem","position":2,"name":"Board of Directors"}]},{"@type":"WebSite","@id":"https:\/\/www.asemer.ro\/#website","url":"https:\/\/www.asemer.ro\/","name":"ASEMER","description":"Asociaci\u00f3n de Empresas Espa\u00f1olas en Ruman\u00eda","publisher":{"@id":"https:\/\/www.asemer.ro\/#organization"},"potentialAction":[{"@type":"SearchAction","target":{"@type":"EntryPoint","urlTemplate":"https:\/\/www.asemer.ro\/?s={search_term_string}"},"query-input":{"@type":"PropertyValueSpecification","valueRequired":true,"valueName":"search_term_string"}}],"inLanguage":"es"},{"@type":"Organization","@id":"https:\/\/www.asemer.ro\/#organization","name":"ASEMER","url":"https:\/\/www.asemer.ro\/","logo":{"@type":"ImageObject","inLanguage":"es","@id":"https:\/\/www.asemer.ro\/#\/schema\/logo\/image\/","url":"https:\/\/www.asemer.ro\/wp-content\/uploads\/2020\/12\/logo-ASEMER-scaled.jpg","contentUrl":"https:\/\/www.asemer.ro\/wp-content\/uploads\/2020\/12\/logo-ASEMER-scaled.jpg","width":2560,"height":849,"caption":"ASEMER"},"image":{"@id":"https:\/\/www.asemer.ro\/#\/schema\/logo\/image\/"},"sameAs":["https:\/\/www.facebook.com\/asociacionasemer","https:\/\/x.com\/asemer_rumania","https:\/\/ro.linkedin.com\/in\/asemer-asociaci\u00f3n-empresas-espa\u00f1olas-en-ruman\u00eda-724772a6?trk=author_mini-profile_title","https:\/\/www.youtube.com\/channel\/UC73m8-BDsg857OL0Ogv5aQA\/videos"]}]}},"_links":{"self":[{"href":"https:\/\/www.asemer.ro\/index.php\/wp-json\/wp\/v2\/pages\/2747","targetHints":{"allow":["GET"]}}],"collection":[{"href":"https:\/\/www.asemer.ro\/index.php\/wp-json\/wp\/v2\/pages"}],"about":[{"href":"https:\/\/www.asemer.ro\/index.php\/wp-json\/wp\/v2\/types\/page"}],"author":[{"embeddable":true,"href":"https:\/\/www.asemer.ro\/index.php\/wp-json\/wp\/v2\/users\/3"}],"replies":[{"embeddable":true,"href":"https:\/\/www.asemer.ro\/index.php\/wp-json\/wp\/v2\/comments?post=2747"}],"version-history":[{"count":2,"href":"https:\/\/www.asemer.ro\/index.php\/wp-json\/wp\/v2\/pages\/2747\/revisions"}],"predecessor-version":[{"id":9483,"href":"https:\/\/www.asemer.ro\/index.php\/wp-json\/wp\/v2\/pages\/2747\/revisions\/9483"}],"wp:attachment":[{"href":"https:\/\/www.asemer.ro\/index.php\/wp-json\/wp\/v2\/media?parent=2747"}],"curies":[{"name":"wp","href":"https:\/\/api.w.org\/{rel}","templated":true}]}}