{"id":5992,"date":"2021-04-13T09:38:10","date_gmt":"2021-04-13T07:38:10","guid":{"rendered":"http:\/\/www.asemer.ro\/?page_id=5992"},"modified":"2025-01-29T09:04:08","modified_gmt":"2025-01-29T07:04:08","slug":"ofertas","status":"publish","type":"page","link":"https:\/\/www.asemer.ro\/index.php\/colaboramos-con\/ofertas\/","title":{"rendered":"Ofertas"},"content":{"rendered":"<div class=\"wp-block-image\">\n<figure class=\"alignright size-full is-resized\"><img loading=\"lazy\" decoding=\"async\" width=\"480\" height=\"480\" src=\"https:\/\/www.asemer.ro\/wp-content\/uploads\/2024\/10\/cea_logo-01.png\" alt=\"\" class=\"wp-image-11735\" style=\"aspect-ratio:1;width:211px;height:auto\" srcset=\"https:\/\/www.asemer.ro\/wp-content\/uploads\/2024\/10\/cea_logo-01.png 480w, https:\/\/www.asemer.ro\/wp-content\/uploads\/2024\/10\/cea_logo-01-300x300.png 300w, https:\/\/www.asemer.ro\/wp-content\/uploads\/2024\/10\/cea_logo-01-150x150.png 150w, https:\/\/www.asemer.ro\/wp-content\/uploads\/2024\/10\/cea_logo-01-360x360.png 360w\" sizes=\"auto, (max-width: 480px) 100vw, 480px\" \/><\/figure>\n<\/div>\n\n\n<p>\ud83d\udd14Descoper\u0103 modul de solu\u021bionare a disputelor \u00een afaceri, care ti se potriveste\ud83d\udd14<\/p>\n\n\n\n<p>Te-ai g\u00e2ndit vreodat\u0103 la arbitraj ca la o alternativ\u0103 rapid\u0103 \u0219i eficient\u0103 la instan\u021bele de judecat\u0103? Curtea European\u0103 pentru Arbitraj Capitolul Rom\u00e2nia \u0219i Moldova, \u00eempreun\u0103 cu Asocia\u021bia Interna\u021bional\u0103 de Business \u0219i Arbitraj, organizeaz\u0103 un curs specializat de arbitraj, structurat pe 3 module. Acesta se adreseaz\u0103 antreprenorilor, speciali\u0219tilor \u00een contractare, directorilor financiari, directori comerciali, speciali\u0219tilor \u00een diverse domenii dar \u0219i studen\u021bilor interesa\u021bi de dreptul afacerilor \u0219i solu\u021bionarea disputelor. Nu trebuie sa ai studii juridice pentru a \u00een\u021belege de ce arbitrajul este cea mai potrivit\u0103 metod\u0103 de solu\u021bionare a disputelor de afaceri.<\/p>\n\n\n\n<p><a href=\"https:\/\/youtu.be\/rspvJnEwsxw\">https:\/\/youtu.be\/rspvJnEwsxw<\/a><\/p>\n\n\n\n<p>Iat\u0103 ce vei \u00eenv\u0103\u021ba:<br>\ud83d\udccc Modulul 1: Introducere \u00een dreptul arbitrajului<br>\ud83d\udccc Modulul 2: Procedurile specifice arbitrajului<br>\ud83d\udccc Modulul 3: Pronun\u021barea \u0219i redactarea unei hot\u0103r\u00e2ri arbitrale ce poate fi pus\u0103 in executare silita<\/p>\n\n\n\n<p>\ud83d\uddd3 Cursurile sunt deschise grupurilor restr\u00e2nse pentru o experien\u021b\u0103 personalizat\u0103 (8-15 participan\u021bi) \u0219i se pot organiza \u0219i \u00een limba englez\u0103.<\/p>\n\n\n\n<p>Click pentru detalii \u0219i \u00eenregistrare: https:\/\/lnkd.in\/dzxARRRQ sau trimite un email la academiadearbitraj@businessarbitration-aiba.org<\/p>\n\n\n\n<p>\ud83d\udc49 Afl\u0103 care este cea mai eficient\u0103 metod\u0103 de solu\u021bionare a disputelor Pentru afacerea ta! Transform\u0103-\u021bi cariera \u0219i descoper\u0103 avantajele arbitrajului de afaceri! \ud83d\udc49<\/p>\n\n\n<div class=\"wp-block-image\">\n<figure class=\"aligncenter size-large is-resized\"><img loading=\"lazy\" decoding=\"async\" width=\"724\" height=\"1024\" src=\"https:\/\/www.asemer.ro\/wp-content\/uploads\/2024\/10\/2.ECA_-1-724x1024.jpg\" alt=\"\" class=\"wp-image-11741\" style=\"aspect-ratio:0.70703125;width:372px;height:auto\" srcset=\"https:\/\/www.asemer.ro\/wp-content\/uploads\/2024\/10\/2.ECA_-1-724x1024.jpg 724w, https:\/\/www.asemer.ro\/wp-content\/uploads\/2024\/10\/2.ECA_-1-212x300.jpg 212w, https:\/\/www.asemer.ro\/wp-content\/uploads\/2024\/10\/2.ECA_-1-768x1086.jpg 768w, https:\/\/www.asemer.ro\/wp-content\/uploads\/2024\/10\/2.ECA_-1-543x768.jpg 543w, https:\/\/www.asemer.ro\/wp-content\/uploads\/2024\/10\/2.ECA_-1-720x1018.jpg 720w, https:\/\/www.asemer.ro\/wp-content\/uploads\/2024\/10\/2.ECA_-1.jpg 905w\" sizes=\"auto, (max-width: 724px) 100vw, 724px\" \/><\/figure>\n<\/div>\n\n\n<p class=\"has-text-align-center\"><\/p>\n\n\n\n<p><\/p>\n\n\n\n<p><\/p>\n\n\n\n<figure class=\"wp-block-image size-full is-resized\"><img loading=\"lazy\" decoding=\"async\" width=\"240\" height=\"47\" src=\"https:\/\/www.asemer.ro\/wp-content\/uploads\/2024\/07\/SIGLA-EXCLUSIV-TRAVEL.jpg\" alt=\"\" class=\"wp-image-10905\" style=\"aspect-ratio:5.1063829787234045;width:475px;height:auto\"\/><\/figure>\n\n\n\n<p>Soy Felicia, la propietaria de la agencia de viajes <strong>Exclusiv Travel<\/strong>, fundada hace 20 a\u00f1os, como agencia tour operadora. Invito cordialmente a todos los miembros de A<strong>SEMER <\/strong>a viajar con nosotros, tanto en destinos en Ruman\u00eda como en cualquier parte del mundo: desde Early Booking hasta tarifas Last Minute con tarifas ventajosas en: vacaciones ex\u00f3ticas,circuitos,city breaks,cruceros en los barcos m\u00e1s prestigiosos,vacaciones ch\u00e1rter con rutas directas,pero tambi\u00e9n vacaciones a medida, seg\u00fan el presupuesto y las preferencias.<\/p>\n\n\n\n<p>Para clientes corporativos, organizamos eventos (team-buildings, fiestas privadas), pero tambi\u00e9n reserva de servicios para participaci\u00f3n en ferias, congresos, exposiciones y simposios (tanto en el pa\u00eds como a nivel internacional): billetes de avi\u00f3n, alojamiento, traslados, alquiler de alquiler de auto, habitaci\u00f3n con toda la log\u00edstica.<\/p>\n\n\n\n<p>Exclusiv Travel ofrece un descuento de un <strong>3%<\/strong> de descuento a todos los miembros de <strong>Asemer.<\/strong><\/p>\n\n\n\n<p><a href=\"https:\/\/translate.google.com\/history\"><\/a><a href=\"https:\/\/translate.google.com\/saved\"><\/a><\/p>\n\n\n\n<p>Para m\u00e1s informaci\u00f3n:<\/p>\n\n\n\n<p>Dumitrascu Felicia Theodora<\/p>\n\n\n\n<p>Telefon mobil: 0729125590<\/p>\n\n\n\n<p>Telefon fix: 0214306139<\/p>\n\n\n\n<p>Email: <a href=\"mailto:office@exclusivtravel.ro\">office@exclusivtravel.ro<\/a><\/p>\n\n\n\n<p>Website: <a href=\"Website: www.exclusivtravel.ro\">www.exclusivtravel.ro<\/a><\/p>\n\n\n\n<figure class=\"wp-block-image\"><img loading=\"lazy\" decoding=\"async\" width=\"246\" height=\"249\" src=\"https:\/\/www.asemer.ro\/wp-content\/uploads\/2023\/10\/image-2.png\" alt=\"\" class=\"wp-image-9050\"\/><\/figure>\n\n\n\n<p>Somos<strong> HR Design<\/strong>, una empresa que ofrece programas completos de desarrollo para los empleados, desde el reclutamiento hasta que se convierten en promotores de la marca de la empresa.<\/p>\n\n\n\n<p>Actualmente estamos operando en <strong>Rumania y Moldavia<\/strong>, pero con una mentalidad clara para convertirnos en un factor clave dentro del \u00e1rea de Europa Central y Sudoriental.<\/p>\n\n\n\n<p>Nuestra cartera de servicios incluye: reclutamiento y perfilado de candidatos, auditor\u00edas organizacionales, incorporaci\u00f3n, inducci\u00f3n, tutor\u00eda, cultura organizacional y entrevistas de salida.<\/p>\n\n\n\n<p>Somos generalistas, con proyectos en m\u00e1s de 25 industrias (desde Farma hasta Tecnolog\u00eda). Como miembro orgulloso de ASEMER, nos complace ofrecer a todos nuestros compa\u00f1eros miembros de <strong>ASEMER<\/strong> un <strong>10 %<\/strong> de <strong>descuento<\/strong> en nuestros servicios de consultor\u00eda y contrataci\u00f3n.<\/p>\n\n\n\n<p><a href=\"https:\/\/www.hrdesignconsulting.ro\/\">https:\/\/www.hrdesignconsulting.ro\/<\/a><\/p>\n\n\n\n<figure class=\"wp-block-image is-resized\"><img loading=\"lazy\" decoding=\"async\" width=\"206\" height=\"52\" src=\"https:\/\/www.asemer.ro\/wp-content\/uploads\/2023\/10\/itrad.png\" alt=\"\" class=\"wp-image-9048\" style=\"aspect-ratio:3.9615384615384617;width:265px;height:auto\"\/><\/figure>\n\n\n\n<p>Desde el 1 de Abril la agencia de traducciones Itrad cambia su sede a la Calle Octavian Goga N.23 sector 3, Bucarest.<\/p>\n\n\n\n<p>Todos los socios de Asemer se beneficiar\u00e1n de un descuento de un 5% asimismo todos los lectores de la Revista mensual de Asemer que al momento de solicitar sus servicios presenten el \u00faltimo numero de la Revista de Asemer se beneficiar\u00e1n tambi\u00e9n del <strong>5%<\/strong> de <strong>descuento.<\/strong><\/p>\n\n\n\n<p>Itrad les espera ofreciendo servicios de traducci\u00f3n, interpretaci\u00f3n y clases particulares individuales y en grupo de espa\u00f1ol para rumanos y rumano para espa\u00f1ol.<\/p>\n\n\n\n<p><span style=\"background-color:rgba(0, 0, 0, 0)\" class=\"has-inline-color has-black-color\">Los interesados pueden contactar iTrad al correo electr\u00f3nico <a href=\"mailto:office@itrad.eu\" target=\"_blank\" rel=\"noreferrer noopener\">office@itrad.eu<\/a> o al n\u00famero de tel\u00e9fono <\/span><a href=\"http:\/\/+40 740 398 970\" target=\"_blank\" rel=\"noreferrer noopener\"><span style=\"background-color:rgba(0, 0, 0, 0)\" class=\"has-inline-color has-black-color\">+40 740 398 970<\/span>.<\/a><\/p>\n\n\n\n<p>Para m\u00e1s informaci\u00f3n:<\/p>\n\n\n\n<figure class=\"wp-block-embed is-type-wp-embed is-provider-itrad wp-block-embed-itrad\"><div class=\"wp-block-embed__wrapper\">\n<blockquote class=\"wp-embedded-content\" data-secret=\"DZPBI6S7aS\"><a href=\"https:\/\/itrad.eu\/\">Acas\u0103<\/a><\/blockquote><iframe loading=\"lazy\" class=\"wp-embedded-content\" sandbox=\"allow-scripts\" security=\"restricted\" style=\"position: absolute; clip: rect(1px, 1px, 1px, 1px);\" title=\"&#8222;Acas\u0103&#8221; &#8212; iTRAD\" src=\"https:\/\/itrad.eu\/embed\/#?secret=DZPBI6S7aS\" data-secret=\"DZPBI6S7aS\" width=\"600\" height=\"338\" frameborder=\"0\" marginwidth=\"0\" marginheight=\"0\" scrolling=\"no\"><\/iframe>\n<\/div><\/figure>\n\n\n\n<figure class=\"wp-block-image\"><img loading=\"lazy\" decoding=\"async\" width=\"1024\" height=\"185\" src=\"https:\/\/www.asemer.ro\/wp-content\/uploads\/2023\/10\/Logo_GP_backgold-1536x277-1-1024x185.png\" alt=\"\" class=\"wp-image-9049\" srcset=\"https:\/\/www.asemer.ro\/wp-content\/uploads\/2023\/10\/Logo_GP_backgold-1536x277-1-1024x185.png 1024w, https:\/\/www.asemer.ro\/wp-content\/uploads\/2023\/10\/Logo_GP_backgold-1536x277-1-300x54.png 300w, https:\/\/www.asemer.ro\/wp-content\/uploads\/2023\/10\/Logo_GP_backgold-1536x277-1-768x139.png 768w, https:\/\/www.asemer.ro\/wp-content\/uploads\/2023\/10\/Logo_GP_backgold-1536x277-1-720x130.png 720w, https:\/\/www.asemer.ro\/wp-content\/uploads\/2023\/10\/Logo_GP_backgold-1536x277-1.png 1536w\" sizes=\"auto, (max-width: 1024px) 100vw, 1024px\" \/><\/figure>\n\n\n\n<p>El bufette de abogados Grecu Partners ofrece a los miembros de ASEMER un descuento del 10% para el paquete de cumplimiento de la legislaci\u00f3n laboral rumana (redacci\u00f3n y\/ o revisi\u00f3n de contratos de trabajo individuales, descripciones de puestos, Reglamento Interno, Convenio Colectivo de Tabajo). Para beneficiarce del descuento , se solicita a los miembros que env\u00e9n el codigo ASEMERGRECU10 a la direcci\u00f3n de correo electr\u00f3nico&nbsp;<a href=\"mailto:office@grecupartners.ro\">office@grecupartners.ro<\/a>.<\/p>\n\n\n\n<hr class=\"wp-block-separator has-css-opacity\"\/>\n\n\n\n<p><span style=\"background-color:rgba(0, 0, 0, 0)\" class=\"has-inline-color has-black-color\">Las empresas socias de ASEMER que quieren <strong>presentar sus servicios<\/strong> y <strong>publicar ofertas para los asociados<\/strong>, pueden enviar la documentaci\u00f3n<\/span> a <a href=\"https:\/\/www.asemer.ro\/index.php\/contacto\/\" target=\"_blank\" rel=\"noreferrer noopener\">office@asemer.ro<\/a>.<\/p>\n\n\n\n<p><strong>Exenci\u00f3n<\/strong> <span class=\"has-inline-color has-black-color\"><strong>de responsabilidad<\/strong>: ASEMER queda exenta de cualquier responsabilidad relativa a los contenidos publicados, aportados por terceras personas o empresas.<\/span><\/p>\n","protected":false},"excerpt":{"rendered":"<p>\ud83d\udd14Descoper\u0103 modul de solu\u021bionare a disputelor \u00een afaceri, care ti se potriveste\ud83d\udd14 Te-ai g\u00e2ndit vreodat\u0103 la arbitraj ca la o [&hellip;]<\/p>\n","protected":false},"author":2,"featured_media":0,"parent":11705,"menu_order":450,"comment_status":"closed","ping_status":"closed","template":"page-templates\/template_fullwidth.php","meta":{"footnotes":""},"class_list":["post-5992","page","type-page","status-publish","hentry"],"yoast_head":"<!-- This site is optimized with the Yoast SEO plugin v27.3 - https:\/\/yoast.com\/product\/yoast-seo-wordpress\/ -->\n<title>Ofertas - ASEMER<\/title>\n<meta name=\"robots\" content=\"index, follow, max-snippet:-1, max-image-preview:large, max-video-preview:-1\" \/>\n<link rel=\"canonical\" href=\"https:\/\/www.asemer.ro\/index.php\/colaboramos-con\/ofertas\/\" \/>\n<meta property=\"og:locale\" content=\"es_ES\" \/>\n<meta property=\"og:type\" content=\"article\" \/>\n<meta property=\"og:title\" content=\"Ofertas - ASEMER\" \/>\n<meta property=\"og:description\" content=\"\ud83d\udd14Descoper\u0103 modul de solu\u021bionare a disputelor \u00een afaceri, care ti se potriveste\ud83d\udd14 Te-ai g\u00e2ndit vreodat\u0103 la arbitraj ca la o [&hellip;]\" \/>\n<meta property=\"og:url\" content=\"https:\/\/www.asemer.ro\/index.php\/colaboramos-con\/ofertas\/\" \/>\n<meta property=\"og:site_name\" content=\"ASEMER\" \/>\n<meta property=\"article:publisher\" content=\"https:\/\/www.facebook.com\/asociacionasemer\" \/>\n<meta property=\"article:modified_time\" content=\"2025-01-29T07:04:08+00:00\" \/>\n<meta property=\"og:image\" content=\"https:\/\/www.asemer.ro\/wp-content\/uploads\/2024\/10\/cea_logo-01.png\" \/>\n\t<meta property=\"og:image:width\" content=\"480\" \/>\n\t<meta property=\"og:image:height\" content=\"480\" \/>\n\t<meta property=\"og:image:type\" content=\"image\/png\" \/>\n<meta name=\"twitter:card\" content=\"summary_large_image\" \/>\n<meta name=\"twitter:site\" content=\"@asemer_rumania\" \/>\n<meta name=\"twitter:label1\" content=\"Tiempo de lectura\" \/>\n\t<meta name=\"twitter:data1\" content=\"5 minutos\" \/>\n<script type=\"application\/ld+json\" class=\"yoast-schema-graph\">{\"@context\":\"https:\\\/\\\/schema.org\",\"@graph\":[{\"@type\":\"WebPage\",\"@id\":\"https:\\\/\\\/www.asemer.ro\\\/index.php\\\/colaboramos-con\\\/ofertas\\\/\",\"url\":\"https:\\\/\\\/www.asemer.ro\\\/index.php\\\/colaboramos-con\\\/ofertas\\\/\",\"name\":\"Ofertas - ASEMER\",\"isPartOf\":{\"@id\":\"https:\\\/\\\/www.asemer.ro\\\/#website\"},\"primaryImageOfPage\":{\"@id\":\"https:\\\/\\\/www.asemer.ro\\\/index.php\\\/colaboramos-con\\\/ofertas\\\/#primaryimage\"},\"image\":{\"@id\":\"https:\\\/\\\/www.asemer.ro\\\/index.php\\\/colaboramos-con\\\/ofertas\\\/#primaryimage\"},\"thumbnailUrl\":\"https:\\\/\\\/www.asemer.ro\\\/wp-content\\\/uploads\\\/2024\\\/10\\\/cea_logo-01.png\",\"datePublished\":\"2021-04-13T07:38:10+00:00\",\"dateModified\":\"2025-01-29T07:04:08+00:00\",\"breadcrumb\":{\"@id\":\"https:\\\/\\\/www.asemer.ro\\\/index.php\\\/colaboramos-con\\\/ofertas\\\/#breadcrumb\"},\"inLanguage\":\"es\",\"potentialAction\":[{\"@type\":\"ReadAction\",\"target\":[\"https:\\\/\\\/www.asemer.ro\\\/index.php\\\/colaboramos-con\\\/ofertas\\\/\"]}]},{\"@type\":\"ImageObject\",\"inLanguage\":\"es\",\"@id\":\"https:\\\/\\\/www.asemer.ro\\\/index.php\\\/colaboramos-con\\\/ofertas\\\/#primaryimage\",\"url\":\"https:\\\/\\\/www.asemer.ro\\\/wp-content\\\/uploads\\\/2024\\\/10\\\/cea_logo-01.png\",\"contentUrl\":\"https:\\\/\\\/www.asemer.ro\\\/wp-content\\\/uploads\\\/2024\\\/10\\\/cea_logo-01.png\",\"width\":480,\"height\":480},{\"@type\":\"BreadcrumbList\",\"@id\":\"https:\\\/\\\/www.asemer.ro\\\/index.php\\\/colaboramos-con\\\/ofertas\\\/#breadcrumb\",\"itemListElement\":[{\"@type\":\"ListItem\",\"position\":1,\"name\":\"Home\",\"item\":\"https:\\\/\\\/www.asemer.ro\\\/\"},{\"@type\":\"ListItem\",\"position\":2,\"name\":\"Colaboramos con\",\"item\":\"https:\\\/\\\/www.asemer.ro\\\/index.php\\\/colaboramos-con\\\/\"},{\"@type\":\"ListItem\",\"position\":3,\"name\":\"Ofertas\"}]},{\"@type\":\"WebSite\",\"@id\":\"https:\\\/\\\/www.asemer.ro\\\/#website\",\"url\":\"https:\\\/\\\/www.asemer.ro\\\/\",\"name\":\"ASEMER\",\"description\":\"Asociaci\u00f3n de Empresas Espa\u00f1olas en Ruman\u00eda\",\"publisher\":{\"@id\":\"https:\\\/\\\/www.asemer.ro\\\/#organization\"},\"potentialAction\":[{\"@type\":\"SearchAction\",\"target\":{\"@type\":\"EntryPoint\",\"urlTemplate\":\"https:\\\/\\\/www.asemer.ro\\\/?s={search_term_string}\"},\"query-input\":{\"@type\":\"PropertyValueSpecification\",\"valueRequired\":true,\"valueName\":\"search_term_string\"}}],\"inLanguage\":\"es\"},{\"@type\":\"Organization\",\"@id\":\"https:\\\/\\\/www.asemer.ro\\\/#organization\",\"name\":\"ASEMER\",\"url\":\"https:\\\/\\\/www.asemer.ro\\\/\",\"logo\":{\"@type\":\"ImageObject\",\"inLanguage\":\"es\",\"@id\":\"https:\\\/\\\/www.asemer.ro\\\/#\\\/schema\\\/logo\\\/image\\\/\",\"url\":\"https:\\\/\\\/www.asemer.ro\\\/wp-content\\\/uploads\\\/2020\\\/12\\\/logo-ASEMER-scaled.jpg\",\"contentUrl\":\"https:\\\/\\\/www.asemer.ro\\\/wp-content\\\/uploads\\\/2020\\\/12\\\/logo-ASEMER-scaled.jpg\",\"width\":2560,\"height\":849,\"caption\":\"ASEMER\"},\"image\":{\"@id\":\"https:\\\/\\\/www.asemer.ro\\\/#\\\/schema\\\/logo\\\/image\\\/\"},\"sameAs\":[\"https:\\\/\\\/www.facebook.com\\\/asociacionasemer\",\"https:\\\/\\\/x.com\\\/asemer_rumania\",\"https:\\\/\\\/ro.linkedin.com\\\/in\\\/asemer-asociaci\u00f3n-empresas-espa\u00f1olas-en-ruman\u00eda-724772a6?trk=author_mini-profile_title\",\"https:\\\/\\\/www.youtube.com\\\/channel\\\/UC73m8-BDsg857OL0Ogv5aQA\\\/videos\"]}]}<\/script>\n<!-- \/ Yoast SEO plugin. -->","yoast_head_json":{"title":"Ofertas - ASEMER","robots":{"index":"index","follow":"follow","max-snippet":"max-snippet:-1","max-image-preview":"max-image-preview:large","max-video-preview":"max-video-preview:-1"},"canonical":"https:\/\/www.asemer.ro\/index.php\/colaboramos-con\/ofertas\/","og_locale":"es_ES","og_type":"article","og_title":"Ofertas - ASEMER","og_description":"\ud83d\udd14Descoper\u0103 modul de solu\u021bionare a disputelor \u00een afaceri, care ti se potriveste\ud83d\udd14 Te-ai g\u00e2ndit vreodat\u0103 la arbitraj ca la o [&hellip;]","og_url":"https:\/\/www.asemer.ro\/index.php\/colaboramos-con\/ofertas\/","og_site_name":"ASEMER","article_publisher":"https:\/\/www.facebook.com\/asociacionasemer","article_modified_time":"2025-01-29T07:04:08+00:00","og_image":[{"width":480,"height":480,"url":"https:\/\/www.asemer.ro\/wp-content\/uploads\/2024\/10\/cea_logo-01.png","type":"image\/png"}],"twitter_card":"summary_large_image","twitter_site":"@asemer_rumania","twitter_misc":{"Tiempo de lectura":"5 minutos"},"schema":{"@context":"https:\/\/schema.org","@graph":[{"@type":"WebPage","@id":"https:\/\/www.asemer.ro\/index.php\/colaboramos-con\/ofertas\/","url":"https:\/\/www.asemer.ro\/index.php\/colaboramos-con\/ofertas\/","name":"Ofertas - ASEMER","isPartOf":{"@id":"https:\/\/www.asemer.ro\/#website"},"primaryImageOfPage":{"@id":"https:\/\/www.asemer.ro\/index.php\/colaboramos-con\/ofertas\/#primaryimage"},"image":{"@id":"https:\/\/www.asemer.ro\/index.php\/colaboramos-con\/ofertas\/#primaryimage"},"thumbnailUrl":"https:\/\/www.asemer.ro\/wp-content\/uploads\/2024\/10\/cea_logo-01.png","datePublished":"2021-04-13T07:38:10+00:00","dateModified":"2025-01-29T07:04:08+00:00","breadcrumb":{"@id":"https:\/\/www.asemer.ro\/index.php\/colaboramos-con\/ofertas\/#breadcrumb"},"inLanguage":"es","potentialAction":[{"@type":"ReadAction","target":["https:\/\/www.asemer.ro\/index.php\/colaboramos-con\/ofertas\/"]}]},{"@type":"ImageObject","inLanguage":"es","@id":"https:\/\/www.asemer.ro\/index.php\/colaboramos-con\/ofertas\/#primaryimage","url":"https:\/\/www.asemer.ro\/wp-content\/uploads\/2024\/10\/cea_logo-01.png","contentUrl":"https:\/\/www.asemer.ro\/wp-content\/uploads\/2024\/10\/cea_logo-01.png","width":480,"height":480},{"@type":"BreadcrumbList","@id":"https:\/\/www.asemer.ro\/index.php\/colaboramos-con\/ofertas\/#breadcrumb","itemListElement":[{"@type":"ListItem","position":1,"name":"Home","item":"https:\/\/www.asemer.ro\/"},{"@type":"ListItem","position":2,"name":"Colaboramos con","item":"https:\/\/www.asemer.ro\/index.php\/colaboramos-con\/"},{"@type":"ListItem","position":3,"name":"Ofertas"}]},{"@type":"WebSite","@id":"https:\/\/www.asemer.ro\/#website","url":"https:\/\/www.asemer.ro\/","name":"ASEMER","description":"Asociaci\u00f3n de Empresas Espa\u00f1olas en Ruman\u00eda","publisher":{"@id":"https:\/\/www.asemer.ro\/#organization"},"potentialAction":[{"@type":"SearchAction","target":{"@type":"EntryPoint","urlTemplate":"https:\/\/www.asemer.ro\/?s={search_term_string}"},"query-input":{"@type":"PropertyValueSpecification","valueRequired":true,"valueName":"search_term_string"}}],"inLanguage":"es"},{"@type":"Organization","@id":"https:\/\/www.asemer.ro\/#organization","name":"ASEMER","url":"https:\/\/www.asemer.ro\/","logo":{"@type":"ImageObject","inLanguage":"es","@id":"https:\/\/www.asemer.ro\/#\/schema\/logo\/image\/","url":"https:\/\/www.asemer.ro\/wp-content\/uploads\/2020\/12\/logo-ASEMER-scaled.jpg","contentUrl":"https:\/\/www.asemer.ro\/wp-content\/uploads\/2020\/12\/logo-ASEMER-scaled.jpg","width":2560,"height":849,"caption":"ASEMER"},"image":{"@id":"https:\/\/www.asemer.ro\/#\/schema\/logo\/image\/"},"sameAs":["https:\/\/www.facebook.com\/asociacionasemer","https:\/\/x.com\/asemer_rumania","https:\/\/ro.linkedin.com\/in\/asemer-asociaci\u00f3n-empresas-espa\u00f1olas-en-ruman\u00eda-724772a6?trk=author_mini-profile_title","https:\/\/www.youtube.com\/channel\/UC73m8-BDsg857OL0Ogv5aQA\/videos"]}]}},"_links":{"self":[{"href":"https:\/\/www.asemer.ro\/index.php\/wp-json\/wp\/v2\/pages\/5992","targetHints":{"allow":["GET"]}}],"collection":[{"href":"https:\/\/www.asemer.ro\/index.php\/wp-json\/wp\/v2\/pages"}],"about":[{"href":"https:\/\/www.asemer.ro\/index.php\/wp-json\/wp\/v2\/types\/page"}],"author":[{"embeddable":true,"href":"https:\/\/www.asemer.ro\/index.php\/wp-json\/wp\/v2\/users\/2"}],"replies":[{"embeddable":true,"href":"https:\/\/www.asemer.ro\/index.php\/wp-json\/wp\/v2\/comments?post=5992"}],"version-history":[{"count":31,"href":"https:\/\/www.asemer.ro\/index.php\/wp-json\/wp\/v2\/pages\/5992\/revisions"}],"predecessor-version":[{"id":12238,"href":"https:\/\/www.asemer.ro\/index.php\/wp-json\/wp\/v2\/pages\/5992\/revisions\/12238"}],"up":[{"embeddable":true,"href":"https:\/\/www.asemer.ro\/index.php\/wp-json\/wp\/v2\/pages\/11705"}],"wp:attachment":[{"href":"https:\/\/www.asemer.ro\/index.php\/wp-json\/wp\/v2\/media?parent=5992"}],"curies":[{"name":"wp","href":"https:\/\/api.w.org\/{rel}","templated":true}]}}