{"id":7509,"date":"2022-07-01T14:20:24","date_gmt":"2022-07-01T12:20:24","guid":{"rendered":"https:\/\/www.asemer.ro\/?page_id=7509"},"modified":"2024-10-03T19:02:02","modified_gmt":"2024-10-03T17:02:02","slug":"educacion-escp","status":"publish","type":"page","link":"https:\/\/www.asemer.ro\/index.php\/colaboramos-con\/educacion-escp\/","title":{"rendered":"EDUCACI\u00d3N &#8211; ESCP Business School"},"content":{"rendered":"<div class=\"v1gmail_default\"><span style=\"color: #000000; font-family: Roboto; font-size: 14pt;\"><strong>ASEMER<\/strong> y <strong>ESCP Business School<\/strong> han iniciado una colaboraci\u00f3n conjunta con el fin de ofrecer condiciones m\u00e1s ventajosas a los interesados \u200b\u200ben matricularse en el programa online para obtener el <strong>Certificado en Gesti\u00f3n de Proyectos en Entornos \u00c1giles<\/strong>!<\/span><\/div>\n<div><\/div>\n<div style=\"text-align: center;\"><strong>___________________________________<\/strong><\/div>\n<div><\/div>\n<div class=\"v1gmail_default\"><span style=\"color: #000000; font-family: Roboto; font-size: 12pt;\"><span id=\"v1m_6776201533717208402gmail-docs-internal-guid-d7bb9eaa-7fff-a227-851b-929a347ef7e7\"><a href=\"https:\/\/www.escp.eu\/\"><strong>ESCP Business School<\/strong><\/a> es la primera Escuela de Negocios del mundo, con 6 campus propios en Europa (Madrid, Par\u00eds, Londres, Berl\u00edn, Tur\u00edn y Varsovia), y 3 programas en el Top 10 a nivel mundial, seg\u00fan el ranking del Financial Times.<\/p>\n<p>Desde la unidad de Executive Education, ESCP acompa\u00f1a a las empresas en sus programas de desarrollo de liderazgo y talento a nivel global, incorporando tecnolog\u00eda con medios s\u00edncronos y as\u00edncronos, gamificaci\u00f3n, storylearning, logrando as\u00ed una experiencia \u00ab\u00fanica\u00bb en los participantes.<\/span><br \/>\n<\/span><\/div>\n<div><\/div>\n<div><img loading=\"lazy\" decoding=\"async\" class=\"aligncenter wp-image-7813 size-full\" src=\"https:\/\/www.asemer.ro\/wp-content\/uploads\/2022\/09\/ASEMER_PM.png\" alt=\"\" width=\"794\" height=\"1124\" srcset=\"https:\/\/www.asemer.ro\/wp-content\/uploads\/2022\/09\/ASEMER_PM.png 794w, https:\/\/www.asemer.ro\/wp-content\/uploads\/2022\/09\/ASEMER_PM-212x300.png 212w, https:\/\/www.asemer.ro\/wp-content\/uploads\/2022\/09\/ASEMER_PM-723x1024.png 723w, https:\/\/www.asemer.ro\/wp-content\/uploads\/2022\/09\/ASEMER_PM-768x1087.png 768w, https:\/\/www.asemer.ro\/wp-content\/uploads\/2022\/09\/ASEMER_PM-543x768.png 543w, https:\/\/www.asemer.ro\/wp-content\/uploads\/2022\/09\/ASEMER_PM-720x1019.png 720w\" sizes=\"auto, (max-width: 794px) 100vw, 794px\" \/><\/div>\n<div><\/div>\n<div style=\"text-align: center;\"><strong>___________________________________<\/strong><\/div>\n<div><\/div>\n<div><span style=\"font-family: Roboto; font-size: 14pt; color: #000000;\"><strong>Certificado en Gesti\u00f3n de Proyectos en Entornos \u00c1giles<\/strong><\/span><\/div>\n<div>\n<p dir=\"ltr\"><span style=\"font-family: Roboto; font-size: 12pt;\"><a href=\"https:\/\/escp.eu\/sites\/default\/files\/PDF\/Programmes\/open-programmes\/advanced-certificate-project-management-ESCP-Business-School-es.pdf\">Programa\u00a0<\/a>online de 40 h.,\u00a0100% orientado a la pr\u00e1ctica\u00a0que permitir\u00e1 a los participantes adquirir las t\u00e9cnicas y habilidades necesarias para planificar y ejecutar proyectos estrat\u00e9gicos, internacionales o de innovaci\u00f3n a gran escala, adem\u00e1s de prepararles para la\u00a0certificaci\u00f3n PMP\u00ae y CAPM\u00ae del\u00a0Project Management Institute. <\/span><\/p>\n<p dir=\"ltr\"><span style=\"font-family: Roboto; font-size: 12pt;\">El programa est\u00e1\u00a0basado en\u00a0gamificaci\u00f3n y toma de decisiones\u00a0para que\u00a0los participantes\u00a0aprendan la metodolog\u00eda enfrent\u00e1ndose a situaciones reales.\u00a0<\/span><\/p>\n<p dir=\"ltr\"><span style=\"font-family: Roboto; font-size: 12pt;\"><b>ESCP es un Premier Authorized Training Partner por Project Management Institute (PMI)<\/b><\/span><\/p>\n<p dir=\"ltr\"><span style=\"font-family: Roboto; font-size: 12pt;\">El programa es disponible en 2 idiomas &#8211; Ingl\u00e9s y Espa\u00f1ol &#8211; y est\u00e1 dirigido a quienes cuenten con t\u00edtulo de licenciatura o maestr\u00eda o 2 a\u00f1os de experiencia profesional<br \/>\n<\/span><\/p>\n<p><span style=\"font-family: Roboto; font-size: 12pt;\">Para responder algunas de sus preguntas, lo invitamos a ver los siguientes dos clips<\/span><\/p>\n<ul>\n<li><span style=\"font-family: Roboto; font-size: 12pt;\"><span style=\"color: #000000;\">Claves del programa:<\/span><a href=\"https:\/\/youtu.be\/CXwJ4kvLZX4\" target=\"_blank\" rel=\"noopener noreferrer\">https:\/\/youtu.be\/CXwJ4kvLZX4<\/a><\/span><\/li>\n<li><span style=\"font-family: Roboto; font-size: 12pt;\"><span id=\"v1m_6776201533717208402gmail-docs-internal-guid-b8a4f590-7fff-d271-022d-25ea9d70ed69\"><span style=\"color: #000000;\">Plataforma, metodolog\u00eda y contenidos:<\/span><a href=\"https:\/\/youtu.be\/bw2L0Ws8aw4\" target=\"_blank\" rel=\"noopener noreferrer\">https:\/\/youtu.be\/bw2L0Ws8aw4<\/a><\/span><\/span><\/li>\n<\/ul>\n<\/div>\n<p style=\"text-align: center;\"><strong>___________________________________<\/strong><\/p>\n<div>\n<p><span style=\"font-size: 12pt; color: #000000;\"><strong>\u00a1Te beneficiar\u00e1s de un descuento de 100 euros en el precio del curso (680 euros en lugar de 780 euros) si te registras a trav\u00e9s de ASEMER! <\/strong><\/span><\/p>\n<p><span style=\"font-size: 12pt; color: #000000;\">Para registrarse en este programa, a precio de descuento, es necesario acceder a uno de los siguientes enlaces:<\/span><\/p>\n<\/div>\n<div>\n<ul>\n<li><span style=\"font-family: Roboto; font-size: 12pt;\"><b><span style=\"color: #000000;\">Espa\u00f1ol<\/span>:<\/b><a href=\"https:\/\/lp-madrid.escp.eu\/es\/certificados\/certificado-gestion-proyectos-entornos-agiles\/?channel=18092\" target=\"_blank\" rel=\"noopener noreferrer\">https:\/\/lp-madrid.escp.eu\/es\/certificados\/certificado-gestion-proyectos-entornos-agiles\/?channel=<span class=\"v1gmail-il\">18092<\/span><\/a><\/span><\/li>\n<\/ul>\n<ul>\n<li><span style=\"font-family: Roboto; font-size: 12pt;\"><b><span style=\"color: #000000;\">Ingl\u00e9s<\/span>:<\/b><a href=\"https:\/\/lp-madrid.escp.eu\/en\/certificates\/advanced-certificate-in-project-management\/?channel=18092\" target=\"_blank\" rel=\"noopener noreferrer\">https:\/\/lp-madrid.escp.eu\/en\/certificates\/advanced-certificate-in-project-management\/?channel=18092<\/a><\/span><\/li>\n<\/ul>\n<\/div>\n<p><span style=\"font-size: 12pt;\">Si necesita informaci\u00f3n adicional o ayuda con respecto al registro, no dude en contactarnos en la direcci\u00f3n de correo electr\u00f3nico <a href=\"mailto:office@asemer.ro\">office@asemer.ro<\/a><br \/>\n<\/span><\/p>\n<div class=\"v1gmail_default\"><\/div>\n","protected":false},"excerpt":{"rendered":"<p>ASEMER y ESCP Business School han iniciado una colaboraci\u00f3n conjunta con el fin de ofrecer condiciones m\u00e1s ventajosas a los [&hellip;]<\/p>\n","protected":false},"author":2,"featured_media":0,"parent":11705,"menu_order":440,"comment_status":"closed","ping_status":"closed","template":"page-templates\/template_fullwidth.php","meta":{"footnotes":""},"class_list":["post-7509","page","type-page","status-publish","hentry"],"yoast_head":"<!-- This site is optimized with the Yoast SEO plugin v27.4 - https:\/\/yoast.com\/product\/yoast-seo-wordpress\/ -->\n<title>EDUCACI\u00d3N - ESCP Business School - ASEMER<\/title>\n<meta name=\"robots\" content=\"index, follow, max-snippet:-1, max-image-preview:large, max-video-preview:-1\" \/>\n<link rel=\"canonical\" href=\"https:\/\/www.asemer.ro\/index.php\/colaboramos-con\/educacion-escp\/\" \/>\n<meta property=\"og:locale\" content=\"es_ES\" \/>\n<meta property=\"og:type\" content=\"article\" \/>\n<meta property=\"og:title\" content=\"EDUCACI\u00d3N - ESCP Business School - ASEMER\" \/>\n<meta property=\"og:description\" content=\"ASEMER y ESCP Business School han iniciado una colaboraci\u00f3n conjunta con el fin de ofrecer condiciones m\u00e1s ventajosas a los [&hellip;]\" \/>\n<meta property=\"og:url\" content=\"https:\/\/www.asemer.ro\/index.php\/colaboramos-con\/educacion-escp\/\" \/>\n<meta property=\"og:site_name\" content=\"ASEMER\" \/>\n<meta property=\"article:publisher\" content=\"https:\/\/www.facebook.com\/asociacionasemer\" \/>\n<meta property=\"article:modified_time\" content=\"2024-10-03T17:02:02+00:00\" \/>\n<meta property=\"og:image\" content=\"https:\/\/www.asemer.ro\/wp-content\/uploads\/2022\/09\/ASEMER_PM.png\" \/>\n<meta name=\"twitter:card\" content=\"summary_large_image\" \/>\n<meta name=\"twitter:site\" content=\"@asemer_rumania\" \/>\n<meta name=\"twitter:label1\" content=\"Tiempo de lectura\" \/>\n\t<meta name=\"twitter:data1\" content=\"2 minutos\" \/>\n<script type=\"application\/ld+json\" class=\"yoast-schema-graph\">{\"@context\":\"https:\\\/\\\/schema.org\",\"@graph\":[{\"@type\":\"WebPage\",\"@id\":\"https:\\\/\\\/www.asemer.ro\\\/index.php\\\/colaboramos-con\\\/educacion-escp\\\/\",\"url\":\"https:\\\/\\\/www.asemer.ro\\\/index.php\\\/colaboramos-con\\\/educacion-escp\\\/\",\"name\":\"EDUCACI\u00d3N - ESCP Business School - ASEMER\",\"isPartOf\":{\"@id\":\"https:\\\/\\\/www.asemer.ro\\\/#website\"},\"primaryImageOfPage\":{\"@id\":\"https:\\\/\\\/www.asemer.ro\\\/index.php\\\/colaboramos-con\\\/educacion-escp\\\/#primaryimage\"},\"image\":{\"@id\":\"https:\\\/\\\/www.asemer.ro\\\/index.php\\\/colaboramos-con\\\/educacion-escp\\\/#primaryimage\"},\"thumbnailUrl\":\"https:\\\/\\\/www.asemer.ro\\\/wp-content\\\/uploads\\\/2022\\\/09\\\/ASEMER_PM.png\",\"datePublished\":\"2022-07-01T12:20:24+00:00\",\"dateModified\":\"2024-10-03T17:02:02+00:00\",\"breadcrumb\":{\"@id\":\"https:\\\/\\\/www.asemer.ro\\\/index.php\\\/colaboramos-con\\\/educacion-escp\\\/#breadcrumb\"},\"inLanguage\":\"es\",\"potentialAction\":[{\"@type\":\"ReadAction\",\"target\":[\"https:\\\/\\\/www.asemer.ro\\\/index.php\\\/colaboramos-con\\\/educacion-escp\\\/\"]}]},{\"@type\":\"ImageObject\",\"inLanguage\":\"es\",\"@id\":\"https:\\\/\\\/www.asemer.ro\\\/index.php\\\/colaboramos-con\\\/educacion-escp\\\/#primaryimage\",\"url\":\"https:\\\/\\\/www.asemer.ro\\\/wp-content\\\/uploads\\\/2022\\\/09\\\/ASEMER_PM.png\",\"contentUrl\":\"https:\\\/\\\/www.asemer.ro\\\/wp-content\\\/uploads\\\/2022\\\/09\\\/ASEMER_PM.png\",\"width\":794,\"height\":1124},{\"@type\":\"BreadcrumbList\",\"@id\":\"https:\\\/\\\/www.asemer.ro\\\/index.php\\\/colaboramos-con\\\/educacion-escp\\\/#breadcrumb\",\"itemListElement\":[{\"@type\":\"ListItem\",\"position\":1,\"name\":\"Home\",\"item\":\"https:\\\/\\\/www.asemer.ro\\\/\"},{\"@type\":\"ListItem\",\"position\":2,\"name\":\"Colaboramos con\",\"item\":\"https:\\\/\\\/www.asemer.ro\\\/index.php\\\/colaboramos-con\\\/\"},{\"@type\":\"ListItem\",\"position\":3,\"name\":\"EDUCACI\u00d3N &#8211; ESCP Business School\"}]},{\"@type\":\"WebSite\",\"@id\":\"https:\\\/\\\/www.asemer.ro\\\/#website\",\"url\":\"https:\\\/\\\/www.asemer.ro\\\/\",\"name\":\"ASEMER\",\"description\":\"Asociaci\u00f3n de Empresas Espa\u00f1olas en Ruman\u00eda\",\"publisher\":{\"@id\":\"https:\\\/\\\/www.asemer.ro\\\/#organization\"},\"potentialAction\":[{\"@type\":\"SearchAction\",\"target\":{\"@type\":\"EntryPoint\",\"urlTemplate\":\"https:\\\/\\\/www.asemer.ro\\\/?s={search_term_string}\"},\"query-input\":{\"@type\":\"PropertyValueSpecification\",\"valueRequired\":true,\"valueName\":\"search_term_string\"}}],\"inLanguage\":\"es\"},{\"@type\":\"Organization\",\"@id\":\"https:\\\/\\\/www.asemer.ro\\\/#organization\",\"name\":\"ASEMER\",\"url\":\"https:\\\/\\\/www.asemer.ro\\\/\",\"logo\":{\"@type\":\"ImageObject\",\"inLanguage\":\"es\",\"@id\":\"https:\\\/\\\/www.asemer.ro\\\/#\\\/schema\\\/logo\\\/image\\\/\",\"url\":\"https:\\\/\\\/www.asemer.ro\\\/wp-content\\\/uploads\\\/2020\\\/12\\\/logo-ASEMER-scaled.jpg\",\"contentUrl\":\"https:\\\/\\\/www.asemer.ro\\\/wp-content\\\/uploads\\\/2020\\\/12\\\/logo-ASEMER-scaled.jpg\",\"width\":2560,\"height\":849,\"caption\":\"ASEMER\"},\"image\":{\"@id\":\"https:\\\/\\\/www.asemer.ro\\\/#\\\/schema\\\/logo\\\/image\\\/\"},\"sameAs\":[\"https:\\\/\\\/www.facebook.com\\\/asociacionasemer\",\"https:\\\/\\\/x.com\\\/asemer_rumania\",\"https:\\\/\\\/ro.linkedin.com\\\/in\\\/asemer-asociaci\u00f3n-empresas-espa\u00f1olas-en-ruman\u00eda-724772a6?trk=author_mini-profile_title\",\"https:\\\/\\\/www.youtube.com\\\/channel\\\/UC73m8-BDsg857OL0Ogv5aQA\\\/videos\"]}]}<\/script>\n<!-- \/ Yoast SEO plugin. -->","yoast_head_json":{"title":"EDUCACI\u00d3N - ESCP Business School - ASEMER","robots":{"index":"index","follow":"follow","max-snippet":"max-snippet:-1","max-image-preview":"max-image-preview:large","max-video-preview":"max-video-preview:-1"},"canonical":"https:\/\/www.asemer.ro\/index.php\/colaboramos-con\/educacion-escp\/","og_locale":"es_ES","og_type":"article","og_title":"EDUCACI\u00d3N - ESCP Business School - ASEMER","og_description":"ASEMER y ESCP Business School han iniciado una colaboraci\u00f3n conjunta con el fin de ofrecer condiciones m\u00e1s ventajosas a los [&hellip;]","og_url":"https:\/\/www.asemer.ro\/index.php\/colaboramos-con\/educacion-escp\/","og_site_name":"ASEMER","article_publisher":"https:\/\/www.facebook.com\/asociacionasemer","article_modified_time":"2024-10-03T17:02:02+00:00","og_image":[{"url":"https:\/\/www.asemer.ro\/wp-content\/uploads\/2022\/09\/ASEMER_PM.png","type":"","width":"","height":""}],"twitter_card":"summary_large_image","twitter_site":"@asemer_rumania","twitter_misc":{"Tiempo de lectura":"2 minutos"},"schema":{"@context":"https:\/\/schema.org","@graph":[{"@type":"WebPage","@id":"https:\/\/www.asemer.ro\/index.php\/colaboramos-con\/educacion-escp\/","url":"https:\/\/www.asemer.ro\/index.php\/colaboramos-con\/educacion-escp\/","name":"EDUCACI\u00d3N - ESCP Business School - ASEMER","isPartOf":{"@id":"https:\/\/www.asemer.ro\/#website"},"primaryImageOfPage":{"@id":"https:\/\/www.asemer.ro\/index.php\/colaboramos-con\/educacion-escp\/#primaryimage"},"image":{"@id":"https:\/\/www.asemer.ro\/index.php\/colaboramos-con\/educacion-escp\/#primaryimage"},"thumbnailUrl":"https:\/\/www.asemer.ro\/wp-content\/uploads\/2022\/09\/ASEMER_PM.png","datePublished":"2022-07-01T12:20:24+00:00","dateModified":"2024-10-03T17:02:02+00:00","breadcrumb":{"@id":"https:\/\/www.asemer.ro\/index.php\/colaboramos-con\/educacion-escp\/#breadcrumb"},"inLanguage":"es","potentialAction":[{"@type":"ReadAction","target":["https:\/\/www.asemer.ro\/index.php\/colaboramos-con\/educacion-escp\/"]}]},{"@type":"ImageObject","inLanguage":"es","@id":"https:\/\/www.asemer.ro\/index.php\/colaboramos-con\/educacion-escp\/#primaryimage","url":"https:\/\/www.asemer.ro\/wp-content\/uploads\/2022\/09\/ASEMER_PM.png","contentUrl":"https:\/\/www.asemer.ro\/wp-content\/uploads\/2022\/09\/ASEMER_PM.png","width":794,"height":1124},{"@type":"BreadcrumbList","@id":"https:\/\/www.asemer.ro\/index.php\/colaboramos-con\/educacion-escp\/#breadcrumb","itemListElement":[{"@type":"ListItem","position":1,"name":"Home","item":"https:\/\/www.asemer.ro\/"},{"@type":"ListItem","position":2,"name":"Colaboramos con","item":"https:\/\/www.asemer.ro\/index.php\/colaboramos-con\/"},{"@type":"ListItem","position":3,"name":"EDUCACI\u00d3N &#8211; ESCP Business School"}]},{"@type":"WebSite","@id":"https:\/\/www.asemer.ro\/#website","url":"https:\/\/www.asemer.ro\/","name":"ASEMER","description":"Asociaci\u00f3n de Empresas Espa\u00f1olas en Ruman\u00eda","publisher":{"@id":"https:\/\/www.asemer.ro\/#organization"},"potentialAction":[{"@type":"SearchAction","target":{"@type":"EntryPoint","urlTemplate":"https:\/\/www.asemer.ro\/?s={search_term_string}"},"query-input":{"@type":"PropertyValueSpecification","valueRequired":true,"valueName":"search_term_string"}}],"inLanguage":"es"},{"@type":"Organization","@id":"https:\/\/www.asemer.ro\/#organization","name":"ASEMER","url":"https:\/\/www.asemer.ro\/","logo":{"@type":"ImageObject","inLanguage":"es","@id":"https:\/\/www.asemer.ro\/#\/schema\/logo\/image\/","url":"https:\/\/www.asemer.ro\/wp-content\/uploads\/2020\/12\/logo-ASEMER-scaled.jpg","contentUrl":"https:\/\/www.asemer.ro\/wp-content\/uploads\/2020\/12\/logo-ASEMER-scaled.jpg","width":2560,"height":849,"caption":"ASEMER"},"image":{"@id":"https:\/\/www.asemer.ro\/#\/schema\/logo\/image\/"},"sameAs":["https:\/\/www.facebook.com\/asociacionasemer","https:\/\/x.com\/asemer_rumania","https:\/\/ro.linkedin.com\/in\/asemer-asociaci\u00f3n-empresas-espa\u00f1olas-en-ruman\u00eda-724772a6?trk=author_mini-profile_title","https:\/\/www.youtube.com\/channel\/UC73m8-BDsg857OL0Ogv5aQA\/videos"]}]}},"_links":{"self":[{"href":"https:\/\/www.asemer.ro\/index.php\/wp-json\/wp\/v2\/pages\/7509","targetHints":{"allow":["GET"]}}],"collection":[{"href":"https:\/\/www.asemer.ro\/index.php\/wp-json\/wp\/v2\/pages"}],"about":[{"href":"https:\/\/www.asemer.ro\/index.php\/wp-json\/wp\/v2\/types\/page"}],"author":[{"embeddable":true,"href":"https:\/\/www.asemer.ro\/index.php\/wp-json\/wp\/v2\/users\/2"}],"replies":[{"embeddable":true,"href":"https:\/\/www.asemer.ro\/index.php\/wp-json\/wp\/v2\/comments?post=7509"}],"version-history":[{"count":8,"href":"https:\/\/www.asemer.ro\/index.php\/wp-json\/wp\/v2\/pages\/7509\/revisions"}],"predecessor-version":[{"id":7821,"href":"https:\/\/www.asemer.ro\/index.php\/wp-json\/wp\/v2\/pages\/7509\/revisions\/7821"}],"up":[{"embeddable":true,"href":"https:\/\/www.asemer.ro\/index.php\/wp-json\/wp\/v2\/pages\/11705"}],"wp:attachment":[{"href":"https:\/\/www.asemer.ro\/index.php\/wp-json\/wp\/v2\/media?parent=7509"}],"curies":[{"name":"wp","href":"https:\/\/api.w.org\/{rel}","templated":true}]}}