{"id":9758,"date":"2024-03-18T15:22:23","date_gmt":"2024-03-18T13:22:23","guid":{"rendered":"https:\/\/www.asemer.ro\/?page_id=9758"},"modified":"2024-04-09T12:44:47","modified_gmt":"2024-04-09T10:44:47","slug":"asamblea-general-adunare-generala","status":"publish","type":"page","link":"https:\/\/www.asemer.ro\/index.php\/que-es-asemer\/organos-de-gobierno\/asamblea-general-adunare-generala\/","title":{"rendered":"ASAMBLEA GENERAL \/ ADUNARE GENERAL\u0102"},"content":{"rendered":"\n<div class=\"wp-block-columns has-medium-font-size is-layout-flex wp-container-core-columns-is-layout-9d6595d7 wp-block-columns-is-layout-flex\" style=\"font-style:normal;font-weight:700\">\n<div class=\"wp-block-column is-layout-flow wp-block-column-is-layout-flow\">\n<p>Documentos en idioma espa\u00f1ol:<\/p>\n\n\n\n<p><a href=\"https:\/\/www.asemer.ro\/wp-content\/uploads\/2024\/03\/1.Calendario-2024-ES.pdf\">Calendario 2024<\/a><\/p>\n\n\n\n<p><a href=\"https:\/\/www.asemer.ro\/wp-content\/uploads\/2024\/03\/2.Asemer.240321.ListaPrioridades2024Esp.pdf\">Lista Prioridades 2024<\/a><\/p>\n\n\n\n<p><a href=\"https:\/\/www.asemer.ro\/wp-content\/uploads\/2024\/03\/3.Calendario-Actividades-2024-ES.pdf\">Calendario Actividades 2024<\/a><\/p>\n\n\n\n<p><a href=\"https:\/\/www.asemer.ro\/wp-content\/uploads\/2024\/03\/4.Presupuesto-Ano-2024-ES.pdf\">Presupuesto A\u00f1o 2024<\/a><\/p>\n\n\n\n<p><a href=\"https:\/\/www.asemer.ro\/wp-content\/uploads\/2024\/03\/5.Memorias-ES.pdf\">Memoria Justificativa<\/a><\/p>\n<\/div>\n\n\n\n<div class=\"wp-block-column is-layout-flow wp-block-column-is-layout-flow\">\n<p>Documente \u00een limba rom\u00e2n\u0103:<\/p>\n\n\n\n<p><a href=\"https:\/\/www.asemer.ro\/wp-content\/uploads\/2024\/03\/1.Calendario-20224-RO.pdf\">Calendar 2024<\/a><\/p>\n\n\n\n<p><a href=\"https:\/\/www.asemer.ro\/wp-content\/uploads\/2024\/03\/2.Asemer.240321.ListaPrioritatii2024Ro.pdf\">Lista de priorita\u021bi 2024<\/a><\/p>\n\n\n\n<p><a href=\"https:\/\/www.asemer.ro\/wp-content\/uploads\/2024\/03\/3.-Calendar-Activitati-2024-RO.pdf\">Calendarul activita\u021bilor 2024<\/a><\/p>\n\n\n\n<p><a href=\"https:\/\/www.asemer.ro\/wp-content\/uploads\/2024\/03\/4.Bugetul-Anul-2024-RO.pdf\">Bugetul anului 2024<\/a><\/p>\n\n\n\n<p><a href=\"https:\/\/www.asemer.ro\/wp-content\/uploads\/2024\/03\/5.Memoria-Justificativa-RO.pdf\">Raport Explicativ<\/a><\/p>\n\n\n\n<p><a href=\"https:\/\/www.asemer.ro\/wp-content\/uploads\/2024\/03\/raport-cenzorat-2023-ASEMER.pdf\">Raport de Audit Cenzor<\/a><\/p>\n<\/div>\n<\/div>\n\n\n\n<hr class=\"wp-block-separator has-alpha-channel-opacity is-style-dots\"\/>\n\n\n<div class=\"frm_forms  with_frm_style frm_style_formidable-style\" id=\"frm_form_3_container\" data-token=\"93f827f69d04f55e454fe3aa34298a93\">\n<form enctype=\"multipart\/form-data\" method=\"post\" class=\"frm-show-form  frm_js_validate \" id=\"form_registrationvoting2\" data-token=\"93f827f69d04f55e454fe3aa34298a93\">\n<div class=\"frm_form_fields \">\n<fieldset>\n<legend class=\"frm_screen_reader\">ASAMBLEA GENERAL \/ ADUNARE GENERAL\u0102<\/legend>\r\n\r\n<div class=\"frm_fields_container\">\n<input type=\"hidden\" name=\"frm_action\" value=\"create\" \/>\n<input type=\"hidden\" name=\"form_id\" value=\"3\" \/>\n<input type=\"hidden\" name=\"frm_hide_fields_3\" id=\"frm_hide_fields_3\" value=\"\" \/>\n<input type=\"hidden\" name=\"form_key\" value=\"registrationvoting2\" \/>\n<input type=\"hidden\" name=\"item_meta[0]\" value=\"\" \/>\n<input type=\"hidden\" id=\"frm_submit_entry_3\" name=\"frm_submit_entry_3\" value=\"320eadce9c\" \/><input type=\"hidden\" name=\"_wp_http_referer\" value=\"\/index.php\/wp-json\/wp\/v2\/pages\/9758\" \/><div id=\"frm_field_19_container\" class=\"frm_form_field form-field  frm_required_field frm_top_container\">\r\n    <label for=\"field_mnrse2\" id=\"field_mnrse2_label\" class=\"frm_primary_label\">Asociado \/ Asociatul\r\n        <span class=\"frm_required\" aria-hidden=\"true\">*<\/span>\r\n    <\/label>\r\n    <input type=\"text\" id=\"field_mnrse2\" name=\"item_meta[19]\" value=\"\"  data-reqmsg=\"Asociado \/ Asociatul cannot be blank.\" aria-required=\"true\" data-invmsg=\"Text is invalid\" aria-invalid=\"false\"  \/>\r\n    \r\n    \r\n<\/div>\n<div id=\"frm_field_20_container\" class=\"frm_form_field form-field  frm_required_field frm_top_container\">\r\n    <label for=\"field_ax3pz2\" id=\"field_ax3pz2_label\" class=\"frm_primary_label\">CUI \/ CIF\r\n        <span class=\"frm_required\" aria-hidden=\"true\">*<\/span>\r\n    <\/label>\r\n    <input type=\"text\" id=\"field_ax3pz2\" name=\"item_meta[20]\" value=\"\"  data-reqmsg=\"CUI \/ CIF cannot be blank.\" aria-required=\"true\" data-invmsg=\"Text is invalid\" aria-invalid=\"false\"  \/>\r\n    \r\n    \r\n<\/div>\n<div id=\"frm_field_21_container\" class=\"frm_form_field form-field  frm_required_field frm_top_container\">\r\n    <label for=\"field_8hd8b2\" id=\"field_8hd8b2_label\" class=\"frm_primary_label\">Representante \/ Reprezentatul\r\n        <span class=\"frm_required\" aria-hidden=\"true\">*<\/span>\r\n    <\/label>\r\n    <input type=\"text\" id=\"field_8hd8b2\" name=\"item_meta[21]\" value=\"\"  data-reqmsg=\"Representante \/ Reprezentatul cannot be blank.\" aria-required=\"true\" data-invmsg=\"Text is invalid\" aria-invalid=\"false\"  \/>\r\n    \r\n    \r\n<\/div>\n<div id=\"frm_field_22_container\" class=\"frm_form_field form-field  frm_required_field frm_top_container\">\r\n    <label for=\"field_rrmnu2\" id=\"field_rrmnu2_label\" class=\"frm_primary_label\">Email\r\n        <span class=\"frm_required\" aria-hidden=\"true\">*<\/span>\r\n    <\/label>\r\n    <input type=\"email\" id=\"field_rrmnu2\" name=\"item_meta[22]\" value=\"\"  data-reqmsg=\"Email cannot be blank.\" aria-required=\"true\" data-invmsg=\"Email is invalid\" aria-invalid=\"false\"  \/>\r\n    \r\n    \r\n<\/div>\n<div id=\"frm_field_23_container\" class=\"frm_form_field  frm_html_container form-field\">\n<h3 style=\"text-align: center;\">CLAUZA GDPR<\/h3>\n<p>Av\u00e2nd in vedere prevederile Regulamentul (UE) 2016\/679 al Parlamentului European \u0219i al Consiliului din 27 aprilie 2016 privind protec\u021bia persoanelor fizice \u00een ceea ce prive\u0219te prelucrarea datelor cu caracter personal \u0219i privind libera circula\u021bie a acestor date \u0219i de abrogare a <br \/>Directivei 95\/46\/CE (Regulamentul general privind protec\u021bia datelor),<br \/>V\u0103 inform\u0103m c\u0103 vom colecta \u0219i prelucra datele dvs. cu caracter personal (nume, adresa de email, num\u0103r de telefon, adresa de domiciliul, CNP, etc. ) exclusiv \u00een scopul valid\u0103rii procesului de votare \u00een cadrul ASEMER precum \u0219i c\u0103 destinatarii datelor dvs. cu caracter personal sunt angaja\u021bii subscrisei, membrii \u00een organele de conducere, \u0219i NU inten\u021bion\u0103m transferarea acestor date c\u0103tre o alt\u0103 companie (marketing \u0219i publicitate).<br \/>Datele vor fi stocate pe o perioad\u0103 determinat\u0103, at\u00e2t timp c\u00e2t exista consim\u021b\u0103m\u00e2ntul Dvs. \u0219i\/sau interesul legitim al ASEMER, \u00een situa\u021bia unui litigiu, pe parcursul solu\u021bion\u0103rii acelui litigiu, precum \u0219i \u00een conformitate cu legisla\u021bia \u00een vigoare at\u00e2ta timp c\u00e2t avem obliga\u021bia de a p\u0103stra aceste evidente.<br \/>V\u0103 inform\u0103m c\u0103 ave\u021bi dreptul de a solicita accesul la datele Dvs. personale, precum \u0219i rectificarea sau \u0219tergerea acestora sau restric\u021bionarea prelucr\u0103rii, conform legii, contact\u00e2ndu-ne \u00een acest sens la adresa de e-mail \u201eoffice@asemer.ro\u201d precum \u0219i dreptul de a face pl\u00e2ngere la autoritatea de supraveghere, \u00een situa\u021bia \u00een care considera\u021bi c\u0103 drepturile Dvs. au fost nerespectate.<br \/>Vom stabili m\u0103suri tehnice \u0219i procedurale, pentru a proteja \u0219i pentru a asigura confiden\u021bialitatea, integritatea \u0219i accesibilitatea datelor dvs. cu caracter personal prelucrate, vom preveni utilizarea sau accesul neautorizat \u0219i vom preveni \u00eenc\u0103lcarea securit\u0103\u021bii datelor cu caracter personal, \u00een conformitate cu legisla\u021bia in vigoare.<\/p>\n<h3 style=\"text-align: center;\">CLAUSA GDPR<\/h3>\n<p>Vistas las disposiciones del Reglamento (UE) 2016\/679 del Parlamento Europeo y del Consejo, de 27 de abril de 2016, relativo a la protecci\u00f3n de las personas f\u00edsicas en lo que respecta al tratamiento de datos personales y a la libre circulaci\u00f3n de estos datos y por el <br \/>que se deroga la Directiva 95 \/46\/ CE (Reglamento General de Protecci\u00f3n de Datos)<br \/>Le informamos que recogeremos y trataremos sus datos personales (nombre, direcci\u00f3n de correo electr\u00f3nico, n\u00famero de tel\u00e9fono, domicilio, CNP, etc.) exclusivamente con la finalidad de validar el proceso de votaci\u00f3n dentro de ASEMER, as\u00ed como que los destinatarios de sus datos personales son los empleados de la suscripci\u00f3n, los miembros de los \u00f3rganos de gobierno, y NO pretendemos transferir estos datos a otra empresa (marketing y publicidad).<br \/>Los datos ser\u00e1n conservados durante un periodo determinado, siempre que exista Su consentimiento y\/o el inter\u00e9s leg\u00edtimo de ASEMER, en caso de litigio, durante la resoluci\u00f3n de dicho litigio, as\u00ed como de conformidad con la legislaci\u00f3n vigente. siempre y cuando tengamos la obligaci\u00f3n de conservar estos registros.<br \/>Le informamos que tiene derecho a solicitar el acceso a sus datos personales, as\u00ed como su rectificaci\u00f3n o supresi\u00f3n o limitaci\u00f3n de su tratamiento, de conformidad con la ley, contactando con nosotros al respecto en la direcci\u00f3n de correo electr\u00f3nico \"office@asemer .ro\", as\u00ed como el derecho a presentar una reclamaci\u00f3n ante la autoridad de control, si cree que se han vulnerado sus derechos.<br \/>Estableceremos medidas t\u00e9cnicas y procesales para proteger y garantizar la confidencialidad, integridad y accesibilidad de sus datos personales procesados, evitar el uso o acceso no autorizado y prevenir violaciones de la seguridad de los datos personales, de acuerdo con la ley aplicable.<\/p>\n<\/div>\n\t<input type=\"hidden\" name=\"item_key\" value=\"\" \/>\n\t\t\t<div id=\"frm_field_24_container\">\n\t\t\t<label for=\"field_yz4qd\" >\n\t\t\t\tSi eres humano, deja este campo en blanco.\t\t\t<\/label>\n\t\t\t<input  id=\"field_yz4qd\" type=\"text\" class=\"frm_form_field form-field frm_verify\" name=\"item_meta[24]\" value=\"\"  \/>\n\t\t<\/div>\n\t\t<input name=\"frm_state\" type=\"hidden\" value=\"gIsc9KTIZGfRL7iHdIOcYrXslNp7uLu2S5+cla9WaSk=\" \/><div class=\"frm_submit\">\r\n\r\n<button class=\"frm_button_submit\" type=\"submit\"  >Sunt de acord<\/button>\r\n\r\n\r\n<\/div><\/div>\n<\/fieldset>\n<\/div>\n\n<\/form>\n<\/div>\n\n","protected":false},"excerpt":{"rendered":"<p>Documentos en idioma espa\u00f1ol: Calendario 2024 Lista Prioridades 2024 Calendario Actividades 2024 Presupuesto A\u00f1o 2024 Memoria Justificativa Documente \u00een limba [&hellip;]<\/p>\n","protected":false},"author":2,"featured_media":0,"parent":5913,"menu_order":151,"comment_status":"closed","ping_status":"closed","template":"page-templates\/template_fullwidth.php","meta":{"footnotes":""},"class_list":["post-9758","page","type-page","status-publish","hentry"],"yoast_head":"<!-- This site is optimized with the Yoast SEO plugin v27.3 - https:\/\/yoast.com\/product\/yoast-seo-wordpress\/ -->\n<title>ASAMBLEA GENERAL \/ ADUNARE GENERAL\u0102 - ASEMER<\/title>\n<meta name=\"robots\" content=\"index, follow, max-snippet:-1, max-image-preview:large, max-video-preview:-1\" \/>\n<link rel=\"canonical\" href=\"https:\/\/www.asemer.ro\/index.php\/que-es-asemer\/organos-de-gobierno\/asamblea-general-adunare-generala\/\" \/>\n<meta property=\"og:locale\" content=\"es_ES\" \/>\n<meta property=\"og:type\" content=\"article\" \/>\n<meta property=\"og:title\" content=\"ASAMBLEA GENERAL \/ ADUNARE GENERAL\u0102 - ASEMER\" \/>\n<meta property=\"og:description\" content=\"Documentos en idioma espa\u00f1ol: Calendario 2024 Lista Prioridades 2024 Calendario Actividades 2024 Presupuesto A\u00f1o 2024 Memoria Justificativa Documente \u00een limba [&hellip;]\" \/>\n<meta property=\"og:url\" content=\"https:\/\/www.asemer.ro\/index.php\/que-es-asemer\/organos-de-gobierno\/asamblea-general-adunare-generala\/\" \/>\n<meta property=\"og:site_name\" content=\"ASEMER\" \/>\n<meta property=\"article:publisher\" content=\"https:\/\/www.facebook.com\/asociacionasemer\" \/>\n<meta property=\"article:modified_time\" content=\"2024-04-09T10:44:47+00:00\" \/>\n<meta name=\"twitter:card\" content=\"summary_large_image\" \/>\n<meta name=\"twitter:site\" content=\"@asemer_rumania\" \/>\n<meta name=\"twitter:label1\" content=\"Tiempo de lectura\" \/>\n\t<meta name=\"twitter:data1\" content=\"1 minuto\" \/>\n<script type=\"application\/ld+json\" class=\"yoast-schema-graph\">{\"@context\":\"https:\\\/\\\/schema.org\",\"@graph\":[{\"@type\":\"WebPage\",\"@id\":\"https:\\\/\\\/www.asemer.ro\\\/index.php\\\/que-es-asemer\\\/organos-de-gobierno\\\/asamblea-general-adunare-generala\\\/\",\"url\":\"https:\\\/\\\/www.asemer.ro\\\/index.php\\\/que-es-asemer\\\/organos-de-gobierno\\\/asamblea-general-adunare-generala\\\/\",\"name\":\"ASAMBLEA GENERAL \\\/ ADUNARE GENERAL\u0102 - ASEMER\",\"isPartOf\":{\"@id\":\"https:\\\/\\\/www.asemer.ro\\\/#website\"},\"datePublished\":\"2024-03-18T13:22:23+00:00\",\"dateModified\":\"2024-04-09T10:44:47+00:00\",\"breadcrumb\":{\"@id\":\"https:\\\/\\\/www.asemer.ro\\\/index.php\\\/que-es-asemer\\\/organos-de-gobierno\\\/asamblea-general-adunare-generala\\\/#breadcrumb\"},\"inLanguage\":\"es\",\"potentialAction\":[{\"@type\":\"ReadAction\",\"target\":[\"https:\\\/\\\/www.asemer.ro\\\/index.php\\\/que-es-asemer\\\/organos-de-gobierno\\\/asamblea-general-adunare-generala\\\/\"]}]},{\"@type\":\"BreadcrumbList\",\"@id\":\"https:\\\/\\\/www.asemer.ro\\\/index.php\\\/que-es-asemer\\\/organos-de-gobierno\\\/asamblea-general-adunare-generala\\\/#breadcrumb\",\"itemListElement\":[{\"@type\":\"ListItem\",\"position\":1,\"name\":\"Home\",\"item\":\"https:\\\/\\\/www.asemer.ro\\\/\"},{\"@type\":\"ListItem\",\"position\":2,\"name\":\"Que es ASEMER\",\"item\":\"https:\\\/\\\/www.asemer.ro\\\/index.php\\\/que-es-asemer\\\/\"},{\"@type\":\"ListItem\",\"position\":3,\"name\":\"Organos de Gobierno\",\"item\":\"https:\\\/\\\/www.asemer.ro\\\/index.php\\\/que-es-asemer\\\/organos-de-gobierno\\\/\"},{\"@type\":\"ListItem\",\"position\":4,\"name\":\"ASAMBLEA GENERAL \\\/ ADUNARE GENERAL\u0102\"}]},{\"@type\":\"WebSite\",\"@id\":\"https:\\\/\\\/www.asemer.ro\\\/#website\",\"url\":\"https:\\\/\\\/www.asemer.ro\\\/\",\"name\":\"ASEMER\",\"description\":\"Asociaci\u00f3n de Empresas Espa\u00f1olas en Ruman\u00eda\",\"publisher\":{\"@id\":\"https:\\\/\\\/www.asemer.ro\\\/#organization\"},\"potentialAction\":[{\"@type\":\"SearchAction\",\"target\":{\"@type\":\"EntryPoint\",\"urlTemplate\":\"https:\\\/\\\/www.asemer.ro\\\/?s={search_term_string}\"},\"query-input\":{\"@type\":\"PropertyValueSpecification\",\"valueRequired\":true,\"valueName\":\"search_term_string\"}}],\"inLanguage\":\"es\"},{\"@type\":\"Organization\",\"@id\":\"https:\\\/\\\/www.asemer.ro\\\/#organization\",\"name\":\"ASEMER\",\"url\":\"https:\\\/\\\/www.asemer.ro\\\/\",\"logo\":{\"@type\":\"ImageObject\",\"inLanguage\":\"es\",\"@id\":\"https:\\\/\\\/www.asemer.ro\\\/#\\\/schema\\\/logo\\\/image\\\/\",\"url\":\"https:\\\/\\\/www.asemer.ro\\\/wp-content\\\/uploads\\\/2020\\\/12\\\/logo-ASEMER-scaled.jpg\",\"contentUrl\":\"https:\\\/\\\/www.asemer.ro\\\/wp-content\\\/uploads\\\/2020\\\/12\\\/logo-ASEMER-scaled.jpg\",\"width\":2560,\"height\":849,\"caption\":\"ASEMER\"},\"image\":{\"@id\":\"https:\\\/\\\/www.asemer.ro\\\/#\\\/schema\\\/logo\\\/image\\\/\"},\"sameAs\":[\"https:\\\/\\\/www.facebook.com\\\/asociacionasemer\",\"https:\\\/\\\/x.com\\\/asemer_rumania\",\"https:\\\/\\\/ro.linkedin.com\\\/in\\\/asemer-asociaci\u00f3n-empresas-espa\u00f1olas-en-ruman\u00eda-724772a6?trk=author_mini-profile_title\",\"https:\\\/\\\/www.youtube.com\\\/channel\\\/UC73m8-BDsg857OL0Ogv5aQA\\\/videos\"]}]}<\/script>\n<!-- \/ Yoast SEO plugin. -->","yoast_head_json":{"title":"ASAMBLEA GENERAL \/ ADUNARE GENERAL\u0102 - ASEMER","robots":{"index":"index","follow":"follow","max-snippet":"max-snippet:-1","max-image-preview":"max-image-preview:large","max-video-preview":"max-video-preview:-1"},"canonical":"https:\/\/www.asemer.ro\/index.php\/que-es-asemer\/organos-de-gobierno\/asamblea-general-adunare-generala\/","og_locale":"es_ES","og_type":"article","og_title":"ASAMBLEA GENERAL \/ ADUNARE GENERAL\u0102 - ASEMER","og_description":"Documentos en idioma espa\u00f1ol: Calendario 2024 Lista Prioridades 2024 Calendario Actividades 2024 Presupuesto A\u00f1o 2024 Memoria Justificativa Documente \u00een limba [&hellip;]","og_url":"https:\/\/www.asemer.ro\/index.php\/que-es-asemer\/organos-de-gobierno\/asamblea-general-adunare-generala\/","og_site_name":"ASEMER","article_publisher":"https:\/\/www.facebook.com\/asociacionasemer","article_modified_time":"2024-04-09T10:44:47+00:00","twitter_card":"summary_large_image","twitter_site":"@asemer_rumania","twitter_misc":{"Tiempo de lectura":"1 minuto"},"schema":{"@context":"https:\/\/schema.org","@graph":[{"@type":"WebPage","@id":"https:\/\/www.asemer.ro\/index.php\/que-es-asemer\/organos-de-gobierno\/asamblea-general-adunare-generala\/","url":"https:\/\/www.asemer.ro\/index.php\/que-es-asemer\/organos-de-gobierno\/asamblea-general-adunare-generala\/","name":"ASAMBLEA GENERAL \/ ADUNARE GENERAL\u0102 - ASEMER","isPartOf":{"@id":"https:\/\/www.asemer.ro\/#website"},"datePublished":"2024-03-18T13:22:23+00:00","dateModified":"2024-04-09T10:44:47+00:00","breadcrumb":{"@id":"https:\/\/www.asemer.ro\/index.php\/que-es-asemer\/organos-de-gobierno\/asamblea-general-adunare-generala\/#breadcrumb"},"inLanguage":"es","potentialAction":[{"@type":"ReadAction","target":["https:\/\/www.asemer.ro\/index.php\/que-es-asemer\/organos-de-gobierno\/asamblea-general-adunare-generala\/"]}]},{"@type":"BreadcrumbList","@id":"https:\/\/www.asemer.ro\/index.php\/que-es-asemer\/organos-de-gobierno\/asamblea-general-adunare-generala\/#breadcrumb","itemListElement":[{"@type":"ListItem","position":1,"name":"Home","item":"https:\/\/www.asemer.ro\/"},{"@type":"ListItem","position":2,"name":"Que es ASEMER","item":"https:\/\/www.asemer.ro\/index.php\/que-es-asemer\/"},{"@type":"ListItem","position":3,"name":"Organos de Gobierno","item":"https:\/\/www.asemer.ro\/index.php\/que-es-asemer\/organos-de-gobierno\/"},{"@type":"ListItem","position":4,"name":"ASAMBLEA GENERAL \/ ADUNARE GENERAL\u0102"}]},{"@type":"WebSite","@id":"https:\/\/www.asemer.ro\/#website","url":"https:\/\/www.asemer.ro\/","name":"ASEMER","description":"Asociaci\u00f3n de Empresas Espa\u00f1olas en Ruman\u00eda","publisher":{"@id":"https:\/\/www.asemer.ro\/#organization"},"potentialAction":[{"@type":"SearchAction","target":{"@type":"EntryPoint","urlTemplate":"https:\/\/www.asemer.ro\/?s={search_term_string}"},"query-input":{"@type":"PropertyValueSpecification","valueRequired":true,"valueName":"search_term_string"}}],"inLanguage":"es"},{"@type":"Organization","@id":"https:\/\/www.asemer.ro\/#organization","name":"ASEMER","url":"https:\/\/www.asemer.ro\/","logo":{"@type":"ImageObject","inLanguage":"es","@id":"https:\/\/www.asemer.ro\/#\/schema\/logo\/image\/","url":"https:\/\/www.asemer.ro\/wp-content\/uploads\/2020\/12\/logo-ASEMER-scaled.jpg","contentUrl":"https:\/\/www.asemer.ro\/wp-content\/uploads\/2020\/12\/logo-ASEMER-scaled.jpg","width":2560,"height":849,"caption":"ASEMER"},"image":{"@id":"https:\/\/www.asemer.ro\/#\/schema\/logo\/image\/"},"sameAs":["https:\/\/www.facebook.com\/asociacionasemer","https:\/\/x.com\/asemer_rumania","https:\/\/ro.linkedin.com\/in\/asemer-asociaci\u00f3n-empresas-espa\u00f1olas-en-ruman\u00eda-724772a6?trk=author_mini-profile_title","https:\/\/www.youtube.com\/channel\/UC73m8-BDsg857OL0Ogv5aQA\/videos"]}]}},"_links":{"self":[{"href":"https:\/\/www.asemer.ro\/index.php\/wp-json\/wp\/v2\/pages\/9758","targetHints":{"allow":["GET"]}}],"collection":[{"href":"https:\/\/www.asemer.ro\/index.php\/wp-json\/wp\/v2\/pages"}],"about":[{"href":"https:\/\/www.asemer.ro\/index.php\/wp-json\/wp\/v2\/types\/page"}],"author":[{"embeddable":true,"href":"https:\/\/www.asemer.ro\/index.php\/wp-json\/wp\/v2\/users\/2"}],"replies":[{"embeddable":true,"href":"https:\/\/www.asemer.ro\/index.php\/wp-json\/wp\/v2\/comments?post=9758"}],"version-history":[{"count":22,"href":"https:\/\/www.asemer.ro\/index.php\/wp-json\/wp\/v2\/pages\/9758\/revisions"}],"predecessor-version":[{"id":9851,"href":"https:\/\/www.asemer.ro\/index.php\/wp-json\/wp\/v2\/pages\/9758\/revisions\/9851"}],"up":[{"embeddable":true,"href":"https:\/\/www.asemer.ro\/index.php\/wp-json\/wp\/v2\/pages\/5913"}],"wp:attachment":[{"href":"https:\/\/www.asemer.ro\/index.php\/wp-json\/wp\/v2\/media?parent=9758"}],"curies":[{"name":"wp","href":"https:\/\/api.w.org\/{rel}","templated":true}]}}