{"id":9804,"date":"2024-03-20T04:56:48","date_gmt":"2024-03-20T02:56:48","guid":{"rendered":"https:\/\/www.asemer.ro\/?page_id=9804"},"modified":"2025-04-02T04:15:34","modified_gmt":"2025-04-02T02:15:34","slug":"asamblea-general-adunare-generala-poll","status":"publish","type":"page","link":"https:\/\/www.asemer.ro\/index.php\/asamblea-general-adunare-generala-poll\/","title":{"rendered":"Votar"},"content":{"rendered":"\n<h3 class=\"wp-block-heading has-text-align-center\">ASAMBLEA GENERAL \/ ADUNARE GENERAL\u0102<\/h3>\n\n\n\n<p class=\"has-text-align-center has-medium-font-size\"><strong>JUEVES, 10 DE ABRIL<\/strong><\/p>\n\n\n\n<p class=\"has-text-align-center has-medium-font-size\"><strong>JOI, 10 APRILIE<\/strong><\/p>\n\n\n\n<p class=\"has-text-align-center\"><strong>2025<\/strong><\/p>\n\n\n\n<p class=\"has-text-align-center\">1a Conv\u00f3catoria \/ Convocatoria <strong>13:00<\/strong><\/p>\n\n\n\n<p class=\"has-text-align-center\">2a Conv\u00f3catoria \/ Convocatoria <strong>13:30<\/strong><\/p>\n\n\n<div id=\"totalpoll\" class=\"totalpoll-wrapper totalpoll-uid-824d7e6cc431b4e7a44f2b275724d72c is-ltr is-screen-vote\" totalpoll=\"12643\" totalpoll-uid=\"824d7e6cc431b4e7a44f2b275724d72c\" totalpoll-screen=\"vote\" totalpoll-ajax-url=\"https:\/\/www.asemer.ro\/wp-admin\/admin-ajax.php?action=totalpoll&#038;totalpoll%5BpollId%5D=12643&#038;totalpoll%5Baction%5D=view&#038;totalpoll%5Bscreen%5D=vote\"><script type=\"text\/totalpoll-config\" totalpoll-config=\"12643\">{\"ajaxEndpoint\":\"https:\\\/\\\/www.asemer.ro\\\/wp-admin\\\/admin-ajax.php?action=totalpoll\",\"behaviours\":{\"ajax\":true,\"scrollUp\":true,\"async\":false},\"effects\":{\"transition\":\"fade\",\"duration\":\"500\"},\"i18n\":{\"Previous\":\"Anterior\",\"Next\":\"Siguiente\",\"of\":\"of\",\"Something went wrong! Please try again.\":\"Something went wrong! Please try again.\"}}<\/script><link rel=\"stylesheet\" id=\"totalpoll-poll-824d7e6cc431b4e7a44f2b275724d72c-css\"  href=\"https:\/\/www.asemer.ro\/wp-content\/cache\/totalpoll\/css\/824d7e6cc431b4e7a44f2b275724d72c.css\" type=\"text\/css\" media=\"all\" \/><div id=\"totalpoll-poll-12643\" class=\"totalpoll-container\"><form action=\"\" enctype=\"multipart\/form-data\" class=\"totalpoll-form\" method=\"POST\" novalidate=\"novalidate\"><div style=\"visibility: hidden; position: absolute; width: 0px; height: 0px;\">\n    <svg id=\"totalpoll-check-icon\" xmlns=\"http:\/\/www.w3.org\/2000\/svg\" width=\"24\" height=\"24\" viewBox=\"0 0 24 24\">\n        <path d=\"M0,0H24V24H0Z\" fill=\"none\"\/>\n        <path d=\"M9,15.1999l-4.2-4.2L2.3999,13.4,9,20.0001,22.0001,7,19.6,4.5999Z\"\/>\n    <\/svg>\n<\/div>\n    <div class=\"totalpoll-questions\">\n\t\t<div class=\"totalpoll-question\"\n     totalpoll-min-selection=\"1\"\n     totalpoll-max-selection=\"1\" >\n    <div class=\"totalpoll-question-container\">\n        <div class=\"totalpoll-question-content\" >\n\t\t\t<p><strong>Aprobar el presupuesto a\u00f1o 2025 \/ Aprobarea bugetului anul 2025.<\/strong><\/p>\n        <\/div>\n\n        <div class=\"totalpoll-question-choices\">\n\t\t\t\t\t\t\t\t\t\t\t\t<label for=\"choice-855406d7-6444-4b0f-ad0d-3030e5a6a453-selector\"\n       tabindex=\"0\"\n       aria-label=\"Vote for: A FAVOR \/ PENTRU\"\n       class=\"totalpoll-question-choices-item totalpoll-question-choices-item-type-text \" >\n    <div class=\"totalpoll-question-choices-item-container\">\n        \n        <div class=\"totalpoll-question-choices-item-control\">\n            <div class=\"totalpoll-question-choices-item-selector totalpoll-question-choices-item-selector-single\">\n\t\t\t\t<input type=\"radio\" id=\"choice-855406d7-6444-4b0f-ad0d-3030e5a6a453-selector\" name=\"totalpoll[choices][e5609352-e595-4bab-8451-01e24cc28a65][]\" value=\"855406d7-6444-4b0f-ad0d-3030e5a6a453\">                <div class=\"totalpoll-question-choices-item-selector-box\">\n                    <svg xmlns=\"http:\/\/www.w3.org\/2000\/svg\" width=\"24\" height=\"24\" viewBox=\"0 0 24 24\">\n                        <use xmlns:xlink=\"http:\/\/www.w3.org\/1999\/xlink\" xlink:href=\"#totalpoll-check-icon\"><\/use>\n                    <\/svg>\n                <\/div>\n            <\/div>\n            <div class=\"totalpoll-question-choices-item-label\" role=\"button\">\n                <span >A FAVOR \/ PENTRU<\/span>\n            <\/div>\n        <\/div>\n    <\/div>\n<\/label>\n\t\t\t\t\t\t\t\t\t\t\t\t\t\t\t\t<label for=\"choice-d078cfd4-1cfa-43ef-bfd9-d207e4d740ba-selector\"\n       tabindex=\"0\"\n       aria-label=\"Vote for: ME\u00a0ABSTENGO \/ M\u0102 AB\u021aIN\"\n       class=\"totalpoll-question-choices-item totalpoll-question-choices-item-type-text \" >\n    <div class=\"totalpoll-question-choices-item-container\">\n        \n        <div class=\"totalpoll-question-choices-item-control\">\n            <div class=\"totalpoll-question-choices-item-selector totalpoll-question-choices-item-selector-single\">\n\t\t\t\t<input type=\"radio\" id=\"choice-d078cfd4-1cfa-43ef-bfd9-d207e4d740ba-selector\" name=\"totalpoll[choices][e5609352-e595-4bab-8451-01e24cc28a65][]\" value=\"d078cfd4-1cfa-43ef-bfd9-d207e4d740ba\">                <div class=\"totalpoll-question-choices-item-selector-box\">\n                    <svg xmlns=\"http:\/\/www.w3.org\/2000\/svg\" width=\"24\" height=\"24\" viewBox=\"0 0 24 24\">\n                        <use xmlns:xlink=\"http:\/\/www.w3.org\/1999\/xlink\" xlink:href=\"#totalpoll-check-icon\"><\/use>\n                    <\/svg>\n                <\/div>\n            <\/div>\n            <div class=\"totalpoll-question-choices-item-label\" role=\"button\">\n                <span >ME\u00a0ABSTENGO \/ M\u0102 AB\u021aIN<\/span>\n            <\/div>\n        <\/div>\n    <\/div>\n<\/label>\n\t\t\t\t\t\t\t\t\t\t\t\t\t\t\t\t<label for=\"choice-d75b8655-e185-43bb-b3ee-d49f5c339aab-selector\"\n       tabindex=\"0\"\n       aria-label=\"Vote for: EN CONTRA \/ \u00ceMPOTRIVA\"\n       class=\"totalpoll-question-choices-item totalpoll-question-choices-item-type-text \" >\n    <div class=\"totalpoll-question-choices-item-container\">\n        \n        <div class=\"totalpoll-question-choices-item-control\">\n            <div class=\"totalpoll-question-choices-item-selector totalpoll-question-choices-item-selector-single\">\n\t\t\t\t<input type=\"radio\" id=\"choice-d75b8655-e185-43bb-b3ee-d49f5c339aab-selector\" name=\"totalpoll[choices][e5609352-e595-4bab-8451-01e24cc28a65][]\" value=\"d75b8655-e185-43bb-b3ee-d49f5c339aab\">                <div class=\"totalpoll-question-choices-item-selector-box\">\n                    <svg xmlns=\"http:\/\/www.w3.org\/2000\/svg\" width=\"24\" height=\"24\" viewBox=\"0 0 24 24\">\n                        <use xmlns:xlink=\"http:\/\/www.w3.org\/1999\/xlink\" xlink:href=\"#totalpoll-check-icon\"><\/use>\n                    <\/svg>\n                <\/div>\n            <\/div>\n            <div class=\"totalpoll-question-choices-item-label\" role=\"button\">\n                <span >EN CONTRA \/ \u00ceMPOTRIVA<\/span>\n            <\/div>\n        <\/div>\n    <\/div>\n<\/label>\n\t\t\t\t\t\t\t            \n        <\/div>\n    <\/div>\n<\/div>\n<div class=\"totalpoll-question\"\n     totalpoll-min-selection=\"1\"\n     totalpoll-max-selection=\"1\" >\n    <div class=\"totalpoll-question-container\">\n        <div class=\"totalpoll-question-content\" >\n\t\t\t<p><strong>Aprobar cuentas 2024 \/ Aprobarea situa\u021biilor financiare 2024.<\/strong><\/p>\n        <\/div>\n\n        <div class=\"totalpoll-question-choices\">\n\t\t\t\t\t\t\t\t\t\t\t\t<label for=\"choice-670fd76b-9002-4c4d-bf89-f4abf925e048-selector\"\n       tabindex=\"0\"\n       aria-label=\"Vote for: A FAVOR \/ PENTRU\"\n       class=\"totalpoll-question-choices-item totalpoll-question-choices-item-type-text \" >\n    <div class=\"totalpoll-question-choices-item-container\">\n        \n        <div class=\"totalpoll-question-choices-item-control\">\n            <div class=\"totalpoll-question-choices-item-selector totalpoll-question-choices-item-selector-single\">\n\t\t\t\t<input type=\"radio\" id=\"choice-670fd76b-9002-4c4d-bf89-f4abf925e048-selector\" name=\"totalpoll[choices][c2b27c8d-2a8b-49af-883f-c152acd4d695][]\" value=\"670fd76b-9002-4c4d-bf89-f4abf925e048\">                <div class=\"totalpoll-question-choices-item-selector-box\">\n                    <svg xmlns=\"http:\/\/www.w3.org\/2000\/svg\" width=\"24\" height=\"24\" viewBox=\"0 0 24 24\">\n                        <use xmlns:xlink=\"http:\/\/www.w3.org\/1999\/xlink\" xlink:href=\"#totalpoll-check-icon\"><\/use>\n                    <\/svg>\n                <\/div>\n            <\/div>\n            <div class=\"totalpoll-question-choices-item-label\" role=\"button\">\n                <span >A FAVOR \/ PENTRU<\/span>\n            <\/div>\n        <\/div>\n    <\/div>\n<\/label>\n\t\t\t\t\t\t\t\t\t\t\t\t\t\t\t\t<label for=\"choice-bc4700e6-60f3-45eb-ad09-1430d29ea683-selector\"\n       tabindex=\"0\"\n       aria-label=\"Vote for: ME\u00a0ABSTENGO \/ M\u0102 AB\u021aIN\"\n       class=\"totalpoll-question-choices-item totalpoll-question-choices-item-type-text \" >\n    <div class=\"totalpoll-question-choices-item-container\">\n        \n        <div class=\"totalpoll-question-choices-item-control\">\n            <div class=\"totalpoll-question-choices-item-selector totalpoll-question-choices-item-selector-single\">\n\t\t\t\t<input type=\"radio\" id=\"choice-bc4700e6-60f3-45eb-ad09-1430d29ea683-selector\" name=\"totalpoll[choices][c2b27c8d-2a8b-49af-883f-c152acd4d695][]\" value=\"bc4700e6-60f3-45eb-ad09-1430d29ea683\">                <div class=\"totalpoll-question-choices-item-selector-box\">\n                    <svg xmlns=\"http:\/\/www.w3.org\/2000\/svg\" width=\"24\" height=\"24\" viewBox=\"0 0 24 24\">\n                        <use xmlns:xlink=\"http:\/\/www.w3.org\/1999\/xlink\" xlink:href=\"#totalpoll-check-icon\"><\/use>\n                    <\/svg>\n                <\/div>\n            <\/div>\n            <div class=\"totalpoll-question-choices-item-label\" role=\"button\">\n                <span >ME\u00a0ABSTENGO \/ M\u0102 AB\u021aIN<\/span>\n            <\/div>\n        <\/div>\n    <\/div>\n<\/label>\n\t\t\t\t\t\t\t\t\t\t\t\t\t\t\t\t<label for=\"choice-d708c292-0f08-4e45-8df8-75c577c236f1-selector\"\n       tabindex=\"0\"\n       aria-label=\"Vote for: EN CONTRA \/ \u00ceMPOTRIVA\"\n       class=\"totalpoll-question-choices-item totalpoll-question-choices-item-type-text \" >\n    <div class=\"totalpoll-question-choices-item-container\">\n        \n        <div class=\"totalpoll-question-choices-item-control\">\n            <div class=\"totalpoll-question-choices-item-selector totalpoll-question-choices-item-selector-single\">\n\t\t\t\t<input type=\"radio\" id=\"choice-d708c292-0f08-4e45-8df8-75c577c236f1-selector\" name=\"totalpoll[choices][c2b27c8d-2a8b-49af-883f-c152acd4d695][]\" value=\"d708c292-0f08-4e45-8df8-75c577c236f1\">                <div class=\"totalpoll-question-choices-item-selector-box\">\n                    <svg xmlns=\"http:\/\/www.w3.org\/2000\/svg\" width=\"24\" height=\"24\" viewBox=\"0 0 24 24\">\n                        <use xmlns:xlink=\"http:\/\/www.w3.org\/1999\/xlink\" xlink:href=\"#totalpoll-check-icon\"><\/use>\n                    <\/svg>\n                <\/div>\n            <\/div>\n            <div class=\"totalpoll-question-choices-item-label\" role=\"button\">\n                <span >EN CONTRA \/ \u00ceMPOTRIVA<\/span>\n            <\/div>\n        <\/div>\n    <\/div>\n<\/label>\n\t\t\t\t\t\t\t            \n        <\/div>\n    <\/div>\n<\/div>\n    <\/div>\n<div class=\"totalpoll-form-hidden-fields\">\n\t<div class=\"totalpoll-form-page\"><div class=\"totalpoll-form-field-hidden\"><div class=\"totalpoll-form-field totalpoll-form-field-type-hidden totalpoll-column-full\"><div class=\"totalpoll-form-field-wrapper\"><input type=\"hidden\" name=\"totalpoll[screen]\" value=\"vote\" class=\"totalpoll-form-field-input\"><div class=\"totalpoll-form-field-errors\"><\/div><\/div><\/div><\/div><div class=\"totalpoll-form-field-hidden\"><div class=\"totalpoll-form-field totalpoll-form-field-type-hidden totalpoll-column-full\"><div class=\"totalpoll-form-field-wrapper\"><input type=\"hidden\" name=\"totalpoll[pollId]\" value=\"12643\" class=\"totalpoll-form-field-input\"><div class=\"totalpoll-form-field-errors\"><\/div><\/div><\/div><\/div><div class=\"totalpoll-form-field-hidden\"><div class=\"totalpoll-form-field totalpoll-form-field-type-hidden totalpoll-column-full\"><div class=\"totalpoll-form-field-wrapper\"><input type=\"hidden\" name=\"totalpoll[action]\" value=\"\" class=\"totalpoll-form-field-input\"><div class=\"totalpoll-form-field-errors\"><\/div><\/div><\/div><\/div><\/div><\/div>\n<div class=\"totalpoll-buttons\">\n\t<button type=\"submit\" name=\"totalpoll[action]\" value=\"vote\" class=\"totalpoll-button totalpoll-button-primary totalpoll-buttons-vote\">Votar<\/button><\/div>\n<\/form><\/div><\/div>\n\n\n\n<p><\/p>\n","protected":false},"excerpt":{"rendered":"<p>ASAMBLEA GENERAL \/ ADUNARE GENERAL\u0102 JUEVES, 10 DE ABRIL JOI, 10 APRILIE 2025 1a Conv\u00f3catoria \/ Convocatoria 13:00 2a Conv\u00f3catoria [&hellip;]<\/p>\n","protected":false},"author":2,"featured_media":0,"parent":0,"menu_order":1000,"comment_status":"closed","ping_status":"closed","template":"page-templates\/template_fullwidth.php","meta":{"footnotes":""},"class_list":["post-9804","page","type-page","status-publish","hentry"],"yoast_head":"<!-- This site is optimized with the Yoast SEO plugin v27.4 - https:\/\/yoast.com\/product\/yoast-seo-wordpress\/ -->\n<title>Votar - ASEMER<\/title>\n<meta name=\"robots\" content=\"index, follow, max-snippet:-1, max-image-preview:large, max-video-preview:-1\" \/>\n<link rel=\"canonical\" href=\"https:\/\/www.asemer.ro\/index.php\/asamblea-general-adunare-generala-poll\/\" \/>\n<meta property=\"og:locale\" content=\"es_ES\" \/>\n<meta property=\"og:type\" content=\"article\" \/>\n<meta property=\"og:title\" content=\"Votar - ASEMER\" \/>\n<meta property=\"og:description\" content=\"ASAMBLEA GENERAL \/ ADUNARE GENERAL\u0102 JUEVES, 10 DE ABRIL JOI, 10 APRILIE 2025 1a Conv\u00f3catoria \/ Convocatoria 13:00 2a Conv\u00f3catoria [&hellip;]\" \/>\n<meta property=\"og:url\" content=\"https:\/\/www.asemer.ro\/index.php\/asamblea-general-adunare-generala-poll\/\" \/>\n<meta property=\"og:site_name\" content=\"ASEMER\" \/>\n<meta property=\"article:publisher\" content=\"https:\/\/www.facebook.com\/asociacionasemer\" \/>\n<meta property=\"article:modified_time\" content=\"2025-04-02T02:15:34+00:00\" \/>\n<meta name=\"twitter:card\" content=\"summary_large_image\" \/>\n<meta name=\"twitter:site\" content=\"@asemer_rumania\" \/>\n<meta name=\"twitter:label1\" content=\"Tiempo de lectura\" \/>\n\t<meta name=\"twitter:data1\" content=\"1 minuto\" \/>\n<script type=\"application\/ld+json\" class=\"yoast-schema-graph\">{\"@context\":\"https:\\\/\\\/schema.org\",\"@graph\":[{\"@type\":\"WebPage\",\"@id\":\"https:\\\/\\\/www.asemer.ro\\\/index.php\\\/asamblea-general-adunare-generala-poll\\\/\",\"url\":\"https:\\\/\\\/www.asemer.ro\\\/index.php\\\/asamblea-general-adunare-generala-poll\\\/\",\"name\":\"Votar - ASEMER\",\"isPartOf\":{\"@id\":\"https:\\\/\\\/www.asemer.ro\\\/#website\"},\"datePublished\":\"2024-03-20T02:56:48+00:00\",\"dateModified\":\"2025-04-02T02:15:34+00:00\",\"breadcrumb\":{\"@id\":\"https:\\\/\\\/www.asemer.ro\\\/index.php\\\/asamblea-general-adunare-generala-poll\\\/#breadcrumb\"},\"inLanguage\":\"es\",\"potentialAction\":[{\"@type\":\"ReadAction\",\"target\":[\"https:\\\/\\\/www.asemer.ro\\\/index.php\\\/asamblea-general-adunare-generala-poll\\\/\"]}]},{\"@type\":\"BreadcrumbList\",\"@id\":\"https:\\\/\\\/www.asemer.ro\\\/index.php\\\/asamblea-general-adunare-generala-poll\\\/#breadcrumb\",\"itemListElement\":[{\"@type\":\"ListItem\",\"position\":1,\"name\":\"Home\",\"item\":\"https:\\\/\\\/www.asemer.ro\\\/\"},{\"@type\":\"ListItem\",\"position\":2,\"name\":\"Votar\"}]},{\"@type\":\"WebSite\",\"@id\":\"https:\\\/\\\/www.asemer.ro\\\/#website\",\"url\":\"https:\\\/\\\/www.asemer.ro\\\/\",\"name\":\"ASEMER\",\"description\":\"Asociaci\u00f3n de Empresas Espa\u00f1olas en Ruman\u00eda\",\"publisher\":{\"@id\":\"https:\\\/\\\/www.asemer.ro\\\/#organization\"},\"potentialAction\":[{\"@type\":\"SearchAction\",\"target\":{\"@type\":\"EntryPoint\",\"urlTemplate\":\"https:\\\/\\\/www.asemer.ro\\\/?s={search_term_string}\"},\"query-input\":{\"@type\":\"PropertyValueSpecification\",\"valueRequired\":true,\"valueName\":\"search_term_string\"}}],\"inLanguage\":\"es\"},{\"@type\":\"Organization\",\"@id\":\"https:\\\/\\\/www.asemer.ro\\\/#organization\",\"name\":\"ASEMER\",\"url\":\"https:\\\/\\\/www.asemer.ro\\\/\",\"logo\":{\"@type\":\"ImageObject\",\"inLanguage\":\"es\",\"@id\":\"https:\\\/\\\/www.asemer.ro\\\/#\\\/schema\\\/logo\\\/image\\\/\",\"url\":\"https:\\\/\\\/www.asemer.ro\\\/wp-content\\\/uploads\\\/2020\\\/12\\\/logo-ASEMER-scaled.jpg\",\"contentUrl\":\"https:\\\/\\\/www.asemer.ro\\\/wp-content\\\/uploads\\\/2020\\\/12\\\/logo-ASEMER-scaled.jpg\",\"width\":2560,\"height\":849,\"caption\":\"ASEMER\"},\"image\":{\"@id\":\"https:\\\/\\\/www.asemer.ro\\\/#\\\/schema\\\/logo\\\/image\\\/\"},\"sameAs\":[\"https:\\\/\\\/www.facebook.com\\\/asociacionasemer\",\"https:\\\/\\\/x.com\\\/asemer_rumania\",\"https:\\\/\\\/ro.linkedin.com\\\/in\\\/asemer-asociaci\u00f3n-empresas-espa\u00f1olas-en-ruman\u00eda-724772a6?trk=author_mini-profile_title\",\"https:\\\/\\\/www.youtube.com\\\/channel\\\/UC73m8-BDsg857OL0Ogv5aQA\\\/videos\"]}]}<\/script>\n<!-- \/ Yoast SEO plugin. -->","yoast_head_json":{"title":"Votar - ASEMER","robots":{"index":"index","follow":"follow","max-snippet":"max-snippet:-1","max-image-preview":"max-image-preview:large","max-video-preview":"max-video-preview:-1"},"canonical":"https:\/\/www.asemer.ro\/index.php\/asamblea-general-adunare-generala-poll\/","og_locale":"es_ES","og_type":"article","og_title":"Votar - ASEMER","og_description":"ASAMBLEA GENERAL \/ ADUNARE GENERAL\u0102 JUEVES, 10 DE ABRIL JOI, 10 APRILIE 2025 1a Conv\u00f3catoria \/ Convocatoria 13:00 2a Conv\u00f3catoria [&hellip;]","og_url":"https:\/\/www.asemer.ro\/index.php\/asamblea-general-adunare-generala-poll\/","og_site_name":"ASEMER","article_publisher":"https:\/\/www.facebook.com\/asociacionasemer","article_modified_time":"2025-04-02T02:15:34+00:00","twitter_card":"summary_large_image","twitter_site":"@asemer_rumania","twitter_misc":{"Tiempo de lectura":"1 minuto"},"schema":{"@context":"https:\/\/schema.org","@graph":[{"@type":"WebPage","@id":"https:\/\/www.asemer.ro\/index.php\/asamblea-general-adunare-generala-poll\/","url":"https:\/\/www.asemer.ro\/index.php\/asamblea-general-adunare-generala-poll\/","name":"Votar - ASEMER","isPartOf":{"@id":"https:\/\/www.asemer.ro\/#website"},"datePublished":"2024-03-20T02:56:48+00:00","dateModified":"2025-04-02T02:15:34+00:00","breadcrumb":{"@id":"https:\/\/www.asemer.ro\/index.php\/asamblea-general-adunare-generala-poll\/#breadcrumb"},"inLanguage":"es","potentialAction":[{"@type":"ReadAction","target":["https:\/\/www.asemer.ro\/index.php\/asamblea-general-adunare-generala-poll\/"]}]},{"@type":"BreadcrumbList","@id":"https:\/\/www.asemer.ro\/index.php\/asamblea-general-adunare-generala-poll\/#breadcrumb","itemListElement":[{"@type":"ListItem","position":1,"name":"Home","item":"https:\/\/www.asemer.ro\/"},{"@type":"ListItem","position":2,"name":"Votar"}]},{"@type":"WebSite","@id":"https:\/\/www.asemer.ro\/#website","url":"https:\/\/www.asemer.ro\/","name":"ASEMER","description":"Asociaci\u00f3n de Empresas Espa\u00f1olas en Ruman\u00eda","publisher":{"@id":"https:\/\/www.asemer.ro\/#organization"},"potentialAction":[{"@type":"SearchAction","target":{"@type":"EntryPoint","urlTemplate":"https:\/\/www.asemer.ro\/?s={search_term_string}"},"query-input":{"@type":"PropertyValueSpecification","valueRequired":true,"valueName":"search_term_string"}}],"inLanguage":"es"},{"@type":"Organization","@id":"https:\/\/www.asemer.ro\/#organization","name":"ASEMER","url":"https:\/\/www.asemer.ro\/","logo":{"@type":"ImageObject","inLanguage":"es","@id":"https:\/\/www.asemer.ro\/#\/schema\/logo\/image\/","url":"https:\/\/www.asemer.ro\/wp-content\/uploads\/2020\/12\/logo-ASEMER-scaled.jpg","contentUrl":"https:\/\/www.asemer.ro\/wp-content\/uploads\/2020\/12\/logo-ASEMER-scaled.jpg","width":2560,"height":849,"caption":"ASEMER"},"image":{"@id":"https:\/\/www.asemer.ro\/#\/schema\/logo\/image\/"},"sameAs":["https:\/\/www.facebook.com\/asociacionasemer","https:\/\/x.com\/asemer_rumania","https:\/\/ro.linkedin.com\/in\/asemer-asociaci\u00f3n-empresas-espa\u00f1olas-en-ruman\u00eda-724772a6?trk=author_mini-profile_title","https:\/\/www.youtube.com\/channel\/UC73m8-BDsg857OL0Ogv5aQA\/videos"]}]}},"_links":{"self":[{"href":"https:\/\/www.asemer.ro\/index.php\/wp-json\/wp\/v2\/pages\/9804","targetHints":{"allow":["GET"]}}],"collection":[{"href":"https:\/\/www.asemer.ro\/index.php\/wp-json\/wp\/v2\/pages"}],"about":[{"href":"https:\/\/www.asemer.ro\/index.php\/wp-json\/wp\/v2\/types\/page"}],"author":[{"embeddable":true,"href":"https:\/\/www.asemer.ro\/index.php\/wp-json\/wp\/v2\/users\/2"}],"replies":[{"embeddable":true,"href":"https:\/\/www.asemer.ro\/index.php\/wp-json\/wp\/v2\/comments?post=9804"}],"version-history":[{"count":8,"href":"https:\/\/www.asemer.ro\/index.php\/wp-json\/wp\/v2\/pages\/9804\/revisions"}],"predecessor-version":[{"id":12659,"href":"https:\/\/www.asemer.ro\/index.php\/wp-json\/wp\/v2\/pages\/9804\/revisions\/12659"}],"wp:attachment":[{"href":"https:\/\/www.asemer.ro\/index.php\/wp-json\/wp\/v2\/media?parent=9804"}],"curies":[{"name":"wp","href":"https:\/\/api.w.org\/{rel}","templated":true}]}}